{"id":4617,"date":"2016-01-06T23:21:37","date_gmt":"2016-01-06T23:21:37","guid":{"rendered":"http:\/\/www.minerasancristobal.com\/v3\/en\/?page_id=4617"},"modified":"2025-09-26T12:45:09","modified_gmt":"2025-09-26T12:45:09","slug":"social-commitment","status":"publish","type":"page","link":"https:\/\/www.minerasancristobal.com\/v3\/en\/inicio\/sustainable-development\/social-commitment\/","title":{"rendered":"Social Commitment"},"content":{"rendered":"<section class=\"wpb-content-wrapper\"><p>[vc_row][vc_column][vc_column_text text_style=&#8221;leader-text&#8221;]Social Commitment[\/vc_column_text][vc_column_text]<\/p>\n<div class=\"page\" title=\"Page 26\">\n<div class=\"layoutArea\">\n<div class=\"column\">\n<p>A central objective of Minera San Crist\u00f3bal is to help create the conditions for the population living in the communities surrounding the mining project to develop self-sustaining businesses independent of mining production, seeking a better future for their inhabitants.<\/p>\n<p>The company&#8217;s social commitment is closely linked to its commitment to society, seeking the well-being of all residents of the region in which we operate by establishing sustainable development processes.<\/p>\n<p>MSC&#8217;s direct area of \u200b\u200binfluence includes the communities of San Crist\u00f3bal, Culpina K, Vila Vila, and R\u00edo Grande, all part of the San Crist\u00f3bal canton, the first section of the Colcha K municipality in the Nor L\u00edpez province of the department of Potos\u00ed.<\/p>\n<p>To achieve its sustainable development objectives, MSC has three areas of action:<\/p>\n<p><strong>Community Relations<br \/>\n<\/strong>Direct and ongoing links with the communities in the project&#8217;s area of \u200b\u200binfluence, addressing their needs, coordinating activities, and consolidating channels of continuous and transparent communication.<\/p>\n<p><strong>Resettlement and Mitigation<br \/>\n<\/strong>Promotion of environmental impact reduction projects and supervision of works carried out in communities to improve their quality of life.<\/p>\n<p><strong>Sustainable Development<br \/>\n<\/strong>Coordination of proposals and projects for community development.<\/p>\n<p>We work with the &#8220;Los L\u00edpez San Crist\u00f3bal&#8221; Advisory Council, which is made up of community leaders from the adjacent areas: San Crist\u00f3bal, Culpina K, Vila Vila, and Rio Grande, who plan and decide the path of their development and future.<\/p>\n<p>With the goal of improving the communities&#8217; quality of life, programs are implemented:<\/p>\n<ul>\n<li>They improve education and health services.<\/li>\n<li>They optimize agricultural and tourism activities.<\/li>\n<li>They promote micro and small businesses.<\/li>\n<li>They support cultural enhancement activities.<\/li>\n<\/ul>\n<p>MSC and the communities have a direct and ongoing relationship, characterized by ongoing and participatory dialogue, mutual respect and trust, shared responsibility, compliance with agreements and commitments, and the promotion of sustainable development.<\/p>\n<\/div>\n<\/div>\n<\/div>\n<p>[\/vc_column_text][\/vc_column][\/vc_row][vc_row][vc_column]<div class=\"grve-element grve-video\" style=\"\"><iframe loading=\"lazy\" title=\"SPIRIT\" width=\"1080\" height=\"608\" src=\"https:\/\/www.youtube.com\/embed\/1v_lU2XG2mA?feature=oembed\" frameborder=\"0\" allow=\"accelerometer; autoplay; clipboard-write; encrypted-media; gyroscope; picture-in-picture; web-share\" referrerpolicy=\"strict-origin-when-cross-origin\" allowfullscreen><\/iframe><\/div>[\/vc_column][\/vc_row]<\/p>\n<\/section>","protected":false},"excerpt":{"rendered":"<p>[vc_row][vc_column][vc_column_text text_style=&#8221;leader-text&#8221;]Social Commitment[\/vc_column_text][vc_column_text] A central objective of Minera San Crist\u00f3bal is to help create the conditions for the population living in the communities surrounding the mining project to develop self-sustaining businesses independent of mining production, seeking a better future for their inhabitants. The company&#8217;s social commitment is closely linked to its commitment to society, seeking [&hellip;]<\/p>\n","protected":false},"author":1,"featured_media":0,"parent":4609,"menu_order":1,"comment_status":"closed","ping_status":"closed","template":"","meta":{"footnotes":""},"class_list":["post-4617","page","type-page","status-publish","hentry"],"_links":{"self":[{"href":"https:\/\/www.minerasancristobal.com\/v3\/en\/wp-json\/wp\/v2\/pages\/4617","targetHints":{"allow":["GET"]}}],"collection":[{"href":"https:\/\/www.minerasancristobal.com\/v3\/en\/wp-json\/wp\/v2\/pages"}],"about":[{"href":"https:\/\/www.minerasancristobal.com\/v3\/en\/wp-json\/wp\/v2\/types\/page"}],"author":[{"embeddable":true,"href":"https:\/\/www.minerasancristobal.com\/v3\/en\/wp-json\/wp\/v2\/users\/1"}],"replies":[{"embeddable":true,"href":"https:\/\/www.minerasancristobal.com\/v3\/en\/wp-json\/wp\/v2\/comments?post=4617"}],"version-history":[{"count":14,"href":"https:\/\/www.minerasancristobal.com\/v3\/en\/wp-json\/wp\/v2\/pages\/4617\/revisions"}],"predecessor-version":[{"id":5589,"href":"https:\/\/www.minerasancristobal.com\/v3\/en\/wp-json\/wp\/v2\/pages\/4617\/revisions\/5589"}],"up":[{"embeddable":true,"href":"https:\/\/www.minerasancristobal.com\/v3\/en\/wp-json\/wp\/v2\/pages\/4609"}],"wp:attachment":[{"href":"https:\/\/www.minerasancristobal.com\/v3\/en\/wp-json\/wp\/v2\/media?parent=4617"}],"curies":[{"name":"wp","href":"https:\/\/api.w.org\/{rel}","templated":true}]}}