{"id":4761,"date":"2016-01-08T20:35:06","date_gmt":"2016-01-08T20:35:06","guid":{"rendered":"http:\/\/www.minerasancristobal.com\/v3\/en\/?page_id=4761"},"modified":"2021-11-08T21:44:09","modified_gmt":"2021-11-08T21:44:09","slug":"careers","status":"publish","type":"page","link":"https:\/\/www.minerasancristobal.com\/v3\/en\/inicio\/careers\/","title":{"rendered":"Work with us"},"content":{"rendered":"<section class=\"wpb-content-wrapper\"><p>[vc_row][vc_column][vc_column_text text_style=&#8221;leader-text&#8221;]Careers at\u00a0Minera San Crist\u00f3bal S.A.[\/vc_column_text][vc_column_text]<\/p>\n<p class=\"x_MsoNormal\">Minera San Crist\u00f3bal (MSC), the Bolivian company that operates the most important open pit mine in the country, located in the Nor L\u00edpez province of the department of Potos\u00ed, is oriented to the search for the best talent in local communities, the region and the country, providing job opportunities, offering adequate working conditions that allow its workers to perform, develop their personal and academic skills and competencies.<\/p>\n<p class=\"x_MsoNormal\">Minera San Crist\u00f3bal&#8217;s workforce is one of the most important in Bolivia, it has 1,317 direct jobs, 60% comes from the communities and the department of Potos\u00ed, reaching 3,000 people including contractors and indirect jobs.<\/p>\n<ul type=\"square\">\n<li class=\"x_MsoNormal\">Our recruitment and personnel selection processes are carried out objectively, they include a series of stages that applicants must comply in order to validate their competencies for the desired position and in this way ensure the hiring of suitable personnel .<\/li>\n<li class=\"x_MsoNormal\">MSC offers all the benefits defined by law and additional benefits, in addition, actions and programs are developed to contribute to the achievement of an adequate work environment, helping to develop its full potential.<\/li>\n<li class=\"x_MsoNormal\">MSC trains its staff, oriented towards their human, technical and professional development, offering possibilities of job growth and contribution to the efficiency of the company&#8217;s business.<\/li>\n<\/ul>\n<p class=\"x_MsoNormal\">The company wishes to share the pride of belonging to the best company in Bolivia, for that reason we invite everyone to learn more about our &#8220;<a href=\"https:\/\/g3.minerasancristobal.com\/trabajo\/\">Job Opportunities<\/a>&#8221; and be part of this family.<\/p>\n<p>[\/vc_column_text]<div class=\"grve-element grve-align-center\"><a class=\"grve-btn grve-btn-small grve-square grve-bg-primary-1\" href=\"https:\/\/g3.minerasancristobal.com\/trabajo\/\" target=\"_self\" style=\"\"><span>Employment opportunities<\/span><\/a><\/div>[\/vc_column][\/vc_row]<\/p>\n<\/section>","protected":false},"excerpt":{"rendered":"<p>[vc_row][vc_column][vc_column_text text_style=&#8221;leader-text&#8221;]Careers at\u00a0Minera San Crist\u00f3bal S.A.[\/vc_column_text][vc_column_text] Minera San Crist\u00f3bal (MSC), the Bolivian company that operates the most important open pit mine in the country, located in the Nor L\u00edpez province of the department of Potos\u00ed, is oriented to the search for the best talent in local communities, the region and the country, providing job opportunities, [&hellip;]<\/p>\n","protected":false},"author":1,"featured_media":0,"parent":3859,"menu_order":7,"comment_status":"closed","ping_status":"closed","template":"","meta":{"footnotes":""},"class_list":["post-4761","page","type-page","status-publish","hentry"],"_links":{"self":[{"href":"https:\/\/www.minerasancristobal.com\/v3\/en\/wp-json\/wp\/v2\/pages\/4761","targetHints":{"allow":["GET"]}}],"collection":[{"href":"https:\/\/www.minerasancristobal.com\/v3\/en\/wp-json\/wp\/v2\/pages"}],"about":[{"href":"https:\/\/www.minerasancristobal.com\/v3\/en\/wp-json\/wp\/v2\/types\/page"}],"author":[{"embeddable":true,"href":"https:\/\/www.minerasancristobal.com\/v3\/en\/wp-json\/wp\/v2\/users\/1"}],"replies":[{"embeddable":true,"href":"https:\/\/www.minerasancristobal.com\/v3\/en\/wp-json\/wp\/v2\/comments?post=4761"}],"version-history":[{"count":10,"href":"https:\/\/www.minerasancristobal.com\/v3\/en\/wp-json\/wp\/v2\/pages\/4761\/revisions"}],"predecessor-version":[{"id":5435,"href":"https:\/\/www.minerasancristobal.com\/v3\/en\/wp-json\/wp\/v2\/pages\/4761\/revisions\/5435"}],"up":[{"embeddable":true,"href":"https:\/\/www.minerasancristobal.com\/v3\/en\/wp-json\/wp\/v2\/pages\/3859"}],"wp:attachment":[{"href":"https:\/\/www.minerasancristobal.com\/v3\/en\/wp-json\/wp\/v2\/media?parent=4761"}],"curies":[{"name":"wp","href":"https:\/\/api.w.org\/{rel}","templated":true}]}}