{"id":5653,"date":"2026-05-05T23:16:26","date_gmt":"2026-05-05T23:16:26","guid":{"rendered":"https:\/\/www.minerasancristobal.com\/v3\/en\/?page_id=5653"},"modified":"2026-05-05T23:30:53","modified_gmt":"2026-05-05T23:30:53","slug":"top-employer-2024","status":"publish","type":"page","link":"https:\/\/www.minerasancristobal.com\/v3\/en\/inicio\/our-people-health-safety\/well-being-of-our-personnel\/top-employer\/top-employer-2024\/","title":{"rendered":"Top Employer 2024"},"content":{"rendered":"<section class=\"wpb-content-wrapper\"><p>[vc_row][vc_column width=&#8221;1\/2&#8243;][vc_column_text text_style=&#8221;leader-text&#8221;]<strong>Top Employer 2024<\/strong>: Minera San Crist\u00f3bal S.A., a benchmark in best practices in human resources management.[\/vc_column_text][vc_column_text]<strong>Top Employers Institute<\/strong> is a European organization with more than three decades of experience in recognizing excellence in companies\u2019 human resources management practices toward their employees. Its mission is to accelerate the impact of people strategies to enrich the world of work. To date, it has certified more than 2,100 organizations worldwide, with <strong>Minera San Crist\u00f3bal S.A. (MSC) being the only mining company in Bolivia<\/strong> certified as a <strong>Top Employer<\/strong> for <strong>2024<\/strong>.[\/vc_column_text]<h5 class=\"grve-element grve-align-left grve-title-no-line grve-h5\" style=\"\"><span>How did we achieve the Top Employer Certification?<\/span><\/h5>[vc_column_text]Following a rigorous audit process, MSC validated all its human resources management practices. The most outstanding elements included equal opportunities, comprehensive well-being, development, innovation, and sustainability. The company also stood out in strategic direction, organization, talent attraction and development, integration, and engagement.[\/vc_column_text][\/vc_column][vc_column width=&#8221;1\/2&#8243;][vc_column_text]<img loading=\"lazy\" decoding=\"async\" class=\"alignnone size-full wp-image-5654\" src=\"https:\/\/www.minerasancristobal.com\/v3\/en\/wp-content\/uploads\/2026\/05\/TE2024-Top-Employers-Certificate-Bolivia-Minera-San-Cristobal-Spanish_page-0001-1-725x1024-1.jpg\" alt=\"\" width=\"725\" height=\"1024\" srcset=\"https:\/\/www.minerasancristobal.com\/v3\/en\/wp-content\/uploads\/2026\/05\/TE2024-Top-Employers-Certificate-Bolivia-Minera-San-Cristobal-Spanish_page-0001-1-725x1024-1.jpg 725w, https:\/\/www.minerasancristobal.com\/v3\/en\/wp-content\/uploads\/2026\/05\/TE2024-Top-Employers-Certificate-Bolivia-Minera-San-Cristobal-Spanish_page-0001-1-725x1024-1-212x300.jpg 212w\" sizes=\"auto, (max-width: 725px) 100vw, 725px\" \/>[\/vc_column_text][vc_column_text]<\/p>\n<p style=\"text-align: center;\"><a href=\"https:\/\/www.top-employers.com\/es\/certified-top-employers-search\/?country=BO&amp;page=1\" target=\"_blank\" rel=\"noopener\"><img loading=\"lazy\" decoding=\"async\" class=\"alignnone size-medium wp-image-6857\" src=\"https:\/\/www.minerasancristobal.com\/v3\/es\/wp-content\/uploads\/2024\/08\/Logo-Somos-Top-Employer-300x179.png\" alt=\"\" width=\"300\" height=\"179\" \/><\/a><\/p>\n<p style=\"text-align: center;\"><small><a href=\"https:\/\/www.top-employers.com\/es\/certified-top-employers-search\/?country=BO&amp;page=1\" target=\"_blank\" rel=\"noopener\">https:\/\/www.top-employers.com\/es\/certified-top-employers-search\/?country=BO&amp;page=1<\/a><\/small><\/p>\n<p>[\/vc_column_text][\/vc_column][\/vc_row][vc_row][vc_column]<div class=\"grve-element grve-video\" style=\"\"><iframe loading=\"lazy\" title=\"Minera San Crist\u00f3bal S.A. referente en buenas pr\u00e1cticas de gesti\u00f3n humana\" width=\"1080\" height=\"608\" src=\"https:\/\/www.youtube.com\/embed\/7Y2gY7n7X8k?feature=oembed\" frameborder=\"0\" allow=\"accelerometer; autoplay; clipboard-write; encrypted-media; gyroscope; picture-in-picture; web-share\" referrerpolicy=\"strict-origin-when-cross-origin\" allowfullscreen><\/iframe><\/div><div class=\"grve-element grve-video\" style=\"\"><iframe loading=\"lazy\" title=\"Esto es lo que hacemos y lo que somos... MSC TOP EMPLOYER 2024\" width=\"1080\" height=\"608\" src=\"https:\/\/www.youtube.com\/embed\/dItbfjgiulo?start=2&feature=oembed\" frameborder=\"0\" allow=\"accelerometer; autoplay; clipboard-write; encrypted-media; gyroscope; picture-in-picture; web-share\" referrerpolicy=\"strict-origin-when-cross-origin\" allowfullscreen><\/iframe><\/div>[\/vc_column][\/vc_row]<\/p>\n<\/section>","protected":false},"excerpt":{"rendered":"<p>[vc_row][vc_column width=&#8221;1\/2&#8243;][vc_column_text text_style=&#8221;leader-text&#8221;]Top Employer 2024: Minera San Crist\u00f3bal S.A., a benchmark in best practices in human resources management.[\/vc_column_text][vc_column_text]Top Employers Institute is a European organization with more than three decades of experience in recognizing excellence in companies\u2019 human resources management practices toward their employees. Its mission is to accelerate the impact of people strategies to enrich [&hellip;]<\/p>\n","protected":false},"author":1,"featured_media":0,"parent":5651,"menu_order":2,"comment_status":"closed","ping_status":"closed","template":"","meta":{"footnotes":""},"class_list":["post-5653","page","type-page","status-publish","hentry"],"_links":{"self":[{"href":"https:\/\/www.minerasancristobal.com\/v3\/en\/wp-json\/wp\/v2\/pages\/5653","targetHints":{"allow":["GET"]}}],"collection":[{"href":"https:\/\/www.minerasancristobal.com\/v3\/en\/wp-json\/wp\/v2\/pages"}],"about":[{"href":"https:\/\/www.minerasancristobal.com\/v3\/en\/wp-json\/wp\/v2\/types\/page"}],"author":[{"embeddable":true,"href":"https:\/\/www.minerasancristobal.com\/v3\/en\/wp-json\/wp\/v2\/users\/1"}],"replies":[{"embeddable":true,"href":"https:\/\/www.minerasancristobal.com\/v3\/en\/wp-json\/wp\/v2\/comments?post=5653"}],"version-history":[{"count":1,"href":"https:\/\/www.minerasancristobal.com\/v3\/en\/wp-json\/wp\/v2\/pages\/5653\/revisions"}],"predecessor-version":[{"id":5656,"href":"https:\/\/www.minerasancristobal.com\/v3\/en\/wp-json\/wp\/v2\/pages\/5653\/revisions\/5656"}],"up":[{"embeddable":true,"href":"https:\/\/www.minerasancristobal.com\/v3\/en\/wp-json\/wp\/v2\/pages\/5651"}],"wp:attachment":[{"href":"https:\/\/www.minerasancristobal.com\/v3\/en\/wp-json\/wp\/v2\/media?parent=5653"}],"curies":[{"name":"wp","href":"https:\/\/api.w.org\/{rel}","templated":true}]}}