{"id":3859,"date":"2015-01-15T19:27:43","date_gmt":"2015-01-15T19:27:43","guid":{"rendered":"http:\/\/www.minerasancristobal.com\/v3\/es\/home-v3\/"},"modified":"2025-07-25T22:09:44","modified_gmt":"2025-07-25T22:09:44","slug":"inicio","status":"publish","type":"page","link":"https:\/\/www.minerasancristobal.com\/v3\/es\/","title":{"rendered":"Inicio"},"content":{"rendered":"<section class=\"wpb-content-wrapper\"><p>[vc_row section_type=&#8221;fullwidth-element&#8221; bg_type=&#8221;color&#8221; header_feature=&#8221;yes&#8221; padding_top=&#8221;80&#8243; padding_bottom=&#8221;80&#8243; margin_bottom=&#8221;0&#8243; bg_color=&#8221;#f2f2f2&#8243;][vc_column width=&#8221;1\/3&#8243; css=&#8221;.vc_custom_1421342417544{border-right-width: 1px !important;padding-right: 5% !important;padding-left: 5% !important;border-right-color: #e9e9e9 !important;border-right-style: solid !important;}&#8221;]<div class=\"grve-element grve-slogan grve-align-left\" style=\"\"><div class=\"grve-subtitle\">Qui\u00e9nes somos<\/div><h4 class=\"grve-slogan-title grve-align-left grve-title-no-line\"><span>NUESTRA EMPRESA<\/span><\/h4>  <p class=\"\">Producimos concentrados de zinc \u2013 plata y plomo \u2013 plata. Minera San Crist\u00f3bal S.A. es una subsidiaria de la empresa minera canadiense San Cristobal Mining Inc.<\/p><a class=\"grve-btn grve-btn-medium grve-square grve-bg-primary-1 grve-btn-extrasmall\" href=\"http:\/\/www.minerasancristobal.com\/v3\/es\/inicio\/nuestra-empresa\/\" target=\"_self\" style=\"\"><span>Conozca m\u00e1s<\/span><\/a><\/div>[\/vc_column][vc_column width=&#8221;1\/3&#8243; css=&#8221;.vc_custom_1421342282859{padding-right: 5% !important;padding-left: 5% !important;}&#8221;]<div class=\"grve-element grve-slogan grve-align-left\" style=\"\"><div class=\"grve-subtitle\">C\u00f3mo lo hacemos<\/div><h4 class=\"grve-slogan-title grve-align-left grve-title-no-line\"><span>OPERACIONES<\/span><\/h4>  <p class=\"\">Utilizamos tecnolog\u00eda de punta para la explotaci\u00f3n a cielo abierto de un yacimiento de zinc, plomo y plata de baja ley. Contribuimos a generar valor para nuestros accionistas y beneficios para las comunidades, la regi\u00f3n y el pa\u00eds en el que operamos.<\/p><a class=\"grve-btn grve-btn-medium grve-square grve-bg-primary-1 grve-btn-extrasmall\" href=\"http:\/\/www.minerasancristobal.com\/v3\/es\/inicio\/operaciones\/\" target=\"_self\" style=\"\"><span>Conozca m\u00e1s<\/span><\/a><\/div>[\/vc_column][vc_column width=&#8221;1\/3&#8243; css=&#8221;.vc_custom_1421342428414{border-left-width: 1px !important;padding-right: 5% !important;padding-left: 5% !important;border-left-color: #e9e9e9 !important;border-left-style: solid !important;}&#8221;]<div class=\"grve-element grve-slogan grve-align-left\" style=\"\"><div class=\"grve-subtitle\">Nuestro compromiso<\/div><h4 class=\"grve-slogan-title grve-align-left grve-title-no-line\"><span>SOCIAL Y AMBIENTAL<\/span><\/h4>  <p class=\"\">Para lograr valor para nuestros accionistas debemos buscar equilibrio con nuestro comportamiento hacia y con las comunidades, as\u00ed como implementar una filosof\u00eda ambiental preventiva en todas nuestras acciones.<\/p><a class=\"grve-btn grve-btn-medium grve-square grve-bg-primary-1 grve-btn-extrasmall\" href=\"http:\/\/www.minerasancristobal.com\/v3\/es\/inicio\/compromiso-social-ambiental\/\" target=\"_self\" style=\"\"><span>Conozca m\u00e1s<\/span><\/a><\/div>[\/vc_column][\/vc_row][vc_row heading_color=&#8221;primary-1&#8243; bg_type=&#8221;image&#8221; bg_image=&#8221;4797&#8243; bg_image_type=&#8221;parallax&#8221; font_color=&#8221;#ffffff&#8221; padding_top=&#8221;130&#8243; padding_bottom=&#8221;130&#8243; margin_bottom=&#8221;0&#8243;][vc_column css=&#8221;.vc_custom_1441135025726{padding-right: 15% !important;padding-left: 15% !important;}&#8221; el_class=&#8221;empresaComprometida&#8221;][vc_column_text text_style=&#8221;leader-text&#8221;]<\/p>\n<h2 style=\"text-align: center; color: #e6c023;\">SOMOS UNA EMPRESA COMPROMETIDA<\/h2>\n<p class=\"p1\" style=\"text-align: center; text-shadow: 2px 2px 2px #000000; font-weight: 500;\">Nuestra actividad se basa en una relaci\u00f3n de respeto y armon\u00eda con nuestro entorno y nuestra comunidad.<\/p>\n<p class=\"p1\" style=\"text-align: center; text-shadow: 2px 2px 2px #000000; font-weight: 500;\">Priorizamos la seguridad de las personas as\u00ed como su salud.<\/p>\n<p class=\"p1\" style=\"text-align: center; text-shadow: 2px 2px 2px #000000; font-weight: 500;\">Cuidamos el medio ambiente a trav\u00e9s de la utilizaci\u00f3n de tecnolog\u00eda de punta y mejores pr\u00e1cticas de la industria a nivel mundial.<\/p>\n<p class=\"p1\" style=\"text-align: center; text-shadow: 2px 2px 2px #000000; font-weight: 500;\"><img loading=\"lazy\" decoding=\"async\" class=\"alignnone wp-image-4323 \" src=\"https:\/\/www.minerasancristobal.com\/v3\/es\/wp-content\/uploads\/2018\/12\/ISOTIPO.png\" alt=\"\" width=\"40\" height=\"38\" \/><\/p>\n<p>[\/vc_column_text][\/vc_column][\/vc_row][vc_row padding_top=&#8221;100&#8243; padding_bottom=&#8221;70&#8243; margin_bottom=&#8221;0&#8243;][vc_column]<h3 class=\"grve-element grve-align-center grve-title-line grve-h3\" style=\"margin-bottom: 30px;\"><span>Compromiso Social y Ambiental<\/span><\/h3>\t\t\t<div class=\"grve-element grve-testimonial grve-carousel-element grve-align-center grve-leader-text\" style=\"\" data-slider-speed=\"6000\" data-pagination-speed=\"900\" data-slider-autoheight=\"no\" data-navigation-type=\"2\" data-slider-pause=\"yes\" data-slider-autoplay=\"yes\">\r\n\t\t\t\r\n\t\t\t\t\t\t<div class=\"grve-testimonial-element\">\r\n\t\t\t\t\t\t\t\t\t\t<p>El Seguro M\u00e9dico Delegado de Minera San Crist\u00f3bal es el encargado de priorizar el cuidado de la salud de nuestros trabajadores y sus familias.<\/p>\n\t\t\t\t\t\t\t\t\t<\/div>\r\n\t\t\t\t\t\t<div class=\"grve-testimonial-element\">\r\n\t\t\t\t\t\t\t\t\t\t<p>Minera San Crist\u00f3bal monitorea permanentemente la calidad del aire, agua, suelo, emisiones sonoras, condiciones socioecon\u00f3micas y ecol\u00f3gicas, con la finalidad de prevenir impactos.<\/p>\n\t\t\t\t\t\t\t\t\t<\/div>\r\n\t\t\t\t\t\t<div class=\"grve-testimonial-element\">\r\n\t\t\t\t\t\t\t\t\t\t<p>Trabajamos con el Consejo Consultivo que est\u00e1 compuesto por l\u00edderes comunitarios de las \u00e1reas adyacentes: San Crist\u00f3bal, Culpina K, Vila Vila y Rio Grande,  quienes son los que planifican y deciden el camino de su desarrollo y futuro.<\/p>\n\t\t\t\t\t\t\t\t\t<\/div>\r\n\t\t\t\t\t\t\t\t\t<\/div>\r\n\r\n\t\t[\/vc_column][\/vc_row][vc_row heading_color=&#8221;primary-1&#8243; section_type=&#8221;fullwidth-element&#8221; bg_type=&#8221;color&#8221; mobile_visibility=&#8221;hide&#8221; bg_color=&#8221;#f2f2f2&#8243; margin_bottom=&#8221;0&#8243;][vc_column width=&#8221;1\/2&#8243; tablet_width=&#8221;1&#8243; css=&#8221;.vc_custom_1441120016549{padding-top: 30px !important;padding-right: 30px !important;padding-bottom: 30px !important;padding-left: 30px !important;}&#8221;][vc_column_text text_style=&#8221;leader-text&#8221; animation_delay=&#8221;600&#8243; css=&#8221;.vc_custom_1472914875714{padding-top: 80px !important;}&#8221;]<\/p>\n<h2 style=\"text-align: center;\"><\/h2>\n<h2 style=\"text-align: center;\">Nuestra Gente<\/h2>\n<p style=\"text-align: center;\">Los trabajadores de MSC son nuestro capital m\u00e1s preciado, por ello implementamos programas de capacitaci\u00f3n y desarrollo.\u00a0 As\u00ed mismo buscamos brindarles los m\u00e1s altos est\u00e1ndares de seguridad y salud.<\/p>\n<p>[\/vc_column_text][\/vc_column][vc_column width=&#8221;1\/2&#8243; tablet_width=&#8221;1&#8243;]<div class=\"grve-element grve-gallery grve-isotope grve-gallery-popup\" style=\"\" data-gutter=\"no\" data-type=\"3-columns\" data-layout=\"packery\"><div class=\"grve-isotope-container\"><div class=\"grve-isotope-item  grve-packery-image\"><a href=\"https:\/\/www.minerasancristobal.com\/v3\/es\/wp-content\/uploads\/2015\/01\/3-bw.jpg\"><figure class=\"grve-image-hover grve-zoom-out\"><div class=\"grve-media grve-primary-5-overlay grve-opacity-60\"><img loading=\"lazy\" decoding=\"async\" width=\"400\" height=\"503\" src=\"https:\/\/www.minerasancristobal.com\/v3\/es\/wp-content\/uploads\/2015\/01\/3-bw.jpg\" class=\"attachment-grve-image-small-square size-grve-image-small-square\" alt=\"\" srcset=\"https:\/\/www.minerasancristobal.com\/v3\/es\/wp-content\/uploads\/2015\/01\/3-bw.jpg 400w, https:\/\/www.minerasancristobal.com\/v3\/es\/wp-content\/uploads\/2015\/01\/3-bw-239x300.jpg 239w\" sizes=\"auto, (max-width: 400px) 100vw, 400px\" \/><\/div><figcaption><\/figcaption><\/figure><\/a><\/div><div class=\"grve-isotope-item  grve-packery-image\"><a href=\"https:\/\/www.minerasancristobal.com\/v3\/es\/wp-content\/uploads\/2015\/01\/bn1.jpg\"><figure class=\"grve-image-hover grve-zoom-out\"><div class=\"grve-media grve-primary-5-overlay grve-opacity-60\"><img loading=\"lazy\" decoding=\"async\" width=\"500\" height=\"560\" src=\"https:\/\/www.minerasancristobal.com\/v3\/es\/wp-content\/uploads\/2015\/01\/bn1-500x560.jpg\" class=\"attachment-grve-image-small-square size-grve-image-small-square\" alt=\"\" \/><\/div><figcaption><\/figcaption><\/figure><\/a><\/div><div class=\"grve-isotope-item  grve-packery-h2\"><a href=\"https:\/\/www.minerasancristobal.com\/v3\/es\/wp-content\/uploads\/2015\/01\/bn4.jpg\"><figure class=\"grve-image-hover grve-zoom-out\"><div class=\"grve-media grve-primary-5-overlay grve-opacity-60\"><img loading=\"lazy\" decoding=\"async\" width=\"560\" height=\"850\" src=\"https:\/\/www.minerasancristobal.com\/v3\/es\/wp-content\/uploads\/2015\/01\/bn4-560x850.jpg\" class=\"attachment-grve-image-medium-rect-vertical size-grve-image-medium-rect-vertical\" alt=\"\" \/><\/div><figcaption><\/figcaption><\/figure><\/a><\/div><div class=\"grve-isotope-item  grve-packery-image\"><a href=\"https:\/\/www.minerasancristobal.com\/v3\/es\/wp-content\/uploads\/2015\/01\/bn2.jpg\"><figure class=\"grve-image-hover grve-zoom-out\"><div class=\"grve-media grve-primary-5-overlay grve-opacity-60\"><img loading=\"lazy\" decoding=\"async\" width=\"500\" height=\"560\" src=\"https:\/\/www.minerasancristobal.com\/v3\/es\/wp-content\/uploads\/2015\/01\/bn2-500x560.jpg\" class=\"attachment-grve-image-small-square size-grve-image-small-square\" alt=\"\" \/><\/div><figcaption><\/figcaption><\/figure><\/a><\/div><div class=\"grve-isotope-item  grve-packery-image\"><a href=\"https:\/\/www.minerasancristobal.com\/v3\/es\/wp-content\/uploads\/2015\/01\/bn3.jpg\"><figure class=\"grve-image-hover grve-zoom-out\"><div class=\"grve-media grve-primary-5-overlay grve-opacity-60\"><img loading=\"lazy\" decoding=\"async\" width=\"500\" height=\"551\" src=\"https:\/\/www.minerasancristobal.com\/v3\/es\/wp-content\/uploads\/2015\/01\/bn3.jpg\" class=\"attachment-grve-image-small-square size-grve-image-small-square\" alt=\"\" srcset=\"https:\/\/www.minerasancristobal.com\/v3\/es\/wp-content\/uploads\/2015\/01\/bn3.jpg 500w, https:\/\/www.minerasancristobal.com\/v3\/es\/wp-content\/uploads\/2015\/01\/bn3-272x300.jpg 272w\" sizes=\"auto, (max-width: 500px) 100vw, 500px\" \/><\/div><figcaption><\/figcaption><\/figure><\/a><\/div><\/div><\/div>[\/vc_column][\/vc_row][vc_row section_type=&#8221;fullwidth-element&#8221; margin_bottom=&#8221;100px&#8221;][vc_column]<div class=\"grve-element grve-hr grve-line-divider\" style=\"margin-bottom: 0px;padding-top: 0px;padding-bottom: 0px;\"><\/div>[\/vc_column][\/vc_row][vc_row heading_color=&#8221;primary-1&#8243; section_type=&#8221;fullwidth-element&#8221; bg_type=&#8221;image&#8221; bg_image=&#8221;4475&#8243; bg_image_type=&#8221;parallax&#8221; pattern_overlay=&#8221;yes&#8221; color_overlay=&#8221;dark&#8221; opacity_overlay=&#8221;40&#8243; padding_top=&#8221;110&#8243; padding_bottom=&#8221;130&#8243; margin_bottom=&#8221;0&#8243; font_color=&#8221;#ffffff&#8221; el_class=&#8221;certificaciones&#8221;][vc_column css=&#8221;.vc_custom_1472917496740{padding-top: 15px !important;padding-bottom: 15px !important;}&#8221;][vc_column_text]<img loading=\"lazy\" decoding=\"async\" class=\"alignnone wp-image-4324 aligncenter\" src=\"https:\/\/www.minerasancristobal.com\/v3\/es\/wp-content\/uploads\/2018\/12\/msc-logo-cabecera-gris-transparente.png\" alt=\"logo-fondo-transparente-letras-blancas\" width=\"264\" height=\"87\" \/>[\/vc_column_text][\/vc_column][vc_column]<h2 class=\"grve-element grve-align-center grve-title-line grve-h2\" style=\"\"><span>Certificaciones<\/span><\/h2><h4 class=\"grve-element grve-align-center grve-title-no-line grve-h4\" style=\"\"><span>Minera San Crist\u00f3bal S.A. est\u00e1 orgullosa de haber obtenido certificaciones en normas internacionales de prestigio mundial.<\/span><\/h4>[\/vc_column][vc_column width=&#8221;1\/4&#8243;][vc_column_text text_style=&#8221;leader-text&#8221;]<\/p>\n<p style=\"text-align: center;\"><a style=\"color: #ffffff;\" href=\"http:\/\/www.minerasancristobal.com\/v3\/es\/inicio\/certificaciones\/\">ISO 9001:2015<\/a><br \/>\n<a style=\"color: #ffffff;\" href=\"http:\/\/www.minerasancristobal.com\/v3\/es\/inicio\/certificaciones\/\">ISO 14001:2015<\/a><\/p>\n<p>[\/vc_column_text][\/vc_column][vc_column width=&#8221;1\/4&#8243;][vc_column_text text_style=&#8221;leader-text&#8221;]<\/p>\n<p style=\"text-align: center;\"><a style=\"color: #ffffff;\" href=\"http:\/\/www.minerasancristobal.com\/v3\/es\/inicio\/certificaciones\/\">ISO 45001:2018<\/a><br \/>\n<a style=\"color: #ffffff;\" href=\"http:\/\/www.minerasancristobal.com\/v3\/es\/inicio\/certificaciones\/\">ISO 27001:2013<\/a><\/p>\n<p>[\/vc_column_text][\/vc_column][vc_column width=&#8221;1\/4&#8243;][vc_column_text text_style=&#8221;leader-text&#8221;]<\/p>\n<p style=\"text-align: center;\"><a style=\"color: #ffffff;\" href=\"http:\/\/www.minerasancristobal.com\/v3\/es\/inicio\/certificaciones\/\">NB-ISO\/IEC 17025:2018<\/a><br \/>\n<a style=\"color: #ffffff;\" href=\"http:\/\/www.minerasancristobal.com\/v3\/es\/inicio\/certificaciones\/\">NB-512001:2008<\/a><br \/>\n<a style=\"color: #ffffff;\" href=\"http:\/\/www.minerasancristobal.com\/v3\/es\/inicio\/certificaciones\/\">OEA EXPORTADORES<\/a><\/p>\n<p>[\/vc_column_text][\/vc_column][vc_column width=&#8221;1\/4&#8243;][vc_column_text text_style=&#8221;leader-text&#8221;]<\/p>\n<p style=\"text-align: center;\"><a style=\"color: #ffffff;\" href=\"http:\/\/www.minerasancristobal.com\/v3\/es\/inicio\/certificaciones\/\">OMA 006<\/a><br \/>\n<a style=\"color: #ffffff;\" href=\"http:\/\/www.minerasancristobal.com\/v3\/es\/inicio\/certificaciones\/\">IS BAO<\/a><br \/>\n<a style=\"color: #ffffff;\" href=\"http:\/\/www.minerasancristobal.com\/v3\/es\/inicio\/certificaciones\/\">OEA IMPORTADORES<\/a><\/p>\n<p>[\/vc_column_text][\/vc_column][\/vc_row][vc_row heading_color=&#8221;primary-5&#8243; bg_type=&#8221;color&#8221; footer_feature=&#8221;yes&#8221; bg_color=&#8221;#ffffff&#8221; padding_top=&#8221;60&#8243; padding_bottom=&#8221;60&#8243;][vc_column width=&#8221;1\/4&#8243;][vc_column_text]<strong>Campamento Toldos<br \/>\n<\/strong>Provincia Nor L\u00edpez<br \/>\nPotos\u00ed, Bolivia<br \/>\n<strong>T:<\/strong> (591-2)\u00a02153777<br \/>\n<a href=\"mailto:info@minerasancristobal.com\">info@minerasancristobal.com<\/a>[\/vc_column_text][\/vc_column][vc_column width=&#8221;1\/4&#8243;][vc_column_text]<strong>Potos\u00ed<br \/>\n<\/strong>Calle Tarija\u00a0N\u00b012<br \/>\nex Banco Bisa &#8211; Planta Alta<br \/>\nPotos\u00ed, Bolivia<br \/>\n<strong>T:<\/strong> (591-2)\u00a0612-0487<br \/>\n<strong>F:<\/strong> (591-2) 612-0486<br \/>\n<a href=\"mailto:info@minerasancristobal.com\">info@minerasancristobal.com<\/a>[\/vc_column_text][\/vc_column][vc_column width=&#8221;1\/4&#8243;][vc_column_text]<\/p>\n<p style=\"text-align: left;\"><strong>La Paz<br \/>\n<\/strong>Calacoto, Calle 15<br \/>\nTorre KETAL, Piso 5<br \/>\nLa Paz, Bolivia<br \/>\n<strong>T:<\/strong> (591-2) 262-3400<br \/>\n<strong>F:\u00a0<\/strong>(591-2) 211-7950<br \/>\n<a href=\"mailto:info@minerasancristobal.com\">info@minerasancristobal.com<\/a><\/p>\n<p>[\/vc_column_text][\/vc_column][vc_column width=&#8221;1\/4&#8243;]<div class=\"grve-element grve-list grve-list-angle-right \" style=\"\"><ul>\n<li><a href=\"http:\/\/www.minerasancristobal.com\/v3\/es\/inicio\/proveedores\/\">Proveedores<\/a><\/li>\n<li><a href=\"http:\/\/www.minerasancristobal.com\/v3\/es\/inicio\/carreras\/\">Carreras<\/a><\/li>\n<li><a href=\"http:\/\/www.minerasancristobal.com\/v3\/es\/inicio\/certificaciones\/\">Certificaciones<\/a><\/li>\n<\/ul>\n<ul style=\"margin-top: 30px;\">\n<li><a href=\"http:\/\/www.minerasancristobal.com\/v3\/en\/\">English<\/a><\/li>\n<li><strong><a href=\"http:\/\/www.minerasancristobal.com\/v3\/es\/\">Espa\u00f1ol<\/a><\/strong><\/li>\n<\/ul>\n<\/div>[\/vc_column][vc_column]<div class=\"grve-element grve-image grve-align-center\" style=\"\"><img loading=\"lazy\" decoding=\"async\" width=\"713\" height=\"284\" src=\"https:\/\/www.minerasancristobal.com\/v3\/es\/wp-content\/uploads\/2018\/12\/msc-logo-letras-azules-transparente.png\" class=\"attachment-full size-full\" alt=\"\" srcset=\"https:\/\/www.minerasancristobal.com\/v3\/es\/wp-content\/uploads\/2018\/12\/msc-logo-letras-azules-transparente.png 713w, https:\/\/www.minerasancristobal.com\/v3\/es\/wp-content\/uploads\/2018\/12\/msc-logo-letras-azules-transparente-300x119.png 300w\" sizes=\"auto, (max-width: 713px) 100vw, 713px\" \/><\/div>[\/vc_column][\/vc_row][vc_row section_type=&#8221;fullwidth-element&#8221; footer_feature=&#8221;yes&#8221;][vc_column]<div class=\"grve-map-wrapper\"><div style=\"display:none\" class=\"grve-map-point\" data-point-lat=\"-19.590552\" data-point-lng=\"-65.753147\" data-point-marker=\"https:\/\/www.minerasancristobal.com\/v3\/es\/wp-content\/uploads\/2015\/12\/mapa-marker.png\" data-point-title=\"\"><\/div><div class=\"grve-element grve-map\" data-lat=\"-19.590552\" data-lng=\"-65.753147\" data-zoom=\"16\" style=\"height: 280px;\"><\/div><\/div>[\/vc_column][\/vc_row]<\/p>\n<\/section>","protected":false},"excerpt":{"rendered":"<p>[vc_row section_type=&#8221;fullwidth-element&#8221; bg_type=&#8221;color&#8221; header_feature=&#8221;yes&#8221; padding_top=&#8221;80&#8243; padding_bottom=&#8221;80&#8243; margin_bottom=&#8221;0&#8243; bg_color=&#8221;#f2f2f2&#8243;][vc_column width=&#8221;1\/3&#8243; css=&#8221;.vc_custom_1421342417544{border-right-width: 1px !important;padding-right: 5% !important;padding-left: 5% !important;border-right-color: #e9e9e9 !important;border-right-style: solid !important;}&#8221;][\/vc_column][vc_column width=&#8221;1\/3&#8243; css=&#8221;.vc_custom_1421342282859{padding-right: 5% !important;padding-left: 5% !important;}&#8221;][\/vc_column][vc_column width=&#8221;1\/3&#8243; css=&#8221;.vc_custom_1421342428414{border-left-width: 1px !important;padding-right: 5% !important;padding-left: 5% !important;border-left-color: #e9e9e9 !important;border-left-style: solid !important;}&#8221;][\/vc_column][\/vc_row][vc_row heading_color=&#8221;primary-1&#8243; bg_type=&#8221;image&#8221; bg_image=&#8221;4797&#8243; bg_image_type=&#8221;parallax&#8221; font_color=&#8221;#ffffff&#8221; padding_top=&#8221;130&#8243; padding_bottom=&#8221;130&#8243; margin_bottom=&#8221;0&#8243;][vc_column css=&#8221;.vc_custom_1441135025726{padding-right: 15% !important;padding-left: 15% !important;}&#8221; el_class=&#8221;empresaComprometida&#8221;][vc_column_text text_style=&#8221;leader-text&#8221;] SOMOS UNA [&hellip;]<\/p>\n","protected":false},"author":1,"featured_media":0,"parent":0,"menu_order":0,"comment_status":"open","ping_status":"closed","template":"","meta":{"footnotes":""},"class_list":["post-3859","page","type-page","status-publish","hentry"],"_links":{"self":[{"href":"https:\/\/www.minerasancristobal.com\/v3\/es\/wp-json\/wp\/v2\/pages\/3859","targetHints":{"allow":["GET"]}}],"collection":[{"href":"https:\/\/www.minerasancristobal.com\/v3\/es\/wp-json\/wp\/v2\/pages"}],"about":[{"href":"https:\/\/www.minerasancristobal.com\/v3\/es\/wp-json\/wp\/v2\/types\/page"}],"author":[{"embeddable":true,"href":"https:\/\/www.minerasancristobal.com\/v3\/es\/wp-json\/wp\/v2\/users\/1"}],"replies":[{"embeddable":true,"href":"https:\/\/www.minerasancristobal.com\/v3\/es\/wp-json\/wp\/v2\/comments?post=3859"}],"version-history":[{"count":105,"href":"https:\/\/www.minerasancristobal.com\/v3\/es\/wp-json\/wp\/v2\/pages\/3859\/revisions"}],"predecessor-version":[{"id":7007,"href":"https:\/\/www.minerasancristobal.com\/v3\/es\/wp-json\/wp\/v2\/pages\/3859\/revisions\/7007"}],"wp:attachment":[{"href":"https:\/\/www.minerasancristobal.com\/v3\/es\/wp-json\/wp\/v2\/media?parent=3859"}],"curies":[{"name":"wp","href":"https:\/\/api.w.org\/{rel}","templated":true}]}}