{"id":4331,"date":"2015-12-22T21:35:21","date_gmt":"2015-12-22T21:35:21","guid":{"rendered":"http:\/\/www.minerasancristobal.com\/v3\/es\/?page_id=4331"},"modified":"2016-01-08T21:43:05","modified_gmt":"2016-01-08T21:43:05","slug":"nuestra-empresa","status":"publish","type":"page","link":"https:\/\/www.minerasancristobal.com\/v3\/es\/inicio\/nuestra-empresa\/","title":{"rendered":"Nuestra Empresa"},"content":{"rendered":"<section class=\"wpb-content-wrapper\"><p>[vc_row][vc_column][vc_column_text text_style=&#8221;leader-text&#8221;]Acerca de Minera San Crist\u00f3bal S.A.[\/vc_column_text][vc_column_text]<\/p>\n<p class=\"p1\">Ubicado en la provincia Nor L\u00edpez del departamento de Potos\u00ed, el principal emprendimiento minero de Bolivia, realiza sus operaciones combinando el uso de tecnolog\u00eda de punta con la permanente cualificaci\u00f3n de sus trabajadores, el estricto control de salud y seguridad laboral e industrial, la preservaci\u00f3n del medio ambiente y el desarrollo sostenible de las comunidades; buscando aportar al desarrollo de la regi\u00f3n en la que opera, el departamento de Potos\u00ed y el pa\u00eds en su conjunto.<\/p>\n<p>[\/vc_column_text]<div class=\"grve-map-wrapper\"><div style=\"display:none\" class=\"grve-map-point\" data-point-lat=\"-21.113763\" data-point-lng=\" -67.207340\" data-point-marker=\"https:\/\/www.minerasancristobal.com\/v3\/es\/wp-content\/uploads\/2015\/12\/mapa-marker.png\" data-point-title=\"\"><\/div><div class=\"grve-element grve-map\" data-lat=\"-21.113763\" data-lng=\" -67.207340\" data-zoom=\"5\" style=\"margin-bottom: 30px;height: 280px;\"><\/div><\/div>[vc_column_text]San Crist\u00f3bal es uno de los yacimientos de zinc, plomo y plata m\u00e1s grandes del mundo. La mineralizaci\u00f3n de la mina San Crist\u00f3bal es de baja ley pero de gran volumen y, por esta raz\u00f3n, el m\u00e9todo de explotaci\u00f3n usado es el de tajo abierto. La operaci\u00f3n est\u00e1 orientada a la producci\u00f3n de minerales concentrados de zinc-plata y plomo-plata, actualmente es la operaci\u00f3n minera m\u00e1s grande en la historia de Bolivia, el sexto productor m\u00e1s grande de zinc en el mundo y el cuarto productor m\u00e1s grande de plata en el mundo.[\/vc_column_text][\/vc_column][\/vc_row][vc_row][vc_column]<div class=\"grve-element grve-gallery grve-isotope grve-gallery-popup\" style=\"\" data-gutter=\"yes\" data-type=\"3-columns\" data-layout=\"fitRows\"><div class=\"grve-isotope-container\"><div class=\"grve-isotope-item \"><a href=\"https:\/\/www.minerasancristobal.com\/v3\/es\/wp-content\/uploads\/2015\/12\/1.tif-2.jpeg\"><figure class=\"grve-image-hover grve-zoom-in\"><div class=\"grve-media grve-primary-1-overlay grve-opacity-40\"><img loading=\"lazy\" decoding=\"async\" width=\"560\" height=\"560\" src=\"https:\/\/www.minerasancristobal.com\/v3\/es\/wp-content\/uploads\/2015\/12\/1.tif-2-560x560.jpeg\" class=\"attachment-grve-image-small-square size-grve-image-small-square\" alt=\"\" srcset=\"https:\/\/www.minerasancristobal.com\/v3\/es\/wp-content\/uploads\/2015\/12\/1.tif-2-560x560.jpeg 560w, https:\/\/www.minerasancristobal.com\/v3\/es\/wp-content\/uploads\/2015\/12\/1.tif-2-150x150.jpeg 150w, https:\/\/www.minerasancristobal.com\/v3\/es\/wp-content\/uploads\/2015\/12\/1.tif-2-120x120.jpeg 120w, https:\/\/www.minerasancristobal.com\/v3\/es\/wp-content\/uploads\/2015\/12\/1.tif-2-80x80.jpeg 80w\" sizes=\"auto, (max-width: 560px) 100vw, 560px\" \/><\/div><figcaption><\/figcaption><\/figure><\/a><\/div><div class=\"grve-isotope-item \"><a href=\"https:\/\/www.minerasancristobal.com\/v3\/es\/wp-content\/uploads\/2015\/12\/1.tif.jpeg\"><figure class=\"grve-image-hover grve-zoom-in\"><div class=\"grve-media grve-primary-1-overlay grve-opacity-40\"><img loading=\"lazy\" decoding=\"async\" width=\"560\" height=\"560\" src=\"https:\/\/www.minerasancristobal.com\/v3\/es\/wp-content\/uploads\/2015\/12\/1.tif-560x560.jpeg\" class=\"attachment-grve-image-small-square size-grve-image-small-square\" alt=\"\" srcset=\"https:\/\/www.minerasancristobal.com\/v3\/es\/wp-content\/uploads\/2015\/12\/1.tif-560x560.jpeg 560w, https:\/\/www.minerasancristobal.com\/v3\/es\/wp-content\/uploads\/2015\/12\/1.tif-150x150.jpeg 150w, https:\/\/www.minerasancristobal.com\/v3\/es\/wp-content\/uploads\/2015\/12\/1.tif-120x120.jpeg 120w, https:\/\/www.minerasancristobal.com\/v3\/es\/wp-content\/uploads\/2015\/12\/1.tif-80x80.jpeg 80w\" sizes=\"auto, (max-width: 560px) 100vw, 560px\" \/><\/div><figcaption><\/figcaption><\/figure><\/a><\/div><div class=\"grve-isotope-item \"><a href=\"https:\/\/www.minerasancristobal.com\/v3\/es\/wp-content\/uploads\/2015\/12\/2.tif.jpeg\"><figure class=\"grve-image-hover grve-zoom-in\"><div class=\"grve-media grve-primary-1-overlay grve-opacity-40\"><img loading=\"lazy\" decoding=\"async\" width=\"560\" height=\"560\" src=\"https:\/\/www.minerasancristobal.com\/v3\/es\/wp-content\/uploads\/2015\/12\/2.tif-560x560.jpeg\" class=\"attachment-grve-image-small-square size-grve-image-small-square\" alt=\"\" srcset=\"https:\/\/www.minerasancristobal.com\/v3\/es\/wp-content\/uploads\/2015\/12\/2.tif-560x560.jpeg 560w, https:\/\/www.minerasancristobal.com\/v3\/es\/wp-content\/uploads\/2015\/12\/2.tif-150x150.jpeg 150w, https:\/\/www.minerasancristobal.com\/v3\/es\/wp-content\/uploads\/2015\/12\/2.tif-300x300.jpeg 300w, https:\/\/www.minerasancristobal.com\/v3\/es\/wp-content\/uploads\/2015\/12\/2.tif-768x768.jpeg 768w, https:\/\/www.minerasancristobal.com\/v3\/es\/wp-content\/uploads\/2015\/12\/2.tif-120x120.jpeg 120w, https:\/\/www.minerasancristobal.com\/v3\/es\/wp-content\/uploads\/2015\/12\/2.tif-80x80.jpeg 80w, https:\/\/www.minerasancristobal.com\/v3\/es\/wp-content\/uploads\/2015\/12\/2.tif.jpeg 1024w\" sizes=\"auto, (max-width: 560px) 100vw, 560px\" \/><\/div><figcaption><\/figcaption><\/figure><\/a><\/div><div class=\"grve-isotope-item \"><a href=\"https:\/\/www.minerasancristobal.com\/v3\/es\/wp-content\/uploads\/2015\/12\/3.jpg\"><figure class=\"grve-image-hover grve-zoom-in\"><div class=\"grve-media grve-primary-1-overlay grve-opacity-40\"><img loading=\"lazy\" decoding=\"async\" width=\"560\" height=\"560\" src=\"https:\/\/www.minerasancristobal.com\/v3\/es\/wp-content\/uploads\/2015\/12\/3-560x560.jpg\" class=\"attachment-grve-image-small-square size-grve-image-small-square\" alt=\"\" srcset=\"https:\/\/www.minerasancristobal.com\/v3\/es\/wp-content\/uploads\/2015\/12\/3-560x560.jpg 560w, https:\/\/www.minerasancristobal.com\/v3\/es\/wp-content\/uploads\/2015\/12\/3-150x150.jpg 150w, https:\/\/www.minerasancristobal.com\/v3\/es\/wp-content\/uploads\/2015\/12\/3-120x120.jpg 120w, https:\/\/www.minerasancristobal.com\/v3\/es\/wp-content\/uploads\/2015\/12\/3-80x80.jpg 80w\" sizes=\"auto, (max-width: 560px) 100vw, 560px\" \/><\/div><figcaption><\/figcaption><\/figure><\/a><\/div><div class=\"grve-isotope-item \"><a href=\"https:\/\/www.minerasancristobal.com\/v3\/es\/wp-content\/uploads\/2015\/12\/7-1920x1342.jpg\"><figure class=\"grve-image-hover grve-zoom-in\"><div class=\"grve-media grve-primary-1-overlay grve-opacity-40\"><img loading=\"lazy\" decoding=\"async\" width=\"560\" height=\"560\" src=\"https:\/\/www.minerasancristobal.com\/v3\/es\/wp-content\/uploads\/2015\/12\/7-560x560.jpg\" class=\"attachment-grve-image-small-square size-grve-image-small-square\" alt=\"\" srcset=\"https:\/\/www.minerasancristobal.com\/v3\/es\/wp-content\/uploads\/2015\/12\/7-560x560.jpg 560w, https:\/\/www.minerasancristobal.com\/v3\/es\/wp-content\/uploads\/2015\/12\/7-150x150.jpg 150w, https:\/\/www.minerasancristobal.com\/v3\/es\/wp-content\/uploads\/2015\/12\/7-120x120.jpg 120w, https:\/\/www.minerasancristobal.com\/v3\/es\/wp-content\/uploads\/2015\/12\/7-80x80.jpg 80w, https:\/\/www.minerasancristobal.com\/v3\/es\/wp-content\/uploads\/2015\/12\/7-1120x1120.jpg 1120w\" sizes=\"auto, (max-width: 560px) 100vw, 560px\" \/><\/div><figcaption><\/figcaption><\/figure><\/a><\/div><div class=\"grve-isotope-item \"><a href=\"https:\/\/www.minerasancristobal.com\/v3\/es\/wp-content\/uploads\/2015\/12\/7.tif.jpeg\"><figure class=\"grve-image-hover grve-zoom-in\"><div class=\"grve-media grve-primary-1-overlay grve-opacity-40\"><img loading=\"lazy\" decoding=\"async\" width=\"560\" height=\"560\" src=\"https:\/\/www.minerasancristobal.com\/v3\/es\/wp-content\/uploads\/2015\/12\/7.tif-560x560.jpeg\" class=\"attachment-grve-image-small-square size-grve-image-small-square\" alt=\"\" srcset=\"https:\/\/www.minerasancristobal.com\/v3\/es\/wp-content\/uploads\/2015\/12\/7.tif-560x560.jpeg 560w, https:\/\/www.minerasancristobal.com\/v3\/es\/wp-content\/uploads\/2015\/12\/7.tif-150x150.jpeg 150w, https:\/\/www.minerasancristobal.com\/v3\/es\/wp-content\/uploads\/2015\/12\/7.tif-120x120.jpeg 120w, https:\/\/www.minerasancristobal.com\/v3\/es\/wp-content\/uploads\/2015\/12\/7.tif-80x80.jpeg 80w\" sizes=\"auto, (max-width: 560px) 100vw, 560px\" \/><\/div><figcaption><\/figcaption><\/figure><\/a><\/div><div class=\"grve-isotope-item \"><a href=\"https:\/\/www.minerasancristobal.com\/v3\/es\/wp-content\/uploads\/2015\/12\/8.TIF.jpeg\"><figure class=\"grve-image-hover grve-zoom-in\"><div class=\"grve-media grve-primary-1-overlay grve-opacity-40\"><img loading=\"lazy\" decoding=\"async\" width=\"560\" height=\"560\" src=\"https:\/\/www.minerasancristobal.com\/v3\/es\/wp-content\/uploads\/2015\/12\/8.TIF-560x560.jpeg\" class=\"attachment-grve-image-small-square size-grve-image-small-square\" alt=\"\" srcset=\"https:\/\/www.minerasancristobal.com\/v3\/es\/wp-content\/uploads\/2015\/12\/8.TIF-560x560.jpeg 560w, https:\/\/www.minerasancristobal.com\/v3\/es\/wp-content\/uploads\/2015\/12\/8.TIF-150x150.jpeg 150w, https:\/\/www.minerasancristobal.com\/v3\/es\/wp-content\/uploads\/2015\/12\/8.TIF-120x120.jpeg 120w, https:\/\/www.minerasancristobal.com\/v3\/es\/wp-content\/uploads\/2015\/12\/8.TIF-80x80.jpeg 80w\" sizes=\"auto, (max-width: 560px) 100vw, 560px\" \/><\/div><figcaption><\/figcaption><\/figure><\/a><\/div><div class=\"grve-isotope-item \"><a href=\"https:\/\/www.minerasancristobal.com\/v3\/es\/wp-content\/uploads\/2015\/12\/10.TIF.jpeg\"><figure class=\"grve-image-hover grve-zoom-in\"><div class=\"grve-media grve-primary-1-overlay grve-opacity-40\"><img loading=\"lazy\" decoding=\"async\" width=\"560\" height=\"560\" src=\"https:\/\/www.minerasancristobal.com\/v3\/es\/wp-content\/uploads\/2015\/12\/10.TIF-560x560.jpeg\" class=\"attachment-grve-image-small-square size-grve-image-small-square\" alt=\"\" srcset=\"https:\/\/www.minerasancristobal.com\/v3\/es\/wp-content\/uploads\/2015\/12\/10.TIF-560x560.jpeg 560w, https:\/\/www.minerasancristobal.com\/v3\/es\/wp-content\/uploads\/2015\/12\/10.TIF-150x150.jpeg 150w, https:\/\/www.minerasancristobal.com\/v3\/es\/wp-content\/uploads\/2015\/12\/10.TIF-120x120.jpeg 120w, https:\/\/www.minerasancristobal.com\/v3\/es\/wp-content\/uploads\/2015\/12\/10.TIF-80x80.jpeg 80w\" sizes=\"auto, (max-width: 560px) 100vw, 560px\" \/><\/div><figcaption><\/figcaption><\/figure><\/a><\/div><div class=\"grve-isotope-item \"><a href=\"https:\/\/www.minerasancristobal.com\/v3\/es\/wp-content\/uploads\/2015\/12\/11.tif.jpeg\"><figure class=\"grve-image-hover grve-zoom-in\"><div class=\"grve-media grve-primary-1-overlay grve-opacity-40\"><img loading=\"lazy\" decoding=\"async\" width=\"560\" height=\"560\" src=\"https:\/\/www.minerasancristobal.com\/v3\/es\/wp-content\/uploads\/2015\/12\/11.tif-560x560.jpeg\" class=\"attachment-grve-image-small-square size-grve-image-small-square\" alt=\"\" srcset=\"https:\/\/www.minerasancristobal.com\/v3\/es\/wp-content\/uploads\/2015\/12\/11.tif-560x560.jpeg 560w, https:\/\/www.minerasancristobal.com\/v3\/es\/wp-content\/uploads\/2015\/12\/11.tif-150x150.jpeg 150w, https:\/\/www.minerasancristobal.com\/v3\/es\/wp-content\/uploads\/2015\/12\/11.tif-120x120.jpeg 120w, https:\/\/www.minerasancristobal.com\/v3\/es\/wp-content\/uploads\/2015\/12\/11.tif-80x80.jpeg 80w\" sizes=\"auto, (max-width: 560px) 100vw, 560px\" \/><\/div><figcaption><\/figcaption><\/figure><\/a><\/div><div class=\"grve-isotope-item \"><a href=\"https:\/\/www.minerasancristobal.com\/v3\/es\/wp-content\/uploads\/2015\/12\/12.tif.jpeg\"><figure class=\"grve-image-hover grve-zoom-in\"><div class=\"grve-media grve-primary-1-overlay grve-opacity-40\"><img loading=\"lazy\" decoding=\"async\" width=\"560\" height=\"560\" src=\"https:\/\/www.minerasancristobal.com\/v3\/es\/wp-content\/uploads\/2015\/12\/12.tif-560x560.jpeg\" class=\"attachment-grve-image-small-square size-grve-image-small-square\" alt=\"\" srcset=\"https:\/\/www.minerasancristobal.com\/v3\/es\/wp-content\/uploads\/2015\/12\/12.tif-560x560.jpeg 560w, https:\/\/www.minerasancristobal.com\/v3\/es\/wp-content\/uploads\/2015\/12\/12.tif-150x150.jpeg 150w, https:\/\/www.minerasancristobal.com\/v3\/es\/wp-content\/uploads\/2015\/12\/12.tif-120x120.jpeg 120w, https:\/\/www.minerasancristobal.com\/v3\/es\/wp-content\/uploads\/2015\/12\/12.tif-80x80.jpeg 80w\" sizes=\"auto, (max-width: 560px) 100vw, 560px\" \/><\/div><figcaption><\/figcaption><\/figure><\/a><\/div><div class=\"grve-isotope-item \"><a href=\"https:\/\/www.minerasancristobal.com\/v3\/es\/wp-content\/uploads\/2015\/12\/25.tif.jpeg\"><figure class=\"grve-image-hover grve-zoom-in\"><div class=\"grve-media grve-primary-1-overlay grve-opacity-40\"><img loading=\"lazy\" decoding=\"async\" width=\"560\" height=\"560\" src=\"https:\/\/www.minerasancristobal.com\/v3\/es\/wp-content\/uploads\/2015\/12\/25.tif-560x560.jpeg\" class=\"attachment-grve-image-small-square size-grve-image-small-square\" alt=\"\" srcset=\"https:\/\/www.minerasancristobal.com\/v3\/es\/wp-content\/uploads\/2015\/12\/25.tif-560x560.jpeg 560w, https:\/\/www.minerasancristobal.com\/v3\/es\/wp-content\/uploads\/2015\/12\/25.tif-150x150.jpeg 150w, https:\/\/www.minerasancristobal.com\/v3\/es\/wp-content\/uploads\/2015\/12\/25.tif-120x120.jpeg 120w, https:\/\/www.minerasancristobal.com\/v3\/es\/wp-content\/uploads\/2015\/12\/25.tif-80x80.jpeg 80w\" sizes=\"auto, (max-width: 560px) 100vw, 560px\" \/><\/div><figcaption><\/figcaption><\/figure><\/a><\/div><div class=\"grve-isotope-item \"><a href=\"https:\/\/www.minerasancristobal.com\/v3\/es\/wp-content\/uploads\/2016\/01\/10-1920x1440.jpg\"><figure class=\"grve-image-hover grve-zoom-in\"><div class=\"grve-media grve-primary-1-overlay grve-opacity-40\"><img loading=\"lazy\" decoding=\"async\" width=\"560\" height=\"560\" src=\"https:\/\/www.minerasancristobal.com\/v3\/es\/wp-content\/uploads\/2016\/01\/10-560x560.jpg\" class=\"attachment-grve-image-small-square size-grve-image-small-square\" alt=\"\" srcset=\"https:\/\/www.minerasancristobal.com\/v3\/es\/wp-content\/uploads\/2016\/01\/10-560x560.jpg 560w, https:\/\/www.minerasancristobal.com\/v3\/es\/wp-content\/uploads\/2016\/01\/10-150x150.jpg 150w, https:\/\/www.minerasancristobal.com\/v3\/es\/wp-content\/uploads\/2016\/01\/10-120x120.jpg 120w, https:\/\/www.minerasancristobal.com\/v3\/es\/wp-content\/uploads\/2016\/01\/10-80x80.jpg 80w, https:\/\/www.minerasancristobal.com\/v3\/es\/wp-content\/uploads\/2016\/01\/10-1120x1120.jpg 1120w\" sizes=\"auto, (max-width: 560px) 100vw, 560px\" \/><\/div><figcaption><\/figcaption><\/figure><\/a><\/div><\/div><\/div>[\/vc_column][\/vc_row]<\/p>\n<\/section>","protected":false},"excerpt":{"rendered":"<p>[vc_row][vc_column][vc_column_text text_style=&#8221;leader-text&#8221;]Acerca de Minera San Crist\u00f3bal S.A.[\/vc_column_text][vc_column_text] Ubicado en la provincia Nor L\u00edpez del departamento de Potos\u00ed, el principal emprendimiento minero de Bolivia, realiza sus operaciones combinando el uso de tecnolog\u00eda de punta con la permanente cualificaci\u00f3n de sus trabajadores, el estricto control de salud y seguridad laboral e industrial, la preservaci\u00f3n del medio ambiente [&hellip;]<\/p>\n","protected":false},"author":1,"featured_media":0,"parent":3859,"menu_order":1,"comment_status":"closed","ping_status":"closed","template":"","meta":{"footnotes":""},"class_list":["post-4331","page","type-page","status-publish","hentry"],"_links":{"self":[{"href":"https:\/\/www.minerasancristobal.com\/v3\/es\/wp-json\/wp\/v2\/pages\/4331","targetHints":{"allow":["GET"]}}],"collection":[{"href":"https:\/\/www.minerasancristobal.com\/v3\/es\/wp-json\/wp\/v2\/pages"}],"about":[{"href":"https:\/\/www.minerasancristobal.com\/v3\/es\/wp-json\/wp\/v2\/types\/page"}],"author":[{"embeddable":true,"href":"https:\/\/www.minerasancristobal.com\/v3\/es\/wp-json\/wp\/v2\/users\/1"}],"replies":[{"embeddable":true,"href":"https:\/\/www.minerasancristobal.com\/v3\/es\/wp-json\/wp\/v2\/comments?post=4331"}],"version-history":[{"count":17,"href":"https:\/\/www.minerasancristobal.com\/v3\/es\/wp-json\/wp\/v2\/pages\/4331\/revisions"}],"predecessor-version":[{"id":4791,"href":"https:\/\/www.minerasancristobal.com\/v3\/es\/wp-json\/wp\/v2\/pages\/4331\/revisions\/4791"}],"up":[{"embeddable":true,"href":"https:\/\/www.minerasancristobal.com\/v3\/es\/wp-json\/wp\/v2\/pages\/3859"}],"wp:attachment":[{"href":"https:\/\/www.minerasancristobal.com\/v3\/es\/wp-json\/wp\/v2\/media?parent=4331"}],"curies":[{"name":"wp","href":"https:\/\/api.w.org\/{rel}","templated":true}]}}