{"id":4390,"date":"2016-01-05T15:13:12","date_gmt":"2016-01-05T15:13:12","guid":{"rendered":"http:\/\/www.minerasancristobal.com\/v3\/es\/?page_id=4390"},"modified":"2024-04-02T16:10:43","modified_gmt":"2024-04-02T16:10:43","slug":"valores-corporativos","status":"publish","type":"page","link":"https:\/\/www.minerasancristobal.com\/v3\/es\/inicio\/nuestra-empresa\/valores-corporativos\/","title":{"rendered":"Prop\u00f3sito y Valores Corporativos"},"content":{"rendered":"<section class=\"wpb-content-wrapper\"><p>[vc_row][vc_column][vc_column_text text_style=&#8221;subtitle&#8221;]<strong>PROP\u00d3SITO<\/strong>[\/vc_column_text][vc_column_text text_style=&#8221;subtitle&#8221;]Innovar en la miner\u00eda en Bolivia y el mundo para generar oportunidades y bienestar sostenible, convirti\u00e9ndonos en la minera n\u00famero uno de plata globalmente.[\/vc_column_text][vc_column_text text_style=&#8221;subtitle&#8221;]<strong>VALORES<\/strong>[\/vc_column_text]<div class=\"grve-element grve-list grve-list-angle-double-right inventic-margin-left-50\" style=\"\"><ul>\n<li>Confianza<\/li>\n<li>Trabajo en equipo<\/li>\n<li>Rendici\u00f3n de cuentas<\/li>\n<li>Sostenibilidad<\/li>\n<li>Innovaci\u00f3n<\/li>\n<li>Credibilidad<\/li>\n<\/ul>\n<\/div>[\/vc_column][\/vc_row]<\/p>\n<\/section>","protected":false},"excerpt":{"rendered":"<p>[vc_row][vc_column][vc_column_text text_style=&#8221;subtitle&#8221;]PROP\u00d3SITO[\/vc_column_text][vc_column_text text_style=&#8221;subtitle&#8221;]Innovar en la miner\u00eda en Bolivia y el mundo para generar oportunidades y bienestar sostenible, convirti\u00e9ndonos en la minera n\u00famero uno de plata globalmente.[\/vc_column_text][vc_column_text text_style=&#8221;subtitle&#8221;]VALORES[\/vc_column_text][\/vc_column][\/vc_row]<\/p>\n","protected":false},"author":1,"featured_media":0,"parent":4331,"menu_order":1,"comment_status":"closed","ping_status":"closed","template":"","meta":{"footnotes":""},"class_list":["post-4390","page","type-page","status-publish","hentry"],"_links":{"self":[{"href":"https:\/\/www.minerasancristobal.com\/v3\/es\/wp-json\/wp\/v2\/pages\/4390","targetHints":{"allow":["GET"]}}],"collection":[{"href":"https:\/\/www.minerasancristobal.com\/v3\/es\/wp-json\/wp\/v2\/pages"}],"about":[{"href":"https:\/\/www.minerasancristobal.com\/v3\/es\/wp-json\/wp\/v2\/types\/page"}],"author":[{"embeddable":true,"href":"https:\/\/www.minerasancristobal.com\/v3\/es\/wp-json\/wp\/v2\/users\/1"}],"replies":[{"embeddable":true,"href":"https:\/\/www.minerasancristobal.com\/v3\/es\/wp-json\/wp\/v2\/comments?post=4390"}],"version-history":[{"count":33,"href":"https:\/\/www.minerasancristobal.com\/v3\/es\/wp-json\/wp\/v2\/pages\/4390\/revisions"}],"predecessor-version":[{"id":6759,"href":"https:\/\/www.minerasancristobal.com\/v3\/es\/wp-json\/wp\/v2\/pages\/4390\/revisions\/6759"}],"up":[{"embeddable":true,"href":"https:\/\/www.minerasancristobal.com\/v3\/es\/wp-json\/wp\/v2\/pages\/4331"}],"wp:attachment":[{"href":"https:\/\/www.minerasancristobal.com\/v3\/es\/wp-json\/wp\/v2\/media?parent=4390"}],"curies":[{"name":"wp","href":"https:\/\/api.w.org\/{rel}","templated":true}]}}