{"id":4398,"date":"2016-01-05T15:27:37","date_gmt":"2016-01-05T15:27:37","guid":{"rendered":"http:\/\/www.minerasancristobal.com\/v3\/es\/?page_id=4398"},"modified":"2020-01-21T16:26:56","modified_gmt":"2020-01-21T16:26:56","slug":"inversion","status":"publish","type":"page","link":"https:\/\/www.minerasancristobal.com\/v3\/es\/inicio\/nuestra-empresa\/inversion\/","title":{"rendered":"Inversi\u00f3n"},"content":{"rendered":"<section class=\"wpb-content-wrapper\"><p>[vc_row][vc_column][vc_column_text]El proyecto minero m\u00e1s importante de Bolivia tiene una inversi\u00f3n aproximada de <strong>1.800 millones de d\u00f3lares<\/strong>.\u00a0\u00a0Estos recursos se emplearon en trabajos de exploraci\u00f3n, estudio de factibilidad, estudios medioambientales, ingenier\u00eda del proyecto, preparaci\u00f3n de la mina, construcci\u00f3n de la planta y de la infraestructura de apoyo, adem\u00e1s del capital de operaci\u00f3n.<\/p>\n<p>En infraestructura, m\u00e1s de <strong>200 kil\u00f3metros<\/strong> de caminos y puentes, y <strong>65 kil\u00f3metros<\/strong> de ramal ferroviario permiten hoy una mejor integraci\u00f3n de las comunidades a la regi\u00f3n, al departamento de Potos\u00ed y al pa\u00eds.[\/vc_column_text][\/vc_column][\/vc_row][vc_row][vc_column width=&#8221;1\/4&#8243;]<div class=\"grve-element grve-counter grve-align-center\" style=\"\">  <div class=\"grve-icon fa fa-dollar grve-color-primary-1\"><\/div>  <div class=\"grve-counter-content\">    <div class=\"grve-counter-item grve-color-primary-1\">      <span data-thousands-separator-vis=\"\" data-thousands-separator=\",\" data-prefix=\"\" data-suffix=\"M\" data-start-val=\"1000\" data-end-val=\"1800\" data-decimal-points=\"0\" data-decimal-separator=\".\">1000<\/span>    <\/div><h5 class=\"grve-counter-title\"><span>Inversi\u00f3n Aprox.<\/span><\/h5>  <\/div><\/div>[\/vc_column][vc_column width=&#8221;1\/4&#8243;]<div class=\"grve-element grve-counter grve-align-center\" style=\"\">  <div class=\"grve-icon fa fa-ellipsis-h grve-color-primary-1\"><\/div>  <div class=\"grve-counter-content\">    <div class=\"grve-counter-item grve-color-primary-1\">      <span data-thousands-separator-vis=\"\" data-thousands-separator=\",\" data-prefix=\"\" data-suffix=\"Km\" data-start-val=\"100\" data-end-val=\"200\" data-decimal-points=\"0\" data-decimal-separator=\".\">100<\/span>    <\/div><h5 class=\"grve-counter-title\"><span>Caminos y puentes<\/span><\/h5>  <\/div><\/div>[\/vc_column][vc_column width=&#8221;1\/4&#8243;]<div class=\"grve-element grve-counter grve-align-center\" style=\"\">  <div class=\"grve-icon fa fa-subway grve-color-primary-1\"><\/div>  <div class=\"grve-counter-content\">    <div class=\"grve-counter-item grve-color-primary-1\">      <span data-thousands-separator-vis=\"\" data-thousands-separator=\",\" data-prefix=\"\" data-suffix=\"Km\" data-start-val=\"20\" data-end-val=\"65\" data-decimal-points=\"0\" data-decimal-separator=\".\">20<\/span>    <\/div><h5 class=\"grve-counter-title\"><span>Ramal Ferroviario<\/span><\/h5>  <\/div><\/div>[\/vc_column][vc_column width=&#8221;1\/4&#8243;]<div class=\"grve-element grve-counter grve-align-center\" style=\"\">  <div class=\"grve-icon fa fa-lightbulb-o grve-color-primary-1\"><\/div>  <div class=\"grve-counter-content\">    <div class=\"grve-counter-item grve-color-primary-1\">      <span data-thousands-separator-vis=\"\" data-thousands-separator=\",\" data-prefix=\"\" data-suffix=\"Km\" data-start-val=\"140\" data-end-val=\"172\" data-decimal-points=\"0\" data-decimal-separator=\".\">140<\/span>    <\/div><h5 class=\"grve-counter-title\"><span>Tendido el\u00e9ctrico<\/span><\/h5>  <\/div><\/div>[\/vc_column][\/vc_row][vc_row][vc_column][vc_column_text]En servicios b\u00e1sicos <strong>MSC<\/strong> realiz\u00f3 el tendido de <strong>172 kil\u00f3metros<\/strong> de l\u00ednea de transmisi\u00f3n de energ\u00eda el\u00e9ctrica, apoy\u00f3 la elaboraci\u00f3n de dise\u00f1os y estudios para sistemas de captaci\u00f3n y tratamiento de aguas, tendi\u00f3 las conexiones de agua potable en las comunidades, beneficiando a cientos de familias del \u00e1rea.<\/p>\n<p><strong>Minera San Crist\u00f3bal<\/strong> durante la gesti\u00f3n 2013 compr\u00f3 \u00a0maquinaria de \u00faltima generaci\u00f3n que consta de diez camiones Caterpillar 793D, 2 palas hidr\u00e1ulicas KOMATSU PC8000 y 2 perforadoras Atlas Copco Pit Vipper 351.[\/vc_column_text][\/vc_column][\/vc_row][vc_row][vc_column]<div class=\"grve-element grve-gallery grve-isotope grve-gallery-popup\" style=\"\" data-gutter=\"yes\" data-type=\"3-columns\" data-layout=\"fitRows\"><div class=\"grve-isotope-container\"><div class=\"grve-isotope-item \"><a href=\"https:\/\/www.minerasancristobal.com\/v3\/es\/wp-content\/uploads\/2016\/01\/tren-transportando-contenedores-2.jpg\"><figure class=\"grve-image-hover grve-zoom-in\"><div class=\"grve-media grve-primary-1-overlay grve-opacity-40\"><img loading=\"lazy\" decoding=\"async\" width=\"560\" height=\"560\" src=\"https:\/\/www.minerasancristobal.com\/v3\/es\/wp-content\/uploads\/2016\/01\/tren-transportando-contenedores-2-560x560.jpg\" class=\"attachment-grve-image-small-square size-grve-image-small-square\" alt=\"\" srcset=\"https:\/\/www.minerasancristobal.com\/v3\/es\/wp-content\/uploads\/2016\/01\/tren-transportando-contenedores-2-560x560.jpg 560w, https:\/\/www.minerasancristobal.com\/v3\/es\/wp-content\/uploads\/2016\/01\/tren-transportando-contenedores-2-150x150.jpg 150w, https:\/\/www.minerasancristobal.com\/v3\/es\/wp-content\/uploads\/2016\/01\/tren-transportando-contenedores-2-120x120.jpg 120w, https:\/\/www.minerasancristobal.com\/v3\/es\/wp-content\/uploads\/2016\/01\/tren-transportando-contenedores-2-80x80.jpg 80w\" sizes=\"auto, (max-width: 560px) 100vw, 560px\" \/><\/div><figcaption><\/figcaption><\/figure><\/a><\/div><div class=\"grve-isotope-item \"><a href=\"https:\/\/www.minerasancristobal.com\/v3\/es\/wp-content\/uploads\/2016\/01\/rse2.jpg\"><figure class=\"grve-image-hover grve-zoom-in\"><div class=\"grve-media grve-primary-1-overlay grve-opacity-40\"><img loading=\"lazy\" decoding=\"async\" width=\"560\" height=\"560\" src=\"https:\/\/www.minerasancristobal.com\/v3\/es\/wp-content\/uploads\/2016\/01\/rse2-560x560.jpg\" class=\"attachment-grve-image-small-square size-grve-image-small-square\" alt=\"\" srcset=\"https:\/\/www.minerasancristobal.com\/v3\/es\/wp-content\/uploads\/2016\/01\/rse2-560x560.jpg 560w, https:\/\/www.minerasancristobal.com\/v3\/es\/wp-content\/uploads\/2016\/01\/rse2-150x150.jpg 150w, https:\/\/www.minerasancristobal.com\/v3\/es\/wp-content\/uploads\/2016\/01\/rse2-120x120.jpg 120w, https:\/\/www.minerasancristobal.com\/v3\/es\/wp-content\/uploads\/2016\/01\/rse2-80x80.jpg 80w\" sizes=\"auto, (max-width: 560px) 100vw, 560px\" \/><\/div><figcaption><\/figcaption><\/figure><\/a><\/div><div class=\"grve-isotope-item \"><a href=\"https:\/\/www.minerasancristobal.com\/v3\/es\/wp-content\/uploads\/2016\/01\/construccion-del-domo-28.jpg\"><figure class=\"grve-image-hover grve-zoom-in\"><div class=\"grve-media grve-primary-1-overlay grve-opacity-40\"><img loading=\"lazy\" decoding=\"async\" width=\"560\" height=\"560\" src=\"https:\/\/www.minerasancristobal.com\/v3\/es\/wp-content\/uploads\/2016\/01\/construccion-del-domo-28-560x560.jpg\" class=\"attachment-grve-image-small-square size-grve-image-small-square\" alt=\"\" srcset=\"https:\/\/www.minerasancristobal.com\/v3\/es\/wp-content\/uploads\/2016\/01\/construccion-del-domo-28-560x560.jpg 560w, https:\/\/www.minerasancristobal.com\/v3\/es\/wp-content\/uploads\/2016\/01\/construccion-del-domo-28-150x150.jpg 150w, https:\/\/www.minerasancristobal.com\/v3\/es\/wp-content\/uploads\/2016\/01\/construccion-del-domo-28-120x120.jpg 120w, https:\/\/www.minerasancristobal.com\/v3\/es\/wp-content\/uploads\/2016\/01\/construccion-del-domo-28-80x80.jpg 80w\" sizes=\"auto, (max-width: 560px) 100vw, 560px\" \/><\/div><figcaption><\/figcaption><\/figure><\/a><\/div><\/div><\/div>[\/vc_column][\/vc_row]<\/p>\n<\/section>","protected":false},"excerpt":{"rendered":"<p>[vc_row][vc_column][vc_column_text]El proyecto minero m\u00e1s importante de Bolivia tiene una inversi\u00f3n aproximada de 1.800 millones de d\u00f3lares.\u00a0\u00a0Estos recursos se emplearon en trabajos de exploraci\u00f3n, estudio de factibilidad, estudios medioambientales, ingenier\u00eda del proyecto, preparaci\u00f3n de la mina, construcci\u00f3n de la planta y de la infraestructura de apoyo, adem\u00e1s del capital de operaci\u00f3n. En infraestructura, m\u00e1s de 200 [&hellip;]<\/p>\n","protected":false},"author":1,"featured_media":0,"parent":4331,"menu_order":6,"comment_status":"closed","ping_status":"closed","template":"","meta":{"footnotes":""},"class_list":["post-4398","page","type-page","status-publish","hentry"],"_links":{"self":[{"href":"https:\/\/www.minerasancristobal.com\/v3\/es\/wp-json\/wp\/v2\/pages\/4398","targetHints":{"allow":["GET"]}}],"collection":[{"href":"https:\/\/www.minerasancristobal.com\/v3\/es\/wp-json\/wp\/v2\/pages"}],"about":[{"href":"https:\/\/www.minerasancristobal.com\/v3\/es\/wp-json\/wp\/v2\/types\/page"}],"author":[{"embeddable":true,"href":"https:\/\/www.minerasancristobal.com\/v3\/es\/wp-json\/wp\/v2\/users\/1"}],"replies":[{"embeddable":true,"href":"https:\/\/www.minerasancristobal.com\/v3\/es\/wp-json\/wp\/v2\/comments?post=4398"}],"version-history":[{"count":13,"href":"https:\/\/www.minerasancristobal.com\/v3\/es\/wp-json\/wp\/v2\/pages\/4398\/revisions"}],"predecessor-version":[{"id":4964,"href":"https:\/\/www.minerasancristobal.com\/v3\/es\/wp-json\/wp\/v2\/pages\/4398\/revisions\/4964"}],"up":[{"embeddable":true,"href":"https:\/\/www.minerasancristobal.com\/v3\/es\/wp-json\/wp\/v2\/pages\/4331"}],"wp:attachment":[{"href":"https:\/\/www.minerasancristobal.com\/v3\/es\/wp-json\/wp\/v2\/media?parent=4398"}],"curies":[{"name":"wp","href":"https:\/\/api.w.org\/{rel}","templated":true}]}}