{"id":4422,"date":"2016-01-05T16:23:45","date_gmt":"2016-01-05T16:23:45","guid":{"rendered":"http:\/\/www.minerasancristobal.com\/v3\/es\/?page_id=4422"},"modified":"2021-04-16T22:48:39","modified_gmt":"2021-04-16T22:48:39","slug":"operaciones","status":"publish","type":"page","link":"https:\/\/www.minerasancristobal.com\/v3\/es\/inicio\/operaciones\/","title":{"rendered":"Operaciones"},"content":{"rendered":"<section class=\"wpb-content-wrapper\"><p>[vc_row][vc_column][vc_column_text]<\/p>\n<p class=\"p1\"><strong>Minera San Crist\u00f3bal<\/strong> utiliza tecnolog\u00eda de \u00faltima generaci\u00f3n en la industria minera.\u00a0\u00a0La mineralizaci\u00f3n de la mina es de baja ley pero de gran volumen y, por esta raz\u00f3n, el m\u00e9todo de explotaci\u00f3n usado es el de cielo abierto.<\/p>\n<p>En el \u00e1rea de extracci\u00f3n de mina a cielo abierto, se aplican tecnolog\u00edas de radar para el monitoreo de taludes. Los equipos mineros cuentan con computadores de abordo que incorporan tecnolog\u00eda de reconocimiento de im\u00e1genes y de georreferenciaci\u00f3n para asegurar el cumplimiento de los est\u00e1ndares de seguridad en la operaci\u00f3n de los equipos y de la aplicaci\u00f3n de algoritmos de optimizaci\u00f3n en tiempo real de cada una de las operaciones unitarias descritas anteriormente que aseguren la alimentaci\u00f3n de mineral a la planta dentro de par\u00e1metros establecidos y alcanzar la eficiencia operativa de la flota de mina.[\/vc_column_text][vc_column_text text_style=&#8221;leader-text&#8221;]<strong>MSC<\/strong> busca producir aproximadamente 1.500 toneladas m\u00e9tricas\/d\u00eda de concentrados de zinc-plata y plomo-plata.[\/vc_column_text][vc_column_text]Para ello, se moviliza un promedio diario de <strong>150.000<\/strong> toneladas de roca, de las cuales <strong>52.000<\/strong> se env\u00edan a la planta de concentraci\u00f3n para su tratamiento.\u00a0 Esta planta cuenta con una trituradora primaria, una correa transportadora de 1,7 kil\u00f3metros de largo, un domo gigante de protecci\u00f3n antipolvo, un circuito de molienda con un molino SAG (semi-aut\u00f3geno), dos molinos de bolas, bancos de ciclones para la recirculaci\u00f3n de carga, un circuito de flotaci\u00f3n diferencial donde se separan los dos tipos de concentrados y una planta de filtrado y secado.<\/p>\n<p>La capacidad nominal de producci\u00f3n de la planta es de <strong>52,000<\/strong> toneladas de mineral seco por d\u00eda.\u00a0 Para ello la planta funciona las 24 horas del d\u00eda y todos los d\u00edas del a\u00f1o excepto aquellos d\u00edas previstos para trabajos de mantenimiento.<\/p>\n<p>Los minerales que contienen los elementos que produce <strong>MSC<\/strong>, se presentan en forma de sulfuros y \u00f3xidos de los cuales s\u00f3lo los sulfuros son tratados en la planta de concentraci\u00f3n por flotaci\u00f3n. Los sulfuros son minerales cuya composici\u00f3n b\u00e1sica es el azufre combinados con diferentes metales, en nuestro caso: zinc, plomo y plata. Los productos que salen de la planta son el sulfuro de zinc (esfalerita) y el sulfuro de plomo (galena). El sulfuro de plata (argentita) est\u00e1 contenido en ambos productos.<\/p>\n<p>El objetivo de la planta es el de separar estos sulfuros entre ellos y de la cola o material est\u00e9ril mediante etapas secuenciales de trituraci\u00f3n, molienda, flotaci\u00f3n diferencial, y filtrado, a fin de obtener dos concentrados enriquecidos, secos y listos para ser comercializados.[\/vc_column_text][\/vc_column][\/vc_row][vc_row][vc_column]<div class=\"grve-element grve-video\" style=\"\"><iframe loading=\"lazy\" title=\"CORAZ\u00d3N\" width=\"1080\" height=\"608\" src=\"https:\/\/www.youtube.com\/embed\/vVHXYM3qVts?feature=oembed\" frameborder=\"0\" allow=\"accelerometer; autoplay; clipboard-write; encrypted-media; gyroscope; picture-in-picture\" allowfullscreen><\/iframe><\/div>[\/vc_column][\/vc_row]<\/p>\n<\/section>","protected":false},"excerpt":{"rendered":"<p>[vc_row][vc_column][vc_column_text] Minera San Crist\u00f3bal utiliza tecnolog\u00eda de \u00faltima generaci\u00f3n en la industria minera.\u00a0\u00a0La mineralizaci\u00f3n de la mina es de baja ley pero de gran volumen y, por esta raz\u00f3n, el m\u00e9todo de explotaci\u00f3n usado es el de cielo abierto. En el \u00e1rea de extracci\u00f3n de mina a cielo abierto, se aplican tecnolog\u00edas de radar para [&hellip;]<\/p>\n","protected":false},"author":1,"featured_media":0,"parent":3859,"menu_order":2,"comment_status":"closed","ping_status":"closed","template":"","meta":{"footnotes":""},"class_list":["post-4422","page","type-page","status-publish","hentry"],"_links":{"self":[{"href":"https:\/\/www.minerasancristobal.com\/v3\/es\/wp-json\/wp\/v2\/pages\/4422","targetHints":{"allow":["GET"]}}],"collection":[{"href":"https:\/\/www.minerasancristobal.com\/v3\/es\/wp-json\/wp\/v2\/pages"}],"about":[{"href":"https:\/\/www.minerasancristobal.com\/v3\/es\/wp-json\/wp\/v2\/types\/page"}],"author":[{"embeddable":true,"href":"https:\/\/www.minerasancristobal.com\/v3\/es\/wp-json\/wp\/v2\/users\/1"}],"replies":[{"embeddable":true,"href":"https:\/\/www.minerasancristobal.com\/v3\/es\/wp-json\/wp\/v2\/comments?post=4422"}],"version-history":[{"count":9,"href":"https:\/\/www.minerasancristobal.com\/v3\/es\/wp-json\/wp\/v2\/pages\/4422\/revisions"}],"predecessor-version":[{"id":6331,"href":"https:\/\/www.minerasancristobal.com\/v3\/es\/wp-json\/wp\/v2\/pages\/4422\/revisions\/6331"}],"up":[{"embeddable":true,"href":"https:\/\/www.minerasancristobal.com\/v3\/es\/wp-json\/wp\/v2\/pages\/3859"}],"wp:attachment":[{"href":"https:\/\/www.minerasancristobal.com\/v3\/es\/wp-json\/wp\/v2\/media?parent=4422"}],"curies":[{"name":"wp","href":"https:\/\/api.w.org\/{rel}","templated":true}]}}