{"id":4425,"date":"2016-01-05T16:49:26","date_gmt":"2016-01-05T16:49:26","guid":{"rendered":"http:\/\/www.minerasancristobal.com\/v3\/es\/?page_id=4425"},"modified":"2016-09-04T14:30:36","modified_gmt":"2016-09-04T14:30:36","slug":"tecnologia-y-su-enfoque","status":"publish","type":"page","link":"https:\/\/www.minerasancristobal.com\/v3\/es\/inicio\/operaciones\/tecnologia-y-su-enfoque\/","title":{"rendered":"Tecnolog\u00eda y su Enfoque"},"content":{"rendered":"<section class=\"wpb-content-wrapper\"><p>[vc_row][vc_column][vc_column_text]La caracter\u00edstica principal del yacimiento de <strong>San Crist\u00f3bal<\/strong> es la mineralizaci\u00f3n en forma de vetas delgadas, vetillas y diseminaciones, que juntas forman un yacimiento de mineral de baja ley.\u00a0 El tipo de explotaci\u00f3n es a cielo abierto, que permite el movimiento de grandes vol\u00famenes de material con la ayuda de equipos pesados de \u00faltima generaci\u00f3n especialmente dise\u00f1ados para este tipo de operaciones.<\/p>\n<p>La Gerencia de operaciones supervisa toda la operaci\u00f3n, incluyendo las siguientes tareas: planificaci\u00f3n general, reticulado del \u00e1rea a explotar, perforaci\u00f3n de pozos de voladura, coordinaci\u00f3n de los an\u00e1lisis de laboratorio de muestras de \u00e1reas nuevas, delimitaci\u00f3n de los bloques mineralizados, extracci\u00f3n y transporte de materiales.<\/p>\n<p>Una buena planificaci\u00f3n es un componente cr\u00edtico del proceso minero en <strong>Minera San Crist\u00f3bal<\/strong>.<\/p>\n<p>Se utilizan t\u00e9cnicas avanzadas en cuanto a muestreo, an\u00e1lisis de laboratorio, mapeo geol\u00f3gico y levantamientos topogr\u00e1ficos a fin de obtener informaci\u00f3n precisa y confiable sobre la mina.<\/p>\n<p>Los datos y la informaci\u00f3n de los estudios son administrados y analizados con el paquete inform\u00e1tico <em>MineSight<\/em>, que es la base para toda la planificaci\u00f3n y todas las operaciones. El software genera modelos tridimensionales de las reservas de la mina, los tipos de mineralizaci\u00f3n y los caminos de acceso al tajo abierto. Esto facilita una operaci\u00f3n minera m\u00e1s eficaz y al mismo tiempo se minimiza el impacto medioambiental de la operaci\u00f3n.<\/p>\n<p>El centro de Control Mina, \u00a0que utiliza software de \u00faltima generaci\u00f3n es responsable de un control visual completo y computarizado mediante dispositivos GPS de todo el proceso de minado \u00a0desde la extracci\u00f3n hasta el transporte a la planta procesadora.[\/vc_column_text][\/vc_column][\/vc_row]<\/p>\n<\/section>","protected":false},"excerpt":{"rendered":"<p>[vc_row][vc_column][vc_column_text]La caracter\u00edstica principal del yacimiento de San Crist\u00f3bal es la mineralizaci\u00f3n en forma de vetas delgadas, vetillas y diseminaciones, que juntas forman un yacimiento de mineral de baja ley.\u00a0 El tipo de explotaci\u00f3n es a cielo abierto, que permite el movimiento de grandes vol\u00famenes de material con la ayuda de equipos pesados de \u00faltima generaci\u00f3n [&hellip;]<\/p>\n","protected":false},"author":1,"featured_media":0,"parent":4422,"menu_order":0,"comment_status":"closed","ping_status":"closed","template":"","meta":{"footnotes":""},"class_list":["post-4425","page","type-page","status-publish","hentry"],"_links":{"self":[{"href":"https:\/\/www.minerasancristobal.com\/v3\/es\/wp-json\/wp\/v2\/pages\/4425","targetHints":{"allow":["GET"]}}],"collection":[{"href":"https:\/\/www.minerasancristobal.com\/v3\/es\/wp-json\/wp\/v2\/pages"}],"about":[{"href":"https:\/\/www.minerasancristobal.com\/v3\/es\/wp-json\/wp\/v2\/types\/page"}],"author":[{"embeddable":true,"href":"https:\/\/www.minerasancristobal.com\/v3\/es\/wp-json\/wp\/v2\/users\/1"}],"replies":[{"embeddable":true,"href":"https:\/\/www.minerasancristobal.com\/v3\/es\/wp-json\/wp\/v2\/comments?post=4425"}],"version-history":[{"count":6,"href":"https:\/\/www.minerasancristobal.com\/v3\/es\/wp-json\/wp\/v2\/pages\/4425\/revisions"}],"predecessor-version":[{"id":4973,"href":"https:\/\/www.minerasancristobal.com\/v3\/es\/wp-json\/wp\/v2\/pages\/4425\/revisions\/4973"}],"up":[{"embeddable":true,"href":"https:\/\/www.minerasancristobal.com\/v3\/es\/wp-json\/wp\/v2\/pages\/4422"}],"wp:attachment":[{"href":"https:\/\/www.minerasancristobal.com\/v3\/es\/wp-json\/wp\/v2\/media?parent=4425"}],"curies":[{"name":"wp","href":"https:\/\/api.w.org\/{rel}","templated":true}]}}