{"id":4516,"date":"2016-01-05T22:28:36","date_gmt":"2016-01-05T22:28:36","guid":{"rendered":"http:\/\/www.minerasancristobal.com\/v3\/es\/?page_id=4516"},"modified":"2016-10-21T17:07:38","modified_gmt":"2016-10-21T17:07:38","slug":"voladura","status":"publish","type":"page","link":"https:\/\/www.minerasancristobal.com\/v3\/es\/inicio\/operaciones\/voladura\/","title":{"rendered":"Voladura"},"content":{"rendered":"<section class=\"wpb-content-wrapper\"><p>[vc_row][vc_column][vc_column_text text_style=&#8221;leader-text&#8221;]Pozos de voladura y voladura[\/vc_column_text]<div class=\"grve-element grve-image-text\" style=\"\"><div class=\"grve-image\"><img loading=\"lazy\" decoding=\"async\" width=\"1440\" height=\"1080\" src=\"https:\/\/www.minerasancristobal.com\/v3\/es\/wp-content\/uploads\/2016\/01\/perforacion-1.jpg\" class=\"attachment-full size-full\" alt=\"\" srcset=\"https:\/\/www.minerasancristobal.com\/v3\/es\/wp-content\/uploads\/2016\/01\/perforacion-1.jpg 1440w, https:\/\/www.minerasancristobal.com\/v3\/es\/wp-content\/uploads\/2016\/01\/perforacion-1-300x225.jpg 300w, https:\/\/www.minerasancristobal.com\/v3\/es\/wp-content\/uploads\/2016\/01\/perforacion-1-768x576.jpg 768w, https:\/\/www.minerasancristobal.com\/v3\/es\/wp-content\/uploads\/2016\/01\/perforacion-1-1024x768.jpg 1024w\" sizes=\"auto, (max-width: 1440px) 100vw, 1440px\" \/><\/div>  <div class=\"grve-content grve-align-left\">  <p>El proceso de minado comienza con la perforaci\u00f3n de \u201cpozos de voladura\u201d que siguen un reticulado de 7 a 10 metros, dependiendo del tipo exacto de roca que se debe extraer en cada lugar.<\/p>  <\/div><\/div>[vc_column_text]Esta actividad se realiza con equipos de perforaci\u00f3n modernos, que pueden penetrar la roca \u00a0a una velocidad de cerca de 1 metro por minuto.<\/p>\n<p>En todo el proceso de perforaci\u00f3n, se toman muestras de roca para an\u00e1lisis de laboratorio qu\u00edmicos especiales para determinar de la mejor forma posible el contenido de los elementos y la ley de cada elemento de inter\u00e9s econ\u00f3mico (Ag, Zn y Pb). Despu\u00e9s de concluir esta fase de perforaci\u00f3n, nuestro departamento de geolog\u00eda crea un mapa de muestreo del \u00e1rea entera.<\/p>\n<p><strong>Minera San Crist\u00f3bal<\/strong> utiliza un sistema de \u201cvoladuras silenciosas\u201d para romper las rocas en el \u00e1rea meta del tajo abierto.\u00a0Esto significa que se utiliza una cantidad m\u00ednima de explosivos para el resquebrajamiento de las rocas sin llegar a proyectar las mismas a gran distancia.[\/vc_column_text]<div class=\"grve-element grve-image-text\" style=\"\">  <div class=\"grve-content grve-align-right\">  <p>Los explosivos que se usan en este procedimiento se conocen como ANFO, una mezcla de nitrato de amonio y ya sea diesel o aceite usado. Las voladuras por lo general tienen lugar a mediod\u00eda de acuerdo con un protocolo de seguridad estricto que implica aislar el \u00e1rea al cerrar los caminos de acceso en un radio de 500 metros en todas las direcciones. Despu\u00e9s de la voladura, se verifica con sumo cuidado si todas las cargas activas han explotado para confirmar que no queden cargas no explotadas.<\/p>  <\/div><div class=\"grve-image\"><img loading=\"lazy\" decoding=\"async\" width=\"1440\" height=\"810\" src=\"https:\/\/www.minerasancristobal.com\/v3\/es\/wp-content\/uploads\/2016\/01\/voladura-1.jpg\" class=\"attachment-full size-full\" alt=\"\" srcset=\"https:\/\/www.minerasancristobal.com\/v3\/es\/wp-content\/uploads\/2016\/01\/voladura-1.jpg 1440w, https:\/\/www.minerasancristobal.com\/v3\/es\/wp-content\/uploads\/2016\/01\/voladura-1-300x169.jpg 300w, https:\/\/www.minerasancristobal.com\/v3\/es\/wp-content\/uploads\/2016\/01\/voladura-1-768x432.jpg 768w, https:\/\/www.minerasancristobal.com\/v3\/es\/wp-content\/uploads\/2016\/01\/voladura-1-1024x576.jpg 1024w, https:\/\/www.minerasancristobal.com\/v3\/es\/wp-content\/uploads\/2016\/01\/voladura-1-1170x658.jpg 1170w, https:\/\/www.minerasancristobal.com\/v3\/es\/wp-content\/uploads\/2016\/01\/voladura-1-560x315.jpg 560w\" sizes=\"auto, (max-width: 1440px) 100vw, 1440px\" \/><\/div><\/div>[\/vc_column][\/vc_row]<\/p>\n<\/section>","protected":false},"excerpt":{"rendered":"<p>[vc_row][vc_column][vc_column_text text_style=&#8221;leader-text&#8221;]Pozos de voladura y voladura[\/vc_column_text][vc_column_text]Esta actividad se realiza con equipos de perforaci\u00f3n modernos, que pueden penetrar la roca \u00a0a una velocidad de cerca de 1 metro por minuto. En todo el proceso de perforaci\u00f3n, se toman muestras de roca para an\u00e1lisis de laboratorio qu\u00edmicos especiales para determinar de la mejor forma posible el contenido [&hellip;]<\/p>\n","protected":false},"author":1,"featured_media":0,"parent":4422,"menu_order":2,"comment_status":"closed","ping_status":"closed","template":"","meta":{"footnotes":""},"class_list":["post-4516","page","type-page","status-publish","hentry"],"_links":{"self":[{"href":"https:\/\/www.minerasancristobal.com\/v3\/es\/wp-json\/wp\/v2\/pages\/4516","targetHints":{"allow":["GET"]}}],"collection":[{"href":"https:\/\/www.minerasancristobal.com\/v3\/es\/wp-json\/wp\/v2\/pages"}],"about":[{"href":"https:\/\/www.minerasancristobal.com\/v3\/es\/wp-json\/wp\/v2\/types\/page"}],"author":[{"embeddable":true,"href":"https:\/\/www.minerasancristobal.com\/v3\/es\/wp-json\/wp\/v2\/users\/1"}],"replies":[{"embeddable":true,"href":"https:\/\/www.minerasancristobal.com\/v3\/es\/wp-json\/wp\/v2\/comments?post=4516"}],"version-history":[{"count":11,"href":"https:\/\/www.minerasancristobal.com\/v3\/es\/wp-json\/wp\/v2\/pages\/4516\/revisions"}],"predecessor-version":[{"id":4521,"href":"https:\/\/www.minerasancristobal.com\/v3\/es\/wp-json\/wp\/v2\/pages\/4516\/revisions\/4521"}],"up":[{"embeddable":true,"href":"https:\/\/www.minerasancristobal.com\/v3\/es\/wp-json\/wp\/v2\/pages\/4422"}],"wp:attachment":[{"href":"https:\/\/www.minerasancristobal.com\/v3\/es\/wp-json\/wp\/v2\/media?parent=4516"}],"curies":[{"name":"wp","href":"https:\/\/api.w.org\/{rel}","templated":true}]}}