{"id":4525,"date":"2016-01-06T15:54:34","date_gmt":"2016-01-06T15:54:34","guid":{"rendered":"http:\/\/www.minerasancristobal.com\/v3\/es\/?page_id=4525"},"modified":"2016-10-21T17:08:30","modified_gmt":"2016-10-21T17:08:30","slug":"bloques-y-transporte","status":"publish","type":"page","link":"https:\/\/www.minerasancristobal.com\/v3\/es\/inicio\/operaciones\/bloques-y-transporte\/","title":{"rendered":"Bloques y Transporte"},"content":{"rendered":"<section class=\"wpb-content-wrapper\"><p>[vc_row][vc_column][vc_column_text text_style=&#8221;leader-text&#8221;]Delimitaci\u00f3n de bloques y transporte de material[\/vc_column_text][vc_column_text]A fin de delimitar las zonas seg\u00fan el tipo de mineralizaci\u00f3n y el contenido de mineral, se demarcan las zonas con estacas y cintas que se colocan en el suelo antes de la perforaci\u00f3n y la voladura.Se diferencian las siguientes categor\u00edas:<\/p>\n<p>[\/vc_column_text][\/vc_column][\/vc_row][vc_row][vc_column]<div class=\"grve-element grve-list grve-list-angle-double-right \" style=\"\"><ul>\n<li>Sulfuro de baja ley<\/li>\n<li>Sulfuro de alta ley<\/li>\n<li>\u00d3xido de baja ley<\/li>\n<li>\u00d3xido de alta ley<\/li>\n<li>Material de transici\u00f3n<\/li>\n<li>Material de desecho<\/li>\n<\/ul>\n<\/div>[\/vc_column][\/vc_row][vc_row][vc_column][vc_column_text]Este trabajo de categorizaci\u00f3n es la responsabilidad del equipo encargado del levantamiento topogr\u00e1fico que utiliza equipos de medici\u00f3n GPS para este fin.<\/p>\n<p>Guiados por la demarcaci\u00f3n de zonas con cintas de colores, cada d\u00eda los operadores rompen, clasifican, cargan, transportan y depositan aproximadamente 150.000 toneladas de material soltado en las explosiones.<\/p>\n<p>Esta tarea se realiza las 24 horas al d\u00eda, usando equipos pesados especializados de alta capacidad.\u00a0 M\u00e1s o menos 40.000 toneladas de sulfuros, clasificados seg\u00fan ley, o bien son enviadas a la planta trituradora o bien se almacenen temporalmente.[\/vc_column_text][\/vc_column][\/vc_row][vc_row][vc_column][vc_column_text text_style=&#8221;leader-text&#8221;]Bloques y Transporte[\/vc_column_text][vc_column_text]<strong>MSC<\/strong> para realizar el movimiento de material de desmonte y mineral, cuenta con las operaciones unitarias de, cargu\u00edo, acarreo y equipos de soporte mina.<\/p>\n<p>Cargu\u00edo es la operaci\u00f3n Unitaria, que se encarga del cargu\u00edo del material quebrado a las unidades de acarreo.<\/p>\n<p>La operaci\u00f3n de acarreo tiene como finalidad transportar el material de ganga hacia botaderos, y el mineral econ\u00f3mico hacia el chancador principal y roller.<\/p>\n<p>Todas las operaciones unitarias requieren del soporte de los equipos auxiliares, su finalidad es de hacer productiva nuestras operaciones, entre ellos tenemos:<\/p>\n<p>Tractor de Orugas, se utilizan para la construcci\u00f3n de rampas, plataformas de perforaci\u00f3n, limpieza de botaderos, arreglos piso palas, construcci\u00f3n de canales, etc.<\/p>\n<p>Cami\u00f3n Cisterna, se utilizan para mitigar el polvo, de tal modo que se consiga visibilidad en el tr\u00e1nsito de los camiones, y eliminar respiraci\u00f3n de polvos por parte de los conductores.<\/p>\n<p>Moto niveladora y compactador, se utilizan para mantenimiento de caminos, para lograr un buen rodamiento de las unidades m\u00f3viles.<\/p>\n<p>Tractor de Ruedas, Son usados para limpieza de rocas en el camino, limpieza de piso en palas, limpieza y construcci\u00f3n de bermas, etc.<\/p>\n<p>Canales de drenaje y bombeo, son usados para minimizar el ingreso de agua por las lluvias y las bombas son utilizadas para evacuar el agua de mina para poder seguir profundizando la mina y extraer el mineral.[\/vc_column_text][\/vc_column][\/vc_row]<\/p>\n<\/section>","protected":false},"excerpt":{"rendered":"<p>[vc_row][vc_column][vc_column_text text_style=&#8221;leader-text&#8221;]Delimitaci\u00f3n de bloques y transporte de material[\/vc_column_text][vc_column_text]A fin de delimitar las zonas seg\u00fan el tipo de mineralizaci\u00f3n y el contenido de mineral, se demarcan las zonas con estacas y cintas que se colocan en el suelo antes de la perforaci\u00f3n y la voladura.Se diferencian las siguientes categor\u00edas: [\/vc_column_text][\/vc_column][\/vc_row][vc_row][vc_column][\/vc_column][\/vc_row][vc_row][vc_column][vc_column_text]Este trabajo de categorizaci\u00f3n es la responsabilidad [&hellip;]<\/p>\n","protected":false},"author":1,"featured_media":0,"parent":4422,"menu_order":3,"comment_status":"closed","ping_status":"closed","template":"","meta":{"footnotes":""},"class_list":["post-4525","page","type-page","status-publish","hentry"],"_links":{"self":[{"href":"https:\/\/www.minerasancristobal.com\/v3\/es\/wp-json\/wp\/v2\/pages\/4525","targetHints":{"allow":["GET"]}}],"collection":[{"href":"https:\/\/www.minerasancristobal.com\/v3\/es\/wp-json\/wp\/v2\/pages"}],"about":[{"href":"https:\/\/www.minerasancristobal.com\/v3\/es\/wp-json\/wp\/v2\/types\/page"}],"author":[{"embeddable":true,"href":"https:\/\/www.minerasancristobal.com\/v3\/es\/wp-json\/wp\/v2\/users\/1"}],"replies":[{"embeddable":true,"href":"https:\/\/www.minerasancristobal.com\/v3\/es\/wp-json\/wp\/v2\/comments?post=4525"}],"version-history":[{"count":7,"href":"https:\/\/www.minerasancristobal.com\/v3\/es\/wp-json\/wp\/v2\/pages\/4525\/revisions"}],"predecessor-version":[{"id":4992,"href":"https:\/\/www.minerasancristobal.com\/v3\/es\/wp-json\/wp\/v2\/pages\/4525\/revisions\/4992"}],"up":[{"embeddable":true,"href":"https:\/\/www.minerasancristobal.com\/v3\/es\/wp-json\/wp\/v2\/pages\/4422"}],"wp:attachment":[{"href":"https:\/\/www.minerasancristobal.com\/v3\/es\/wp-json\/wp\/v2\/media?parent=4525"}],"curies":[{"name":"wp","href":"https:\/\/api.w.org\/{rel}","templated":true}]}}