{"id":4577,"date":"2016-01-06T21:48:11","date_gmt":"2016-01-06T21:48:11","guid":{"rendered":"http:\/\/www.minerasancristobal.com\/v3\/es\/?page_id=4577"},"modified":"2016-10-21T17:09:21","modified_gmt":"2016-10-21T17:09:21","slug":"chancador-y-almacenamiento","status":"publish","type":"page","link":"https:\/\/www.minerasancristobal.com\/v3\/es\/inicio\/operaciones\/chancador-y-almacenamiento\/","title":{"rendered":"Chancador y Almacenamiento"},"content":{"rendered":"<section class=\"wpb-content-wrapper\"><p>[vc_row][vc_column][vc_column_text text_style=&#8221;leader-text&#8221;]Chancador primario y pila de almacenamiento[\/vc_column_text][vc_column_text]El material removido de la mina es transportado al chancador en camiones de alto tonelaje y luego se alimenta al chancador primario o triturador c\u00f3nico.<\/p>\n<p>El objetivo de esta fase de trituraci\u00f3n primaria es reducir el tama\u00f1o de las rocas extra\u00eddas de la mina hasta que tengan un di\u00e1metro promedio de 15 cent\u00edmetros, que es adecuado para que se lleven a los molinos y se sigan procesando.<\/p>\n<p>El equipo de trituraci\u00f3n se complementa con un detector de metal equipado con un separador magn\u00e9tico, una rompedora hidr\u00e1ulica para quebrar las rocas de gran tama\u00f1o que no pueden ingresar a la boca del triturador y un sistema de supresi\u00f3n de polvo.<\/p>\n<p>La capacidad de la planta trituradora es de 2.200 toneladas por hora.[\/vc_column_text][\/vc_column][\/vc_row][vc_row][vc_column]<div class=\"grve-element grve-gallery grve-isotope grve-gallery-popup\" style=\"\" data-gutter=\"yes\" data-type=\"4-columns\" data-layout=\"fitRows\"><div class=\"grve-isotope-container\"><div class=\"grve-isotope-item \"><a href=\"https:\/\/www.minerasancristobal.com\/v3\/es\/wp-content\/uploads\/2016\/01\/descarga-en-chancadora-primaria.jpg\"><figure class=\"grve-image-hover grve-zoom-in\"><div class=\"grve-media grve-primary-1-overlay grve-opacity-40\"><img loading=\"lazy\" decoding=\"async\" width=\"560\" height=\"560\" src=\"https:\/\/www.minerasancristobal.com\/v3\/es\/wp-content\/uploads\/2016\/01\/descarga-en-chancadora-primaria-560x560.jpg\" class=\"attachment-grve-image-small-square size-grve-image-small-square\" alt=\"\" srcset=\"https:\/\/www.minerasancristobal.com\/v3\/es\/wp-content\/uploads\/2016\/01\/descarga-en-chancadora-primaria-560x560.jpg 560w, https:\/\/www.minerasancristobal.com\/v3\/es\/wp-content\/uploads\/2016\/01\/descarga-en-chancadora-primaria-150x150.jpg 150w, https:\/\/www.minerasancristobal.com\/v3\/es\/wp-content\/uploads\/2016\/01\/descarga-en-chancadora-primaria-120x120.jpg 120w, https:\/\/www.minerasancristobal.com\/v3\/es\/wp-content\/uploads\/2016\/01\/descarga-en-chancadora-primaria-80x80.jpg 80w\" sizes=\"auto, (max-width: 560px) 100vw, 560px\" \/><\/div><figcaption><\/figcaption><\/figure><\/a><\/div><div class=\"grve-isotope-item \"><a href=\"https:\/\/www.minerasancristobal.com\/v3\/es\/wp-content\/uploads\/2016\/01\/6.tif.jpeg\"><figure class=\"grve-image-hover grve-zoom-in\"><div class=\"grve-media grve-primary-1-overlay grve-opacity-40\"><img loading=\"lazy\" decoding=\"async\" width=\"560\" height=\"560\" src=\"https:\/\/www.minerasancristobal.com\/v3\/es\/wp-content\/uploads\/2016\/01\/6.tif-560x560.jpeg\" class=\"attachment-grve-image-small-square size-grve-image-small-square\" alt=\"\" srcset=\"https:\/\/www.minerasancristobal.com\/v3\/es\/wp-content\/uploads\/2016\/01\/6.tif-560x560.jpeg 560w, https:\/\/www.minerasancristobal.com\/v3\/es\/wp-content\/uploads\/2016\/01\/6.tif-150x150.jpeg 150w, https:\/\/www.minerasancristobal.com\/v3\/es\/wp-content\/uploads\/2016\/01\/6.tif-120x120.jpeg 120w, https:\/\/www.minerasancristobal.com\/v3\/es\/wp-content\/uploads\/2016\/01\/6.tif-80x80.jpeg 80w\" sizes=\"auto, (max-width: 560px) 100vw, 560px\" \/><\/div><figcaption><\/figcaption><\/figure><\/a><\/div><div class=\"grve-isotope-item \"><a href=\"https:\/\/www.minerasancristobal.com\/v3\/es\/wp-content\/uploads\/2016\/01\/2.tif.jpeg\"><figure class=\"grve-image-hover grve-zoom-in\"><div class=\"grve-media grve-primary-1-overlay grve-opacity-40\"><img loading=\"lazy\" decoding=\"async\" width=\"560\" height=\"560\" src=\"https:\/\/www.minerasancristobal.com\/v3\/es\/wp-content\/uploads\/2016\/01\/2.tif-560x560.jpeg\" class=\"attachment-grve-image-small-square size-grve-image-small-square\" alt=\"\" srcset=\"https:\/\/www.minerasancristobal.com\/v3\/es\/wp-content\/uploads\/2016\/01\/2.tif-560x560.jpeg 560w, https:\/\/www.minerasancristobal.com\/v3\/es\/wp-content\/uploads\/2016\/01\/2.tif-150x150.jpeg 150w, https:\/\/www.minerasancristobal.com\/v3\/es\/wp-content\/uploads\/2016\/01\/2.tif-120x120.jpeg 120w, https:\/\/www.minerasancristobal.com\/v3\/es\/wp-content\/uploads\/2016\/01\/2.tif-80x80.jpeg 80w\" sizes=\"auto, (max-width: 560px) 100vw, 560px\" \/><\/div><figcaption><\/figcaption><\/figure><\/a><\/div><div class=\"grve-isotope-item \"><a href=\"https:\/\/www.minerasancristobal.com\/v3\/es\/wp-content\/uploads\/2016\/01\/8.tif.jpeg\"><figure class=\"grve-image-hover grve-zoom-in\"><div class=\"grve-media grve-primary-1-overlay grve-opacity-40\"><img loading=\"lazy\" decoding=\"async\" width=\"560\" height=\"560\" src=\"https:\/\/www.minerasancristobal.com\/v3\/es\/wp-content\/uploads\/2016\/01\/8.tif-560x560.jpeg\" class=\"attachment-grve-image-small-square size-grve-image-small-square\" alt=\"\" srcset=\"https:\/\/www.minerasancristobal.com\/v3\/es\/wp-content\/uploads\/2016\/01\/8.tif-560x560.jpeg 560w, https:\/\/www.minerasancristobal.com\/v3\/es\/wp-content\/uploads\/2016\/01\/8.tif-150x150.jpeg 150w, https:\/\/www.minerasancristobal.com\/v3\/es\/wp-content\/uploads\/2016\/01\/8.tif-120x120.jpeg 120w, https:\/\/www.minerasancristobal.com\/v3\/es\/wp-content\/uploads\/2016\/01\/8.tif-80x80.jpeg 80w\" sizes=\"auto, (max-width: 560px) 100vw, 560px\" \/><\/div><figcaption><\/figcaption><\/figure><\/a><\/div><\/div><\/div>[\/vc_column][\/vc_row][vc_row][vc_column][vc_column_text]Todo el mineral triturado en el chancador primario es enviado a la planta procesadora mediante una correa transportadora de 1,7 kil\u00f3metros de largo y con una capacidad de 2.300 toneladas por hora.<\/p>\n<p>El material es depositado desde una altura de 43 metros, formando un gran cono denominado la Pila de Almacenamiento o \u201cstockpile\u201d, donde se acumula el material chancado.<\/p>\n<p>La pila de almacenamiento est\u00e1 cubierta con un domo met\u00e1lico para evitar contaminaci\u00f3n con polvo. Adem\u00e1s cuenta con aspersores de agua que riegan el material para disminuir la generaci\u00f3n de polvo que se genera en el interior por su ca\u00edda. El material de la pila de almacenamiento es cargado a trav\u00e9s de tres buzones a otra correa transportadora de menor longitud que la anterior, la cual lleva la carga a la secci\u00f3n de molienda de la planta.[\/vc_column_text][\/vc_column][\/vc_row]<\/p>\n<\/section>","protected":false},"excerpt":{"rendered":"<p>[vc_row][vc_column][vc_column_text text_style=&#8221;leader-text&#8221;]Chancador primario y pila de almacenamiento[\/vc_column_text][vc_column_text]El material removido de la mina es transportado al chancador en camiones de alto tonelaje y luego se alimenta al chancador primario o triturador c\u00f3nico. El objetivo de esta fase de trituraci\u00f3n primaria es reducir el tama\u00f1o de las rocas extra\u00eddas de la mina hasta que tengan un di\u00e1metro [&hellip;]<\/p>\n","protected":false},"author":1,"featured_media":0,"parent":4422,"menu_order":4,"comment_status":"closed","ping_status":"closed","template":"","meta":{"footnotes":""},"class_list":["post-4577","page","type-page","status-publish","hentry"],"_links":{"self":[{"href":"https:\/\/www.minerasancristobal.com\/v3\/es\/wp-json\/wp\/v2\/pages\/4577","targetHints":{"allow":["GET"]}}],"collection":[{"href":"https:\/\/www.minerasancristobal.com\/v3\/es\/wp-json\/wp\/v2\/pages"}],"about":[{"href":"https:\/\/www.minerasancristobal.com\/v3\/es\/wp-json\/wp\/v2\/types\/page"}],"author":[{"embeddable":true,"href":"https:\/\/www.minerasancristobal.com\/v3\/es\/wp-json\/wp\/v2\/users\/1"}],"replies":[{"embeddable":true,"href":"https:\/\/www.minerasancristobal.com\/v3\/es\/wp-json\/wp\/v2\/comments?post=4577"}],"version-history":[{"count":4,"href":"https:\/\/www.minerasancristobal.com\/v3\/es\/wp-json\/wp\/v2\/pages\/4577\/revisions"}],"predecessor-version":[{"id":4976,"href":"https:\/\/www.minerasancristobal.com\/v3\/es\/wp-json\/wp\/v2\/pages\/4577\/revisions\/4976"}],"up":[{"embeddable":true,"href":"https:\/\/www.minerasancristobal.com\/v3\/es\/wp-json\/wp\/v2\/pages\/4422"}],"wp:attachment":[{"href":"https:\/\/www.minerasancristobal.com\/v3\/es\/wp-json\/wp\/v2\/media?parent=4577"}],"curies":[{"name":"wp","href":"https:\/\/api.w.org\/{rel}","templated":true}]}}