{"id":4598,"date":"2016-01-06T22:39:48","date_gmt":"2016-01-06T22:39:48","guid":{"rendered":"http:\/\/www.minerasancristobal.com\/v3\/es\/?page_id=4598"},"modified":"2016-09-04T14:56:18","modified_gmt":"2016-09-04T14:56:18","slug":"infraestructura","status":"publish","type":"page","link":"https:\/\/www.minerasancristobal.com\/v3\/es\/inicio\/operaciones\/infraestructura\/","title":{"rendered":"Infraestructura y Servicios"},"content":{"rendered":"<section class=\"wpb-content-wrapper\"><p>[vc_row][vc_column][vc_column_text]<strong>Minera San Crist\u00f3bal (MSC)<\/strong> ha invertido en la creaci\u00f3n de la infraestructura necesaria de transporte, comunicaciones y servicios p\u00fablicos para explotar plata, zinc y plomo de forma segura y eficiente en sus operaciones localizadas al sudoeste de Bolivia.<\/p>\n<p>Adem\u00e1s de asegurar que sus operaciones se efect\u00faen de forma eficaz, estas significativas inversiones tambi\u00e9n sirven para el beneficio de los residentes de las comunidades vecinas.<\/p>\n<p>En total, <strong>MSC<\/strong> ha invertido en Bolivia hasta la fecha aproximadamente 1.800 millones de d\u00f3lares, siendo esta la inversi\u00f3n minera de origen extranjero m\u00e1s grande del pa\u00eds. La construcci\u00f3n de infraestructura incluye un total de 200 kil\u00f3metros de caminos, dos puentes, 172 kil\u00f3metros de l\u00ednea el\u00e9ctrica y 65 kil\u00f3metros de v\u00edas ferroviarias.<\/p>\n<p>Tambi\u00e9n \u00a0ha instalado telecomunicaciones, tel\u00e9fonos, acceso a internet, mejor acceso a agua potable, una pista propia de aterrizaje adecuada para el acceso por v\u00eda a\u00e9rea, y muchos otros aspectos para mejorar las operaciones, que benefician al mismo tiempo la calidad de vida local.[\/vc_column_text]<div class=\"grve-element grve-gallery grve-isotope grve-gallery-popup\" style=\"\" data-gutter=\"yes\" data-type=\"4-columns\" data-layout=\"fitRows\"><div class=\"grve-isotope-container\"><div class=\"grve-isotope-item \"><a href=\"https:\/\/www.minerasancristobal.com\/v3\/es\/wp-content\/uploads\/2015\/12\/7.tif.jpeg\"><figure class=\"grve-image-hover grve-zoom-in\"><div class=\"grve-media grve-primary-1-overlay grve-opacity-40\"><img loading=\"lazy\" decoding=\"async\" width=\"560\" height=\"560\" src=\"https:\/\/www.minerasancristobal.com\/v3\/es\/wp-content\/uploads\/2015\/12\/7.tif-560x560.jpeg\" class=\"attachment-grve-image-small-square size-grve-image-small-square\" alt=\"\" srcset=\"https:\/\/www.minerasancristobal.com\/v3\/es\/wp-content\/uploads\/2015\/12\/7.tif-560x560.jpeg 560w, https:\/\/www.minerasancristobal.com\/v3\/es\/wp-content\/uploads\/2015\/12\/7.tif-150x150.jpeg 150w, https:\/\/www.minerasancristobal.com\/v3\/es\/wp-content\/uploads\/2015\/12\/7.tif-120x120.jpeg 120w, https:\/\/www.minerasancristobal.com\/v3\/es\/wp-content\/uploads\/2015\/12\/7.tif-80x80.jpeg 80w\" sizes=\"auto, (max-width: 560px) 100vw, 560px\" \/><\/div><figcaption><\/figcaption><\/figure><\/a><\/div><div class=\"grve-isotope-item \"><a href=\"https:\/\/www.minerasancristobal.com\/v3\/es\/wp-content\/uploads\/2015\/12\/7-1920x1342.jpg\"><figure class=\"grve-image-hover grve-zoom-in\"><div class=\"grve-media grve-primary-1-overlay grve-opacity-40\"><img loading=\"lazy\" decoding=\"async\" width=\"560\" height=\"560\" src=\"https:\/\/www.minerasancristobal.com\/v3\/es\/wp-content\/uploads\/2015\/12\/7-560x560.jpg\" class=\"attachment-grve-image-small-square size-grve-image-small-square\" alt=\"\" srcset=\"https:\/\/www.minerasancristobal.com\/v3\/es\/wp-content\/uploads\/2015\/12\/7-560x560.jpg 560w, https:\/\/www.minerasancristobal.com\/v3\/es\/wp-content\/uploads\/2015\/12\/7-150x150.jpg 150w, https:\/\/www.minerasancristobal.com\/v3\/es\/wp-content\/uploads\/2015\/12\/7-120x120.jpg 120w, https:\/\/www.minerasancristobal.com\/v3\/es\/wp-content\/uploads\/2015\/12\/7-80x80.jpg 80w, https:\/\/www.minerasancristobal.com\/v3\/es\/wp-content\/uploads\/2015\/12\/7-1120x1120.jpg 1120w\" sizes=\"auto, (max-width: 560px) 100vw, 560px\" \/><\/div><figcaption><\/figcaption><\/figure><\/a><\/div><div class=\"grve-isotope-item \"><a href=\"https:\/\/www.minerasancristobal.com\/v3\/es\/wp-content\/uploads\/2015\/12\/8.jpg\"><figure class=\"grve-image-hover grve-zoom-in\"><div class=\"grve-media grve-primary-1-overlay grve-opacity-40\"><img loading=\"lazy\" decoding=\"async\" width=\"560\" height=\"560\" src=\"https:\/\/www.minerasancristobal.com\/v3\/es\/wp-content\/uploads\/2015\/12\/8-560x560.jpg\" class=\"attachment-grve-image-small-square size-grve-image-small-square\" alt=\"\" srcset=\"https:\/\/www.minerasancristobal.com\/v3\/es\/wp-content\/uploads\/2015\/12\/8-560x560.jpg 560w, https:\/\/www.minerasancristobal.com\/v3\/es\/wp-content\/uploads\/2015\/12\/8-150x150.jpg 150w, https:\/\/www.minerasancristobal.com\/v3\/es\/wp-content\/uploads\/2015\/12\/8-120x120.jpg 120w, https:\/\/www.minerasancristobal.com\/v3\/es\/wp-content\/uploads\/2015\/12\/8-80x80.jpg 80w\" sizes=\"auto, (max-width: 560px) 100vw, 560px\" \/><\/div><figcaption><\/figcaption><\/figure><\/a><\/div><div class=\"grve-isotope-item \"><a href=\"https:\/\/www.minerasancristobal.com\/v3\/es\/wp-content\/uploads\/2016\/01\/Minera-San-Cristobal-BAE146-200.jpg\"><figure class=\"grve-image-hover grve-zoom-in\"><div class=\"grve-media grve-primary-1-overlay grve-opacity-40\"><img loading=\"lazy\" decoding=\"async\" width=\"560\" height=\"480\" src=\"https:\/\/www.minerasancristobal.com\/v3\/es\/wp-content\/uploads\/2016\/01\/Minera-San-Cristobal-BAE146-200-560x480.jpg\" class=\"attachment-grve-image-small-square size-grve-image-small-square\" alt=\"\" \/><\/div><figcaption><\/figcaption><\/figure><\/a><\/div><div class=\"grve-isotope-item \"><a href=\"https:\/\/www.minerasancristobal.com\/v3\/es\/wp-content\/uploads\/2016\/01\/BAE146-200-Landing.jpg\"><figure class=\"grve-image-hover grve-zoom-in\"><div class=\"grve-media grve-primary-1-overlay grve-opacity-40\"><img loading=\"lazy\" decoding=\"async\" width=\"560\" height=\"480\" src=\"https:\/\/www.minerasancristobal.com\/v3\/es\/wp-content\/uploads\/2016\/01\/BAE146-200-Landing-560x480.jpg\" class=\"attachment-grve-image-small-square size-grve-image-small-square\" alt=\"\" \/><\/div><figcaption><\/figcaption><\/figure><\/a><\/div><div class=\"grve-isotope-item \"><a href=\"https:\/\/www.minerasancristobal.com\/v3\/es\/wp-content\/uploads\/2016\/01\/rse2.jpg\"><figure class=\"grve-image-hover grve-zoom-in\"><div class=\"grve-media grve-primary-1-overlay grve-opacity-40\"><img loading=\"lazy\" decoding=\"async\" width=\"560\" height=\"560\" src=\"https:\/\/www.minerasancristobal.com\/v3\/es\/wp-content\/uploads\/2016\/01\/rse2-560x560.jpg\" class=\"attachment-grve-image-small-square size-grve-image-small-square\" alt=\"\" srcset=\"https:\/\/www.minerasancristobal.com\/v3\/es\/wp-content\/uploads\/2016\/01\/rse2-560x560.jpg 560w, https:\/\/www.minerasancristobal.com\/v3\/es\/wp-content\/uploads\/2016\/01\/rse2-150x150.jpg 150w, https:\/\/www.minerasancristobal.com\/v3\/es\/wp-content\/uploads\/2016\/01\/rse2-120x120.jpg 120w, https:\/\/www.minerasancristobal.com\/v3\/es\/wp-content\/uploads\/2016\/01\/rse2-80x80.jpg 80w\" sizes=\"auto, (max-width: 560px) 100vw, 560px\" \/><\/div><figcaption><\/figcaption><\/figure><\/a><\/div><div class=\"grve-isotope-item \"><a href=\"https:\/\/www.minerasancristobal.com\/v3\/es\/wp-content\/uploads\/2016\/01\/tren-transportando-contenedores-2.jpg\"><figure class=\"grve-image-hover grve-zoom-in\"><div class=\"grve-media grve-primary-1-overlay grve-opacity-40\"><img loading=\"lazy\" decoding=\"async\" width=\"560\" height=\"560\" src=\"https:\/\/www.minerasancristobal.com\/v3\/es\/wp-content\/uploads\/2016\/01\/tren-transportando-contenedores-2-560x560.jpg\" class=\"attachment-grve-image-small-square size-grve-image-small-square\" alt=\"\" srcset=\"https:\/\/www.minerasancristobal.com\/v3\/es\/wp-content\/uploads\/2016\/01\/tren-transportando-contenedores-2-560x560.jpg 560w, https:\/\/www.minerasancristobal.com\/v3\/es\/wp-content\/uploads\/2016\/01\/tren-transportando-contenedores-2-150x150.jpg 150w, https:\/\/www.minerasancristobal.com\/v3\/es\/wp-content\/uploads\/2016\/01\/tren-transportando-contenedores-2-120x120.jpg 120w, https:\/\/www.minerasancristobal.com\/v3\/es\/wp-content\/uploads\/2016\/01\/tren-transportando-contenedores-2-80x80.jpg 80w\" sizes=\"auto, (max-width: 560px) 100vw, 560px\" \/><\/div><figcaption><\/figcaption><\/figure><\/a><\/div><div class=\"grve-isotope-item \"><a href=\"https:\/\/www.minerasancristobal.com\/v3\/es\/wp-content\/uploads\/2016\/01\/fachada-de-la-unidad-medica-en-el-campamento-toldos.jpg\"><figure class=\"grve-image-hover grve-zoom-in\"><div class=\"grve-media grve-primary-1-overlay grve-opacity-40\"><img loading=\"lazy\" decoding=\"async\" width=\"560\" height=\"560\" src=\"https:\/\/www.minerasancristobal.com\/v3\/es\/wp-content\/uploads\/2016\/01\/fachada-de-la-unidad-medica-en-el-campamento-toldos-560x560.jpg\" class=\"attachment-grve-image-small-square size-grve-image-small-square\" alt=\"\" srcset=\"https:\/\/www.minerasancristobal.com\/v3\/es\/wp-content\/uploads\/2016\/01\/fachada-de-la-unidad-medica-en-el-campamento-toldos-560x560.jpg 560w, https:\/\/www.minerasancristobal.com\/v3\/es\/wp-content\/uploads\/2016\/01\/fachada-de-la-unidad-medica-en-el-campamento-toldos-150x150.jpg 150w, https:\/\/www.minerasancristobal.com\/v3\/es\/wp-content\/uploads\/2016\/01\/fachada-de-la-unidad-medica-en-el-campamento-toldos-120x120.jpg 120w, https:\/\/www.minerasancristobal.com\/v3\/es\/wp-content\/uploads\/2016\/01\/fachada-de-la-unidad-medica-en-el-campamento-toldos-80x80.jpg 80w\" sizes=\"auto, (max-width: 560px) 100vw, 560px\" \/><\/div><figcaption><\/figcaption><\/figure><\/a><\/div><div class=\"grve-isotope-item \"><a href=\"https:\/\/www.minerasancristobal.com\/v3\/es\/wp-content\/uploads\/2016\/01\/8.tif.jpeg\"><figure class=\"grve-image-hover grve-zoom-in\"><div class=\"grve-media grve-primary-1-overlay grve-opacity-40\"><img loading=\"lazy\" decoding=\"async\" width=\"560\" height=\"560\" src=\"https:\/\/www.minerasancristobal.com\/v3\/es\/wp-content\/uploads\/2016\/01\/8.tif-560x560.jpeg\" class=\"attachment-grve-image-small-square size-grve-image-small-square\" alt=\"\" srcset=\"https:\/\/www.minerasancristobal.com\/v3\/es\/wp-content\/uploads\/2016\/01\/8.tif-560x560.jpeg 560w, https:\/\/www.minerasancristobal.com\/v3\/es\/wp-content\/uploads\/2016\/01\/8.tif-150x150.jpeg 150w, https:\/\/www.minerasancristobal.com\/v3\/es\/wp-content\/uploads\/2016\/01\/8.tif-120x120.jpeg 120w, https:\/\/www.minerasancristobal.com\/v3\/es\/wp-content\/uploads\/2016\/01\/8.tif-80x80.jpeg 80w\" sizes=\"auto, (max-width: 560px) 100vw, 560px\" \/><\/div><figcaption><\/figcaption><\/figure><\/a><\/div><div class=\"grve-isotope-item \"><a href=\"https:\/\/www.minerasancristobal.com\/v3\/es\/wp-content\/uploads\/2015\/12\/14.jpg\"><figure class=\"grve-image-hover grve-zoom-in\"><div class=\"grve-media grve-primary-1-overlay grve-opacity-40\"><img loading=\"lazy\" decoding=\"async\" width=\"560\" height=\"560\" src=\"https:\/\/www.minerasancristobal.com\/v3\/es\/wp-content\/uploads\/2015\/12\/14-560x560.jpg\" class=\"attachment-grve-image-small-square size-grve-image-small-square\" alt=\"\" srcset=\"https:\/\/www.minerasancristobal.com\/v3\/es\/wp-content\/uploads\/2015\/12\/14-560x560.jpg 560w, https:\/\/www.minerasancristobal.com\/v3\/es\/wp-content\/uploads\/2015\/12\/14-150x150.jpg 150w, https:\/\/www.minerasancristobal.com\/v3\/es\/wp-content\/uploads\/2015\/12\/14-120x120.jpg 120w, https:\/\/www.minerasancristobal.com\/v3\/es\/wp-content\/uploads\/2015\/12\/14-80x80.jpg 80w\" sizes=\"auto, (max-width: 560px) 100vw, 560px\" \/><\/div><figcaption><\/figcaption><\/figure><\/a><\/div><div class=\"grve-isotope-item \"><a href=\"https:\/\/www.minerasancristobal.com\/v3\/es\/wp-content\/uploads\/2016\/01\/6343640543_a589c7080a_o.jpg\"><figure class=\"grve-image-hover grve-zoom-in\"><div class=\"grve-media grve-primary-1-overlay grve-opacity-40\"><img loading=\"lazy\" decoding=\"async\" width=\"560\" height=\"560\" src=\"https:\/\/www.minerasancristobal.com\/v3\/es\/wp-content\/uploads\/2016\/01\/6343640543_a589c7080a_o-560x560.jpg\" class=\"attachment-grve-image-small-square size-grve-image-small-square\" alt=\"\" srcset=\"https:\/\/www.minerasancristobal.com\/v3\/es\/wp-content\/uploads\/2016\/01\/6343640543_a589c7080a_o-560x560.jpg 560w, https:\/\/www.minerasancristobal.com\/v3\/es\/wp-content\/uploads\/2016\/01\/6343640543_a589c7080a_o-150x150.jpg 150w, https:\/\/www.minerasancristobal.com\/v3\/es\/wp-content\/uploads\/2016\/01\/6343640543_a589c7080a_o-120x120.jpg 120w, https:\/\/www.minerasancristobal.com\/v3\/es\/wp-content\/uploads\/2016\/01\/6343640543_a589c7080a_o-80x80.jpg 80w\" sizes=\"auto, (max-width: 560px) 100vw, 560px\" \/><\/div><figcaption><\/figcaption><\/figure><\/a><\/div><div class=\"grve-isotope-item \"><a href=\"https:\/\/www.minerasancristobal.com\/v3\/es\/wp-content\/uploads\/2015\/12\/6.jpg\"><figure class=\"grve-image-hover grve-zoom-in\"><div class=\"grve-media grve-primary-1-overlay grve-opacity-40\"><img loading=\"lazy\" decoding=\"async\" width=\"560\" height=\"560\" src=\"https:\/\/www.minerasancristobal.com\/v3\/es\/wp-content\/uploads\/2015\/12\/6-560x560.jpg\" class=\"attachment-grve-image-small-square size-grve-image-small-square\" alt=\"\" srcset=\"https:\/\/www.minerasancristobal.com\/v3\/es\/wp-content\/uploads\/2015\/12\/6-560x560.jpg 560w, https:\/\/www.minerasancristobal.com\/v3\/es\/wp-content\/uploads\/2015\/12\/6-150x150.jpg 150w, https:\/\/www.minerasancristobal.com\/v3\/es\/wp-content\/uploads\/2015\/12\/6-120x120.jpg 120w, https:\/\/www.minerasancristobal.com\/v3\/es\/wp-content\/uploads\/2015\/12\/6-80x80.jpg 80w\" sizes=\"auto, (max-width: 560px) 100vw, 560px\" \/><\/div><figcaption><\/figcaption><\/figure><\/a><\/div><\/div><\/div>[\/vc_column][\/vc_row]<\/p>\n<\/section>","protected":false},"excerpt":{"rendered":"<p>[vc_row][vc_column][vc_column_text]Minera San Crist\u00f3bal (MSC) ha invertido en la creaci\u00f3n de la infraestructura necesaria de transporte, comunicaciones y servicios p\u00fablicos para explotar plata, zinc y plomo de forma segura y eficiente en sus operaciones localizadas al sudoeste de Bolivia. Adem\u00e1s de asegurar que sus operaciones se efect\u00faen de forma eficaz, estas significativas inversiones tambi\u00e9n sirven para [&hellip;]<\/p>\n","protected":false},"author":1,"featured_media":0,"parent":4422,"menu_order":7,"comment_status":"closed","ping_status":"closed","template":"","meta":{"footnotes":""},"class_list":["post-4598","page","type-page","status-publish","hentry"],"_links":{"self":[{"href":"https:\/\/www.minerasancristobal.com\/v3\/es\/wp-json\/wp\/v2\/pages\/4598","targetHints":{"allow":["GET"]}}],"collection":[{"href":"https:\/\/www.minerasancristobal.com\/v3\/es\/wp-json\/wp\/v2\/pages"}],"about":[{"href":"https:\/\/www.minerasancristobal.com\/v3\/es\/wp-json\/wp\/v2\/types\/page"}],"author":[{"embeddable":true,"href":"https:\/\/www.minerasancristobal.com\/v3\/es\/wp-json\/wp\/v2\/users\/1"}],"replies":[{"embeddable":true,"href":"https:\/\/www.minerasancristobal.com\/v3\/es\/wp-json\/wp\/v2\/comments?post=4598"}],"version-history":[{"count":12,"href":"https:\/\/www.minerasancristobal.com\/v3\/es\/wp-json\/wp\/v2\/pages\/4598\/revisions"}],"predecessor-version":[{"id":4986,"href":"https:\/\/www.minerasancristobal.com\/v3\/es\/wp-json\/wp\/v2\/pages\/4598\/revisions\/4986"}],"up":[{"embeddable":true,"href":"https:\/\/www.minerasancristobal.com\/v3\/es\/wp-json\/wp\/v2\/pages\/4422"}],"wp:attachment":[{"href":"https:\/\/www.minerasancristobal.com\/v3\/es\/wp-json\/wp\/v2\/media?parent=4598"}],"curies":[{"name":"wp","href":"https:\/\/api.w.org\/{rel}","templated":true}]}}