{"id":4609,"date":"2016-01-06T22:52:44","date_gmt":"2016-01-06T22:52:44","guid":{"rendered":"http:\/\/www.minerasancristobal.com\/v3\/es\/?page_id=4609"},"modified":"2025-09-26T12:20:20","modified_gmt":"2025-09-26T12:20:20","slug":"desarrollo-sostenible","status":"publish","type":"page","link":"https:\/\/www.minerasancristobal.com\/v3\/es\/inicio\/desarrollo-sostenible\/","title":{"rendered":"Desarrollo Sostenible"},"content":{"rendered":"<section class=\"wpb-content-wrapper\"><p>[vc_row][vc_column][vc_column_text text_style=&#8221;leader-text&#8221;]Desarrollo Sostenible[\/vc_column_text][vc_column_text]Nuestras pol\u00edticas, valores y plan estrat\u00e9gico se centran en el desarrollo de una miner\u00eda modelo que incluye un compromiso responsable en los \u00e1mbitos econ\u00f3mico, social y ambiental. La sostenibilidad es parte indivisible y esencial de nuestros objetivos estrat\u00e9gicos:<\/p>\n<p><img loading=\"lazy\" decoding=\"async\" class=\"alignnone wp-image-7014 aligncenter\" src=\"http:\/\/www.minerasancristobal.com\/v3\/es\/wp-content\/uploads\/2025\/09\/objetivos-estretegicos.png\" alt=\"\" width=\"480\" height=\"491\" srcset=\"https:\/\/www.minerasancristobal.com\/v3\/es\/wp-content\/uploads\/2025\/09\/objetivos-estretegicos.png 994w, https:\/\/www.minerasancristobal.com\/v3\/es\/wp-content\/uploads\/2025\/09\/objetivos-estretegicos-293x300.png 293w, https:\/\/www.minerasancristobal.com\/v3\/es\/wp-content\/uploads\/2025\/09\/objetivos-estretegicos-768x786.png 768w\" sizes=\"auto, (max-width: 480px) 100vw, 480px\" \/><\/p>\n<p>El bienestar sostenible es un componente fundamental de nuestra estrategia corporativa y est\u00e1 integrado en el desarrollo de todas las actividades que realizamos. Nuestras pol\u00edticas de mutuo respeto y de gesti\u00f3n destacan los siguientes compromisos:<\/p>\n<ul>\n<li>Respetar los derechos humanos de manera general y espec\u00edficamente los de nuestros grupos de inter\u00e9s. Mantenemos relaciones laborales libres de discriminaci\u00f3n, acoso y trabajo infantil o forzoso.<\/li>\n<li>Contribuir en conjunto al bienestar sostenible de nuestros colaboradores, accionistas, comunidades y del pa\u00eds. Aseguramos nuestro compromiso con la rendici\u00f3n de cuentas, el mutuo respeto, la confiabilidad y la conciencia de construcci\u00f3n de un mejor futuro para las personas y el negocio.<\/li>\n<li>Identificar y evaluar peligros asegurando la reducci\u00f3n de riesgos relacionados con la salud y seguridad del personal, contratistas y visitantes. Promovemos una cultura organizacional preventiva y proactiva en temas de seguridad, fomentando la comunicaci\u00f3n en todo nivel.<\/li>\n<li>Promover una cultura que identifica, eval\u00faa y maneja los riesgos, previene la contaminaci\u00f3n y mitiga impactos con un enfoque asociado al manejo sostenible del agua y la energ\u00eda, el reciclaje, la reducci\u00f3n de las emisiones de gases de efecto invernadero y la conservaci\u00f3n de la biodiversidad.<\/li>\n<\/ul>\n<p>Nuestros empleados son tratados con dignidad y decencia. El respeto mutuo es un valor esencial. Nuestro entorno laboral se caracterizar\u00e1 por la confianza, integridad, trabajo en equipo, honestidad, profesionalismo, transparencia, mejoramiento continuo y un ambiente libre de intimidaci\u00f3n, opresi\u00f3n y explotaci\u00f3n[\/vc_column_text]<div class=\"grve-element grve-video\" style=\"\"><iframe loading=\"lazy\" title=\"RESPONSABILIDAD SOCIAL\" width=\"1080\" height=\"608\" src=\"https:\/\/www.youtube.com\/embed\/SZoXGU9N11g?feature=oembed\" frameborder=\"0\" allow=\"accelerometer; autoplay; clipboard-write; encrypted-media; gyroscope; picture-in-picture; web-share\" referrerpolicy=\"strict-origin-when-cross-origin\" allowfullscreen><\/iframe><\/div>[\/vc_column][\/vc_row][vc_row][vc_column][\/vc_column][\/vc_row]<\/p>\n<\/section>","protected":false},"excerpt":{"rendered":"<p>[vc_row][vc_column][vc_column_text text_style=&#8221;leader-text&#8221;]Desarrollo Sostenible[\/vc_column_text][vc_column_text]Nuestras pol\u00edticas, valores y plan estrat\u00e9gico se centran en el desarrollo de una miner\u00eda modelo que incluye un compromiso responsable en los \u00e1mbitos econ\u00f3mico, social y ambiental. La sostenibilidad es parte indivisible y esencial de nuestros objetivos estrat\u00e9gicos: El bienestar sostenible es un componente fundamental de nuestra estrategia corporativa y est\u00e1 integrado en [&hellip;]<\/p>\n","protected":false},"author":1,"featured_media":0,"parent":3859,"menu_order":3,"comment_status":"closed","ping_status":"closed","template":"","meta":{"footnotes":""},"class_list":["post-4609","page","type-page","status-publish","hentry"],"_links":{"self":[{"href":"https:\/\/www.minerasancristobal.com\/v3\/es\/wp-json\/wp\/v2\/pages\/4609","targetHints":{"allow":["GET"]}}],"collection":[{"href":"https:\/\/www.minerasancristobal.com\/v3\/es\/wp-json\/wp\/v2\/pages"}],"about":[{"href":"https:\/\/www.minerasancristobal.com\/v3\/es\/wp-json\/wp\/v2\/types\/page"}],"author":[{"embeddable":true,"href":"https:\/\/www.minerasancristobal.com\/v3\/es\/wp-json\/wp\/v2\/users\/1"}],"replies":[{"embeddable":true,"href":"https:\/\/www.minerasancristobal.com\/v3\/es\/wp-json\/wp\/v2\/comments?post=4609"}],"version-history":[{"count":8,"href":"https:\/\/www.minerasancristobal.com\/v3\/es\/wp-json\/wp\/v2\/pages\/4609\/revisions"}],"predecessor-version":[{"id":7015,"href":"https:\/\/www.minerasancristobal.com\/v3\/es\/wp-json\/wp\/v2\/pages\/4609\/revisions\/7015"}],"up":[{"embeddable":true,"href":"https:\/\/www.minerasancristobal.com\/v3\/es\/wp-json\/wp\/v2\/pages\/3859"}],"wp:attachment":[{"href":"https:\/\/www.minerasancristobal.com\/v3\/es\/wp-json\/wp\/v2\/media?parent=4609"}],"curies":[{"name":"wp","href":"https:\/\/api.w.org\/{rel}","templated":true}]}}