{"id":4617,"date":"2016-01-06T23:21:37","date_gmt":"2016-01-06T23:21:37","guid":{"rendered":"http:\/\/www.minerasancristobal.com\/v3\/es\/?page_id=4617"},"modified":"2025-09-26T12:27:06","modified_gmt":"2025-09-26T12:27:06","slug":"compromiso-social","status":"publish","type":"page","link":"https:\/\/www.minerasancristobal.com\/v3\/es\/inicio\/desarrollo-sostenible\/compromiso-social\/","title":{"rendered":"Compromiso Social"},"content":{"rendered":"<section class=\"wpb-content-wrapper\"><p>[vc_row][vc_column][vc_column_text text_style=&#8221;leader-text&#8221;]Compromiso Social[\/vc_column_text][vc_column_text]Un prop\u00f3sito central de Minera San Crist\u00f3bal es ayudar a crear las condiciones para que la poblaci\u00f3n asentada en las comunidades aleda\u00f1as al proyecto minero desarrolle emprendimientos auto sostenibles e independientes de la producci\u00f3n minera, buscando un mejor futuro para sus habitantes.<\/p>\n<p>El compromiso social de la empresa est\u00e1 \u00edntimamente vinculado a su comportamiento ante la sociedad buscando el bienestar de todos los habitantes de la regi\u00f3n en la que operamos estableciendo procesos de desarrollo sostenible.<\/p>\n<p>Dentro del \u00e1rea de influencia directa de MSC se encuentran las comunidades de San Crist\u00f3bal, Culpina K, Vila Vila y R\u00edo Grande, pertenecientes al cant\u00f3n San Crist\u00f3bal, primera secci\u00f3n del municipio de Colcha K de la provincia Nor L\u00edpez en el departamento de Potos\u00ed.<\/p>\n<p>Para concretar el prop\u00f3sito de desarrollo sostenible, MSC tiene tres instancias de acci\u00f3n:<br \/>\n<strong>Relaciones comunitarias<br \/>\n<\/strong>V\u00ednculo directo y permanente con las comunidades del \u00e1rea de influencia directa del proyecto, atendiendo las demandas, coordinando actividades y consolidando canales de comunicaci\u00f3n continua y transparente.<\/p>\n<p><strong>Reasentamiento y mitigaci\u00f3n<\/strong><strong><br \/>\n<\/strong>Promoci\u00f3n de proyectos de reducci\u00f3n de impactos ambientales y supervisi\u00f3n de obras que se ejecutan en las comunidades para mejorar su calidad de vida.<\/p>\n<p><strong>Desarrollo sostenible<br \/>\n<\/strong>Coordinaci\u00f3n de propuestas y proyectos para el desarrollo de las comunidades.<\/p>\n<p>Trabajamos con el Consejo Consultivo \u201c Los L\u00edpez San Crist\u00f3bal\u201d que est\u00e1 compuesto por l\u00edderes comunitarios de las \u00e1reas adyacentes: San Crist\u00f3bal, Culpina K, Vila Vila y Rio Grande,\u00a0 quienes planifican y deciden el camino de su desarrollo y futuro<\/p>\n<p>Con la finalidad de mejorar la calidad de vida de las comunidades se ejecutan programas que:<\/p>\n<ul>\n<li>Mejoran la educaci\u00f3n y los servicios de salud.<\/li>\n<li>Optimizan actividades agropecuarias y tur\u00edsticas.<\/li>\n<li>Promocionan los micro y peque\u00f1os emprendimientos.<\/li>\n<li>Apoyan las actividades de revalorizaci\u00f3n cultural.<\/li>\n<\/ul>\n<p>MSC\u00a0y las comunidades tienen un relacionamiento directo y continuo, caracterizado por el di\u00e1logo permanente y participativo, respeto mutuo y confianza rec\u00edproca, responsabilidad compartida, cumplimiento de acuerdos y compromisos, adem\u00e1s de la promoci\u00f3n del desarrollo sostenible.[\/vc_column_text][\/vc_column][\/vc_row][vc_row][vc_column]<div class=\"grve-element grve-video\" style=\"\"><iframe loading=\"lazy\" title=\"ESP\u00cdRITU\" width=\"1080\" height=\"608\" src=\"https:\/\/www.youtube.com\/embed\/Fcc9zqfgN64?feature=oembed\" frameborder=\"0\" allow=\"accelerometer; autoplay; clipboard-write; encrypted-media; gyroscope; picture-in-picture; web-share\" referrerpolicy=\"strict-origin-when-cross-origin\" allowfullscreen><\/iframe><\/div>[\/vc_column][\/vc_row]<\/p>\n<\/section>","protected":false},"excerpt":{"rendered":"<p>[vc_row][vc_column][vc_column_text text_style=&#8221;leader-text&#8221;]Compromiso Social[\/vc_column_text][vc_column_text]Un prop\u00f3sito central de Minera San Crist\u00f3bal es ayudar a crear las condiciones para que la poblaci\u00f3n asentada en las comunidades aleda\u00f1as al proyecto minero desarrolle emprendimientos auto sostenibles e independientes de la producci\u00f3n minera, buscando un mejor futuro para sus habitantes. El compromiso social de la empresa est\u00e1 \u00edntimamente vinculado a su [&hellip;]<\/p>\n","protected":false},"author":1,"featured_media":0,"parent":4609,"menu_order":1,"comment_status":"closed","ping_status":"closed","template":"","meta":{"footnotes":""},"class_list":["post-4617","page","type-page","status-publish","hentry"],"_links":{"self":[{"href":"https:\/\/www.minerasancristobal.com\/v3\/es\/wp-json\/wp\/v2\/pages\/4617","targetHints":{"allow":["GET"]}}],"collection":[{"href":"https:\/\/www.minerasancristobal.com\/v3\/es\/wp-json\/wp\/v2\/pages"}],"about":[{"href":"https:\/\/www.minerasancristobal.com\/v3\/es\/wp-json\/wp\/v2\/types\/page"}],"author":[{"embeddable":true,"href":"https:\/\/www.minerasancristobal.com\/v3\/es\/wp-json\/wp\/v2\/users\/1"}],"replies":[{"embeddable":true,"href":"https:\/\/www.minerasancristobal.com\/v3\/es\/wp-json\/wp\/v2\/comments?post=4617"}],"version-history":[{"count":15,"href":"https:\/\/www.minerasancristobal.com\/v3\/es\/wp-json\/wp\/v2\/pages\/4617\/revisions"}],"predecessor-version":[{"id":7018,"href":"https:\/\/www.minerasancristobal.com\/v3\/es\/wp-json\/wp\/v2\/pages\/4617\/revisions\/7018"}],"up":[{"embeddable":true,"href":"https:\/\/www.minerasancristobal.com\/v3\/es\/wp-json\/wp\/v2\/pages\/4609"}],"wp:attachment":[{"href":"https:\/\/www.minerasancristobal.com\/v3\/es\/wp-json\/wp\/v2\/media?parent=4617"}],"curies":[{"name":"wp","href":"https:\/\/api.w.org\/{rel}","templated":true}]}}