{"id":4622,"date":"2016-01-06T23:31:11","date_gmt":"2016-01-06T23:31:11","guid":{"rendered":"http:\/\/www.minerasancristobal.com\/v3\/es\/?page_id=4622"},"modified":"2024-01-17T21:51:00","modified_gmt":"2024-01-17T21:51:00","slug":"salud-y-seguridad","status":"publish","type":"page","link":"https:\/\/www.minerasancristobal.com\/v3\/es\/inicio\/nuestra-gente-salud-seguridad\/salud-y-seguridad\/","title":{"rendered":"Salud y Seguridad"},"content":{"rendered":"<section class=\"wpb-content-wrapper\"><p>[vc_row][vc_column][vc_column_text text_style=&#8221;leader-text&#8221;]Salud y Seguridad[\/vc_column_text][vc_column_text]<\/p>\n<p class=\"p1\"><strong>MSC<\/strong> contempla como parte integral de su Pol\u00edtica de Gesti\u00f3n mejorar el estado de salud y calidad de vida de la poblaci\u00f3n bajo cobertura, para lo cual cuenta con un Sistema de Salud que integra:<\/p>\n<p>[\/vc_column_text]<div class=\"grve-element grve-list grve-list-angle-double-right \" style=\"\"><ul>\n<li><strong>Estrategias de Promoci\u00f3n de la Salud<\/strong>, orientadas a la mejora continua del estado de salud y bienestar de las personas, coadyuvando a establecer estilos de vida saludables en el trabajo, la familia y la comunidad.<\/li>\n<li><strong>Acciones de prevenci\u00f3n, control y vigilancia de enfermedades<\/strong>, as\u00ed como de los factores de riesgo existentes en el \u00e1mbito laboral y comunitario.<\/li>\n<li><strong>Atenci\u00f3n oportuna, integral y de calidad a las enfermedades prevalentes y emergentes<\/strong>, para alcanzar una adecuada recuperaci\u00f3n y rehabilitaci\u00f3n de los trabajadores, sus familias y la comunidad.<\/li>\n<li><strong>Incorporaci\u00f3n de una red de servicios de salud<\/strong>, con alta capacidad resolutiva, organizada a partir de un enfoque de calidad y mejora continua, en base al cumplimiento del marco normativo vigente en el pa\u00eds y los compromisos asumidos por <strong>MSC<\/strong>.<\/li>\n<\/ul>\n<\/div><div class=\"grve-element grve-gallery grve-isotope grve-gallery-popup\" style=\"\" data-gutter=\"yes\" data-type=\"4-columns\" data-layout=\"fitRows\"><div class=\"grve-isotope-container\"><div class=\"grve-isotope-item \"><a href=\"https:\/\/www.minerasancristobal.com\/v3\/es\/wp-content\/uploads\/2016\/01\/fachada-de-la-unidad-medica-en-el-campamento-toldos.jpg\"><figure class=\"grve-image-hover grve-zoom-in\"><div class=\"grve-media grve-primary-1-overlay grve-opacity-40\"><img loading=\"lazy\" decoding=\"async\" width=\"560\" height=\"560\" src=\"https:\/\/www.minerasancristobal.com\/v3\/es\/wp-content\/uploads\/2016\/01\/fachada-de-la-unidad-medica-en-el-campamento-toldos-560x560.jpg\" class=\"attachment-grve-image-small-square size-grve-image-small-square\" alt=\"\" srcset=\"https:\/\/www.minerasancristobal.com\/v3\/es\/wp-content\/uploads\/2016\/01\/fachada-de-la-unidad-medica-en-el-campamento-toldos-560x560.jpg 560w, https:\/\/www.minerasancristobal.com\/v3\/es\/wp-content\/uploads\/2016\/01\/fachada-de-la-unidad-medica-en-el-campamento-toldos-150x150.jpg 150w, https:\/\/www.minerasancristobal.com\/v3\/es\/wp-content\/uploads\/2016\/01\/fachada-de-la-unidad-medica-en-el-campamento-toldos-120x120.jpg 120w, https:\/\/www.minerasancristobal.com\/v3\/es\/wp-content\/uploads\/2016\/01\/fachada-de-la-unidad-medica-en-el-campamento-toldos-80x80.jpg 80w\" sizes=\"auto, (max-width: 560px) 100vw, 560px\" \/><\/div><figcaption><\/figcaption><\/figure><\/a><\/div><div class=\"grve-isotope-item \"><a href=\"https:\/\/www.minerasancristobal.com\/v3\/es\/wp-content\/uploads\/2016\/01\/entrega-de-receta-en-la-unidad-medica.jpg\"><figure class=\"grve-image-hover grve-zoom-in\"><div class=\"grve-media grve-primary-1-overlay grve-opacity-40\"><img loading=\"lazy\" decoding=\"async\" width=\"560\" height=\"560\" src=\"https:\/\/www.minerasancristobal.com\/v3\/es\/wp-content\/uploads\/2016\/01\/entrega-de-receta-en-la-unidad-medica-560x560.jpg\" class=\"attachment-grve-image-small-square size-grve-image-small-square\" alt=\"\" srcset=\"https:\/\/www.minerasancristobal.com\/v3\/es\/wp-content\/uploads\/2016\/01\/entrega-de-receta-en-la-unidad-medica-560x560.jpg 560w, https:\/\/www.minerasancristobal.com\/v3\/es\/wp-content\/uploads\/2016\/01\/entrega-de-receta-en-la-unidad-medica-150x150.jpg 150w, https:\/\/www.minerasancristobal.com\/v3\/es\/wp-content\/uploads\/2016\/01\/entrega-de-receta-en-la-unidad-medica-120x120.jpg 120w, https:\/\/www.minerasancristobal.com\/v3\/es\/wp-content\/uploads\/2016\/01\/entrega-de-receta-en-la-unidad-medica-80x80.jpg 80w\" sizes=\"auto, (max-width: 560px) 100vw, 560px\" \/><\/div><figcaption><\/figcaption><\/figure><\/a><\/div><div class=\"grve-isotope-item \"><a href=\"https:\/\/www.minerasancristobal.com\/v3\/es\/wp-content\/uploads\/2016\/01\/sala-de-espera-del-la-unidad-medica.jpg\"><figure class=\"grve-image-hover grve-zoom-in\"><div class=\"grve-media grve-primary-1-overlay grve-opacity-40\"><img loading=\"lazy\" decoding=\"async\" width=\"560\" height=\"560\" src=\"https:\/\/www.minerasancristobal.com\/v3\/es\/wp-content\/uploads\/2016\/01\/sala-de-espera-del-la-unidad-medica-560x560.jpg\" class=\"attachment-grve-image-small-square size-grve-image-small-square\" alt=\"\" srcset=\"https:\/\/www.minerasancristobal.com\/v3\/es\/wp-content\/uploads\/2016\/01\/sala-de-espera-del-la-unidad-medica-560x560.jpg 560w, https:\/\/www.minerasancristobal.com\/v3\/es\/wp-content\/uploads\/2016\/01\/sala-de-espera-del-la-unidad-medica-150x150.jpg 150w, https:\/\/www.minerasancristobal.com\/v3\/es\/wp-content\/uploads\/2016\/01\/sala-de-espera-del-la-unidad-medica-120x120.jpg 120w, https:\/\/www.minerasancristobal.com\/v3\/es\/wp-content\/uploads\/2016\/01\/sala-de-espera-del-la-unidad-medica-80x80.jpg 80w\" sizes=\"auto, (max-width: 560px) 100vw, 560px\" \/><\/div><figcaption><\/figcaption><\/figure><\/a><\/div><div class=\"grve-isotope-item \"><a href=\"https:\/\/www.minerasancristobal.com\/v3\/es\/wp-content\/uploads\/2016\/01\/atencion-a-un-paciente-en-la-unidad-medica-3.jpg\"><figure class=\"grve-image-hover grve-zoom-in\"><div class=\"grve-media grve-primary-1-overlay grve-opacity-40\"><img loading=\"lazy\" decoding=\"async\" width=\"560\" height=\"560\" src=\"https:\/\/www.minerasancristobal.com\/v3\/es\/wp-content\/uploads\/2016\/01\/atencion-a-un-paciente-en-la-unidad-medica-3-560x560.jpg\" class=\"attachment-grve-image-small-square size-grve-image-small-square\" alt=\"\" srcset=\"https:\/\/www.minerasancristobal.com\/v3\/es\/wp-content\/uploads\/2016\/01\/atencion-a-un-paciente-en-la-unidad-medica-3-560x560.jpg 560w, https:\/\/www.minerasancristobal.com\/v3\/es\/wp-content\/uploads\/2016\/01\/atencion-a-un-paciente-en-la-unidad-medica-3-150x150.jpg 150w, https:\/\/www.minerasancristobal.com\/v3\/es\/wp-content\/uploads\/2016\/01\/atencion-a-un-paciente-en-la-unidad-medica-3-120x120.jpg 120w, https:\/\/www.minerasancristobal.com\/v3\/es\/wp-content\/uploads\/2016\/01\/atencion-a-un-paciente-en-la-unidad-medica-3-80x80.jpg 80w\" sizes=\"auto, (max-width: 560px) 100vw, 560px\" \/><\/div><figcaption><\/figcaption><\/figure><\/a><\/div><\/div><\/div>[\/vc_column][\/vc_row][vc_row][vc_column][vc_column_text]La seguridad en la empresa, tambi\u00e9n \u00a0se integra a \u00a0las pol\u00edticas generales. La \u00a0misi\u00f3n de seguridad en <strong>MSC<\/strong> es proporcionar apoyo t\u00e9cnico y operativo a todas las \u00e1reas\u00a0 relacionadas con la seguridad, la seguridad, la higiene, las sustancias peligrosas, y la salud general.<\/p>\n<p>El establecimiento de una cultura preventiva y proactiva de seguridad que apoya conductas consistentes y procesos seguros despu\u00e9s de las pol\u00edticas y normas establecidas, este es uno de los principales objetivos de salud y seguridad.[\/vc_column_text]<div class=\"grve-element grve-gallery grve-isotope grve-gallery-popup\" style=\"\" data-gutter=\"yes\" data-type=\"3-columns\" data-layout=\"fitRows\"><div class=\"grve-isotope-container\"><div class=\"grve-isotope-item \"><a href=\"https:\/\/www.minerasancristobal.com\/v3\/es\/wp-content\/uploads\/2016\/01\/laboratorio-quimico-11.jpg\"><figure class=\"grve-image-hover grve-zoom-in\"><div class=\"grve-media grve-primary-1-overlay grve-opacity-40\"><img loading=\"lazy\" decoding=\"async\" width=\"560\" height=\"560\" src=\"https:\/\/www.minerasancristobal.com\/v3\/es\/wp-content\/uploads\/2016\/01\/laboratorio-quimico-11-560x560.jpg\" class=\"attachment-grve-image-small-square size-grve-image-small-square\" alt=\"\" srcset=\"https:\/\/www.minerasancristobal.com\/v3\/es\/wp-content\/uploads\/2016\/01\/laboratorio-quimico-11-560x560.jpg 560w, https:\/\/www.minerasancristobal.com\/v3\/es\/wp-content\/uploads\/2016\/01\/laboratorio-quimico-11-150x150.jpg 150w, https:\/\/www.minerasancristobal.com\/v3\/es\/wp-content\/uploads\/2016\/01\/laboratorio-quimico-11-120x120.jpg 120w, https:\/\/www.minerasancristobal.com\/v3\/es\/wp-content\/uploads\/2016\/01\/laboratorio-quimico-11-80x80.jpg 80w\" sizes=\"auto, (max-width: 560px) 100vw, 560px\" \/><\/div><figcaption><\/figcaption><\/figure><\/a><\/div><div class=\"grve-isotope-item \"><a href=\"https:\/\/www.minerasancristobal.com\/v3\/es\/wp-content\/uploads\/2016\/01\/6343640543_a589c7080a_o.jpg\"><figure class=\"grve-image-hover grve-zoom-in\"><div class=\"grve-media grve-primary-1-overlay grve-opacity-40\"><img loading=\"lazy\" decoding=\"async\" width=\"560\" height=\"560\" src=\"https:\/\/www.minerasancristobal.com\/v3\/es\/wp-content\/uploads\/2016\/01\/6343640543_a589c7080a_o-560x560.jpg\" class=\"attachment-grve-image-small-square size-grve-image-small-square\" alt=\"\" srcset=\"https:\/\/www.minerasancristobal.com\/v3\/es\/wp-content\/uploads\/2016\/01\/6343640543_a589c7080a_o-560x560.jpg 560w, https:\/\/www.minerasancristobal.com\/v3\/es\/wp-content\/uploads\/2016\/01\/6343640543_a589c7080a_o-150x150.jpg 150w, https:\/\/www.minerasancristobal.com\/v3\/es\/wp-content\/uploads\/2016\/01\/6343640543_a589c7080a_o-120x120.jpg 120w, https:\/\/www.minerasancristobal.com\/v3\/es\/wp-content\/uploads\/2016\/01\/6343640543_a589c7080a_o-80x80.jpg 80w\" sizes=\"auto, (max-width: 560px) 100vw, 560px\" \/><\/div><figcaption><\/figcaption><\/figure><\/a><\/div><div class=\"grve-isotope-item \"><a href=\"https:\/\/www.minerasancristobal.com\/v3\/es\/wp-content\/uploads\/2016\/01\/6343640525_31501c02c5_o.jpg\"><figure class=\"grve-image-hover grve-zoom-in\"><div class=\"grve-media grve-primary-1-overlay grve-opacity-40\"><img loading=\"lazy\" decoding=\"async\" width=\"560\" height=\"560\" src=\"https:\/\/www.minerasancristobal.com\/v3\/es\/wp-content\/uploads\/2016\/01\/6343640525_31501c02c5_o-560x560.jpg\" class=\"attachment-grve-image-small-square size-grve-image-small-square\" alt=\"\" srcset=\"https:\/\/www.minerasancristobal.com\/v3\/es\/wp-content\/uploads\/2016\/01\/6343640525_31501c02c5_o-560x560.jpg 560w, https:\/\/www.minerasancristobal.com\/v3\/es\/wp-content\/uploads\/2016\/01\/6343640525_31501c02c5_o-150x150.jpg 150w, https:\/\/www.minerasancristobal.com\/v3\/es\/wp-content\/uploads\/2016\/01\/6343640525_31501c02c5_o-120x120.jpg 120w, https:\/\/www.minerasancristobal.com\/v3\/es\/wp-content\/uploads\/2016\/01\/6343640525_31501c02c5_o-80x80.jpg 80w\" sizes=\"auto, (max-width: 560px) 100vw, 560px\" \/><\/div><figcaption><\/figcaption><\/figure><\/a><\/div><div class=\"grve-isotope-item \"><a href=\"https:\/\/www.minerasancristobal.com\/v3\/es\/wp-content\/uploads\/2015\/12\/11.jpg\"><figure class=\"grve-image-hover grve-zoom-in\"><div class=\"grve-media grve-primary-1-overlay grve-opacity-40\"><img loading=\"lazy\" decoding=\"async\" width=\"560\" height=\"560\" src=\"https:\/\/www.minerasancristobal.com\/v3\/es\/wp-content\/uploads\/2015\/12\/11-560x560.jpg\" class=\"attachment-grve-image-small-square size-grve-image-small-square\" alt=\"\" srcset=\"https:\/\/www.minerasancristobal.com\/v3\/es\/wp-content\/uploads\/2015\/12\/11-560x560.jpg 560w, https:\/\/www.minerasancristobal.com\/v3\/es\/wp-content\/uploads\/2015\/12\/11-150x150.jpg 150w, https:\/\/www.minerasancristobal.com\/v3\/es\/wp-content\/uploads\/2015\/12\/11-120x120.jpg 120w, https:\/\/www.minerasancristobal.com\/v3\/es\/wp-content\/uploads\/2015\/12\/11-80x80.jpg 80w\" sizes=\"auto, (max-width: 560px) 100vw, 560px\" \/><\/div><figcaption><\/figcaption><\/figure><\/a><\/div><div class=\"grve-isotope-item \"><a href=\"https:\/\/www.minerasancristobal.com\/v3\/es\/wp-content\/uploads\/2015\/12\/corazo\u0301n6.jpg\"><figure class=\"grve-image-hover grve-zoom-in\"><div class=\"grve-media grve-primary-1-overlay grve-opacity-40\"><img loading=\"lazy\" decoding=\"async\" width=\"560\" height=\"560\" src=\"https:\/\/www.minerasancristobal.com\/v3\/es\/wp-content\/uploads\/2015\/12\/corazo\u0301n6-560x560.jpg\" class=\"attachment-grve-image-small-square size-grve-image-small-square\" alt=\"\" srcset=\"https:\/\/www.minerasancristobal.com\/v3\/es\/wp-content\/uploads\/2015\/12\/corazo\u0301n6-560x560.jpg 560w, https:\/\/www.minerasancristobal.com\/v3\/es\/wp-content\/uploads\/2015\/12\/corazo\u0301n6-150x150.jpg 150w, https:\/\/www.minerasancristobal.com\/v3\/es\/wp-content\/uploads\/2015\/12\/corazo\u0301n6-120x120.jpg 120w, https:\/\/www.minerasancristobal.com\/v3\/es\/wp-content\/uploads\/2015\/12\/corazo\u0301n6-80x80.jpg 80w\" sizes=\"auto, (max-width: 560px) 100vw, 560px\" \/><\/div><figcaption><\/figcaption><\/figure><\/a><\/div><div class=\"grve-isotope-item \"><a href=\"https:\/\/www.minerasancristobal.com\/v3\/es\/wp-content\/uploads\/2016\/01\/6343899031_b655ca8765_o.jpg\"><figure class=\"grve-image-hover grve-zoom-in\"><div class=\"grve-media grve-primary-1-overlay grve-opacity-40\"><img loading=\"lazy\" decoding=\"async\" width=\"560\" height=\"560\" src=\"https:\/\/www.minerasancristobal.com\/v3\/es\/wp-content\/uploads\/2016\/01\/6343899031_b655ca8765_o-560x560.jpg\" class=\"attachment-grve-image-small-square size-grve-image-small-square\" alt=\"\" srcset=\"https:\/\/www.minerasancristobal.com\/v3\/es\/wp-content\/uploads\/2016\/01\/6343899031_b655ca8765_o-560x560.jpg 560w, https:\/\/www.minerasancristobal.com\/v3\/es\/wp-content\/uploads\/2016\/01\/6343899031_b655ca8765_o-150x150.jpg 150w, https:\/\/www.minerasancristobal.com\/v3\/es\/wp-content\/uploads\/2016\/01\/6343899031_b655ca8765_o-120x120.jpg 120w, https:\/\/www.minerasancristobal.com\/v3\/es\/wp-content\/uploads\/2016\/01\/6343899031_b655ca8765_o-80x80.jpg 80w\" sizes=\"auto, (max-width: 560px) 100vw, 560px\" \/><\/div><figcaption><\/figcaption><\/figure><\/a><\/div><\/div><\/div>[vc_column_text]<strong>MSC<\/strong> recibi\u00f3 la certificaci\u00f3n <strong>ISO 45001<\/strong> a la gesti\u00f3n de la seguridad y salud en el trabajo. <a href=\"https:\/\/www.minerasancristobal.com\/v3\/es\/2024\/01\/17\/minera-san-cristobal-unica-empresa-minera-con-certificacion-de-empresa-saludable-en-la-gestion-2023\/\">Adicionalmente, es la \u00fanica empresa minera reconocida como empresa saludable en la gesti\u00f3n 2023.<\/a>[\/vc_column_text][\/vc_column][\/vc_row]<\/p>\n<\/section>","protected":false},"excerpt":{"rendered":"<p>[vc_row][vc_column][vc_column_text text_style=&#8221;leader-text&#8221;]Salud y Seguridad[\/vc_column_text][vc_column_text] MSC contempla como parte integral de su Pol\u00edtica de Gesti\u00f3n mejorar el estado de salud y calidad de vida de la poblaci\u00f3n bajo cobertura, para lo cual cuenta con un Sistema de Salud que integra: [\/vc_column_text][\/vc_column][\/vc_row][vc_row][vc_column][vc_column_text]La seguridad en la empresa, tambi\u00e9n \u00a0se integra a \u00a0las pol\u00edticas generales. La \u00a0misi\u00f3n de seguridad [&hellip;]<\/p>\n","protected":false},"author":1,"featured_media":0,"parent":4881,"menu_order":2,"comment_status":"closed","ping_status":"closed","template":"","meta":{"footnotes":""},"class_list":["post-4622","page","type-page","status-publish","hentry"],"_links":{"self":[{"href":"https:\/\/www.minerasancristobal.com\/v3\/es\/wp-json\/wp\/v2\/pages\/4622","targetHints":{"allow":["GET"]}}],"collection":[{"href":"https:\/\/www.minerasancristobal.com\/v3\/es\/wp-json\/wp\/v2\/pages"}],"about":[{"href":"https:\/\/www.minerasancristobal.com\/v3\/es\/wp-json\/wp\/v2\/types\/page"}],"author":[{"embeddable":true,"href":"https:\/\/www.minerasancristobal.com\/v3\/es\/wp-json\/wp\/v2\/users\/1"}],"replies":[{"embeddable":true,"href":"https:\/\/www.minerasancristobal.com\/v3\/es\/wp-json\/wp\/v2\/comments?post=4622"}],"version-history":[{"count":10,"href":"https:\/\/www.minerasancristobal.com\/v3\/es\/wp-json\/wp\/v2\/pages\/4622\/revisions"}],"predecessor-version":[{"id":6686,"href":"https:\/\/www.minerasancristobal.com\/v3\/es\/wp-json\/wp\/v2\/pages\/4622\/revisions\/6686"}],"up":[{"embeddable":true,"href":"https:\/\/www.minerasancristobal.com\/v3\/es\/wp-json\/wp\/v2\/pages\/4881"}],"wp:attachment":[{"href":"https:\/\/www.minerasancristobal.com\/v3\/es\/wp-json\/wp\/v2\/media?parent=4622"}],"curies":[{"name":"wp","href":"https:\/\/api.w.org\/{rel}","templated":true}]}}