{"id":4634,"date":"2016-01-06T23:50:15","date_gmt":"2016-01-06T23:50:15","guid":{"rendered":"http:\/\/www.minerasancristobal.com\/v3\/es\/?page_id=4634"},"modified":"2016-09-03T17:11:43","modified_gmt":"2016-09-03T17:11:43","slug":"comite-de-salud-y-seguridad","status":"publish","type":"page","link":"https:\/\/www.minerasancristobal.com\/v3\/es\/inicio\/nuestra-gente-salud-seguridad\/salud-y-seguridad\/comite-de-salud-y-seguridad\/","title":{"rendered":"Comit\u00e9 de Salud y Seguridad"},"content":{"rendered":"<section class=\"wpb-content-wrapper\"><p>[vc_row][vc_column][vc_column_text text_style=&#8221;leader-text&#8221;]Comit\u00e9 de Salud y Seguridad[\/vc_column_text][vc_column_text]Contar con una Comisi\u00f3n Mixta de Seguridad en el Trabajo es obligatorio para todas las empresas en Bolivia; el alcance y las actividades de estas comisiones est\u00e1n enmarcadas en la legislaci\u00f3n boliviana, espec\u00edficamente dentro de la ley de Salud Ocupacional, Seguridad y Bienestar Social.<\/p>\n<p>En este sentido, <strong>MSC<\/strong> va m\u00e1s all\u00e1 de los requisitos y obligaciones de la legislaci\u00f3n vigente:<\/p>\n<p>La empresa fomenta la participaci\u00f3n, actividades, y promueve continuamente la atenci\u00f3n y el trabajo seguro de nuestro personal.<\/p>\n<p>El Comit\u00e9 Mixto de Higiene, Seguridad Ocupacional y Bienestar de <strong>MSC<\/strong> representa el 100% de nuestros trabajadores y empleados. El objetivo del Comit\u00e9 es supervisar y ayudar en la aplicaci\u00f3n de medidas para prevenir los riesgos laborales, buscando \u00a0mejorar las pr\u00e1cticas con el fin de proteger a los trabajadores y su seguridad, encarg\u00e1ndose de:[\/vc_column_text]<div class=\"grve-element grve-list grve-list-angle-double-right \" style=\"\"><ul>\n<li>Cumplir y hacer cumplir en la empresa la Ley General de Higiene, Seguridad Ocupacional y Bienestar, normas vigentes en la materia, as\u00ed como tambi\u00e9n las disposiciones t\u00e9cnicas del Comit\u00e9 Mixto.<\/li>\n<li>Informarse permanentemente sobre las condiciones de los ambientes de trabajo, el funcionamiento y conservaci\u00f3n de la maquinaria, equipo e implementos de protecci\u00f3n personal y otros referentes a la Higiene, Seguridad Ocupacional y Bienestar en el trabajo.<\/li>\n<li>Conocer y analizar las causas de los accidentes de trabajo y enfermedades profesionales que ocurran en la empresa, proponiendo posibles soluciones t\u00e9cnicas.<\/li>\n<li>Controlar y evaluar el registro documentario y la presentaci\u00f3n de denuncias de los accidentes y enfermedades de trabajo.<\/li>\n<li>Velar que todos los trabajadores reciban instrucci\u00f3n y orientaci\u00f3n adecuadas en el campo de Higiene y Seguridad Ocupacional, impulsando actividades de difusi\u00f3n y formaci\u00f3n para mantener el inter\u00e9s de los trabajadores.<\/li>\n<li>Otras actividades administrativas.<\/li>\n<\/ul>\n<\/div>[\/vc_column][\/vc_row]<\/p>\n<\/section>","protected":false},"excerpt":{"rendered":"<p>[vc_row][vc_column][vc_column_text text_style=&#8221;leader-text&#8221;]Comit\u00e9 de Salud y Seguridad[\/vc_column_text][vc_column_text]Contar con una Comisi\u00f3n Mixta de Seguridad en el Trabajo es obligatorio para todas las empresas en Bolivia; el alcance y las actividades de estas comisiones est\u00e1n enmarcadas en la legislaci\u00f3n boliviana, espec\u00edficamente dentro de la ley de Salud Ocupacional, Seguridad y Bienestar Social. En este sentido, MSC va m\u00e1s [&hellip;]<\/p>\n","protected":false},"author":1,"featured_media":0,"parent":4622,"menu_order":1,"comment_status":"closed","ping_status":"closed","template":"","meta":{"footnotes":""},"class_list":["post-4634","page","type-page","status-publish","hentry"],"_links":{"self":[{"href":"https:\/\/www.minerasancristobal.com\/v3\/es\/wp-json\/wp\/v2\/pages\/4634","targetHints":{"allow":["GET"]}}],"collection":[{"href":"https:\/\/www.minerasancristobal.com\/v3\/es\/wp-json\/wp\/v2\/pages"}],"about":[{"href":"https:\/\/www.minerasancristobal.com\/v3\/es\/wp-json\/wp\/v2\/types\/page"}],"author":[{"embeddable":true,"href":"https:\/\/www.minerasancristobal.com\/v3\/es\/wp-json\/wp\/v2\/users\/1"}],"replies":[{"embeddable":true,"href":"https:\/\/www.minerasancristobal.com\/v3\/es\/wp-json\/wp\/v2\/comments?post=4634"}],"version-history":[{"count":3,"href":"https:\/\/www.minerasancristobal.com\/v3\/es\/wp-json\/wp\/v2\/pages\/4634\/revisions"}],"predecessor-version":[{"id":4970,"href":"https:\/\/www.minerasancristobal.com\/v3\/es\/wp-json\/wp\/v2\/pages\/4634\/revisions\/4970"}],"up":[{"embeddable":true,"href":"https:\/\/www.minerasancristobal.com\/v3\/es\/wp-json\/wp\/v2\/pages\/4622"}],"wp:attachment":[{"href":"https:\/\/www.minerasancristobal.com\/v3\/es\/wp-json\/wp\/v2\/media?parent=4634"}],"curies":[{"name":"wp","href":"https:\/\/api.w.org\/{rel}","templated":true}]}}