{"id":4636,"date":"2016-01-06T23:59:52","date_gmt":"2016-01-06T23:59:52","guid":{"rendered":"http:\/\/www.minerasancristobal.com\/v3\/es\/?page_id=4636"},"modified":"2025-09-26T12:30:17","modified_gmt":"2025-09-26T12:30:17","slug":"compromiso-ambiental","status":"publish","type":"page","link":"https:\/\/www.minerasancristobal.com\/v3\/es\/inicio\/desarrollo-sostenible\/compromiso-ambiental\/","title":{"rendered":"Compromiso Ambiental"},"content":{"rendered":"<section class=\"wpb-content-wrapper\"><p>[vc_row][vc_column][vc_column_text text_style=&#8221;leader-text&#8221;]Compromiso Ambiental[\/vc_column_text][vc_column_text]<strong>Minera San Crist\u00f3bal<\/strong> es una empresa minera que cumple con una gesti\u00f3n medioambiental responsable.\u00a0 Sus operaciones se basan en el respeto al ecosistema a trav\u00e9s del uso racional eficiente y sostenible de los recursos naturales.<\/p>\n<p>Sus operaciones se desarrollan en el marco de su pol\u00edtica de respeto al medio ambiente a trav\u00e9s del uso racional, eficiente y sostenible de los recursos naturales.\u00a0 En este prop\u00f3sito, la empresa\u00a0 identifica, eval\u00faa y maneja los riesgos, previene la contaminaci\u00f3n y mitiga impactos negativos sobre el medio ambiente.<\/p>\n<p>Una muestra clara del compromiso que tiene <strong>MSC<\/strong> con el medio ambiente es, sin duda, el DOMO, una infraestructura de 140 metros de di\u00e1metro que cubre la pila de acopio (stockpile) de mineral y reduce en gran medida la dispersi\u00f3n del polvo que se origina en la zona, caracterizada por fuertes corrientes de vientos.\u00a0 Con una inversi\u00f3n de m\u00e1s de 10 millones de d\u00f3lares el DOMO es la estructura m\u00e1s grande de Sudam\u00e9rica \u2013 por sus dimensiones \u2013 y la primera de este tipo en Bolivia.[\/vc_column_text]<div class=\"grve-element grve-video\" style=\"\"><iframe loading=\"lazy\" title=\"RESPONSABILIDAD AMBIENTAL\" width=\"1080\" height=\"608\" src=\"https:\/\/www.youtube.com\/embed\/ZYJ_5oClZcA?feature=oembed\" frameborder=\"0\" allow=\"accelerometer; autoplay; clipboard-write; encrypted-media; gyroscope; picture-in-picture; web-share\" referrerpolicy=\"strict-origin-when-cross-origin\" allowfullscreen><\/iframe><\/div>[\/vc_column][\/vc_row][vc_row][vc_column][vc_column_text]La responsabilidad medioambiental es parte integral en todos los procesos operativos de <strong>Minera San Crist\u00f3bal<\/strong> y busca principalmente:[\/vc_column_text]<div class=\"grve-element grve-list grve-list-angle-double-right \" style=\"\"><ul>\n<li>Ejecutar el proyecto en el marco del desarrollo sostenible.<\/li>\n<li>Prevenir la contaminaci\u00f3n.<\/li>\n<li>Cumplir con la normativa ambiental nacional y las directrices internacionales.<\/li>\n<li>Mejorar continuamente el desempe\u00f1o ambiental.<\/li>\n<li>Comunicar abierta y oportunamente a las partes interesadas aspectos de la tem\u00e1tica ambiental del proyecto.<\/li>\n<\/ul>\n<\/div>[vc_column_text]Desde el a\u00f1o 2010, <strong>MSC<\/strong> cuenta con una triple certificaci\u00f3n con normas de calidad, salud, seguridad y medio ambiente, entre las que se destaca la aplicaci\u00f3n de la norma ISO 14001, est\u00e1ndar globalmente reconocido que est\u00e1 orientado al cuidado ambiental. Por lo tanto esta certificaci\u00f3n refleja que la empresa trabaja de manera constante y firme en la implementaci\u00f3n de un sistema de gesti\u00f3n medioambiental eficiente.[\/vc_column_text]<div class=\"grve-element grve-gallery grve-isotope grve-gallery-popup\" style=\"\" data-gutter=\"yes\" data-type=\"3-columns\" data-layout=\"fitRows\"><div class=\"grve-isotope-container\"><div class=\"grve-isotope-item \"><a href=\"https:\/\/www.minerasancristobal.com\/v3\/es\/wp-content\/uploads\/2016\/01\/6343723071_9a0775c13a_o.jpg\"><figure class=\"grve-image-hover grve-zoom-in\"><div class=\"grve-media grve-primary-1-overlay grve-opacity-40\"><img loading=\"lazy\" decoding=\"async\" width=\"560\" height=\"560\" src=\"https:\/\/www.minerasancristobal.com\/v3\/es\/wp-content\/uploads\/2016\/01\/6343723071_9a0775c13a_o-560x560.jpg\" class=\"attachment-grve-image-small-square size-grve-image-small-square\" alt=\"\" srcset=\"https:\/\/www.minerasancristobal.com\/v3\/es\/wp-content\/uploads\/2016\/01\/6343723071_9a0775c13a_o-560x560.jpg 560w, https:\/\/www.minerasancristobal.com\/v3\/es\/wp-content\/uploads\/2016\/01\/6343723071_9a0775c13a_o-150x150.jpg 150w, https:\/\/www.minerasancristobal.com\/v3\/es\/wp-content\/uploads\/2016\/01\/6343723071_9a0775c13a_o-120x120.jpg 120w, https:\/\/www.minerasancristobal.com\/v3\/es\/wp-content\/uploads\/2016\/01\/6343723071_9a0775c13a_o-80x80.jpg 80w\" sizes=\"auto, (max-width: 560px) 100vw, 560px\" \/><\/div><figcaption><\/figcaption><\/figure><\/a><\/div><div class=\"grve-isotope-item \"><a href=\"https:\/\/www.minerasancristobal.com\/v3\/es\/wp-content\/uploads\/2016\/01\/6343722903_468e9e5a2f_o.jpg\"><figure class=\"grve-image-hover grve-zoom-in\"><div class=\"grve-media grve-primary-1-overlay grve-opacity-40\"><img loading=\"lazy\" decoding=\"async\" width=\"560\" height=\"560\" src=\"https:\/\/www.minerasancristobal.com\/v3\/es\/wp-content\/uploads\/2016\/01\/6343722903_468e9e5a2f_o-560x560.jpg\" class=\"attachment-grve-image-small-square size-grve-image-small-square\" alt=\"\" srcset=\"https:\/\/www.minerasancristobal.com\/v3\/es\/wp-content\/uploads\/2016\/01\/6343722903_468e9e5a2f_o-560x560.jpg 560w, https:\/\/www.minerasancristobal.com\/v3\/es\/wp-content\/uploads\/2016\/01\/6343722903_468e9e5a2f_o-150x150.jpg 150w, https:\/\/www.minerasancristobal.com\/v3\/es\/wp-content\/uploads\/2016\/01\/6343722903_468e9e5a2f_o-120x120.jpg 120w, https:\/\/www.minerasancristobal.com\/v3\/es\/wp-content\/uploads\/2016\/01\/6343722903_468e9e5a2f_o-80x80.jpg 80w\" sizes=\"auto, (max-width: 560px) 100vw, 560px\" \/><\/div><figcaption><\/figcaption><\/figure><\/a><\/div><div class=\"grve-isotope-item \"><a href=\"https:\/\/www.minerasancristobal.com\/v3\/es\/wp-content\/uploads\/2016\/01\/6343722645_6b1b846965_o.jpg\"><figure class=\"grve-image-hover grve-zoom-in\"><div class=\"grve-media grve-primary-1-overlay grve-opacity-40\"><img loading=\"lazy\" decoding=\"async\" width=\"560\" height=\"560\" src=\"https:\/\/www.minerasancristobal.com\/v3\/es\/wp-content\/uploads\/2016\/01\/6343722645_6b1b846965_o-560x560.jpg\" class=\"attachment-grve-image-small-square size-grve-image-small-square\" alt=\"\" srcset=\"https:\/\/www.minerasancristobal.com\/v3\/es\/wp-content\/uploads\/2016\/01\/6343722645_6b1b846965_o-560x560.jpg 560w, https:\/\/www.minerasancristobal.com\/v3\/es\/wp-content\/uploads\/2016\/01\/6343722645_6b1b846965_o-150x150.jpg 150w, https:\/\/www.minerasancristobal.com\/v3\/es\/wp-content\/uploads\/2016\/01\/6343722645_6b1b846965_o-120x120.jpg 120w, https:\/\/www.minerasancristobal.com\/v3\/es\/wp-content\/uploads\/2016\/01\/6343722645_6b1b846965_o-80x80.jpg 80w\" sizes=\"auto, (max-width: 560px) 100vw, 560px\" \/><\/div><figcaption><\/figcaption><\/figure><\/a><\/div><div class=\"grve-isotope-item \"><a href=\"https:\/\/www.minerasancristobal.com\/v3\/es\/wp-content\/uploads\/2016\/01\/6344471576_7bacc69220_o.jpg\"><figure class=\"grve-image-hover grve-zoom-in\"><div class=\"grve-media grve-primary-1-overlay grve-opacity-40\"><img loading=\"lazy\" decoding=\"async\" width=\"560\" height=\"560\" src=\"https:\/\/www.minerasancristobal.com\/v3\/es\/wp-content\/uploads\/2016\/01\/6344471576_7bacc69220_o-560x560.jpg\" class=\"attachment-grve-image-small-square size-grve-image-small-square\" alt=\"\" srcset=\"https:\/\/www.minerasancristobal.com\/v3\/es\/wp-content\/uploads\/2016\/01\/6344471576_7bacc69220_o-560x560.jpg 560w, https:\/\/www.minerasancristobal.com\/v3\/es\/wp-content\/uploads\/2016\/01\/6344471576_7bacc69220_o-150x150.jpg 150w, https:\/\/www.minerasancristobal.com\/v3\/es\/wp-content\/uploads\/2016\/01\/6344471576_7bacc69220_o-120x120.jpg 120w, https:\/\/www.minerasancristobal.com\/v3\/es\/wp-content\/uploads\/2016\/01\/6344471576_7bacc69220_o-80x80.jpg 80w\" sizes=\"auto, (max-width: 560px) 100vw, 560px\" \/><\/div><figcaption><\/figcaption><\/figure><\/a><\/div><div class=\"grve-isotope-item \"><a href=\"https:\/\/www.minerasancristobal.com\/v3\/es\/wp-content\/uploads\/2016\/01\/6343722793_0b3a454cd0_o.jpg\"><figure class=\"grve-image-hover grve-zoom-in\"><div class=\"grve-media grve-primary-1-overlay grve-opacity-40\"><img loading=\"lazy\" decoding=\"async\" width=\"560\" height=\"560\" src=\"https:\/\/www.minerasancristobal.com\/v3\/es\/wp-content\/uploads\/2016\/01\/6343722793_0b3a454cd0_o-560x560.jpg\" class=\"attachment-grve-image-small-square size-grve-image-small-square\" alt=\"\" srcset=\"https:\/\/www.minerasancristobal.com\/v3\/es\/wp-content\/uploads\/2016\/01\/6343722793_0b3a454cd0_o-560x560.jpg 560w, https:\/\/www.minerasancristobal.com\/v3\/es\/wp-content\/uploads\/2016\/01\/6343722793_0b3a454cd0_o-150x150.jpg 150w, https:\/\/www.minerasancristobal.com\/v3\/es\/wp-content\/uploads\/2016\/01\/6343722793_0b3a454cd0_o-120x120.jpg 120w, https:\/\/www.minerasancristobal.com\/v3\/es\/wp-content\/uploads\/2016\/01\/6343722793_0b3a454cd0_o-80x80.jpg 80w\" sizes=\"auto, (max-width: 560px) 100vw, 560px\" \/><\/div><figcaption><\/figcaption><\/figure><\/a><\/div><div class=\"grve-isotope-item \"><a href=\"https:\/\/www.minerasancristobal.com\/v3\/es\/wp-content\/uploads\/2016\/01\/6344471166_b6a604b8c6_o.jpg\"><figure class=\"grve-image-hover grve-zoom-in\"><div class=\"grve-media grve-primary-1-overlay grve-opacity-40\"><img loading=\"lazy\" decoding=\"async\" width=\"560\" height=\"560\" src=\"https:\/\/www.minerasancristobal.com\/v3\/es\/wp-content\/uploads\/2016\/01\/6344471166_b6a604b8c6_o-560x560.jpg\" class=\"attachment-grve-image-small-square size-grve-image-small-square\" alt=\"\" srcset=\"https:\/\/www.minerasancristobal.com\/v3\/es\/wp-content\/uploads\/2016\/01\/6344471166_b6a604b8c6_o-560x560.jpg 560w, https:\/\/www.minerasancristobal.com\/v3\/es\/wp-content\/uploads\/2016\/01\/6344471166_b6a604b8c6_o-150x150.jpg 150w, https:\/\/www.minerasancristobal.com\/v3\/es\/wp-content\/uploads\/2016\/01\/6344471166_b6a604b8c6_o-120x120.jpg 120w, https:\/\/www.minerasancristobal.com\/v3\/es\/wp-content\/uploads\/2016\/01\/6344471166_b6a604b8c6_o-80x80.jpg 80w\" sizes=\"auto, (max-width: 560px) 100vw, 560px\" \/><\/div><figcaption><\/figcaption><\/figure><\/a><\/div><\/div><\/div>[\/vc_column][\/vc_row]<\/p>\n<\/section>","protected":false},"excerpt":{"rendered":"<p>[vc_row][vc_column][vc_column_text text_style=&#8221;leader-text&#8221;]Compromiso Ambiental[\/vc_column_text][vc_column_text]Minera San Crist\u00f3bal es una empresa minera que cumple con una gesti\u00f3n medioambiental responsable.\u00a0 Sus operaciones se basan en el respeto al ecosistema a trav\u00e9s del uso racional eficiente y sostenible de los recursos naturales. Sus operaciones se desarrollan en el marco de su pol\u00edtica de respeto al medio ambiente a trav\u00e9s del [&hellip;]<\/p>\n","protected":false},"author":1,"featured_media":0,"parent":4609,"menu_order":3,"comment_status":"closed","ping_status":"closed","template":"","meta":{"footnotes":""},"class_list":["post-4636","page","type-page","status-publish","hentry"],"_links":{"self":[{"href":"https:\/\/www.minerasancristobal.com\/v3\/es\/wp-json\/wp\/v2\/pages\/4636","targetHints":{"allow":["GET"]}}],"collection":[{"href":"https:\/\/www.minerasancristobal.com\/v3\/es\/wp-json\/wp\/v2\/pages"}],"about":[{"href":"https:\/\/www.minerasancristobal.com\/v3\/es\/wp-json\/wp\/v2\/types\/page"}],"author":[{"embeddable":true,"href":"https:\/\/www.minerasancristobal.com\/v3\/es\/wp-json\/wp\/v2\/users\/1"}],"replies":[{"embeddable":true,"href":"https:\/\/www.minerasancristobal.com\/v3\/es\/wp-json\/wp\/v2\/comments?post=4636"}],"version-history":[{"count":6,"href":"https:\/\/www.minerasancristobal.com\/v3\/es\/wp-json\/wp\/v2\/pages\/4636\/revisions"}],"predecessor-version":[{"id":7020,"href":"https:\/\/www.minerasancristobal.com\/v3\/es\/wp-json\/wp\/v2\/pages\/4636\/revisions\/7020"}],"up":[{"embeddable":true,"href":"https:\/\/www.minerasancristobal.com\/v3\/es\/wp-json\/wp\/v2\/pages\/4609"}],"wp:attachment":[{"href":"https:\/\/www.minerasancristobal.com\/v3\/es\/wp-json\/wp\/v2\/media?parent=4636"}],"curies":[{"name":"wp","href":"https:\/\/api.w.org\/{rel}","templated":true}]}}