{"id":4675,"date":"2016-01-07T15:38:36","date_gmt":"2016-01-07T15:38:36","guid":{"rendered":"http:\/\/www.minerasancristobal.com\/v3\/es\/?page_id=4675"},"modified":"2018-05-28T20:53:39","modified_gmt":"2018-05-28T20:53:39","slug":"licitaciones-publicas","status":"publish","type":"page","link":"https:\/\/www.minerasancristobal.com\/v3\/es\/inicio\/proveedores\/licitaciones-publicas\/","title":{"rendered":"Licitaciones p\u00fablicas"},"content":{"rendered":"<section class=\"wpb-content-wrapper\"><p>[vc_row][vc_column][vc_column_text]<strong>Ref: Solicitud de Cotizaciones SC 17000587\/2018 <\/strong>Estudio Socio Econ\u00f3mico Productivo Ambiental de Adaptaci\u00f3n a los Cambios\/Resiliencia en Comunidades del \u00c1rea de Influencia Directa de Minera San Cristobal<\/p>\n<p>Fecha de Publicaci\u00f3n: 27 de mayo de 2018 (Prensa)<\/p>\n<p>Fecha de Publicaci\u00f3n: 28 de mayo de 2018 (Pliego en P\u00e1gina Web)<\/p>\n<p>Fecha de Presentaci\u00f3n de Propuestas: 15 de junio de 2018<\/p>\n<p>Consultas Escritas: Hasta el 1 de junio de 2018 al correo contratos@minerasancristobal.com<\/p>\n<p><a href=\"http:\/\/www.minerasancristobal.com\/v3\/es\/wp-content\/uploads\/2018\/05\/SC-17000587-2018-ESTUDIO-SOCIO-ECONOMICO-RESILIENCIA-Pliego.pdf\">SC &#8211; 17000587 &#8211; 2018 ESTUDIO SOCIO ECONOMICO RESILIENCIA Pliego<\/a><\/p>\n<p><a href=\"http:\/\/www.minerasancristobal.com\/v3\/es\/wp-content\/uploads\/2018\/05\/Fomulario-1.docx\">Fomulario 1<\/a><\/p>\n<p><a href=\"http:\/\/www.minerasancristobal.com\/v3\/es\/wp-content\/uploads\/2018\/05\/Formulario-2.xlsx\">Formulario 2<\/a><\/p>\n<p><a href=\"http:\/\/www.minerasancristobal.com\/v3\/es\/wp-content\/uploads\/2018\/05\/INSTRUCTIVO-LLENADO-FORM-2.pdf\">INSTRUCTIVO LLENADO FORM 2<\/a><\/p>\n<p><a href=\"http:\/\/www.minerasancristobal.com\/v3\/es\/wp-content\/uploads\/2018\/05\/Formularios-10-11-12-15.docx\">Formularios 10 &#8211; 11 &#8211; 12- 15<\/a><\/p>\n<p><a href=\"http:\/\/www.minerasancristobal.com\/v3\/es\/wp-content\/uploads\/2018\/05\/Formulario-20-Presupuesto.xlsx\">Formulario 20 Presupuesto<\/a>[\/vc_column_text][\/vc_column][\/vc_row][vc_row margin_bottom=&#8221;60px&#8221;][vc_column][vc_column_text]<strong>Ref: SOLICITUD DE COTIZACIONES MSC 17000016\/2017 RESERVAS Y COORDINACION DE VIAJES A\u00c9REOS Y OTROS RELACIONADOS BAJO LA MODALIDAD EXPLANT<\/strong><\/p>\n<p>Fecha de Publicaci\u00f3n: 5 de noviembre de 2017 (Prensa)<\/p>\n<p>Fecha de Publicacion: 6 de noviembre de 2017 (Pliego en Pagina Web)<\/p>\n<p>Fecha de Presentaci\u00f3n de Propuestas: 24 de noviembre de 2017<\/p>\n<p>Consultas escritas: hasta el 10-11-2017 al correo contratos@minerasancristobal.com<\/p>\n<p><a href=\"http:\/\/www.minerasancristobal.com\/v3\/es\/wp-content\/uploads\/2016\/01\/Formulario-2.xlsx\">\u00a0<\/a><\/p>\n<p><a href=\"http:\/\/www.minerasancristobal.com\/v3\/es\/wp-content\/uploads\/2016\/01\/Coordinacion-de-Viajes-Aereos-Pliego.pdf\">Coordinacion de Viajes Aereos Pliego<\/a><\/p>\n<p><a href=\"http:\/\/www.minerasancristobal.com\/v3\/es\/wp-content\/uploads\/2016\/01\/Fomulario-1-1.docx\">Fomulario 1<\/a><\/p>\n<p><a href=\"http:\/\/www.minerasancristobal.com\/v3\/es\/wp-content\/uploads\/2016\/01\/Formulario-2.xlsx\">Formulario 2\u00a0\u00a0\u00a0<\/a><\/p>\n<p><a href=\"http:\/\/www.minerasancristobal.com\/v3\/es\/wp-content\/uploads\/2016\/01\/GUIA-PARA-LLENADO-FORMULARIO-2.pdf\">GUIA PARA LLENADO &#8211; FORMULARIO 2<\/a><\/p>\n<p><a href=\"http:\/\/www.minerasancristobal.com\/v3\/es\/wp-content\/uploads\/2016\/01\/Formularios-10-11-12-15-1.docx\">Formularios 10 &#8211; 11 &#8211; 12 &#8211; 15<\/a><\/p>\n<p><a href=\"http:\/\/www.minerasancristobal.com\/v3\/es\/wp-content\/uploads\/2016\/01\/Formulario-20-Presupuesto-1.xlsx\">Formulario 20 Presupuesto<\/a><\/p>\n<p>[\/vc_column_text][vc_column_text text_style=&#8221;leader-text&#8221;]Licitaciones p\u00fablicas[\/vc_column_text][vc_column_text]<strong>Ref: SOLICITUD DE COTIZACIONES MSC-15000014\u00a0ESTUDIO DE LINEAS BASE SOCIOECONOMICAS DE LAS COMUNIDADES DE SAN CRISTOBAL, CULPINA K Y VILA VILA<\/strong><\/p>\n<p>Fecha de Publicaci\u00f3n: 18 de Octubre\u00a0de 2015 (Prensa)<\/p>\n<p>Fecha de Publicaci\u00f3n: 19 de Octubre\u00a0de 2015 (Disposici\u00f3n de Pliego en pagina web)<\/p>\n<p>Fecha de Presentacion de Propuestas: 29 de Octubre de 2015<\/p>\n<p>Consultas escritas: hasta 21\/10\/15 al correo <a href=\"mailto:contratos@minerasancristobal.com\">contratos@minerasancristobal.com<\/a> Incluir referencia\/subject de email los caracteres: <strong>MSC15000014<\/strong><\/p>\n<p><a href=\"http:\/\/www.minerasancristobal.com\/v3\/es\/wp-content\/uploads\/2016\/01\/SC-15000014-2015-ESTUDIO-LINEAS-BASE-SOCIOECONOMICAS-PLIEGO-DE-CONDICIONES-Y-ANEXOS1.pdf\" rel=\"\">SC-15000014-2015-ESTUDIO-LINEAS-BASE-SOCIOECONOMICAS-PLIEGO-DE-CONDICIONES-Y-ANEXOS1<\/a><\/p>\n<p><a href=\"http:\/\/www.minerasancristobal.com\/v3\/es\/wp-content\/uploads\/2016\/01\/Fomulario-12.docx\" rel=\"\">Fomulario-1<\/a><\/p>\n<p><a href=\"http:\/\/www.minerasancristobal.com\/v3\/es\/wp-content\/uploads\/2016\/01\/Formulario-2.xlsm\" rel=\"\">Formulario-2<\/a><\/p>\n<p><a href=\"http:\/\/www.minerasancristobal.com\/v3\/es\/wp-content\/uploads\/2016\/01\/Formularios-10-11-12-15.docx\" rel=\"\">Formularios-10-11-12-15<\/a><\/p>\n<p><a href=\"http:\/\/www.minerasancristobal.com\/v3\/es\/wp-content\/uploads\/2016\/01\/Formulario-20-Presupuesto.xlsx\" rel=\"\">Formulario-20-Presupuesto<\/a>[\/vc_column_text][vc_column_text]<strong>Ref: SOLICITUD DE COTIZACIONES MSC-15000014\u00a0ESTUDIO DE LINEAS BASE SOCIOECONOMICAS DE LAS COMUNIDADES DE SAN CRISTOBAL, CULPINA K Y VILA VILA<\/strong><\/p>\n<p>Fecha de Publicaci\u00f3n: 18 de Octubre\u00a0de 2015 (Prensa)<\/p>\n<p>Fecha de Publicaci\u00f3n: 19 de Octubre\u00a0de 2015 (Disposici\u00f3n de Pliego en pagina web)<\/p>\n<p>Fecha de Presentacion de Propuestas: 29 de Octubre de 2015<\/p>\n<p>Consultas escritas: hasta 21\/10\/15 al correo <a href=\"mailto:contratos@minerasancristobal.com\">contratos@minerasancristobal.com<\/a> Incluir referencia\/subject de email los caracteres: <strong>MSC15000014<\/strong><\/p>\n<p><a href=\"http:\/\/www.minerasancristobal.com\/v3\/es\/wp-content\/uploads\/2016\/01\/SC-15000014-2015-ESTUDIO-LINEAS-BASE-SOCIOECONOMICAS-PLIEGO-DE-CONDICIONES-Y-ANEXOS1.pdf\" rel=\"\">SC-15000014-2015-ESTUDIO-LINEAS-BASE-SOCIOECONOMICAS-PLIEGO-DE-CONDICIONES-Y-ANEXOS1<\/a><\/p>\n<p><a href=\"http:\/\/www.minerasancristobal.com\/v3\/es\/wp-content\/uploads\/2016\/01\/Fomulario-12.docx\" rel=\"\">Fomulario-1<\/a><\/p>\n<p><a href=\"http:\/\/www.minerasancristobal.com\/v3\/es\/wp-content\/uploads\/2016\/01\/Formulario-2.xlsm\" rel=\"\">Formulario-2<\/a><\/p>\n<p><a href=\"http:\/\/www.minerasancristobal.com\/v3\/es\/wp-content\/uploads\/2016\/01\/Formularios-10-11-12-15.docx\" rel=\"\">Formularios-10-11-12-15<\/a><\/p>\n<p><a href=\"http:\/\/www.minerasancristobal.com\/v3\/es\/wp-content\/uploads\/2016\/01\/Formulario-20-Presupuesto.xlsx\" rel=\"\">Formulario-20-Presupuesto<\/a>[\/vc_column_text][\/vc_column][\/vc_row]<\/p>\n<\/section>","protected":false},"excerpt":{"rendered":"<p>[vc_row][vc_column][vc_column_text]Ref: Solicitud de Cotizaciones SC 17000587\/2018 Estudio Socio Econ\u00f3mico Productivo Ambiental de Adaptaci\u00f3n a los Cambios\/Resiliencia en Comunidades del \u00c1rea de Influencia Directa de Minera San Cristobal Fecha de Publicaci\u00f3n: 27 de mayo de 2018 (Prensa) Fecha de Publicaci\u00f3n: 28 de mayo de 2018 (Pliego en P\u00e1gina Web) Fecha de Presentaci\u00f3n de Propuestas: 15 de [&hellip;]<\/p>\n","protected":false},"author":5,"featured_media":0,"parent":4645,"menu_order":4,"comment_status":"closed","ping_status":"closed","template":"","meta":{"footnotes":""},"class_list":["post-4675","page","type-page","status-publish","hentry"],"_links":{"self":[{"href":"https:\/\/www.minerasancristobal.com\/v3\/es\/wp-json\/wp\/v2\/pages\/4675","targetHints":{"allow":["GET"]}}],"collection":[{"href":"https:\/\/www.minerasancristobal.com\/v3\/es\/wp-json\/wp\/v2\/pages"}],"about":[{"href":"https:\/\/www.minerasancristobal.com\/v3\/es\/wp-json\/wp\/v2\/types\/page"}],"author":[{"embeddable":true,"href":"https:\/\/www.minerasancristobal.com\/v3\/es\/wp-json\/wp\/v2\/users\/5"}],"replies":[{"embeddable":true,"href":"https:\/\/www.minerasancristobal.com\/v3\/es\/wp-json\/wp\/v2\/comments?post=4675"}],"version-history":[{"count":8,"href":"https:\/\/www.minerasancristobal.com\/v3\/es\/wp-json\/wp\/v2\/pages\/4675\/revisions"}],"predecessor-version":[{"id":5604,"href":"https:\/\/www.minerasancristobal.com\/v3\/es\/wp-json\/wp\/v2\/pages\/4675\/revisions\/5604"}],"up":[{"embeddable":true,"href":"https:\/\/www.minerasancristobal.com\/v3\/es\/wp-json\/wp\/v2\/pages\/4645"}],"wp:attachment":[{"href":"https:\/\/www.minerasancristobal.com\/v3\/es\/wp-json\/wp\/v2\/media?parent=4675"}],"curies":[{"name":"wp","href":"https:\/\/api.w.org\/{rel}","templated":true}]}}