{"id":4682,"date":"2016-01-07T15:41:38","date_gmt":"2016-01-07T15:41:38","guid":{"rendered":"http:\/\/www.minerasancristobal.com\/v3\/es\/?page_id=4682"},"modified":"2016-09-03T16:18:47","modified_gmt":"2016-09-03T16:18:47","slug":"plazos-de-pago","status":"publish","type":"page","link":"https:\/\/www.minerasancristobal.com\/v3\/es\/inicio\/proveedores\/plazos-de-pago\/","title":{"rendered":"Plazos de pago"},"content":{"rendered":"<section class=\"wpb-content-wrapper\"><p>[vc_row margin_bottom=&#8221;60px&#8221;][vc_column][vc_column_text text_style=&#8221;leader-text&#8221;]Plazos de pago[\/vc_column_text][vc_column_text]<\/p>\n<table style=\"border-collapse: &lt;br \/&gt; collapse; table-layout: fixed; width: 100%;\" border=\"0\" width=\"100%\" cellspacing=\"0\" cellpadding=\"0\">\n<tbody>\n<tr>\n<td style=\"text-align: center;\" colspan=\"4\">Proceso hasta pago<\/td>\n<\/tr>\n<tr style=\"background-color: #c5cdd3; color: #3e5159; font-weight: bold;\">\n<td>Concepto<\/td>\n<td>Horas<\/td>\n<td>D\u00edas<\/td>\n<td>Comentarios<\/td>\n<\/tr>\n<tr>\n<td>Agencias Aduaneras<\/td>\n<td>24<\/td>\n<td>1<\/td>\n<td>Tr\u00e1mite normal<\/td>\n<\/tr>\n<tr style=\"background-color: #f2f2f2;\">\n<td>Urgentes<\/td>\n<td>48<\/td>\n<td>2<\/td>\n<td>Tr\u00e1mite de excepci\u00f3n debe ser coordinado a trav\u00e9s de<br \/>\nsupervisi\u00f3n<\/td>\n<\/tr>\n<tr>\n<td>Entregas con Cargo a Rendir (CRC)<\/td>\n<td>&#8211;<\/td>\n<td>7<\/td>\n<td>Tr\u00e1mite Normal<\/td>\n<\/tr>\n<tr style=\"background-color: #f2f2f2;\">\n<td>Pagos Anticipados (Contratos, OC u Otros)<\/td>\n<td>&#8211;<\/td>\n<td>7<\/td>\n<td>Tr\u00e1mite Normal<\/td>\n<\/tr>\n<tr>\n<td>Finiquitos\/Quinquenios<\/td>\n<td>&#8211;<\/td>\n<td>7<\/td>\n<td>Tr\u00e1mite Normal<\/td>\n<\/tr>\n<tr style=\"background-color: #f2f2f2;\">\n<td>Alquileres<\/td>\n<td><\/td>\n<td>10<\/td>\n<td>De acuerdo a Contrato o 10 d\u00edas \u2013 tr\u00e1mite normal<\/td>\n<\/tr>\n<tr>\n<td>Cotizaci\u00f3n AFP, Subsidios<\/td>\n<td>&#8211;<\/td>\n<td>10<\/td>\n<td>Se debe generar hasta el 15 de cada mes, pago hasta el 25<\/td>\n<\/tr>\n<tr style=\"background-color: #f2f2f2;\">\n<td>Consultores Recurrentes<\/td>\n<td>&#8211;<\/td>\n<td>10<\/td>\n<td>Coordinar con CxP listado por Gerencia<\/td>\n<\/tr>\n<tr>\n<td>Becas, Estipendios, Servicios<br \/>\nx pagos recurrentes<\/td>\n<td>&#8211;<\/td>\n<td>10<\/td>\n<td>Los gastos se deben gestionar<br \/>\ndentro del mes al que corresponde, hasta el 20 de cada mes para que el pago<br \/>\nsalga hasta fin de mes.<\/td>\n<\/tr>\n<tr style=\"background-color: #f2f2f2;\">\n<td>SDF sin contratos ni Orden de compra<br \/>\n(miscel\u00e1neos)<\/td>\n<td><\/td>\n<td>15<\/td>\n<td>Tiempo Est\u00e1ndar \u2013 Excepciones a trav\u00e9s de Supervisi\u00f3n<\/td>\n<\/tr>\n<tr>\n<td>Contratos y Ordenes de<br \/>\nCompra<\/td>\n<td>&#8211;<\/td>\n<td>30<\/td>\n<td>Tiempo est\u00e1ndar<\/td>\n<\/tr>\n<\/tbody>\n<\/table>\n<p>[\/vc_column_text][\/vc_column][\/vc_row][vc_row][vc_column][vc_column_text]<strong>A considerar:<\/strong><br \/>\n&#8211; Los plazos corren desde el momento en que CxP tienen toda la documentaci\u00f3n completa<br \/>\n1.- OC o Contrato en sistema<br \/>\n2.- Conformidad de prestaci\u00f3n del servicio o recepci\u00f3n en JDE<br \/>\n3.- Factura y AFP donde Corresponda<\/p>\n<p>Las facturas y correspondencias a CxP ingresan s\u00f3lo v\u00eda recepci\u00f3n MSC.<\/p>\n<p>El \u00fanico medio de env\u00edo de PAFs es a trav\u00e9s del correo autom\u00e1tico del formulario PAF ubicado en Sharepoint.<\/p>\n<p>Compras de bienes o servicios mayores a USD 2,000 deben ser canalizados a Adquisiciones o Contratos<\/p>\n<p>El tr\u00e1mite de excepci\u00f3n para montos mayores a US$ 2,000 v\u00eda SDF es para \u201cemergencias\u201d y no compras regulares[\/vc_column_text][\/vc_column][\/vc_row]<\/p>\n<\/section>","protected":false},"excerpt":{"rendered":"<p>[vc_row margin_bottom=&#8221;60px&#8221;][vc_column][vc_column_text text_style=&#8221;leader-text&#8221;]Plazos de pago[\/vc_column_text][vc_column_text] Proceso hasta pago Concepto Horas D\u00edas Comentarios Agencias Aduaneras 24 1 Tr\u00e1mite normal Urgentes 48 2 Tr\u00e1mite de excepci\u00f3n debe ser coordinado a trav\u00e9s de supervisi\u00f3n Entregas con Cargo a Rendir (CRC) &#8211; 7 Tr\u00e1mite Normal Pagos Anticipados (Contratos, OC u Otros) &#8211; 7 Tr\u00e1mite Normal Finiquitos\/Quinquenios &#8211; 7 Tr\u00e1mite [&hellip;]<\/p>\n","protected":false},"author":1,"featured_media":0,"parent":4645,"menu_order":3,"comment_status":"closed","ping_status":"closed","template":"","meta":{"footnotes":""},"class_list":["post-4682","page","type-page","status-publish","hentry"],"_links":{"self":[{"href":"https:\/\/www.minerasancristobal.com\/v3\/es\/wp-json\/wp\/v2\/pages\/4682","targetHints":{"allow":["GET"]}}],"collection":[{"href":"https:\/\/www.minerasancristobal.com\/v3\/es\/wp-json\/wp\/v2\/pages"}],"about":[{"href":"https:\/\/www.minerasancristobal.com\/v3\/es\/wp-json\/wp\/v2\/types\/page"}],"author":[{"embeddable":true,"href":"https:\/\/www.minerasancristobal.com\/v3\/es\/wp-json\/wp\/v2\/users\/1"}],"replies":[{"embeddable":true,"href":"https:\/\/www.minerasancristobal.com\/v3\/es\/wp-json\/wp\/v2\/comments?post=4682"}],"version-history":[{"count":6,"href":"https:\/\/www.minerasancristobal.com\/v3\/es\/wp-json\/wp\/v2\/pages\/4682\/revisions"}],"predecessor-version":[{"id":4949,"href":"https:\/\/www.minerasancristobal.com\/v3\/es\/wp-json\/wp\/v2\/pages\/4682\/revisions\/4949"}],"up":[{"embeddable":true,"href":"https:\/\/www.minerasancristobal.com\/v3\/es\/wp-json\/wp\/v2\/pages\/4645"}],"wp:attachment":[{"href":"https:\/\/www.minerasancristobal.com\/v3\/es\/wp-json\/wp\/v2\/media?parent=4682"}],"curies":[{"name":"wp","href":"https:\/\/api.w.org\/{rel}","templated":true}]}}