{"id":4710,"date":"2016-01-08T14:02:13","date_gmt":"2016-01-08T14:02:13","guid":{"rendered":"http:\/\/www.minerasancristobal.com\/v3\/es\/?page_id=4710"},"modified":"2016-09-05T15:57:52","modified_gmt":"2016-09-05T15:57:52","slug":"noticias-publicaciones","status":"publish","type":"page","link":"https:\/\/www.minerasancristobal.com\/v3\/es\/inicio\/noticias-publicaciones\/","title":{"rendered":"Noticias y Publicaciones"},"content":{"rendered":"<section class=\"wpb-content-wrapper\"><p>[vc_row][vc_column][vc_column_text text_style=&#8221;leader-text&#8221;]Noticias y Publicaciones[\/vc_column_text][\/vc_column][\/vc_row][vc_row][vc_column]\t\t<div class=\"grve-element grve-blog grve-large-media grve-non-isotope\" style=\"\" >\r\n\t\t\t<div class=\"grve-standard-container\">\r\n\t\t\t<article id=\"post-6961\" class=\"grve-blog-item grve-big-post grve-non-isotope-item post-6961 post type-post status-publish format-standard hentry category-noticias\" itemscope itemType=\"http:\/\/schema.org\/BlogPosting\">\r\n\t\t\t\t\t\t\t\t\t\r\n\t\t\t\t\t\t\t\t\t\t\t<div class=\"grve-post-content\">\r\n\t\t\t\t\t\t\t<a href=\"https:\/\/www.minerasancristobal.com\/v3\/es\/2025\/05\/30\/minera-san-cristobal-avanza-en-su-estrategia-de-adaptacion-a-mercados-metalicos-2\/\" rel=\"bookmark\"><h4 class=\"grve-post-title\" itemprop=\"headline\">Minera San Crist\u00f3bal publica su d\u00e9cimo Reporte de Sostenibilidad destacando su prop\u00f3sito de innovar en la miner\u00eda en Bolivia y el mundo generando oportunidades y bienestar sostenible<\/h4><\/a>\t\t\t\t\t\t\t\t\t<span class=\"grve-hidden\">\r\n\t\t\t<span class=\"grve-structured-data\" itemprop=\"image\" itemscope itemtype=\"http:\/\/schema.org\/ImageObject\">\r\n\t\t\t   <span itemprop='url' >https:\/\/www.minerasancristobal.com\/v3\/es\/wp-content\/themes\/osmosis\/images\/empty\/thumbnail.jpg<\/span>\r\n\t\t\t   <span itemprop='height' >150<\/span>\r\n\t\t\t   <span itemprop='width' >150<\/span>\r\n\t\t\t<\/span>\r\n\t\t\t\t\t\t<span class=\"grve-structured-data\" itemprop=\"author\" itemscope itemtype=\"http:\/\/schema.org\/Person\">\r\n\t\t\t\t<span itemprop=\"name\">Minera San Crist\u00f3bal S.A.<\/span>\r\n\t\t\t<\/span>\r\n\t\t\t<span class=\"grve-structured-data\" itemprop=\"publisher\" itemscope itemtype=\"http:\/\/schema.org\/Organization\">\r\n\t\t\t\t<span itemprop='name'>Minera San Crist\u00f3bal S.A.<\/span>\r\n\t\t\t\t<span itemprop='logo' itemscope itemtype='http:\/\/schema.org\/ImageObject'>\r\n\t\t\t\t\t<span itemprop='url'>https:\/\/www.minerasancristobal.com\/v3\/es\/wp-content\/themes\/osmosis\/images\/empty\/thumbnail.jpg<\/span>\r\n\t\t\t\t<\/span>\r\n\t\t\t<\/span>\r\n\t\t\t\t\t\t<time class=\"grve-structured-data\" itemprop=\"datePublished\" datetime=\"2025-05-30T13:30:24+00:00\">mayo 30, 2025<\/time>\r\n\t\t\t<time class=\"grve-structured-data\" itemprop=\"dateModified\"  datetime=\"2025-05-30T13:30:25+00:00\">mayo 30, 2025<\/time>\r\n\t\t\t<span class=\"grve-structured-data\" itemprop=\"mainEntityOfPage\" itemscope itemtype=\"http:\/\/schema.org\/WebPage\" itemid=\"https:\/\/www.minerasancristobal.com\/v3\/es\/2025\/05\/30\/minera-san-cristobal-avanza-en-su-estrategia-de-adaptacion-a-mercados-metalicos-2\/\"><\/span>\r\n\t\t<\/span>\r\n\t\t\t\t\t\t\t\t<div class=\"grve-post-meta\">\r\n\t\t\t\t\t\t\t\t\t<time class=\"grve-post-date\" datetime=\"2025-05-30T13:30:24+00:00\">\r\n\t\tmayo 30, 2025\t<\/time>\r\n\t<div class=\"grve-post-comments grve-small-text\">\r\n\t\t<span class=\"grve-icon-comment\"><\/span> 0\t<\/div>\r\n\t\t\t\t\t\t\t<\/div>\r\n\t\t\t\t\t\t\t<div itemprop=\"articleBody\"><p>En la gesti\u00f3n 2024 Minera San Crist\u00f3bal alcanz\u00f3 un hito importante al registrar dos millones de horas sin incidentes con tiempo perdido reforzando su cultura de seguridad y prevenci\u00f3n. Toldos, Mayo de 2025.- Minera San Crist\u00f3bal (MSC) presenta su d\u00e9cimo Reporte de Sostenibilidad, correspondiente a la gesti\u00f3n 2024. &#8220;Forjando Oportunidades&#8221; documento donde se informa el&hellip;<\/p><a class=\"grve-read-more\" href=\"https:\/\/www.minerasancristobal.com\/v3\/es\/2025\/05\/30\/minera-san-cristobal-avanza-en-su-estrategia-de-adaptacion-a-mercados-metalicos-2\/\"><span>read more<\/span><\/a><\/div>\t\t\t\t\t\t<\/div>\r\n\t\t\t\t\t\r\n\t\t\t\t\t\t\t<\/article>\r\n\r\n\t\t\t<article id=\"post-6828\" class=\"grve-blog-item grve-big-post grve-non-isotope-item post-6828 post type-post status-publish format-standard hentry category-noticias\" itemscope itemType=\"http:\/\/schema.org\/BlogPosting\">\r\n\t\t\t\t\t\t\t\t\t\r\n\t\t\t\t\t\t\t\t\t\t\t<div class=\"grve-post-content\">\r\n\t\t\t\t\t\t\t<a href=\"https:\/\/www.minerasancristobal.com\/v3\/es\/2024\/07\/08\/minera-san-cristobal-avanza-en-su-estrategia-de-adaptacion-a-mercados-metalicos\/\" rel=\"bookmark\"><h4 class=\"grve-post-title\" itemprop=\"headline\">Minera San Crist\u00f3bal avanza en su estrategia de adaptaci\u00f3n a mercados met\u00e1licos<\/h4><\/a>\t\t\t\t\t\t\t\t\t<span class=\"grve-hidden\">\r\n\t\t\t<span class=\"grve-structured-data\" itemprop=\"image\" itemscope itemtype=\"http:\/\/schema.org\/ImageObject\">\r\n\t\t\t   <span itemprop='url' >https:\/\/www.minerasancristobal.com\/v3\/es\/wp-content\/themes\/osmosis\/images\/empty\/thumbnail.jpg<\/span>\r\n\t\t\t   <span itemprop='height' >150<\/span>\r\n\t\t\t   <span itemprop='width' >150<\/span>\r\n\t\t\t<\/span>\r\n\t\t\t\t\t\t<span class=\"grve-structured-data\" itemprop=\"author\" itemscope itemtype=\"http:\/\/schema.org\/Person\">\r\n\t\t\t\t<span itemprop=\"name\">Minera San Crist\u00f3bal S.A.<\/span>\r\n\t\t\t<\/span>\r\n\t\t\t<span class=\"grve-structured-data\" itemprop=\"publisher\" itemscope itemtype=\"http:\/\/schema.org\/Organization\">\r\n\t\t\t\t<span itemprop='name'>Minera San Crist\u00f3bal S.A.<\/span>\r\n\t\t\t\t<span itemprop='logo' itemscope itemtype='http:\/\/schema.org\/ImageObject'>\r\n\t\t\t\t\t<span itemprop='url'>https:\/\/www.minerasancristobal.com\/v3\/es\/wp-content\/themes\/osmosis\/images\/empty\/thumbnail.jpg<\/span>\r\n\t\t\t\t<\/span>\r\n\t\t\t<\/span>\r\n\t\t\t\t\t\t<time class=\"grve-structured-data\" itemprop=\"datePublished\" datetime=\"2024-07-08T12:56:16+00:00\">julio 8, 2024<\/time>\r\n\t\t\t<time class=\"grve-structured-data\" itemprop=\"dateModified\"  datetime=\"2024-07-08T13:07:23+00:00\">julio 8, 2024<\/time>\r\n\t\t\t<span class=\"grve-structured-data\" itemprop=\"mainEntityOfPage\" itemscope itemtype=\"http:\/\/schema.org\/WebPage\" itemid=\"https:\/\/www.minerasancristobal.com\/v3\/es\/2024\/07\/08\/minera-san-cristobal-avanza-en-su-estrategia-de-adaptacion-a-mercados-metalicos\/\"><\/span>\r\n\t\t<\/span>\r\n\t\t\t\t\t\t\t\t<div class=\"grve-post-meta\">\r\n\t\t\t\t\t\t\t\t\t<time class=\"grve-post-date\" datetime=\"2024-07-08T12:56:16+00:00\">\r\n\t\tjulio 8, 2024\t<\/time>\r\n\t<div class=\"grve-post-comments grve-small-text\">\r\n\t\t<span class=\"grve-icon-comment\"><\/span> 0\t<\/div>\r\n\t\t\t\t\t\t\t<\/div>\r\n\t\t\t\t\t\t\t<div itemprop=\"articleBody\"><p>La mina m\u00e1s importante del pa\u00eds revela en su Reporte de Sostenibilidad 2023 que durante la gesti\u00f3n pasada su producci\u00f3n de Zinc-Plata baj\u00f3 en 15%; mientras que la de plomo-plata subi\u00f3 tambi\u00e9n en 15%. Potos\u00ed, junio de 2024.- Minera San Crist\u00f3bal (MSC) consolida su posici\u00f3n de l\u00edder en sostenibilidad minera. Su Reporte de Sostenibilidad 2023,&hellip;<\/p><a class=\"grve-read-more\" href=\"https:\/\/www.minerasancristobal.com\/v3\/es\/2024\/07\/08\/minera-san-cristobal-avanza-en-su-estrategia-de-adaptacion-a-mercados-metalicos\/\"><span>read more<\/span><\/a><\/div>\t\t\t\t\t\t<\/div>\r\n\t\t\t\t\t\r\n\t\t\t\t\t\t\t<\/article>\r\n\r\n\t\t\t<article id=\"post-6736\" class=\"grve-blog-item grve-big-post grve-non-isotope-item post-6736 post type-post status-publish format-standard hentry category-noticias\" itemscope itemType=\"http:\/\/schema.org\/BlogPosting\">\r\n\t\t\t\t\t\t\t\t\t\r\n\t\t\t\t\t\t\t\t\t\t\t<div class=\"grve-post-content\">\r\n\t\t\t\t\t\t\t<a href=\"https:\/\/www.minerasancristobal.com\/v3\/es\/2024\/03\/27\/minera-san-cristobal-s-a-un-modelo-de-gestion-generador-de-oportunidades\/\" rel=\"bookmark\"><h4 class=\"grve-post-title\" itemprop=\"headline\">Minera San Crist\u00f3bal S.A. un modelo de gesti\u00f3n generador de oportunidades<\/h4><\/a>\t\t\t\t\t\t\t\t\t<span class=\"grve-hidden\">\r\n\t\t\t<span class=\"grve-structured-data\" itemprop=\"image\" itemscope itemtype=\"http:\/\/schema.org\/ImageObject\">\r\n\t\t\t   <span itemprop='url' >https:\/\/www.minerasancristobal.com\/v3\/es\/wp-content\/themes\/osmosis\/images\/empty\/thumbnail.jpg<\/span>\r\n\t\t\t   <span itemprop='height' >150<\/span>\r\n\t\t\t   <span itemprop='width' >150<\/span>\r\n\t\t\t<\/span>\r\n\t\t\t\t\t\t<span class=\"grve-structured-data\" itemprop=\"author\" itemscope itemtype=\"http:\/\/schema.org\/Person\">\r\n\t\t\t\t<span itemprop=\"name\">Minera San Crist\u00f3bal S.A.<\/span>\r\n\t\t\t<\/span>\r\n\t\t\t<span class=\"grve-structured-data\" itemprop=\"publisher\" itemscope itemtype=\"http:\/\/schema.org\/Organization\">\r\n\t\t\t\t<span itemprop='name'>Minera San Crist\u00f3bal S.A.<\/span>\r\n\t\t\t\t<span itemprop='logo' itemscope itemtype='http:\/\/schema.org\/ImageObject'>\r\n\t\t\t\t\t<span itemprop='url'>https:\/\/www.minerasancristobal.com\/v3\/es\/wp-content\/themes\/osmosis\/images\/empty\/thumbnail.jpg<\/span>\r\n\t\t\t\t<\/span>\r\n\t\t\t<\/span>\r\n\t\t\t\t\t\t<time class=\"grve-structured-data\" itemprop=\"datePublished\" datetime=\"2024-03-27T21:13:04+00:00\">marzo 27, 2024<\/time>\r\n\t\t\t<time class=\"grve-structured-data\" itemprop=\"dateModified\"  datetime=\"2024-03-27T21:13:04+00:00\">marzo 27, 2024<\/time>\r\n\t\t\t<span class=\"grve-structured-data\" itemprop=\"mainEntityOfPage\" itemscope itemtype=\"http:\/\/schema.org\/WebPage\" itemid=\"https:\/\/www.minerasancristobal.com\/v3\/es\/2024\/03\/27\/minera-san-cristobal-s-a-un-modelo-de-gestion-generador-de-oportunidades\/\"><\/span>\r\n\t\t<\/span>\r\n\t\t\t\t\t\t\t\t<div class=\"grve-post-meta\">\r\n\t\t\t\t\t\t\t\t\t<time class=\"grve-post-date\" datetime=\"2024-03-27T21:13:04+00:00\">\r\n\t\tmarzo 27, 2024\t<\/time>\r\n\t<div class=\"grve-post-comments grve-small-text\">\r\n\t\t<span class=\"grve-icon-comment\"><\/span> 0\t<\/div>\r\n\t\t\t\t\t\t\t<\/div>\r\n\t\t\t\t\t\t\t<div itemprop=\"articleBody\"><p>REVISTA COSAS \u2013 FEBRERO, 2024 Oportunidades de inclusi\u00f3n, cam\u00e9lidos, quinua y turismo son los programas con los que MSC busca promover el desarrollo sostenible en favor de las comunidades. Ubicado en la provincia Nor L\u00edpez del Departamento de Potos\u00ed, el principal emprendimiento minero del pa\u00eds realiza sus operaciones combinando el uso de tecnolog\u00eda de punta&hellip;<\/p><a class=\"grve-read-more\" href=\"https:\/\/www.minerasancristobal.com\/v3\/es\/2024\/03\/27\/minera-san-cristobal-s-a-un-modelo-de-gestion-generador-de-oportunidades\/\"><span>read more<\/span><\/a><\/div>\t\t\t\t\t\t<\/div>\r\n\t\t\t\t\t\r\n\t\t\t\t\t\t\t<\/article>\r\n\r\n\t\t\t<article id=\"post-6684\" class=\"grve-blog-item grve-big-post grve-non-isotope-item post-6684 post type-post status-publish format-standard hentry category-noticias\" itemscope itemType=\"http:\/\/schema.org\/BlogPosting\">\r\n\t\t\t\t\t\t\t\t\t\r\n\t\t\t\t\t\t\t\t\t\t\t<div class=\"grve-post-content\">\r\n\t\t\t\t\t\t\t<a href=\"https:\/\/www.minerasancristobal.com\/v3\/es\/2024\/01\/17\/minera-san-cristobal-unica-empresa-minera-con-certificacion-de-empresa-saludable-en-la-gestion-2023\/\" rel=\"bookmark\"><h4 class=\"grve-post-title\" itemprop=\"headline\">Minera San Crist\u00f3bal \u00fanica empresa minera con certificaci\u00f3n de empresa saludable en la gesti\u00f3n 2023<\/h4><\/a>\t\t\t\t\t\t\t\t\t<span class=\"grve-hidden\">\r\n\t\t\t<span class=\"grve-structured-data\" itemprop=\"image\" itemscope itemtype=\"http:\/\/schema.org\/ImageObject\">\r\n\t\t\t   <span itemprop='url' >https:\/\/www.minerasancristobal.com\/v3\/es\/wp-content\/themes\/osmosis\/images\/empty\/thumbnail.jpg<\/span>\r\n\t\t\t   <span itemprop='height' >150<\/span>\r\n\t\t\t   <span itemprop='width' >150<\/span>\r\n\t\t\t<\/span>\r\n\t\t\t\t\t\t<span class=\"grve-structured-data\" itemprop=\"author\" itemscope itemtype=\"http:\/\/schema.org\/Person\">\r\n\t\t\t\t<span itemprop=\"name\">Minera San Crist\u00f3bal S.A.<\/span>\r\n\t\t\t<\/span>\r\n\t\t\t<span class=\"grve-structured-data\" itemprop=\"publisher\" itemscope itemtype=\"http:\/\/schema.org\/Organization\">\r\n\t\t\t\t<span itemprop='name'>Minera San Crist\u00f3bal S.A.<\/span>\r\n\t\t\t\t<span itemprop='logo' itemscope itemtype='http:\/\/schema.org\/ImageObject'>\r\n\t\t\t\t\t<span itemprop='url'>https:\/\/www.minerasancristobal.com\/v3\/es\/wp-content\/themes\/osmosis\/images\/empty\/thumbnail.jpg<\/span>\r\n\t\t\t\t<\/span>\r\n\t\t\t<\/span>\r\n\t\t\t\t\t\t<time class=\"grve-structured-data\" itemprop=\"datePublished\" datetime=\"2024-01-17T21:41:49+00:00\">enero 17, 2024<\/time>\r\n\t\t\t<time class=\"grve-structured-data\" itemprop=\"dateModified\"  datetime=\"2024-01-17T21:41:49+00:00\">enero 17, 2024<\/time>\r\n\t\t\t<span class=\"grve-structured-data\" itemprop=\"mainEntityOfPage\" itemscope itemtype=\"http:\/\/schema.org\/WebPage\" itemid=\"https:\/\/www.minerasancristobal.com\/v3\/es\/2024\/01\/17\/minera-san-cristobal-unica-empresa-minera-con-certificacion-de-empresa-saludable-en-la-gestion-2023\/\"><\/span>\r\n\t\t<\/span>\r\n\t\t\t\t\t\t\t\t<div class=\"grve-post-meta\">\r\n\t\t\t\t\t\t\t\t\t<time class=\"grve-post-date\" datetime=\"2024-01-17T21:41:49+00:00\">\r\n\t\tenero 17, 2024\t<\/time>\r\n\t<div class=\"grve-post-comments grve-small-text\">\r\n\t\t<span class=\"grve-icon-comment\"><\/span> 0\t<\/div>\r\n\t\t\t\t\t\t\t<\/div>\r\n\t\t\t\t\t\t\t<div itemprop=\"articleBody\"><p>El Sistema de Gesti\u00f3n de Empresa Saludable certific\u00f3 una vez m\u00e1s todos los programas de atenci\u00f3n integral en salud del proyecto minero m\u00e1s importante del pa\u00eds. Estos repercuten en el bienestar de los trabajadores, las familias y la poblaci\u00f3n de cuatro comunidades del municipio de Colcha K, en Potos\u00ed. La Paz, 17 de enero de&hellip;<\/p><a class=\"grve-read-more\" href=\"https:\/\/www.minerasancristobal.com\/v3\/es\/2024\/01\/17\/minera-san-cristobal-unica-empresa-minera-con-certificacion-de-empresa-saludable-en-la-gestion-2023\/\"><span>read more<\/span><\/a><\/div>\t\t\t\t\t\t<\/div>\r\n\t\t\t\t\t\r\n\t\t\t\t\t\t\t<\/article>\r\n\r\n\t\t\t<article id=\"post-6611\" class=\"grve-blog-item grve-big-post grve-non-isotope-item post-6611 post type-post status-publish format-standard hentry category-noticias\" itemscope itemType=\"http:\/\/schema.org\/BlogPosting\">\r\n\t\t\t\t\t\t\t\t\t\r\n\t\t\t\t\t\t\t\t\t\t\t<div class=\"grve-post-content\">\r\n\t\t\t\t\t\t\t<a href=\"https:\/\/www.minerasancristobal.com\/v3\/es\/2023\/10\/03\/minera-san-cristobal-aporta-us-4021-millones-en-impuestos-regalias-y-patentes-en-la-gestion-2022\/\" rel=\"bookmark\"><h4 class=\"grve-post-title\" itemprop=\"headline\">Minera San Crist\u00f3bal aporta $us 402,1 millones en impuestos, regal\u00edas y patentes en la gesti\u00f3n 2022<\/h4><\/a>\t\t\t\t\t\t\t\t\t<span class=\"grve-hidden\">\r\n\t\t\t<span class=\"grve-structured-data\" itemprop=\"image\" itemscope itemtype=\"http:\/\/schema.org\/ImageObject\">\r\n\t\t\t   <span itemprop='url' >https:\/\/www.minerasancristobal.com\/v3\/es\/wp-content\/themes\/osmosis\/images\/empty\/thumbnail.jpg<\/span>\r\n\t\t\t   <span itemprop='height' >150<\/span>\r\n\t\t\t   <span itemprop='width' >150<\/span>\r\n\t\t\t<\/span>\r\n\t\t\t\t\t\t<span class=\"grve-structured-data\" itemprop=\"author\" itemscope itemtype=\"http:\/\/schema.org\/Person\">\r\n\t\t\t\t<span itemprop=\"name\">Minera San Crist\u00f3bal S.A.<\/span>\r\n\t\t\t<\/span>\r\n\t\t\t<span class=\"grve-structured-data\" itemprop=\"publisher\" itemscope itemtype=\"http:\/\/schema.org\/Organization\">\r\n\t\t\t\t<span itemprop='name'>Minera San Crist\u00f3bal S.A.<\/span>\r\n\t\t\t\t<span itemprop='logo' itemscope itemtype='http:\/\/schema.org\/ImageObject'>\r\n\t\t\t\t\t<span itemprop='url'>https:\/\/www.minerasancristobal.com\/v3\/es\/wp-content\/themes\/osmosis\/images\/empty\/thumbnail.jpg<\/span>\r\n\t\t\t\t<\/span>\r\n\t\t\t<\/span>\r\n\t\t\t\t\t\t<time class=\"grve-structured-data\" itemprop=\"datePublished\" datetime=\"2023-10-03T22:02:11+00:00\">octubre 3, 2023<\/time>\r\n\t\t\t<time class=\"grve-structured-data\" itemprop=\"dateModified\"  datetime=\"2023-10-03T22:02:11+00:00\">octubre 3, 2023<\/time>\r\n\t\t\t<span class=\"grve-structured-data\" itemprop=\"mainEntityOfPage\" itemscope itemtype=\"http:\/\/schema.org\/WebPage\" itemid=\"https:\/\/www.minerasancristobal.com\/v3\/es\/2023\/10\/03\/minera-san-cristobal-aporta-us-4021-millones-en-impuestos-regalias-y-patentes-en-la-gestion-2022\/\"><\/span>\r\n\t\t<\/span>\r\n\t\t\t\t\t\t\t\t<div class=\"grve-post-meta\">\r\n\t\t\t\t\t\t\t\t\t<time class=\"grve-post-date\" datetime=\"2023-10-03T22:02:11+00:00\">\r\n\t\toctubre 3, 2023\t<\/time>\r\n\t<div class=\"grve-post-comments grve-small-text\">\r\n\t\t<span class=\"grve-icon-comment\"><\/span> 0\t<\/div>\r\n\t\t\t\t\t\t\t<\/div>\r\n\t\t\t\t\t\t\t<div itemprop=\"articleBody\"><p>Minera San Crist\u00f3bal S.A. publica por octavo a\u00f1o consecutivo su Reporte de Sostenibilidad. Durante 2022, invirti\u00f3 m\u00e1s de $us 2,2 millones en medidas para reducir el uso de agua y la generaci\u00f3n de residuos; con ello mitig\u00f3 impactos en la biodiversidad local La Paz, septiembre de 2023.- Pese a las adversidades y desaf\u00edos internos y&hellip;<\/p><a class=\"grve-read-more\" href=\"https:\/\/www.minerasancristobal.com\/v3\/es\/2023\/10\/03\/minera-san-cristobal-aporta-us-4021-millones-en-impuestos-regalias-y-patentes-en-la-gestion-2022\/\"><span>read more<\/span><\/a><\/div>\t\t\t\t\t\t<\/div>\r\n\t\t\t\t\t\r\n\t\t\t\t\t\t\t<\/article>\r\n\r\n\t\t\t<\/div>\r\n<div class=\"grve-pagination\"><ul class='page-numbers'>\n\t<li><span aria-current=\"page\" class=\"page-numbers current\">1<\/span><\/li>\n\t<li><a class=\"page-numbers\" href=\"https:\/\/www.minerasancristobal.com\/v3\/es\/wp-json\/wp\/v2\/pages\/4710\/page\/2\/\">2<\/a><\/li>\n\t<li><a class=\"page-numbers\" href=\"https:\/\/www.minerasancristobal.com\/v3\/es\/wp-json\/wp\/v2\/pages\/4710\/page\/3\/\">3<\/a><\/li>\n\t<li><span class=\"page-numbers dots\">&hellip;<\/span><\/li>\n\t<li><a class=\"page-numbers\" href=\"https:\/\/www.minerasancristobal.com\/v3\/es\/wp-json\/wp\/v2\/pages\/4710\/page\/29\/\">29<\/a><\/li>\n\t<li><a class=\"next page-numbers\" href=\"https:\/\/www.minerasancristobal.com\/v3\/es\/wp-json\/wp\/v2\/pages\/4710\/page\/2\/\"><i class=\"grve-icon-nav-right\"><\/i><\/a><\/li>\n<\/ul>\n<\/div>\t\t<\/div>\r\n[\/vc_column][\/vc_row]<\/p>\n<\/section>","protected":false},"excerpt":{"rendered":"<p>[vc_row][vc_column][vc_column_text text_style=&#8221;leader-text&#8221;]Noticias y Publicaciones[\/vc_column_text][\/vc_column][\/vc_row][vc_row][vc_column][\/vc_column][\/vc_row]<\/p>\n","protected":false},"author":1,"featured_media":0,"parent":3859,"menu_order":4,"comment_status":"closed","ping_status":"closed","template":"","meta":{"footnotes":""},"class_list":["post-4710","page","type-page","status-publish","hentry"],"_links":{"self":[{"href":"https:\/\/www.minerasancristobal.com\/v3\/es\/wp-json\/wp\/v2\/pages\/4710","targetHints":{"allow":["GET"]}}],"collection":[{"href":"https:\/\/www.minerasancristobal.com\/v3\/es\/wp-json\/wp\/v2\/pages"}],"about":[{"href":"https:\/\/www.minerasancristobal.com\/v3\/es\/wp-json\/wp\/v2\/types\/page"}],"author":[{"embeddable":true,"href":"https:\/\/www.minerasancristobal.com\/v3\/es\/wp-json\/wp\/v2\/users\/1"}],"replies":[{"embeddable":true,"href":"https:\/\/www.minerasancristobal.com\/v3\/es\/wp-json\/wp\/v2\/comments?post=4710"}],"version-history":[{"count":3,"href":"https:\/\/www.minerasancristobal.com\/v3\/es\/wp-json\/wp\/v2\/pages\/4710\/revisions"}],"predecessor-version":[{"id":5024,"href":"https:\/\/www.minerasancristobal.com\/v3\/es\/wp-json\/wp\/v2\/pages\/4710\/revisions\/5024"}],"up":[{"embeddable":true,"href":"https:\/\/www.minerasancristobal.com\/v3\/es\/wp-json\/wp\/v2\/pages\/3859"}],"wp:attachment":[{"href":"https:\/\/www.minerasancristobal.com\/v3\/es\/wp-json\/wp\/v2\/media?parent=4710"}],"curies":[{"name":"wp","href":"https:\/\/api.w.org\/{rel}","templated":true}]}}