{"id":4761,"date":"2016-01-08T20:35:06","date_gmt":"2016-01-08T20:35:06","guid":{"rendered":"http:\/\/www.minerasancristobal.com\/v3\/es\/?page_id=4761"},"modified":"2023-07-03T16:42:52","modified_gmt":"2023-07-03T16:42:52","slug":"carreras","status":"publish","type":"page","link":"https:\/\/www.minerasancristobal.com\/v3\/es\/inicio\/carreras\/","title":{"rendered":"Trabaja con nosotros"},"content":{"rendered":"<section class=\"wpb-content-wrapper\"><p>[vc_row][vc_column][vc_column_text text_style=&#8221;leader-text&#8221;]Carreras en Minera San Crist\u00f3bal S.A.[\/vc_column_text][vc_column_text]<\/p>\n<p class=\"x_MsoNormal\"><span lang=\"ES-BO\">Minera San Crist\u00f3bal (MSC), la empresa boliviana que opera la mina a cielo abierto m\u00e1s importante del pa\u00eds, ubicada en la provincia Nor L\u00edpez del departamento de Potos\u00ed, est\u00e1 orientada a la b\u00fasqueda del mejor talento humano en las comunidades locales, la regi\u00f3n y el pa\u00eds, y de esta manera brindar oportunidades laborales, ofreciendo condiciones de trabajo adecuadas, que permitan a sus trabajadores desempe\u00f1ar, desarrollar sus habilidades y competencias personales y acad\u00e9micas.<\/span><\/p>\n<p class=\"x_MsoNormal\"><span lang=\"ES-BO\">La fuerza laboral de Minera San Crist\u00f3bal es una de las m\u00e1s importantes de Bolivia, cuenta con 1.317 empleos directos, 60% proviene de las comunidades y del departamento de Potos\u00ed, alcanzando a 3.000 personas incluyendo contratistas y empleos indirectos.<\/span><\/p>\n<p>[\/vc_column_text][vc_column_text text_style=&#8221;leader-text&#8221;]Propuesta de Valor[\/vc_column_text][vc_column_text]<\/p>\n<ul type=\"square\">\n<li class=\"x_MsoNormal\"><span lang=\"ES-BO\">Nuestros procesos de reclutamiento y selecci\u00f3n de personal se llevan a cabo de forma objetiva, los mismos comprenden una serie de etapas que los postulantes deben cumplir para poder validar las competencias necesarias del perfil del puesto deseado y de esta manera asegurar la contrataci\u00f3n del personal id\u00f3neo.<\/span><\/li>\n<li class=\"x_MsoNormal\"><span lang=\"ES-BO\">MSC ofrece todos los beneficios definidos por ley \u00a0y beneficios adicionales, adem\u00e1s se desarrollan acciones y programas destinados a contribuir al logro de un adecuado ambiente de trabajo, contribuyendo a desarrollar todo el potencial.<\/span><\/li>\n<li class=\"x_MsoNormal\"><span lang=\"ES-BO\">MSC capacita a su personal, orientada a su desarrollo humano, t\u00e9cnico y profesional, ofreciendo posibilidades de crecimiento laboral y aporte a la eficiencia del negocio de la empresa.<\/span><\/li>\n<\/ul>\n<p class=\"x_MsoNormal\"><span lang=\"ES-BO\">La empresa desea compartir el orgullo de pertenecer a la mejor empresa de Bolivia, por esa raz\u00f3n invitamos a todos a conocer m\u00e1s sobre nuestras \u201c<a href=\"http:\/\/g3.minerasancristobal.com\/trabajo\/\">Oportunidades laborales<\/a>\u201d y ser parte de esta gran familia.<\/span><\/p>\n<p>[\/vc_column_text]<div class=\"grve-element grve-align-center\"><a class=\"grve-btn grve-btn-small grve-square grve-bg-primary-1\" href=\"http:\/\/g3.minerasancristobal.com\/trabajo\/\" target=\"_blank\" style=\"\"><span>Oportunidades de empleo<\/span><\/a><\/div>[\/vc_column][\/vc_row]<\/p>\n<\/section>","protected":false},"excerpt":{"rendered":"<p>[vc_row][vc_column][vc_column_text text_style=&#8221;leader-text&#8221;]Carreras en Minera San Crist\u00f3bal S.A.[\/vc_column_text][vc_column_text] Minera San Crist\u00f3bal (MSC), la empresa boliviana que opera la mina a cielo abierto m\u00e1s importante del pa\u00eds, ubicada en la provincia Nor L\u00edpez del departamento de Potos\u00ed, est\u00e1 orientada a la b\u00fasqueda del mejor talento humano en las comunidades locales, la regi\u00f3n y el pa\u00eds, y de [&hellip;]<\/p>\n","protected":false},"author":1,"featured_media":0,"parent":3859,"menu_order":7,"comment_status":"closed","ping_status":"closed","template":"","meta":{"footnotes":""},"class_list":["post-4761","page","type-page","status-publish","hentry"],"_links":{"self":[{"href":"https:\/\/www.minerasancristobal.com\/v3\/es\/wp-json\/wp\/v2\/pages\/4761","targetHints":{"allow":["GET"]}}],"collection":[{"href":"https:\/\/www.minerasancristobal.com\/v3\/es\/wp-json\/wp\/v2\/pages"}],"about":[{"href":"https:\/\/www.minerasancristobal.com\/v3\/es\/wp-json\/wp\/v2\/types\/page"}],"author":[{"embeddable":true,"href":"https:\/\/www.minerasancristobal.com\/v3\/es\/wp-json\/wp\/v2\/users\/1"}],"replies":[{"embeddable":true,"href":"https:\/\/www.minerasancristobal.com\/v3\/es\/wp-json\/wp\/v2\/comments?post=4761"}],"version-history":[{"count":12,"href":"https:\/\/www.minerasancristobal.com\/v3\/es\/wp-json\/wp\/v2\/pages\/4761\/revisions"}],"predecessor-version":[{"id":6592,"href":"https:\/\/www.minerasancristobal.com\/v3\/es\/wp-json\/wp\/v2\/pages\/4761\/revisions\/6592"}],"up":[{"embeddable":true,"href":"https:\/\/www.minerasancristobal.com\/v3\/es\/wp-json\/wp\/v2\/pages\/3859"}],"wp:attachment":[{"href":"https:\/\/www.minerasancristobal.com\/v3\/es\/wp-json\/wp\/v2\/media?parent=4761"}],"curies":[{"name":"wp","href":"https:\/\/api.w.org\/{rel}","templated":true}]}}