{"id":4776,"date":"2016-01-08T20:57:33","date_gmt":"2016-01-08T20:57:33","guid":{"rendered":"http:\/\/www.minerasancristobal.com\/v3\/es\/?page_id=4776"},"modified":"2026-02-18T15:43:28","modified_gmt":"2026-02-18T15:43:28","slug":"certificaciones","status":"publish","type":"page","link":"https:\/\/www.minerasancristobal.com\/v3\/es\/inicio\/certificaciones\/","title":{"rendered":"Certificaciones"},"content":{"rendered":"<section class=\"wpb-content-wrapper\"><p>[vc_row][vc_column][vc_column_text text_style=&#8221;leader-text&#8221;]Certificaciones[\/vc_column_text][vc_column_text]La vocaci\u00f3n y compromiso de Minera San Crist\u00f3bal para alcanzar la excelencia condujeron a la empresa a la obtenci\u00f3n de importantes reconocimientos, convirti\u00e9ndola en un referente de la nueva miner\u00eda en Bolivia y en el mundo. La reconocida firma Icontec complet\u00f3 el proceso de transferencia y emiti\u00f3 a la empresa las cuatro certificaciones con las normas internacionales: ISO 9001 a la gesti\u00f3n de calidad de sus procesos, ISO 14001 a la gesti\u00f3n medioambiental, ISO 27001 por la seguridad de informaci\u00f3n e ISO 45001 a la gesti\u00f3n de la seguridad y salud en el trabajo.<\/p>\n<p>De igual manera, el Laboratorio Qu\u00edmico est\u00e1 acreditado seg\u00fan la norma NB-ISO\/IEC 17025, por demostrar la competencia t\u00e9cnica en la realizaci\u00f3n de los ensayos qu\u00edmicos para los lotes de exportaci\u00f3n del mineral de concentrados de zinc \u2013 plata y plomo \u2013 plata.<\/p>\n<p>En el \u00e1rea de aviaci\u00f3n se obtuvieron y mantienen dos certificaciones, la primera es la IS BAO (etapa 2) por las mejores pr\u00e1cticas en la operaci\u00f3n a\u00e9rea con los m\u00e1s altos est\u00e1ndares de calidad y seguridad; y la segunda el Certificado de Organizaci\u00f3n de Mantenimiento Aprobada (OMA N\u00b0006) por la capacidad para realizar mantenimientos menores y de l\u00ednea a nuestras aeronaves en MSC.<\/p>\n<p>Por \u00faltimo, Minera San Crist\u00f3bal ha sido certificada por la Aduana Nacional como Operador Econ\u00f3mico Autorizado (OEA) en las categor\u00edas de Importador y Exportador, en reconocimiento a la seguridad y confiabilidad de su cadena log\u00edstica. Asimismo, la empresa obtuvo la certificaci\u00f3n Top Employer, que destaca su innovaci\u00f3n, buenas pr\u00e1cticas operativas y compromiso con el bienestar de su personal.[\/vc_column_text]<div class=\"grve-element grve-gallery grve-isotope grve-gallery-popup\" style=\"\" data-gutter=\"yes\" data-type=\"4-columns\" data-layout=\"fitRows\"><div class=\"grve-isotope-container\"><div class=\"grve-isotope-item \"><a href=\"https:\/\/www.minerasancristobal.com\/v3\/es\/wp-content\/uploads\/2025\/10\/iso27001-2025.png\"><figure class=\"grve-image-hover grve-zoom-in\"><div class=\"grve-media grve-primary-1-overlay grve-opacity-40\"><img loading=\"lazy\" decoding=\"async\" width=\"231\" height=\"300\" src=\"https:\/\/www.minerasancristobal.com\/v3\/es\/wp-content\/uploads\/2025\/10\/iso27001-2025-231x300.png\" class=\"attachment-medium size-medium\" alt=\"\" srcset=\"https:\/\/www.minerasancristobal.com\/v3\/es\/wp-content\/uploads\/2025\/10\/iso27001-2025-231x300.png 231w, https:\/\/www.minerasancristobal.com\/v3\/es\/wp-content\/uploads\/2025\/10\/iso27001-2025.png 710w\" sizes=\"auto, (max-width: 231px) 100vw, 231px\" \/><\/div><figcaption><\/figcaption><\/figure><\/a><\/div><div class=\"grve-isotope-item \"><a href=\"https:\/\/www.minerasancristobal.com\/v3\/es\/wp-content\/uploads\/2025\/10\/iso45001-2025.png\"><figure class=\"grve-image-hover grve-zoom-in\"><div class=\"grve-media grve-primary-1-overlay grve-opacity-40\"><img loading=\"lazy\" decoding=\"async\" width=\"229\" height=\"300\" src=\"https:\/\/www.minerasancristobal.com\/v3\/es\/wp-content\/uploads\/2025\/10\/iso45001-2025-229x300.png\" class=\"attachment-medium size-medium\" alt=\"\" srcset=\"https:\/\/www.minerasancristobal.com\/v3\/es\/wp-content\/uploads\/2025\/10\/iso45001-2025-229x300.png 229w, https:\/\/www.minerasancristobal.com\/v3\/es\/wp-content\/uploads\/2025\/10\/iso45001-2025.png 694w\" sizes=\"auto, (max-width: 229px) 100vw, 229px\" \/><\/div><figcaption><\/figcaption><\/figure><\/a><\/div><div class=\"grve-isotope-item \"><a href=\"https:\/\/www.minerasancristobal.com\/v3\/es\/wp-content\/uploads\/2025\/10\/iso14001-2025.png\"><figure class=\"grve-image-hover grve-zoom-in\"><div class=\"grve-media grve-primary-1-overlay grve-opacity-40\"><img loading=\"lazy\" decoding=\"async\" width=\"232\" height=\"300\" src=\"https:\/\/www.minerasancristobal.com\/v3\/es\/wp-content\/uploads\/2025\/10\/iso14001-2025-232x300.png\" class=\"attachment-medium size-medium\" alt=\"\" srcset=\"https:\/\/www.minerasancristobal.com\/v3\/es\/wp-content\/uploads\/2025\/10\/iso14001-2025-232x300.png 232w, https:\/\/www.minerasancristobal.com\/v3\/es\/wp-content\/uploads\/2025\/10\/iso14001-2025.png 695w\" sizes=\"auto, (max-width: 232px) 100vw, 232px\" \/><\/div><figcaption><\/figcaption><\/figure><\/a><\/div><div class=\"grve-isotope-item \"><a href=\"https:\/\/www.minerasancristobal.com\/v3\/es\/wp-content\/uploads\/2025\/10\/iso9001-2025.png\"><figure class=\"grve-image-hover grve-zoom-in\"><div class=\"grve-media grve-primary-1-overlay grve-opacity-40\"><img loading=\"lazy\" decoding=\"async\" width=\"232\" height=\"300\" src=\"https:\/\/www.minerasancristobal.com\/v3\/es\/wp-content\/uploads\/2025\/10\/iso9001-2025-232x300.png\" class=\"attachment-medium size-medium\" alt=\"\" srcset=\"https:\/\/www.minerasancristobal.com\/v3\/es\/wp-content\/uploads\/2025\/10\/iso9001-2025-232x300.png 232w, https:\/\/www.minerasancristobal.com\/v3\/es\/wp-content\/uploads\/2025\/10\/iso9001-2025.png 714w\" sizes=\"auto, (max-width: 232px) 100vw, 232px\" \/><\/div><figcaption><\/figcaption><\/figure><\/a><\/div><\/div><\/div><div class=\"grve-element grve-gallery grve-isotope grve-gallery-popup\" style=\"\" data-gutter=\"yes\" data-type=\"4-columns\" data-layout=\"fitRows\"><div class=\"grve-isotope-container\"><div class=\"grve-isotope-item \"><a href=\"https:\/\/www.minerasancristobal.com\/v3\/es\/wp-content\/uploads\/2022\/02\/Certificacion-OMA-MSC-2021-2023.jpg\"><figure class=\"grve-image-hover grve-zoom-in\"><div class=\"grve-media grve-primary-1-overlay grve-opacity-40\"><img loading=\"lazy\" decoding=\"async\" width=\"231\" height=\"300\" src=\"https:\/\/www.minerasancristobal.com\/v3\/es\/wp-content\/uploads\/2022\/02\/Certificacion-OMA-MSC-2021-2023-231x300.jpg\" class=\"attachment-medium size-medium\" alt=\"\" srcset=\"https:\/\/www.minerasancristobal.com\/v3\/es\/wp-content\/uploads\/2022\/02\/Certificacion-OMA-MSC-2021-2023-231x300.jpg 231w, https:\/\/www.minerasancristobal.com\/v3\/es\/wp-content\/uploads\/2022\/02\/Certificacion-OMA-MSC-2021-2023-787x1024.jpg 787w, https:\/\/www.minerasancristobal.com\/v3\/es\/wp-content\/uploads\/2022\/02\/Certificacion-OMA-MSC-2021-2023-768x999.jpg 768w, https:\/\/www.minerasancristobal.com\/v3\/es\/wp-content\/uploads\/2022\/02\/Certificacion-OMA-MSC-2021-2023-1181x1536.jpg 1181w, https:\/\/www.minerasancristobal.com\/v3\/es\/wp-content\/uploads\/2022\/02\/Certificacion-OMA-MSC-2021-2023.jpg 1256w\" sizes=\"auto, (max-width: 231px) 100vw, 231px\" \/><\/div><figcaption><\/figcaption><\/figure><\/a><\/div><div class=\"grve-isotope-item \"><a href=\"https:\/\/www.minerasancristobal.com\/v3\/es\/wp-content\/uploads\/2020\/03\/Certificado-MSC-OEA-Exportador.png\"><figure class=\"grve-image-hover grve-zoom-in\"><div class=\"grve-media grve-primary-1-overlay grve-opacity-40\"><img loading=\"lazy\" decoding=\"async\" width=\"250\" height=\"300\" src=\"https:\/\/www.minerasancristobal.com\/v3\/es\/wp-content\/uploads\/2020\/03\/Certificado-MSC-OEA-Exportador-250x300.png\" class=\"attachment-medium size-medium\" alt=\"\" srcset=\"https:\/\/www.minerasancristobal.com\/v3\/es\/wp-content\/uploads\/2020\/03\/Certificado-MSC-OEA-Exportador-250x300.png 250w, https:\/\/www.minerasancristobal.com\/v3\/es\/wp-content\/uploads\/2020\/03\/Certificado-MSC-OEA-Exportador.png 720w\" sizes=\"auto, (max-width: 250px) 100vw, 250px\" \/><\/div><figcaption><\/figcaption><\/figure><\/a><\/div><div class=\"grve-isotope-item \"><a href=\"https:\/\/www.minerasancristobal.com\/v3\/es\/wp-content\/uploads\/2025\/11\/Certificado-MSC_Aduana-de-Bolivia-Operado-r-Economico-Autorizado_OEA-Importador-1468x1920.jpg\"><figure class=\"grve-image-hover grve-zoom-in\"><div class=\"grve-media grve-primary-1-overlay grve-opacity-40\"><img loading=\"lazy\" decoding=\"async\" width=\"229\" height=\"300\" src=\"https:\/\/www.minerasancristobal.com\/v3\/es\/wp-content\/uploads\/2025\/11\/Certificado-MSC_Aduana-de-Bolivia-Operado-r-Economico-Autorizado_OEA-Importador-229x300.jpg\" class=\"attachment-medium size-medium\" alt=\"\" srcset=\"https:\/\/www.minerasancristobal.com\/v3\/es\/wp-content\/uploads\/2025\/11\/Certificado-MSC_Aduana-de-Bolivia-Operado-r-Economico-Autorizado_OEA-Importador-229x300.jpg 229w, https:\/\/www.minerasancristobal.com\/v3\/es\/wp-content\/uploads\/2025\/11\/Certificado-MSC_Aduana-de-Bolivia-Operado-r-Economico-Autorizado_OEA-Importador-783x1024.jpg 783w, https:\/\/www.minerasancristobal.com\/v3\/es\/wp-content\/uploads\/2025\/11\/Certificado-MSC_Aduana-de-Bolivia-Operado-r-Economico-Autorizado_OEA-Importador-768x1004.jpg 768w, https:\/\/www.minerasancristobal.com\/v3\/es\/wp-content\/uploads\/2025\/11\/Certificado-MSC_Aduana-de-Bolivia-Operado-r-Economico-Autorizado_OEA-Importador-1175x1536.jpg 1175w, https:\/\/www.minerasancristobal.com\/v3\/es\/wp-content\/uploads\/2025\/11\/Certificado-MSC_Aduana-de-Bolivia-Operado-r-Economico-Autorizado_OEA-Importador-1566x2048.jpg 1566w, https:\/\/www.minerasancristobal.com\/v3\/es\/wp-content\/uploads\/2025\/11\/Certificado-MSC_Aduana-de-Bolivia-Operado-r-Economico-Autorizado_OEA-Importador-1468x1920.jpg 1468w\" sizes=\"auto, (max-width: 229px) 100vw, 229px\" \/><\/div><figcaption><\/figcaption><\/figure><\/a><\/div><div class=\"grve-isotope-item \"><a href=\"https:\/\/www.minerasancristobal.com\/v3\/es\/wp-content\/uploads\/2023\/08\/IBMETRO-CET018-1.jpeg\"><figure class=\"grve-image-hover grve-zoom-in\"><div class=\"grve-media grve-primary-1-overlay grve-opacity-40\"><img loading=\"lazy\" decoding=\"async\" width=\"210\" height=\"300\" src=\"https:\/\/www.minerasancristobal.com\/v3\/es\/wp-content\/uploads\/2023\/08\/IBMETRO-CET018-1-210x300.jpeg\" class=\"attachment-medium size-medium\" alt=\"\" srcset=\"https:\/\/www.minerasancristobal.com\/v3\/es\/wp-content\/uploads\/2023\/08\/IBMETRO-CET018-1-210x300.jpeg 210w, https:\/\/www.minerasancristobal.com\/v3\/es\/wp-content\/uploads\/2023\/08\/IBMETRO-CET018-1.jpeg 447w\" sizes=\"auto, (max-width: 210px) 100vw, 210px\" \/><\/div><figcaption><\/figcaption><\/figure><\/a><\/div><div class=\"grve-isotope-item \"><a href=\"https:\/\/www.minerasancristobal.com\/v3\/es\/wp-content\/uploads\/2023\/08\/IBMETRO-CET018-2.jpeg\"><figure class=\"grve-image-hover grve-zoom-in\"><div class=\"grve-media grve-primary-1-overlay grve-opacity-40\"><img loading=\"lazy\" decoding=\"async\" width=\"214\" height=\"300\" src=\"https:\/\/www.minerasancristobal.com\/v3\/es\/wp-content\/uploads\/2023\/08\/IBMETRO-CET018-2-214x300.jpeg\" class=\"attachment-medium size-medium\" alt=\"\" srcset=\"https:\/\/www.minerasancristobal.com\/v3\/es\/wp-content\/uploads\/2023\/08\/IBMETRO-CET018-2-214x300.jpeg 214w, https:\/\/www.minerasancristobal.com\/v3\/es\/wp-content\/uploads\/2023\/08\/IBMETRO-CET018-2.jpeg 456w\" sizes=\"auto, (max-width: 214px) 100vw, 214px\" \/><\/div><figcaption><\/figcaption><\/figure><\/a><\/div><div class=\"grve-isotope-item \"><a href=\"https:\/\/www.minerasancristobal.com\/v3\/es\/wp-content\/uploads\/2024\/01\/IBNORCA-CERTIFICADO-NB-512001-1-1357x1920.jpg\"><figure class=\"grve-image-hover grve-zoom-in\"><div class=\"grve-media grve-primary-1-overlay grve-opacity-40\"><img loading=\"lazy\" decoding=\"async\" width=\"212\" height=\"300\" src=\"https:\/\/www.minerasancristobal.com\/v3\/es\/wp-content\/uploads\/2024\/01\/IBNORCA-CERTIFICADO-NB-512001-1-212x300.jpg\" class=\"attachment-medium size-medium\" alt=\"\" srcset=\"https:\/\/www.minerasancristobal.com\/v3\/es\/wp-content\/uploads\/2024\/01\/IBNORCA-CERTIFICADO-NB-512001-1-212x300.jpg 212w, https:\/\/www.minerasancristobal.com\/v3\/es\/wp-content\/uploads\/2024\/01\/IBNORCA-CERTIFICADO-NB-512001-1-724x1024.jpg 724w, https:\/\/www.minerasancristobal.com\/v3\/es\/wp-content\/uploads\/2024\/01\/IBNORCA-CERTIFICADO-NB-512001-1-768x1087.jpg 768w, https:\/\/www.minerasancristobal.com\/v3\/es\/wp-content\/uploads\/2024\/01\/IBNORCA-CERTIFICADO-NB-512001-1-1086x1536.jpg 1086w, https:\/\/www.minerasancristobal.com\/v3\/es\/wp-content\/uploads\/2024\/01\/IBNORCA-CERTIFICADO-NB-512001-1-1448x2048.jpg 1448w, https:\/\/www.minerasancristobal.com\/v3\/es\/wp-content\/uploads\/2024\/01\/IBNORCA-CERTIFICADO-NB-512001-1-1357x1920.jpg 1357w, https:\/\/www.minerasancristobal.com\/v3\/es\/wp-content\/uploads\/2024\/01\/IBNORCA-CERTIFICADO-NB-512001-1.jpg 1654w\" sizes=\"auto, (max-width: 212px) 100vw, 212px\" \/><\/div><figcaption><\/figcaption><\/figure><\/a><\/div><div class=\"grve-isotope-item \"><a href=\"https:\/\/www.minerasancristobal.com\/v3\/es\/wp-content\/uploads\/2025\/03\/2025-03-10-minera-san-cristobal-sa-is-bao-certificate-1.png\"><figure class=\"grve-image-hover grve-zoom-in\"><div class=\"grve-media grve-primary-1-overlay grve-opacity-40\"><img loading=\"lazy\" decoding=\"async\" width=\"232\" height=\"300\" src=\"https:\/\/www.minerasancristobal.com\/v3\/es\/wp-content\/uploads\/2025\/03\/2025-03-10-minera-san-cristobal-sa-is-bao-certificate-1-232x300.png\" class=\"attachment-medium size-medium\" alt=\"\" srcset=\"https:\/\/www.minerasancristobal.com\/v3\/es\/wp-content\/uploads\/2025\/03\/2025-03-10-minera-san-cristobal-sa-is-bao-certificate-1-232x300.png 232w, https:\/\/www.minerasancristobal.com\/v3\/es\/wp-content\/uploads\/2025\/03\/2025-03-10-minera-san-cristobal-sa-is-bao-certificate-1-791x1024.png 791w, https:\/\/www.minerasancristobal.com\/v3\/es\/wp-content\/uploads\/2025\/03\/2025-03-10-minera-san-cristobal-sa-is-bao-certificate-1-768x994.png 768w, https:\/\/www.minerasancristobal.com\/v3\/es\/wp-content\/uploads\/2025\/03\/2025-03-10-minera-san-cristobal-sa-is-bao-certificate-1-1187x1536.png 1187w, https:\/\/www.minerasancristobal.com\/v3\/es\/wp-content\/uploads\/2025\/03\/2025-03-10-minera-san-cristobal-sa-is-bao-certificate-1.png 1224w\" sizes=\"auto, (max-width: 232px) 100vw, 232px\" \/><\/div><figcaption><\/figcaption><\/figure><\/a><\/div><div class=\"grve-isotope-item \"><a href=\"https:\/\/www.minerasancristobal.com\/v3\/es\/wp-content\/uploads\/2026\/02\/TE2026-Top-Employers-Certificate-Bolivia-Minera-San-Cristobal-Spanish-1-pdf.jpg\"><figure class=\"grve-image-hover grve-zoom-in\"><div class=\"grve-media grve-primary-1-overlay grve-opacity-40\"><img loading=\"lazy\" decoding=\"async\" width=\"212\" height=\"300\" src=\"https:\/\/www.minerasancristobal.com\/v3\/es\/wp-content\/uploads\/2026\/02\/TE2026-Top-Employers-Certificate-Bolivia-Minera-San-Cristobal-Spanish-1-pdf-212x300.jpg\" class=\"attachment-medium size-medium\" alt=\"\" \/><\/div><figcaption><\/figcaption><\/figure><\/a><\/div><\/div><\/div>[\/vc_column][\/vc_row]<\/p>\n<\/section>","protected":false},"excerpt":{"rendered":"<p>[vc_row][vc_column][vc_column_text text_style=&#8221;leader-text&#8221;]Certificaciones[\/vc_column_text][vc_column_text]La vocaci\u00f3n y compromiso de Minera San Crist\u00f3bal para alcanzar la excelencia condujeron a la empresa a la obtenci\u00f3n de importantes reconocimientos, convirti\u00e9ndola en un referente de la nueva miner\u00eda en Bolivia y en el mundo. La reconocida firma Icontec complet\u00f3 el proceso de transferencia y emiti\u00f3 a la empresa las cuatro certificaciones con [&hellip;]<\/p>\n","protected":false},"author":1,"featured_media":0,"parent":3859,"menu_order":7,"comment_status":"closed","ping_status":"closed","template":"","meta":{"footnotes":""},"class_list":["post-4776","page","type-page","status-publish","hentry"],"_links":{"self":[{"href":"https:\/\/www.minerasancristobal.com\/v3\/es\/wp-json\/wp\/v2\/pages\/4776","targetHints":{"allow":["GET"]}}],"collection":[{"href":"https:\/\/www.minerasancristobal.com\/v3\/es\/wp-json\/wp\/v2\/pages"}],"about":[{"href":"https:\/\/www.minerasancristobal.com\/v3\/es\/wp-json\/wp\/v2\/types\/page"}],"author":[{"embeddable":true,"href":"https:\/\/www.minerasancristobal.com\/v3\/es\/wp-json\/wp\/v2\/users\/1"}],"replies":[{"embeddable":true,"href":"https:\/\/www.minerasancristobal.com\/v3\/es\/wp-json\/wp\/v2\/comments?post=4776"}],"version-history":[{"count":52,"href":"https:\/\/www.minerasancristobal.com\/v3\/es\/wp-json\/wp\/v2\/pages\/4776\/revisions"}],"predecessor-version":[{"id":7101,"href":"https:\/\/www.minerasancristobal.com\/v3\/es\/wp-json\/wp\/v2\/pages\/4776\/revisions\/7101"}],"up":[{"embeddable":true,"href":"https:\/\/www.minerasancristobal.com\/v3\/es\/wp-json\/wp\/v2\/pages\/3859"}],"wp:attachment":[{"href":"https:\/\/www.minerasancristobal.com\/v3\/es\/wp-json\/wp\/v2\/media?parent=4776"}],"curies":[{"name":"wp","href":"https:\/\/api.w.org\/{rel}","templated":true}]}}