{"id":4852,"date":"2016-01-18T22:18:20","date_gmt":"2016-01-18T22:18:20","guid":{"rendered":"http:\/\/www.minerasancristobal.com\/v3\/es\/?page_id=4852"},"modified":"2016-09-05T14:01:04","modified_gmt":"2016-09-05T14:01:04","slug":"monitoreo-medioambiental","status":"publish","type":"page","link":"https:\/\/www.minerasancristobal.com\/v3\/es\/inicio\/desarrollo-sostenible\/compromiso-ambiental\/monitoreo-medioambiental\/","title":{"rendered":"Monitoreo Medioambiental"},"content":{"rendered":"<section class=\"wpb-content-wrapper\"><p>[vc_row][vc_column][vc_column_text text_style=&#8221;leader-text&#8221;]Monitoreo\u00a0Medioambiental[\/vc_column_text][vc_column_text]Como parte de su pol\u00edtica medioambiental, <strong>MSC<\/strong> realiza el monitoreo a los seis factores ambientales establecidos en la normativa vigente, cuyos resultados son indicadores de desempe\u00f1o y eficacia de las medidas de prevenci\u00f3n y control, por lo tanto, en base a estos indicadores se planifican y ejecutan acciones correctivas de mitigaci\u00f3n cuando es necesario.<\/p>\n<p>Los resultados son reportados a la autoridad ambiental competente y difundidos en las comunidades del entorno.<\/p>\n<p>El monitoreo y seguimiento es esencial para la planificaci\u00f3n de la gesti\u00f3n de la calidad de los recursos ambientales, en beneficio de las comunidades del \u00e1rea de influencia directa e indirecta y para cuidar su bienestar en un \u00e1mbito de equilibrio y equidad hacia la sostenibilidad de su desarrollo.[\/vc_column_text][\/vc_column][\/vc_row][vc_row][vc_column][vc_column_text text_style=&#8221;subtitle&#8221;]<strong>Aire<\/strong>[\/vc_column_text][vc_column_text]<strong>MSC<\/strong> cuenta con una red de estaciones de monitoreo de polvo, dentro del \u00e1rea operativa y en las comunidades de San Crist\u00f3bal y Culpina K, con el fin de recolectar informaci\u00f3n para la toma de decisiones y aplicaci\u00f3n de acciones para mantener y\/o mejorar la calidad de aire. En forma anual se realiza monitoreo de gases de combusti\u00f3n en fuentes m\u00f3viles, tanto en veh\u00edculos livianos como pesados del parque automotor.<\/p>\n<p>Se cuenta tambi\u00e9n con una red de estaciones meteorol\u00f3gicas para medir variables del clima, tales como la temperatura, precipitaci\u00f3n, presi\u00f3n atmosf\u00e9rica, humedad relativa, direcci\u00f3n y velocidad del viento, entre otras, que son importantes para la evaluaci\u00f3n de la calidad atmosf\u00e9rica, para planificar trabajos de campo y atender requerimientos de informaci\u00f3n de los municipios y comunidades de la regi\u00f3n, con fines de prevenci\u00f3n de riesgos naturales.[\/vc_column_text][vc_column_text]El a\u00f1o 2010, <strong>MSC<\/strong> logr\u00f3 una triple certificaci\u00f3n con normas de calidad, salud, seguridad y medio ambiente, entre las que se destaca la aplicaci\u00f3n de la norma ISO 14001, est\u00e1ndar globalmente reconocido que est\u00e1 orientado al cuidado ambiental. \u00a0Por lo tanto la certificaci\u00f3n refleja que la empresa trabaja de manera constante y firme en la implementaci\u00f3n de un sistema de gesti\u00f3n medioambiental eficiente.[\/vc_column_text][vc_column_text text_style=&#8221;subtitle&#8221;]<strong>Ruido<\/strong>[\/vc_column_text][vc_column_text]Teniendo en cuenta la din\u00e1mica de las operaciones y su influencia en el medio ambiente, <strong>MSC<\/strong> cuenta con un programa de monitoreo de ruido que permite identificar, corregir y prevenir oportunamente cualquier condici\u00f3n an\u00f3mala de los niveles de presi\u00f3n sonora que asocie a las actividades de la operaci\u00f3n minera.[\/vc_column_text][vc_column_text text_style=&#8221;subtitle&#8221;]<strong>Agua<\/strong>[\/vc_column_text][vc_column_text]El monitoreo de los recursos h\u00eddricos est\u00e1 enfocado a conocer caracter\u00edsticas f\u00edsico \u2013 qu\u00edmicas del agua, permitiendo comprender el comportamiento de los par\u00e1metros de calidad. El monitoreo de calidad de aguas se realiza en 86 puntos de muestreo y medici\u00f3n de aguas subterr\u00e1neas y superficiales, que incluye los r\u00edos y vertientes del \u00e1rea de operaci\u00f3n y de influencia. Los resultados de monitoreo de aguas, durante el per\u00edodo de operaci\u00f3n, muestran que se cumple satisfactoriamente con los l\u00edmites permisibles establecidos por el Reglamento en Materia de Contaminaci\u00f3n h\u00eddrica y con la l\u00ednea base.<\/p>\n<p><strong>MSC<\/strong> ha ejecutado y contin\u00faa implementando proyectos de agua potable para las comunidades para satisfacer la demanda creciente, que deriva del aumento de la poblaci\u00f3n local.[\/vc_column_text][vc_column_text text_style=&#8221;subtitle&#8221;]<strong>Suelo<\/strong>[\/vc_column_text][vc_column_text]El monitoreo de suelos se realiza en 42 puntos, distribuidos dentro del \u00e1rea de operaciones y en las \u00e1reas de influencia, con el fin de verificar las condiciones de humedad, contenido de material org\u00e1nico, macro nutrientes y metales pesados, proporcionando indicadores que sirvan para identificar y controlar cualquier desviaci\u00f3n en el tiempo. De esta manera, se establecen condiciones de estabilidad f\u00edsica, qu\u00edmica y biol\u00f3gica con ligeras variaciones dentro de los l\u00edmites del a l\u00ednea base.<\/p>\n<p>Las \u00e1reas afectadas en la fase de construcci\u00f3n o por incidentes operativos est\u00e1n sujetas a programas de rehabilitaci\u00f3n, restableciendo la cobertura vegetal, principalmente con especies nativas. Este programa incluye tambi\u00e9n la evaluaci\u00f3n del desarrollo de especies introducidas como la \u201cespina de mar\u201d y \u201catriplex\u201d, con car\u00e1cter experimental.[\/vc_column_text][vc_column_text text_style=&#8221;subtitle&#8221;]<strong>Ecolog\u00eda<\/strong>[\/vc_column_text][vc_column_text]La zona de operaciones y su entorno presentan variedad de especies de flora y fauna que son monitoreadas por especialistas bi\u00f3logos en forma semestral, para verificar la estabilidad y\/o posibles impactos.<\/p>\n<p>Las actividades de origen entr\u00f3pico generan presi\u00f3n en su entorno, seg\u00fan los resultados de estos monitoreos existe estabilidad de cantidad y variedad de especies vulnerables y en peligro de extinci\u00f3n, con la finalidad de evitar impactos o degradaci\u00f3n de los ecosistemas locales.[\/vc_column_text][\/vc_column][\/vc_row]<\/p>\n<\/section>","protected":false},"excerpt":{"rendered":"<p>[vc_row][vc_column][vc_column_text text_style=&#8221;leader-text&#8221;]Monitoreo\u00a0Medioambiental[\/vc_column_text][vc_column_text]Como parte de su pol\u00edtica medioambiental, MSC realiza el monitoreo a los seis factores ambientales establecidos en la normativa vigente, cuyos resultados son indicadores de desempe\u00f1o y eficacia de las medidas de prevenci\u00f3n y control, por lo tanto, en base a estos indicadores se planifican y ejecutan acciones correctivas de mitigaci\u00f3n cuando es necesario. [&hellip;]<\/p>\n","protected":false},"author":2,"featured_media":0,"parent":4636,"menu_order":1,"comment_status":"closed","ping_status":"closed","template":"","meta":{"footnotes":""},"class_list":["post-4852","page","type-page","status-publish","hentry"],"_links":{"self":[{"href":"https:\/\/www.minerasancristobal.com\/v3\/es\/wp-json\/wp\/v2\/pages\/4852","targetHints":{"allow":["GET"]}}],"collection":[{"href":"https:\/\/www.minerasancristobal.com\/v3\/es\/wp-json\/wp\/v2\/pages"}],"about":[{"href":"https:\/\/www.minerasancristobal.com\/v3\/es\/wp-json\/wp\/v2\/types\/page"}],"author":[{"embeddable":true,"href":"https:\/\/www.minerasancristobal.com\/v3\/es\/wp-json\/wp\/v2\/users\/2"}],"replies":[{"embeddable":true,"href":"https:\/\/www.minerasancristobal.com\/v3\/es\/wp-json\/wp\/v2\/comments?post=4852"}],"version-history":[{"count":8,"href":"https:\/\/www.minerasancristobal.com\/v3\/es\/wp-json\/wp\/v2\/pages\/4852\/revisions"}],"predecessor-version":[{"id":4872,"href":"https:\/\/www.minerasancristobal.com\/v3\/es\/wp-json\/wp\/v2\/pages\/4852\/revisions\/4872"}],"up":[{"embeddable":true,"href":"https:\/\/www.minerasancristobal.com\/v3\/es\/wp-json\/wp\/v2\/pages\/4636"}],"wp:attachment":[{"href":"https:\/\/www.minerasancristobal.com\/v3\/es\/wp-json\/wp\/v2\/media?parent=4852"}],"curies":[{"name":"wp","href":"https:\/\/api.w.org\/{rel}","templated":true}]}}