{"id":4860,"date":"2016-01-18T22:40:04","date_gmt":"2016-01-18T22:40:04","guid":{"rendered":"http:\/\/www.minerasancristobal.com\/v3\/es\/?page_id=4860"},"modified":"2022-08-05T20:51:00","modified_gmt":"2022-08-05T20:51:00","slug":"gestion-de-recursos-hidricos","status":"publish","type":"page","link":"https:\/\/www.minerasancristobal.com\/v3\/es\/inicio\/desarrollo-sostenible\/compromiso-ambiental\/gestion-de-recursos-hidricos\/","title":{"rendered":"Gesti\u00f3n de Recursos H\u00eddricos"},"content":{"rendered":"<section class=\"wpb-content-wrapper\"><p>[vc_row][vc_column][vc_column_text text_style=&#8221;leader-text&#8221;]Gesti\u00f3n de Recursos H\u00eddricos[\/vc_column_text][vc_column_text]Siendo el agua un recurso estrat\u00e9gico para las comunidades de la zona y tambi\u00e9n para la actividad minera, la empresa ha desarrollado un programa completo de gesti\u00f3n de los recursos h\u00eddricos. El programa se centra en identificar, administrar y maximizar la provisi\u00f3n de agua.<\/p>\n<p>Durante m\u00e1s de una d\u00e9cada, <strong>MSC<\/strong> ha monitoreado sistem\u00e1tica y cuidadosamente su uso de agua, adem\u00e1s de los niveles de las cuencas y los acu\u00edferos que son la fuente del agua industrial y potable.<\/p>\n<p>En la planta concentradora de <strong>MSC<\/strong> se utiliza agua subterr\u00e1nea de calidad industrial <strong><u>no apta para consumo humano, animal o riego.\u00a0 <\/u><\/strong>Por la importancia de este recurso, y por aspectos asociados a su aprovechamiento, se han implementado acciones de mejora en el \u00e1mbito operativo, para optimizar la eficiencia y desempe\u00f1o en el manejo del agua en el campo de pozos.<\/p>\n<p>Desde el inicio de sus operaciones, Minera San Crist\u00f3bal ha disminuido significativamente el volumen de agua industrial subterr\u00e1nea que utiliza en su proceso productivo, que proviene del campo de pozos. Se trata de aguas salinas, con calidad menor a la Clase D, seg\u00fan la clasificaci\u00f3n del Reglamento Ambiental en Materia de Contaminaci\u00f3n H\u00eddrica, Ley 1333 de Medio Ambiente, por tanto no apta para consumo humano o riego.<\/p>\n<p>Para asegurar mayores vol\u00famenes de recuperaci\u00f3n y recirculaci\u00f3n de agua de colas hacia la planta concentradora.\u00a0 Se instal\u00f3 un nuevo sistema de recuperaci\u00f3n de agua del dep\u00f3sito de colas, que comprende: 15 Km de l\u00ednea de transmisi\u00f3n de energ\u00eda el\u00e9ctrica, estaciones de bombeo y otras instalaciones para el transporte hasta la planta concentradora, con una inversi\u00f3n significativa. A la fecha se logr\u00f3 incrementar de \u2013 manera significativa \u2013 el volumen de recirculaci\u00f3n, hasta niveles \u00f3ptimos.<\/p>\n<p>Con el prop\u00f3sito de contar con la informaci\u00f3n actualizada sobre el comportamiento de las fuentes de agua dentro del \u00e1rea de influencia de las operaciones de MSC, se ha monitoreado sistem\u00e1ticamente y cuidadosamente los par\u00e1metros de calidad ambiental de los factores agua, suelo y biota, durante m\u00e1s de una d\u00e9cada, seg\u00fan las normas y procedimientos establecidos en la reglamentaci\u00f3n nacional vigente y otros est\u00e1ndares internacionales.<\/p>\n<p>De esta manera, se conocen las caracter\u00edsticas de calidad de las fuentes de agua superficial y subterr\u00e1nea y de sus aptitudes de uso potencial, tanto para actividades industriales como para otros usos en comunidades.[\/vc_column_text]<div class=\"grve-element grve-image grve-full-image grve-align-center\" style=\"\"><img loading=\"lazy\" decoding=\"async\" width=\"936\" height=\"557\" src=\"https:\/\/www.minerasancristobal.com\/v3\/es\/wp-content\/uploads\/2022\/08\/gestio\u0301n-del-agua.jpg\" class=\"attachment-full size-full\" alt=\"\" srcset=\"https:\/\/www.minerasancristobal.com\/v3\/es\/wp-content\/uploads\/2022\/08\/gestio\u0301n-del-agua.jpg 936w, https:\/\/www.minerasancristobal.com\/v3\/es\/wp-content\/uploads\/2022\/08\/gestio\u0301n-del-agua-300x179.jpg 300w, https:\/\/www.minerasancristobal.com\/v3\/es\/wp-content\/uploads\/2022\/08\/gestio\u0301n-del-agua-768x457.jpg 768w\" sizes=\"auto, (max-width: 936px) 100vw, 936px\" \/><\/div>[\/vc_column][\/vc_row][vc_row][vc_column][vc_column_text]El manejo y disposici\u00f3n de colas es uno de los aspectos cr\u00edticos desde el punto de vista ambiental, por las connotaciones socioecon\u00f3micas asociadas, raz\u00f3n por la que MSC brinda mayor atenci\u00f3n\u00a0 a sus instalaciones de almacenamiento de colas de la planta concentradora, que est\u00e1 emplazada dentro de una cuenca cerrada (endorreica) que favorece a la prevenci\u00f3n y control de riesgos, ya sea en condiciones de una operaci\u00f3n normal o en una contingencia por fen\u00f3menos naturales.\u00a0 No hay descarga de efluentes fuera del \u00e1rea de operaciones, por la recirculaci\u00f3n al proceso operativo de la planta.<\/p>\n<p>El agua para consumo humano, es decir, para el personal de la empresa y eventualmente, para comunidades se la obtiene de un pozo ubicado en el Campo Norte, que alimenta a la planta de \u00d3smosis para tratamiento de desalinizaci\u00f3n; este m\u00e9todo de tratamiento tiene un costo mucho mayor en comparaci\u00f3n a otros procesos convencionales que aplican procedimientos f\u00edsico-qu\u00edmicos.[\/vc_column_text][\/vc_column][\/vc_row]<\/p>\n<\/section>","protected":false},"excerpt":{"rendered":"<p>[vc_row][vc_column][vc_column_text text_style=&#8221;leader-text&#8221;]Gesti\u00f3n de Recursos H\u00eddricos[\/vc_column_text][vc_column_text]Siendo el agua un recurso estrat\u00e9gico para las comunidades de la zona y tambi\u00e9n para la actividad minera, la empresa ha desarrollado un programa completo de gesti\u00f3n de los recursos h\u00eddricos. El programa se centra en identificar, administrar y maximizar la provisi\u00f3n de agua. Durante m\u00e1s de una d\u00e9cada, MSC ha [&hellip;]<\/p>\n","protected":false},"author":2,"featured_media":0,"parent":4636,"menu_order":2,"comment_status":"closed","ping_status":"closed","template":"","meta":{"footnotes":""},"class_list":["post-4860","page","type-page","status-publish","hentry"],"_links":{"self":[{"href":"https:\/\/www.minerasancristobal.com\/v3\/es\/wp-json\/wp\/v2\/pages\/4860","targetHints":{"allow":["GET"]}}],"collection":[{"href":"https:\/\/www.minerasancristobal.com\/v3\/es\/wp-json\/wp\/v2\/pages"}],"about":[{"href":"https:\/\/www.minerasancristobal.com\/v3\/es\/wp-json\/wp\/v2\/types\/page"}],"author":[{"embeddable":true,"href":"https:\/\/www.minerasancristobal.com\/v3\/es\/wp-json\/wp\/v2\/users\/2"}],"replies":[{"embeddable":true,"href":"https:\/\/www.minerasancristobal.com\/v3\/es\/wp-json\/wp\/v2\/comments?post=4860"}],"version-history":[{"count":9,"href":"https:\/\/www.minerasancristobal.com\/v3\/es\/wp-json\/wp\/v2\/pages\/4860\/revisions"}],"predecessor-version":[{"id":6489,"href":"https:\/\/www.minerasancristobal.com\/v3\/es\/wp-json\/wp\/v2\/pages\/4860\/revisions\/6489"}],"up":[{"embeddable":true,"href":"https:\/\/www.minerasancristobal.com\/v3\/es\/wp-json\/wp\/v2\/pages\/4636"}],"wp:attachment":[{"href":"https:\/\/www.minerasancristobal.com\/v3\/es\/wp-json\/wp\/v2\/media?parent=4860"}],"curies":[{"name":"wp","href":"https:\/\/api.w.org\/{rel}","templated":true}]}}