{"id":4866,"date":"2016-01-18T22:44:59","date_gmt":"2016-01-18T22:44:59","guid":{"rendered":"http:\/\/www.minerasancristobal.com\/v3\/es\/?page_id=4866"},"modified":"2016-09-05T14:03:48","modified_gmt":"2016-09-05T14:03:48","slug":"conservacion-de-energia","status":"publish","type":"page","link":"https:\/\/www.minerasancristobal.com\/v3\/es\/inicio\/desarrollo-sostenible\/compromiso-ambiental\/conservacion-de-energia\/","title":{"rendered":"Conservaci\u00f3n de Energ\u00eda"},"content":{"rendered":"<section class=\"wpb-content-wrapper\"><p>[vc_row][vc_column][vc_column_text text_style=&#8221;leader-text&#8221;]Conservaci\u00f3n de Energ\u00eda[\/vc_column_text][vc_column_text]Otro aspecto ambiental de gran importancia es el consumo de energ\u00eda, raz\u00f3n por la que <strong>MSC<\/strong> se esfuerza constantemente por mejorar las instalaciones y los procesos operativos con el prop\u00f3sito de optimizar el uso de energ\u00eda, aplicando los m\u00e9todos m\u00e1s avanzados para reducir la demanda y el consumo de energ\u00eda, minimizando el impacto ambiental indirecto en un contexto m\u00e1s global.<\/p>\n<p>Algunas de las acciones aplicadas para reducir el consumo de energ\u00eda son: la innovaci\u00f3n de nuevos dise\u00f1os de revestimiento del molino SAG (semi aut\u00f3geno) para optimizar la capacidad de tratamiento, la instalaci\u00f3n de un banco de capacitores para optimizar el factor de potencia de la operaci\u00f3n, la instalaci\u00f3n de variadores de frecuencia en motores que consumen s\u00f3lo la energ\u00eda necesaria y el uso de motores nuevos de alta eficiencia, que ha permitido reducir el consumo hasta 9%, para una mayor capacidad de tratamiento mineral.<\/p>\n<p>Otras mejoras importantes del proceso de producci\u00f3n de <strong>MSC<\/strong> son los ajustes mec\u00e1nicos y el\u00e9ctricos en el tanque espesador de colas; la optimizaci\u00f3n de la voladura para optimizar la quebradura y ajustes operativos en el circuito de trituraci\u00f3n, con lo que se ha contribuido a mejorar el\u00a0 rendimiento de la fase de molienda.\u00a0 La optimizaci\u00f3n operativa del tanque espesador de colas mejor\u00f3 la recuperaci\u00f3n de agua en la planta.[\/vc_column_text][\/vc_column][\/vc_row]<\/p>\n<\/section>","protected":false},"excerpt":{"rendered":"<p>[vc_row][vc_column][vc_column_text text_style=&#8221;leader-text&#8221;]Conservaci\u00f3n de Energ\u00eda[\/vc_column_text][vc_column_text]Otro aspecto ambiental de gran importancia es el consumo de energ\u00eda, raz\u00f3n por la que MSC se esfuerza constantemente por mejorar las instalaciones y los procesos operativos con el prop\u00f3sito de optimizar el uso de energ\u00eda, aplicando los m\u00e9todos m\u00e1s avanzados para reducir la demanda y el consumo de energ\u00eda, minimizando el [&hellip;]<\/p>\n","protected":false},"author":2,"featured_media":0,"parent":4636,"menu_order":3,"comment_status":"closed","ping_status":"closed","template":"","meta":{"footnotes":""},"class_list":["post-4866","page","type-page","status-publish","hentry"],"_links":{"self":[{"href":"https:\/\/www.minerasancristobal.com\/v3\/es\/wp-json\/wp\/v2\/pages\/4866","targetHints":{"allow":["GET"]}}],"collection":[{"href":"https:\/\/www.minerasancristobal.com\/v3\/es\/wp-json\/wp\/v2\/pages"}],"about":[{"href":"https:\/\/www.minerasancristobal.com\/v3\/es\/wp-json\/wp\/v2\/types\/page"}],"author":[{"embeddable":true,"href":"https:\/\/www.minerasancristobal.com\/v3\/es\/wp-json\/wp\/v2\/users\/2"}],"replies":[{"embeddable":true,"href":"https:\/\/www.minerasancristobal.com\/v3\/es\/wp-json\/wp\/v2\/comments?post=4866"}],"version-history":[{"count":2,"href":"https:\/\/www.minerasancristobal.com\/v3\/es\/wp-json\/wp\/v2\/pages\/4866\/revisions"}],"predecessor-version":[{"id":5002,"href":"https:\/\/www.minerasancristobal.com\/v3\/es\/wp-json\/wp\/v2\/pages\/4866\/revisions\/5002"}],"up":[{"embeddable":true,"href":"https:\/\/www.minerasancristobal.com\/v3\/es\/wp-json\/wp\/v2\/pages\/4636"}],"wp:attachment":[{"href":"https:\/\/www.minerasancristobal.com\/v3\/es\/wp-json\/wp\/v2\/media?parent=4866"}],"curies":[{"name":"wp","href":"https:\/\/api.w.org\/{rel}","templated":true}]}}