{"id":4868,"date":"2016-01-18T22:47:40","date_gmt":"2016-01-18T22:47:40","guid":{"rendered":"http:\/\/www.minerasancristobal.com\/v3\/es\/?page_id=4868"},"modified":"2016-09-05T14:04:44","modified_gmt":"2016-09-05T14:04:44","slug":"gestion-de-desechos","status":"publish","type":"page","link":"https:\/\/www.minerasancristobal.com\/v3\/es\/inicio\/desarrollo-sostenible\/compromiso-ambiental\/gestion-de-desechos\/","title":{"rendered":"Gesti\u00f3n de Desechos"},"content":{"rendered":"<section class=\"wpb-content-wrapper\"><p>[vc_row][vc_column][vc_column_text text_style=&#8221;leader-text&#8221;]Gesti\u00f3n de Desechos[\/vc_column_text][vc_column_text]<strong>Minera San Crist\u00f3bal (MSC)<\/strong> ha realizado una inversi\u00f3n importante en el desarrollo de un sistema dise\u00f1ado con un enfoque multifac\u00e9tico para que los trabajadores y las personas que viven en las comunidades puedan contar con los mecanismos adecuados de eliminaci\u00f3n de desechos que son necesarios para una vida cotidiana saludable.<\/p>\n<p>Para la gesti\u00f3n de residuos se cuenta con un relleno sanitario y un programa de recolecci\u00f3n y disposici\u00f3n clasificada, por tipo de residuos, para reutilizaci\u00f3n y reciclado.\u00a0 Asimismo, para las aguas servidas se cuenta con una planta de tratamiento que permite reutilizar\u00a0 las aguas tratadas en riego de \u00e1reas de revegetaci\u00f3n y en riego de caminos, para controlar la generaci\u00f3n de polvo.<\/p>\n<p>En la gesti\u00f3n de residuos convencionales, se vienen desarrollando opciones de tratamiento y aprovechamiento de los remanentes industriales para minimizar la disposici\u00f3n final.\u00a0 Por otra parte se han ejecutado proyectos de producci\u00f3n de compost a partir de desechos org\u00e1nicos y lodos de tratamiento de aguas, con el prop\u00f3sito de aplicar y difundir buenas pr\u00e1cticas de manejo ambiental, que son parte de la responsabilidad social de la empresa, y constituyen piedras angulares para asegurar bienestar y prosperidad en nuestras comunidades.<\/p>\n<p>Los residuos minero-metal\u00fargicos son almacenados en botaderos y en un dep\u00f3sito de relaves, cumpliendo est\u00e1ndares t\u00e9cnicos y regulaciones ambientales vigentes.\u00a0 Lo destacable es que no se realizan descargas de efluentes de mina o aguas de colas fuera del \u00e1rea de operaciones, ya que las aguas clarificadas en el dep\u00f3sito de relaves de colas son recirculadas a la planta concentradora.\u00a0 Este modelo de operaci\u00f3n previene la generaci\u00f3n de drenaje \u00e1cido.[\/vc_column_text][\/vc_column][\/vc_row]<\/p>\n<\/section>","protected":false},"excerpt":{"rendered":"<p>[vc_row][vc_column][vc_column_text text_style=&#8221;leader-text&#8221;]Gesti\u00f3n de Desechos[\/vc_column_text][vc_column_text]Minera San Crist\u00f3bal (MSC) ha realizado una inversi\u00f3n importante en el desarrollo de un sistema dise\u00f1ado con un enfoque multifac\u00e9tico para que los trabajadores y las personas que viven en las comunidades puedan contar con los mecanismos adecuados de eliminaci\u00f3n de desechos que son necesarios para una vida cotidiana saludable. Para la [&hellip;]<\/p>\n","protected":false},"author":2,"featured_media":0,"parent":4636,"menu_order":4,"comment_status":"closed","ping_status":"closed","template":"","meta":{"footnotes":""},"class_list":["post-4868","page","type-page","status-publish","hentry"],"_links":{"self":[{"href":"https:\/\/www.minerasancristobal.com\/v3\/es\/wp-json\/wp\/v2\/pages\/4868","targetHints":{"allow":["GET"]}}],"collection":[{"href":"https:\/\/www.minerasancristobal.com\/v3\/es\/wp-json\/wp\/v2\/pages"}],"about":[{"href":"https:\/\/www.minerasancristobal.com\/v3\/es\/wp-json\/wp\/v2\/types\/page"}],"author":[{"embeddable":true,"href":"https:\/\/www.minerasancristobal.com\/v3\/es\/wp-json\/wp\/v2\/users\/2"}],"replies":[{"embeddable":true,"href":"https:\/\/www.minerasancristobal.com\/v3\/es\/wp-json\/wp\/v2\/comments?post=4868"}],"version-history":[{"count":2,"href":"https:\/\/www.minerasancristobal.com\/v3\/es\/wp-json\/wp\/v2\/pages\/4868\/revisions"}],"predecessor-version":[{"id":5003,"href":"https:\/\/www.minerasancristobal.com\/v3\/es\/wp-json\/wp\/v2\/pages\/4868\/revisions\/5003"}],"up":[{"embeddable":true,"href":"https:\/\/www.minerasancristobal.com\/v3\/es\/wp-json\/wp\/v2\/pages\/4636"}],"wp:attachment":[{"href":"https:\/\/www.minerasancristobal.com\/v3\/es\/wp-json\/wp\/v2\/media?parent=4868"}],"curies":[{"name":"wp","href":"https:\/\/api.w.org\/{rel}","templated":true}]}}