{"id":4881,"date":"2016-01-19T00:12:39","date_gmt":"2016-01-19T00:12:39","guid":{"rendered":"http:\/\/www.minerasancristobal.com\/v3\/es\/?page_id=4881"},"modified":"2022-08-05T20:36:02","modified_gmt":"2022-08-05T20:36:02","slug":"nuestra-gente-salud-seguridad","status":"publish","type":"page","link":"https:\/\/www.minerasancristobal.com\/v3\/es\/inicio\/nuestra-gente-salud-seguridad\/","title":{"rendered":"Nuestra Gente, Salud y Seguridad"},"content":{"rendered":"<section class=\"wpb-content-wrapper\"><p>[vc_row][vc_column][vc_column_text text_style=&#8221;leader-text&#8221;]Nuestra Gente, Salud y Seguridad[\/vc_column_text][vc_column_text]Para <strong>MSC<\/strong> el principal activo es su recurso humano. Actualmente se tiene un equipo integrado por m\u00e1s de 1400 trabajadores distribuidos en sus distintas \u00e1reas productivas y de soporte.<\/p>\n<p>Nuestras operaciones se desarrollan procurando otorgar las mejores condiciones laborales y humanas para nuestro personal, al que capacitamos de forma permanente.<\/p>\n<p>Contamos con 1.319 empleados distribuidos en el campamento y en nuestras oficinas de las ciudades de Potos\u00ed y La Paz, adem\u00e1s de 579 contratistas. As\u00ed, alcanzamos un total de 1.898 trabajadores. Del total de nuestros trabajadores, el 87% es personal masculino y el 13% femenino. El 49% proviene de las comunidades aleda\u00f1as; el 14%, del departamento de Potos\u00ed; el 36%, de otras ciudades del pa\u00eds; y el personal extranjero corresponde al 1% del total.[\/vc_column_text][vc_column_text text_style=&#8221;subtitle&#8221;]<strong>Guarder\u00eda Infantil \u201cMi Segunda Casa\u201d<\/strong>[\/vc_column_text][vc_column_text]<strong>Minera San Crist\u00f3bal<\/strong>, con la firme decisi\u00f3n de mejorar la calidad de vida de sus trabajadores y brindar las mejores condiciones para sus ni\u00f1os, inici\u00f3 un proyecto de mejora de la guarder\u00eda ubicada en San Crist\u00f3bal, consistente en la construcci\u00f3n y adecuaci\u00f3n de una nueva Guarder\u00eda Infantil, ahora llamada: \u201cMi Segunda Casa\u201d.<\/p>\n<p>La guarder\u00eda actualmente alberga a cerca de 20 ni\u00f1os y presta su servicio\u00a0a hijos e hijas de trabajadoras de la empresa con edades entre los 6 meses y 4 a\u00f1os.\u00a0 La atenci\u00f3n se brinda durante todo el a\u00f1o, desde la ma\u00f1ana hasta la tarde e incluye su alimentaci\u00f3n.<\/p>\n<p>Los predios de la Guarder\u00eda permiten contar con atenci\u00f3n y cuidados especializados para los ni\u00f1os, de acuerdo a la siguiente clasificaci\u00f3n:[\/vc_column_text]<div class=\"grve-element grve-list grve-list-angle-double-right \" style=\"\"><ul>\n<li>Sala Cuna Menor: para la atenci\u00f3n de lactantes y ni\u00f1os hasta los 18 meses.<\/li>\n<li>Sala Cuna Mayor: para la atenci\u00f3n de ni\u00f1os de 18 a 24 meses (2 a\u00f1os).<\/li>\n<li>Sala Medio Menor: para la atenci\u00f3n de ni\u00f1os de 2 a\u00f1os a 4 a\u00f1os.<\/li>\n<li>Sala Medio Mayor: para atenci\u00f3n a ni\u00f1os de 3 a\u00f1os en adelante.<\/li>\n<\/ul>\n<\/div>[vc_column_text]La Guarder\u00eda, cuenta tambi\u00e9n con un c\u00f3modo gimnasio para la realizaci\u00f3n de actividades de desarrollo y estimulaci\u00f3n cognitiva, social, motriz y de lenguaje para los ni\u00f1os.\u00a0 Tambi\u00e9n se encuentra equipado con diferentes juegos did\u00e1cticos, de psicomotricidad y recreaci\u00f3n. Para la alimentaci\u00f3n diaria delos ni\u00f1os, se cuenta con una cocina totalmente equipada donde se prepara un men\u00fa variado, nutritivo y balanceado de alimentos para los ni\u00f1os[\/vc_column_text]<div class=\"grve-element grve-gallery grve-isotope grve-gallery-popup\" style=\"\" data-gutter=\"yes\" data-type=\"4-columns\" data-layout=\"fitRows\"><div class=\"grve-isotope-container\"><div class=\"grve-isotope-item \"><a href=\"https:\/\/www.minerasancristobal.com\/v3\/es\/wp-content\/uploads\/2016\/01\/Guarde1.jpg\"><figure class=\"grve-image-hover grve-zoom-in\"><div class=\"grve-media grve-primary-1-overlay grve-opacity-40\"><img loading=\"lazy\" decoding=\"async\" width=\"560\" height=\"560\" src=\"https:\/\/www.minerasancristobal.com\/v3\/es\/wp-content\/uploads\/2016\/01\/Guarde1-560x560.jpg\" class=\"attachment-grve-image-small-square size-grve-image-small-square\" alt=\"\" srcset=\"https:\/\/www.minerasancristobal.com\/v3\/es\/wp-content\/uploads\/2016\/01\/Guarde1-560x560.jpg 560w, https:\/\/www.minerasancristobal.com\/v3\/es\/wp-content\/uploads\/2016\/01\/Guarde1-150x150.jpg 150w, https:\/\/www.minerasancristobal.com\/v3\/es\/wp-content\/uploads\/2016\/01\/Guarde1-120x120.jpg 120w, https:\/\/www.minerasancristobal.com\/v3\/es\/wp-content\/uploads\/2016\/01\/Guarde1-80x80.jpg 80w\" sizes=\"auto, (max-width: 560px) 100vw, 560px\" \/><\/div><figcaption><\/figcaption><\/figure><\/a><\/div><div class=\"grve-isotope-item \"><a href=\"https:\/\/www.minerasancristobal.com\/v3\/es\/wp-content\/uploads\/2016\/01\/Guarde2b.jpg\"><figure class=\"grve-image-hover grve-zoom-in\"><div class=\"grve-media grve-primary-1-overlay grve-opacity-40\"><img loading=\"lazy\" decoding=\"async\" width=\"560\" height=\"560\" src=\"https:\/\/www.minerasancristobal.com\/v3\/es\/wp-content\/uploads\/2016\/01\/Guarde2b-560x560.jpg\" class=\"attachment-grve-image-small-square size-grve-image-small-square\" alt=\"\" srcset=\"https:\/\/www.minerasancristobal.com\/v3\/es\/wp-content\/uploads\/2016\/01\/Guarde2b-560x560.jpg 560w, https:\/\/www.minerasancristobal.com\/v3\/es\/wp-content\/uploads\/2016\/01\/Guarde2b-150x150.jpg 150w, https:\/\/www.minerasancristobal.com\/v3\/es\/wp-content\/uploads\/2016\/01\/Guarde2b-120x120.jpg 120w, https:\/\/www.minerasancristobal.com\/v3\/es\/wp-content\/uploads\/2016\/01\/Guarde2b-80x80.jpg 80w\" sizes=\"auto, (max-width: 560px) 100vw, 560px\" \/><\/div><figcaption><\/figcaption><\/figure><\/a><\/div><\/div><\/div>[\/vc_column][\/vc_row]<\/p>\n<\/section>","protected":false},"excerpt":{"rendered":"<p>[vc_row][vc_column][vc_column_text text_style=&#8221;leader-text&#8221;]Nuestra Gente, Salud y Seguridad[\/vc_column_text][vc_column_text]Para MSC el principal activo es su recurso humano. Actualmente se tiene un equipo integrado por m\u00e1s de 1400 trabajadores distribuidos en sus distintas \u00e1reas productivas y de soporte. Nuestras operaciones se desarrollan procurando otorgar las mejores condiciones laborales y humanas para nuestro personal, al que capacitamos de forma permanente. [&hellip;]<\/p>\n","protected":false},"author":2,"featured_media":0,"parent":3859,"menu_order":2,"comment_status":"closed","ping_status":"closed","template":"","meta":{"footnotes":""},"class_list":["post-4881","page","type-page","status-publish","hentry"],"_links":{"self":[{"href":"https:\/\/www.minerasancristobal.com\/v3\/es\/wp-json\/wp\/v2\/pages\/4881","targetHints":{"allow":["GET"]}}],"collection":[{"href":"https:\/\/www.minerasancristobal.com\/v3\/es\/wp-json\/wp\/v2\/pages"}],"about":[{"href":"https:\/\/www.minerasancristobal.com\/v3\/es\/wp-json\/wp\/v2\/types\/page"}],"author":[{"embeddable":true,"href":"https:\/\/www.minerasancristobal.com\/v3\/es\/wp-json\/wp\/v2\/users\/2"}],"replies":[{"embeddable":true,"href":"https:\/\/www.minerasancristobal.com\/v3\/es\/wp-json\/wp\/v2\/comments?post=4881"}],"version-history":[{"count":13,"href":"https:\/\/www.minerasancristobal.com\/v3\/es\/wp-json\/wp\/v2\/pages\/4881\/revisions"}],"predecessor-version":[{"id":6481,"href":"https:\/\/www.minerasancristobal.com\/v3\/es\/wp-json\/wp\/v2\/pages\/4881\/revisions\/6481"}],"up":[{"embeddable":true,"href":"https:\/\/www.minerasancristobal.com\/v3\/es\/wp-json\/wp\/v2\/pages\/3859"}],"wp:attachment":[{"href":"https:\/\/www.minerasancristobal.com\/v3\/es\/wp-json\/wp\/v2\/media?parent=4881"}],"curies":[{"name":"wp","href":"https:\/\/api.w.org\/{rel}","templated":true}]}}