{"id":4980,"date":"2016-09-04T14:50:10","date_gmt":"2016-09-04T14:50:10","guid":{"rendered":"http:\/\/www.minerasancristobal.com\/v3\/es\/?page_id=4980"},"modified":"2016-09-04T14:52:19","modified_gmt":"2016-09-04T14:52:19","slug":"deposito-de-colas","status":"publish","type":"page","link":"https:\/\/www.minerasancristobal.com\/v3\/es\/inicio\/operaciones\/deposito-de-colas\/","title":{"rendered":"Dep\u00f3sito de Colas"},"content":{"rendered":"<section class=\"wpb-content-wrapper\"><p>[vc_row][vc_column][vc_column_text text_style=&#8221;leader-text&#8221;]Dep\u00f3sito de colas[\/vc_column_text][vc_column_text]En cuanto a la disposici\u00f3n de relaves (colas), MSC ha implementado un plan de manejo del dep\u00f3sito de colas que permite regular los vol\u00famenes de vertido y controlar los flujos de agua sobrenadante que luego son bombeados de vuelta a planta, evitando el vertido de efluentes fuera del \u00e1rea de operaciones (circuito cerrado).<\/p>\n<p>Una ventaja importante desde el punto de vista t\u00e9cnico y ambiental es que el dep\u00f3sito de colas est\u00e1 emplazado dentro una cuenca cerrada (endorreica), lo cual favorece a prevenir y controlar riesgos, ya sea en condiciones de operaci\u00f3n o en caso de alguna contingencia por fen\u00f3menos naturales.[\/vc_column_text][\/vc_column][\/vc_row]<\/p>\n<\/section>","protected":false},"excerpt":{"rendered":"<p>[vc_row][vc_column][vc_column_text text_style=&#8221;leader-text&#8221;]Dep\u00f3sito de colas[\/vc_column_text][vc_column_text]En cuanto a la disposici\u00f3n de relaves (colas), MSC ha implementado un plan de manejo del dep\u00f3sito de colas que permite regular los vol\u00famenes de vertido y controlar los flujos de agua sobrenadante que luego son bombeados de vuelta a planta, evitando el vertido de efluentes fuera del \u00e1rea de operaciones (circuito [&hellip;]<\/p>\n","protected":false},"author":1,"featured_media":0,"parent":4422,"menu_order":6,"comment_status":"closed","ping_status":"closed","template":"","meta":{"footnotes":""},"class_list":["post-4980","page","type-page","status-publish","hentry"],"_links":{"self":[{"href":"https:\/\/www.minerasancristobal.com\/v3\/es\/wp-json\/wp\/v2\/pages\/4980","targetHints":{"allow":["GET"]}}],"collection":[{"href":"https:\/\/www.minerasancristobal.com\/v3\/es\/wp-json\/wp\/v2\/pages"}],"about":[{"href":"https:\/\/www.minerasancristobal.com\/v3\/es\/wp-json\/wp\/v2\/types\/page"}],"author":[{"embeddable":true,"href":"https:\/\/www.minerasancristobal.com\/v3\/es\/wp-json\/wp\/v2\/users\/1"}],"replies":[{"embeddable":true,"href":"https:\/\/www.minerasancristobal.com\/v3\/es\/wp-json\/wp\/v2\/comments?post=4980"}],"version-history":[{"count":3,"href":"https:\/\/www.minerasancristobal.com\/v3\/es\/wp-json\/wp\/v2\/pages\/4980\/revisions"}],"predecessor-version":[{"id":4983,"href":"https:\/\/www.minerasancristobal.com\/v3\/es\/wp-json\/wp\/v2\/pages\/4980\/revisions\/4983"}],"up":[{"embeddable":true,"href":"https:\/\/www.minerasancristobal.com\/v3\/es\/wp-json\/wp\/v2\/pages\/4422"}],"wp:attachment":[{"href":"https:\/\/www.minerasancristobal.com\/v3\/es\/wp-json\/wp\/v2\/media?parent=4980"}],"curies":[{"name":"wp","href":"https:\/\/api.w.org\/{rel}","templated":true}]}}