{"id":4987,"date":"2016-09-04T14:56:33","date_gmt":"2016-09-04T14:56:33","guid":{"rendered":"http:\/\/www.minerasancristobal.com\/v3\/es\/?page_id=4987"},"modified":"2022-08-05T20:39:57","modified_gmt":"2022-08-05T20:39:57","slug":"exportacion-y-logistica","status":"publish","type":"page","link":"https:\/\/www.minerasancristobal.com\/v3\/es\/inicio\/operaciones\/exportacion-y-logistica\/","title":{"rendered":"Exportaci\u00f3n y Log\u00edstica"},"content":{"rendered":"<section class=\"wpb-content-wrapper\"><p>[vc_row][vc_column][vc_column_text text_style=&#8221;leader-text&#8221;]Log\u00edstica[\/vc_column_text][vc_column_text]Adquisiciones\/Contratos atiende y centraliza todos los requerimientos de compra de bienes y servicios de la operaci\u00f3n minera. Esta \u00e1rea se complementa con el \u00e1rea de Log\u00edstica que atiende las necesidades de transporte de insumos hacia la mina.[\/vc_column_text][vc_column_text text_style=&#8221;leader-text&#8221;]Exportaciones[\/vc_column_text][vc_column_text]Los concentrados son transportados mediante tren desde la Planta hasta Puerto Mejillones en contenedores met\u00e1licos cil\u00edndricos cerrados, evitando de esta manera que el concentrado se disemine en lo m\u00e1s m\u00ednimo posible durante el proceso de transporte. Para el transporte de concentrados de zinc-plata se alcanza una capacidad por contenedor de 17.6 toneladas h\u00famedas, mientras que para los concentrados de plomo-plata se alcanza la capacidad de 21 toneladas h\u00famedas por contenedor.<\/p>\n<p>La log\u00edstica del proceso de exportaci\u00f3n comprende: el control de, los ciclos de los trenes, los carros planos, los contenedores, el seguimiento al convoy y la verificaci\u00f3n del cargu\u00edo en sitio y descargu\u00edo en terminal, tareas que son las m\u00e1s importantes en esta etapa y que garantizan el env\u00edo oportuno de los concentrados de zinc-plata y plomo-plata.<\/p>\n<p>Todos los sistemas usados en el transporte y embarque de concentrados garantizan que no se produzca emisiones nocivas al medio ambiente.[\/vc_column_text][\/vc_column][\/vc_row]<\/p>\n<\/section>","protected":false},"excerpt":{"rendered":"<p>[vc_row][vc_column][vc_column_text text_style=&#8221;leader-text&#8221;]Log\u00edstica[\/vc_column_text][vc_column_text]Adquisiciones\/Contratos atiende y centraliza todos los requerimientos de compra de bienes y servicios de la operaci\u00f3n minera. Esta \u00e1rea se complementa con el \u00e1rea de Log\u00edstica que atiende las necesidades de transporte de insumos hacia la mina.[\/vc_column_text][vc_column_text text_style=&#8221;leader-text&#8221;]Exportaciones[\/vc_column_text][vc_column_text]Los concentrados son transportados mediante tren desde la Planta hasta Puerto Mejillones en contenedores met\u00e1licos cil\u00edndricos cerrados, [&hellip;]<\/p>\n","protected":false},"author":1,"featured_media":0,"parent":4422,"menu_order":8,"comment_status":"closed","ping_status":"closed","template":"","meta":{"footnotes":""},"class_list":["post-4987","page","type-page","status-publish","hentry"],"_links":{"self":[{"href":"https:\/\/www.minerasancristobal.com\/v3\/es\/wp-json\/wp\/v2\/pages\/4987","targetHints":{"allow":["GET"]}}],"collection":[{"href":"https:\/\/www.minerasancristobal.com\/v3\/es\/wp-json\/wp\/v2\/pages"}],"about":[{"href":"https:\/\/www.minerasancristobal.com\/v3\/es\/wp-json\/wp\/v2\/types\/page"}],"author":[{"embeddable":true,"href":"https:\/\/www.minerasancristobal.com\/v3\/es\/wp-json\/wp\/v2\/users\/1"}],"replies":[{"embeddable":true,"href":"https:\/\/www.minerasancristobal.com\/v3\/es\/wp-json\/wp\/v2\/comments?post=4987"}],"version-history":[{"count":5,"href":"https:\/\/www.minerasancristobal.com\/v3\/es\/wp-json\/wp\/v2\/pages\/4987\/revisions"}],"predecessor-version":[{"id":6484,"href":"https:\/\/www.minerasancristobal.com\/v3\/es\/wp-json\/wp\/v2\/pages\/4987\/revisions\/6484"}],"up":[{"embeddable":true,"href":"https:\/\/www.minerasancristobal.com\/v3\/es\/wp-json\/wp\/v2\/pages\/4422"}],"wp:attachment":[{"href":"https:\/\/www.minerasancristobal.com\/v3\/es\/wp-json\/wp\/v2\/media?parent=4987"}],"curies":[{"name":"wp","href":"https:\/\/api.w.org\/{rel}","templated":true}]}}