{"id":5093,"date":"2016-10-04T19:28:26","date_gmt":"2016-10-04T19:28:26","guid":{"rendered":"http:\/\/www.minerasancristobal.com\/v3\/es\/?page_id=5093"},"modified":"2025-10-15T21:52:45","modified_gmt":"2025-10-15T21:52:45","slug":"documentos","status":"publish","type":"page","link":"https:\/\/www.minerasancristobal.com\/v3\/es\/inicio\/proveedores\/ventas\/documentos\/","title":{"rendered":"Documents"},"content":{"rendered":"<p><a href=\"https:\/\/www.minerasancristobal.com\/v3\/es\/wp-content\/uploads\/2020\/03\/KOM01-02Hist\u00f3ricoKomatsuD155AXP55-P56.pdf\">KOM01-02Hist\u00f3ricoKomatsuD155AXP55-P56<\/a><\/p>\n<p><a href=\"https:\/\/www.minerasancristobal.com\/v3\/es\/wp-content\/uploads\/2020\/03\/KOM01-D155AXInformeT\u00e9cnico.pdf\">KOM01-D155AXInformeT\u00e9cnico<\/a><\/p>\n<p><a href=\"https:\/\/www.minerasancristobal.com\/v3\/es\/wp-content\/uploads\/2020\/03\/KOM01Hor\u00f3metroD155AX-6.pdf\">KOM01Hor\u00f3metroD155AX-6<\/a><\/p>\n<p><a href=\"https:\/\/www.minerasancristobal.com\/v3\/es\/wp-content\/uploads\/2020\/03\/KOM01-D155-FotoEquipo.pdf\">KOM01-D155-FotoEquipo<\/a><\/p>\n<p><a href=\"https:\/\/www.minerasancristobal.com\/v3\/es\/wp-content\/uploads\/2020\/03\/KOM02Hor\u00f3metroD155AXP56.pdf\">KOM02Hor\u00f3metroD155AX(P56)<\/a><\/p>\n<p><a href=\"https:\/\/www.minerasancristobal.com\/v3\/es\/wp-content\/uploads\/2020\/03\/KOM02Fotograf\u00edasP56.pdf\">KOM02Fotograf\u00edasP56<\/a><\/p>\n<p><a href=\"http:\/\/www.minerasancristobal.com\/v3\/es\/wp-content\/uploads\/2025\/07\/FichaTecnicaTRACTOR24451-6.pdf\">FichaT\u00e9cnicaTRACTOR24451<\/a><\/p>\n<p><a href=\"http:\/\/www.minerasancristobal.com\/v3\/es\/wp-content\/uploads\/2025\/07\/FotosTractor24451-Operativo.pdf\">FotosTractor24451-Operativo<\/a><\/p>\n<p><a href=\"http:\/\/www.minerasancristobal.com\/v3\/es\/wp-content\/uploads\/2025\/08\/ELE001EquiposComputacion-Accesorios.pdf\">ELE001EquiposComputaci\u00f3n-Accesorios<\/a><\/p>\n\n\n<p><\/p>\n","protected":false},"excerpt":{"rendered":"<p>KOM01-02Hist\u00f3ricoKomatsuD155AXP55-P56 KOM01-D155AXInformeT\u00e9cnico KOM01Hor\u00f3metroD155AX-6 KOM01-D155-FotoEquipo KOM02Hor\u00f3metroD155AX(P56) KOM02Fotograf\u00edasP56 FichaT\u00e9cnicaTRACTOR24451 FotosTractor24451-Operativo ELE001EquiposComputaci\u00f3n-Accesorios<\/p>\n","protected":false},"author":4,"featured_media":0,"parent":4698,"menu_order":6,"comment_status":"closed","ping_status":"closed","template":"","meta":{"footnotes":""},"class_list":["post-5093","page","type-page","status-publish","hentry"],"_links":{"self":[{"href":"https:\/\/www.minerasancristobal.com\/v3\/es\/wp-json\/wp\/v2\/pages\/5093","targetHints":{"allow":["GET"]}}],"collection":[{"href":"https:\/\/www.minerasancristobal.com\/v3\/es\/wp-json\/wp\/v2\/pages"}],"about":[{"href":"https:\/\/www.minerasancristobal.com\/v3\/es\/wp-json\/wp\/v2\/types\/page"}],"author":[{"embeddable":true,"href":"https:\/\/www.minerasancristobal.com\/v3\/es\/wp-json\/wp\/v2\/users\/4"}],"replies":[{"embeddable":true,"href":"https:\/\/www.minerasancristobal.com\/v3\/es\/wp-json\/wp\/v2\/comments?post=5093"}],"version-history":[{"count":164,"href":"https:\/\/www.minerasancristobal.com\/v3\/es\/wp-json\/wp\/v2\/pages\/5093\/revisions"}],"predecessor-version":[{"id":7051,"href":"https:\/\/www.minerasancristobal.com\/v3\/es\/wp-json\/wp\/v2\/pages\/5093\/revisions\/7051"}],"up":[{"embeddable":true,"href":"https:\/\/www.minerasancristobal.com\/v3\/es\/wp-json\/wp\/v2\/pages\/4698"}],"wp:attachment":[{"href":"https:\/\/www.minerasancristobal.com\/v3\/es\/wp-json\/wp\/v2\/media?parent=5093"}],"curies":[{"name":"wp","href":"https:\/\/api.w.org\/{rel}","templated":true}]}}