{"id":6072,"date":"2019-09-12T00:50:44","date_gmt":"2019-09-12T00:50:44","guid":{"rendered":"http:\/\/www.minerasancristobal.com\/v3\/es\/?page_id=6072"},"modified":"2023-04-11T20:53:46","modified_gmt":"2023-04-11T20:53:46","slug":"transparenciafinanciera","status":"publish","type":"page","link":"https:\/\/www.minerasancristobal.com\/v3\/es\/inicio\/nuestra-empresa\/transparenciafinanciera\/","title":{"rendered":"Transparencia financiera"},"content":{"rendered":"<section class=\"wpb-content-wrapper\"><p>[vc_row][vc_column][vc_column_text]Minera San Crist\u00f3bal se caracteriza por ser transparente en todas sus operaciones y actividades; y de manera espec\u00edfica en sus reportes financieros. As\u00ed mismo, al ser miembro del ICMM desde el a\u00f1o 2018 soporta y est\u00e1 alineada a los principios del EITI.<\/p>\n<p>En Bolivia todas las empresas, ya sean industrias extractivas o no, est\u00e1n obligadas a presentar informaci\u00f3n de car\u00e1cter financiero a las siguientes entidades: Servicio de Impuestos Nacionales (SIN), SEPREC (Servicio Plurinacional del Registro de Comercio), Autoridad de Fiscalizaci\u00f3n y Control Social de Empresas (AEMP), Formulario Registro de la Inversi\u00f3n Extranjera en el Estado Plurinacional de Bolivia y Operaciones Financieras con el Exterior \u2013 RIOF, Instituciones Bancarias.<\/p>\n<p>Con respecto al desempe\u00f1o econ\u00f3mico, MSC cumple con la legislaci\u00f3n boliviana que requiere la preparaci\u00f3n de estados financieros auditados de acuerdo a sus periodos fiscales y tambi\u00e9n cumple con regulaciones internacionales como IFRs y SOX que son requeridos a nivel corporativo.[\/vc_column_text][\/vc_column][\/vc_row]<\/p>\n<\/section>","protected":false},"excerpt":{"rendered":"<p>[vc_row][vc_column][vc_column_text]Minera San Crist\u00f3bal se caracteriza por ser transparente en todas sus operaciones y actividades; y de manera espec\u00edfica en sus reportes financieros. As\u00ed mismo, al ser miembro del ICMM desde el a\u00f1o 2018 soporta y est\u00e1 alineada a los principios del EITI. En Bolivia todas las empresas, ya sean industrias extractivas o no, est\u00e1n obligadas [&hellip;]<\/p>\n","protected":false},"author":1,"featured_media":0,"parent":4331,"menu_order":7,"comment_status":"closed","ping_status":"closed","template":"","meta":{"footnotes":""},"class_list":["post-6072","page","type-page","status-publish","hentry"],"_links":{"self":[{"href":"https:\/\/www.minerasancristobal.com\/v3\/es\/wp-json\/wp\/v2\/pages\/6072","targetHints":{"allow":["GET"]}}],"collection":[{"href":"https:\/\/www.minerasancristobal.com\/v3\/es\/wp-json\/wp\/v2\/pages"}],"about":[{"href":"https:\/\/www.minerasancristobal.com\/v3\/es\/wp-json\/wp\/v2\/types\/page"}],"author":[{"embeddable":true,"href":"https:\/\/www.minerasancristobal.com\/v3\/es\/wp-json\/wp\/v2\/users\/1"}],"replies":[{"embeddable":true,"href":"https:\/\/www.minerasancristobal.com\/v3\/es\/wp-json\/wp\/v2\/comments?post=6072"}],"version-history":[{"count":5,"href":"https:\/\/www.minerasancristobal.com\/v3\/es\/wp-json\/wp\/v2\/pages\/6072\/revisions"}],"predecessor-version":[{"id":6582,"href":"https:\/\/www.minerasancristobal.com\/v3\/es\/wp-json\/wp\/v2\/pages\/6072\/revisions\/6582"}],"up":[{"embeddable":true,"href":"https:\/\/www.minerasancristobal.com\/v3\/es\/wp-json\/wp\/v2\/pages\/4331"}],"wp:attachment":[{"href":"https:\/\/www.minerasancristobal.com\/v3\/es\/wp-json\/wp\/v2\/media?parent=6072"}],"curies":[{"name":"wp","href":"https:\/\/api.w.org\/{rel}","templated":true}]}}