{"id":6421,"date":"2022-05-14T01:22:10","date_gmt":"2022-05-14T01:22:10","guid":{"rendered":"https:\/\/www.minerasancristobal.com\/v3\/es\/?page_id=6421"},"modified":"2022-05-14T01:26:39","modified_gmt":"2022-05-14T01:26:39","slug":"terminos-y-condiciones","status":"publish","type":"page","link":"https:\/\/www.minerasancristobal.com\/v3\/es\/terminos-y-condiciones\/","title":{"rendered":"T\u00e9rminos, Condiciones y Pol\u00edtica de Privacidad"},"content":{"rendered":"<section class=\"wpb-content-wrapper\"><p>[vc_row][vc_column][vc_column_text]<strong>TERMINOS Y CONDICIONES<\/strong><\/p>\n<p>Este sitio de internet (website) pertenece a Minera San Cristobal S.A. y su uso est\u00e1 sometido a los t\u00e9rminos y condiciones que se detallan a continuaci\u00f3n y constituye la aceptaci\u00f3n de los mismos.<\/p>\n<p>Minera San Cristobal S.A. se reserva el derecho de revisar, modificar y actualizar estos T\u00e9rminos y Condiciones en cualquier momento, a su total discreci\u00f3n.<\/p>\n<p><strong>1. POL\u00cdTICA DE PRIVACIDAD<\/strong><\/p>\n<p>1.1. Minera San Cristobal S.A. utilizar\u00e1 la informaci\u00f3n personal que los usuarios le suministren voluntaria y conscientemente, para la conformaci\u00f3n de su base de datos sobre los visitantes a su p\u00e1gina web, para el conocimiento y atenci\u00f3n de sus clientes, usuarios y para sus actividades en general.<\/p>\n<p>1.2. Minera San Cristobal S.A. \u00a0tambi\u00e9n utilizar\u00e1 la informaci\u00f3n personal que le suministren los visitantes de la p\u00e1gina web para an\u00e1lisis estad\u00edsticos sobre el uso de la p\u00e1gina web, para mejorar las caracter\u00edsticas y contenidos de la misma y para enviar mensajes y contenidos que puedan ser de inter\u00e9s espec\u00edfico de los visitantes, de acuerdo con al entendimiento de tal informaci\u00f3n personal suministrada por el visitante.<\/p>\n<p>1.3. Los usuarios que deseen dejar de recibir informaci\u00f3n y mensajes de Minera San Cristobal S.A. \u00a0a trav\u00e9s de su correo electr\u00f3nico, tendr\u00e1n la opci\u00f3n de manifestarlo as\u00ed a trav\u00e9s del correo electr\u00f3nico info@minerasancristobal.com y se proceder\u00e1 a excluir a tal usuario de su lista de contactos de su correo electr\u00f3nico, y se abstendr\u00e1 en lo sucesivo de remitir informaci\u00f3n por esta v\u00eda.<\/p>\n<p>1.4. Minera San Cristobal S.A. procura, con los mejores medios legales a su alcance, que los terceros que prestan servicios a Minera San Cristobal S.A. \u00a0relacionados con la p\u00e1gina web, tales como el dise\u00f1o, administraci\u00f3n y actualizaci\u00f3n del sitio en internet, tengan acceso a la informaci\u00f3n que suministran los usuarios y la traten con la misma reserva y confidencialidad con que la utiliza Minera San Cristobal S.A., pero no es responsable de ning\u00fan uso indebido o no autorizado que tales terceros llegaren a darle a la mencionada informaci\u00f3n.<\/p>\n<p>1.5. Minera San Cristobal S.A. actualizar\u00e1 la informaci\u00f3n de los usuarios en su p\u00e1gina web que \u00e9stos hayan proporcionado y deseen cambiar.<\/p>\n<p>1.6. Minera San Cristobal S.A. recopilara y conservara datos personales por el plazo que se considere necesario para el cumplimiento de las finalidades descritas y\/o por el tiempo que indique alguna norma espec\u00edfica al respecto. Asimismo, los datos personales podr\u00e1n ser cancelados a solicitud del usuario, salvo disposici\u00f3n normativa en contrario.<\/p>\n<p>1.7. Minera San Cristobal S.A. ha adoptado las medidas de seguridad exigidas por el ordenamiento jur\u00eddico y se compromete a tratar los datos personales como informaci\u00f3n confidencial a fin de prevenir e impedir el acceso o divulgaci\u00f3n no autorizada y asegurar el uso apropiado de la informaci\u00f3n.<\/p>\n<p>1.8. Minera San Cristobal S.A no se hace responsable por la informaci\u00f3n contenida en las redes sociales a las que el usuario pueda acceder por medio de la p\u00e1gina web de Minera San Cristobal S.A. Las redes sociales de las que participan tanto Minera San Cristobal S.A. como el usuario cuentan con sus propias pol\u00edticas de seguridad a las que deber\u00e1n sujetarse todos los usuarios de tales redes.<\/p>\n<p>Asimismo, Minera San Cristobal S.A. se libera de toda responsabilidad que pueda ocasionar el incorrecto funcionamiento y\/o el inadecuado uso de las redes sociales, la falsedad del contenido y la ilicitud de la forma en que \u00e9ste fue obtenido, as\u00ed como de los da\u00f1os y perjuicios que se pudieran generar por las publicaciones en estas redes.<\/p>\n<p><strong>2. PROPIEDAD INTELECTUAL Y DERECHOS<\/strong><\/p>\n<p>2.1. Minera San Cristobal S.A. mantiene este sitio web para brindar informaci\u00f3n acerca de sus operaciones y como medio de interrelaci\u00f3n comercial con sus proveedores. Las marcas, nombres comerciales, rese\u00f1as, gr\u00e1ficos, fotograf\u00edas, dibujos, dise\u00f1os y cualquiera otra propiedad que aparezca en este sitio web, as\u00ed como los contenidos, est\u00e1n protegidas legalmente a favor de esta empresa de conformidad con las disposiciones legales sobre propiedad intelectual y sobre derechos de autor.<\/p>\n<p>En consecuencia, no podr\u00e1n ser utilizadas, modificadas, copiadas, reproducidas, transmitidas o distribuidas de ninguna manera, salvo previa autorizaci\u00f3n escrita y expresa de Minera San Cristobal S.A.<\/p>\n<p>2.3. Las ideas, opiniones, sugerencias y comentarios que sean enviadas en forma espont\u00e1nea y sin previa solicitud por los usuarios a Minera San Cristobal S.A., relativas a productos, servicios o de cualquier otro tipo, ser\u00e1n usadas libremente por Minera San Cristobal S.A. \u00a0si as\u00ed lo estima conveniente.<\/p>\n<p>Tales comunicaciones ser\u00e1n catalogadas como no confidenciales y se presume que no est\u00e1n protegidas por ninguna regulaci\u00f3n \u00a0\u00a0relativa a derechos de autor o a propiedad intelectual, y por ende, el usuario remitente de tal informaci\u00f3n, no podr\u00e1 reclamar indemnizaci\u00f3n o participaci\u00f3n alguna en virtud del leg\u00edtimo uso comercial que Minera San Cristobal S.A. \u00a0de a la misma.<\/p>\n<p><strong>3. EXCLUSIONES DE RESPONSABILIDAD<\/strong><\/p>\n<p>3.1. El material y los componentes t\u00e9cnicos en este sitio web pueden incluir errores y fallas t\u00e9cnicas, y por ende la visita que haga cada usuario ser\u00e1 bajo su entero riesgo. Minera San Cristobal S.A. \u00a0y los terceros involucrados en el dise\u00f1o, administraci\u00f3n y actualizaci\u00f3n del sitio, no ser\u00e1n responsables de los da\u00f1os que eventualmente llegaren a sufrir los usuarios directa o indirectamente, o como consecuencia del acceso o el uso del sitio web. Minera San Cristobal S.A. \u00a0no garantiza que el acceso a su sitio web sea permanente o libre de errores, o se encuentre libre de virus o de otros componentes da\u00f1inos.<\/p>\n<p>En consecuencia, Minera San Cristobal S.A. \u00a0no ser\u00e1 responsable de los da\u00f1os sufridos por el uso de su sitio web, causados, entre otras circunstancias, por el uso o falta de acceso a dicho sitio web; el uso o falta de acceso a un sitio web vinculado (\u201clinks\u201d); fallas en el desempe\u00f1o del sitio web; errores en el mismo; omisiones; interrupciones; demoras en la operaci\u00f3n o en la transmisi\u00f3n; fallas en la l\u00ednea, y similares.<\/p>\n<p>3.2. Minera San Cristobal S.A. selecciona cuidadosamente los v\u00ednculos (\u201clinks\u201d) con otros sitios de Internet, a los que se tiene acceso a trav\u00e9s de su sitio web, pero no se hace responsable del contenido ni de los aspectos t\u00e9cnicos de ellos, mas aun si se tiene en cuenta que tales contenidos var\u00edan de tiempo en tiempo. En consecuencia, su acceso a tales sitios a trav\u00e9s del sitio web de Minera San Cristobal S.A. \u00a0se har\u00e1 bajo el entero riesgo y responsabilidad del usuario.<\/p>\n<p>E-mail: info@minerasancristobal.com<a href=\"mailto:comcorp@antamina.com\"><br \/>\n<\/a>P\u00e1gina web: www. minerasancristobal.com[\/vc_column_text][\/vc_column][\/vc_row]<\/p>\n<\/section>","protected":false},"excerpt":{"rendered":"<p>[vc_row][vc_column][vc_column_text]TERMINOS Y CONDICIONES Este sitio de internet (website) pertenece a Minera San Cristobal S.A. y su uso est\u00e1 sometido a los t\u00e9rminos y condiciones que se detallan a continuaci\u00f3n y constituye la aceptaci\u00f3n de los mismos. Minera San Cristobal S.A. se reserva el derecho de revisar, modificar y actualizar estos T\u00e9rminos y Condiciones en cualquier [&hellip;]<\/p>\n","protected":false},"author":1,"featured_media":0,"parent":0,"menu_order":6,"comment_status":"closed","ping_status":"closed","template":"","meta":{"footnotes":""},"class_list":["post-6421","page","type-page","status-publish","hentry"],"_links":{"self":[{"href":"https:\/\/www.minerasancristobal.com\/v3\/es\/wp-json\/wp\/v2\/pages\/6421","targetHints":{"allow":["GET"]}}],"collection":[{"href":"https:\/\/www.minerasancristobal.com\/v3\/es\/wp-json\/wp\/v2\/pages"}],"about":[{"href":"https:\/\/www.minerasancristobal.com\/v3\/es\/wp-json\/wp\/v2\/types\/page"}],"author":[{"embeddable":true,"href":"https:\/\/www.minerasancristobal.com\/v3\/es\/wp-json\/wp\/v2\/users\/1"}],"replies":[{"embeddable":true,"href":"https:\/\/www.minerasancristobal.com\/v3\/es\/wp-json\/wp\/v2\/comments?post=6421"}],"version-history":[{"count":2,"href":"https:\/\/www.minerasancristobal.com\/v3\/es\/wp-json\/wp\/v2\/pages\/6421\/revisions"}],"predecessor-version":[{"id":6423,"href":"https:\/\/www.minerasancristobal.com\/v3\/es\/wp-json\/wp\/v2\/pages\/6421\/revisions\/6423"}],"wp:attachment":[{"href":"https:\/\/www.minerasancristobal.com\/v3\/es\/wp-json\/wp\/v2\/media?parent=6421"}],"curies":[{"name":"wp","href":"https:\/\/api.w.org\/{rel}","templated":true}]}}