{"id":6427,"date":"2022-06-10T21:58:36","date_gmt":"2022-06-10T21:58:36","guid":{"rendered":"https:\/\/www.minerasancristobal.com\/v3\/es\/?page_id=6427"},"modified":"2022-06-10T22:22:58","modified_gmt":"2022-06-10T22:22:58","slug":"area-de-esparcimiento","status":"publish","type":"page","link":"https:\/\/www.minerasancristobal.com\/v3\/es\/inicio\/nuestra-gente-salud-seguridad\/bienestar-de-nuestro-personal\/area-de-esparcimiento\/","title":{"rendered":"\u00c1rea de esparcimiento"},"content":{"rendered":"<section class=\"wpb-content-wrapper\"><p>[vc_row][vc_column][vc_column_text text_style=&#8221;leader-text&#8221;]<strong>\u00c1REA DE ESPARCIMIENTO<\/strong>: Bienestar para todos dentro de nuestro Campamento.[\/vc_column_text][vc_column_text]A lo largo de todas las etapas de la vida de Minera San Crist\u00f3bal, se ha priorizado la salud, la seguridad y el bienestar del personal.<\/p>\n<p>Nuestra orientaci\u00f3n a la mejora continua, como uno de los valores fundamentales de la empresa, nos ha llevado tambi\u00e9n a mejorar gradualmente las condiciones en cuanto a infraestructura y equipamiento, para que el personal se encuentre c\u00f3modo, y su estad\u00eda dentro del campamento durante cada turno de trabajo, adem\u00e1s de ser segura sea confortable.<\/p>\n<p>Te invitamos a conocer el \u00c1rea de Esparcimiento al aire libre de MSC, que se integra al resto de infraestructura (coliseo polifuncional, gimnasios, salas de juegos, canchas de raquet y wally, cine) con la que ya cuenta nuestro campamento, para la sana recreaci\u00f3n del personal.[\/vc_column_text][\/vc_column][\/vc_row][vc_row][vc_column]<div class=\"grve-element grve-video\" style=\"\"><iframe loading=\"lazy\" title=\"\u00c1rea de esparcimiento MSC\" width=\"1080\" height=\"608\" src=\"https:\/\/www.youtube.com\/embed\/8Zz8Uu3970I?feature=oembed\" frameborder=\"0\" allow=\"accelerometer; autoplay; clipboard-write; encrypted-media; gyroscope; picture-in-picture\" allowfullscreen><\/iframe><\/div>[\/vc_column][\/vc_row]<\/p>\n<\/section>","protected":false},"excerpt":{"rendered":"<p>[vc_row][vc_column][vc_column_text text_style=&#8221;leader-text&#8221;]\u00c1REA DE ESPARCIMIENTO: Bienestar para todos dentro de nuestro Campamento.[\/vc_column_text][vc_column_text]A lo largo de todas las etapas de la vida de Minera San Crist\u00f3bal, se ha priorizado la salud, la seguridad y el bienestar del personal. Nuestra orientaci\u00f3n a la mejora continua, como uno de los valores fundamentales de la empresa, nos ha llevado tambi\u00e9n [&hellip;]<\/p>\n","protected":false},"author":1,"featured_media":0,"parent":6425,"menu_order":2,"comment_status":"closed","ping_status":"closed","template":"","meta":{"footnotes":""},"class_list":["post-6427","page","type-page","status-publish","hentry"],"_links":{"self":[{"href":"https:\/\/www.minerasancristobal.com\/v3\/es\/wp-json\/wp\/v2\/pages\/6427","targetHints":{"allow":["GET"]}}],"collection":[{"href":"https:\/\/www.minerasancristobal.com\/v3\/es\/wp-json\/wp\/v2\/pages"}],"about":[{"href":"https:\/\/www.minerasancristobal.com\/v3\/es\/wp-json\/wp\/v2\/types\/page"}],"author":[{"embeddable":true,"href":"https:\/\/www.minerasancristobal.com\/v3\/es\/wp-json\/wp\/v2\/users\/1"}],"replies":[{"embeddable":true,"href":"https:\/\/www.minerasancristobal.com\/v3\/es\/wp-json\/wp\/v2\/comments?post=6427"}],"version-history":[{"count":3,"href":"https:\/\/www.minerasancristobal.com\/v3\/es\/wp-json\/wp\/v2\/pages\/6427\/revisions"}],"predecessor-version":[{"id":6432,"href":"https:\/\/www.minerasancristobal.com\/v3\/es\/wp-json\/wp\/v2\/pages\/6427\/revisions\/6432"}],"up":[{"embeddable":true,"href":"https:\/\/www.minerasancristobal.com\/v3\/es\/wp-json\/wp\/v2\/pages\/6425"}],"wp:attachment":[{"href":"https:\/\/www.minerasancristobal.com\/v3\/es\/wp-json\/wp\/v2\/media?parent=6427"}],"curies":[{"name":"wp","href":"https:\/\/api.w.org\/{rel}","templated":true}]}}