{"id":6841,"date":"2026-02-09T09:00:06","date_gmt":"2026-02-09T09:00:06","guid":{"rendered":"https:\/\/www.minerasancristobal.com\/v3\/es\/?page_id=6841"},"modified":"2026-03-11T21:20:05","modified_gmt":"2026-03-11T21:20:05","slug":"top-employer-2026","status":"publish","type":"page","link":"https:\/\/www.minerasancristobal.com\/v3\/es\/inicio\/nuestra-gente-salud-seguridad\/bienestar-de-nuestro-personal\/top-employer\/top-employer-2026\/","title":{"rendered":"Top Employer 2026"},"content":{"rendered":"<section class=\"wpb-content-wrapper\"><p>[vc_row][vc_column]<div class=\"grve-element grve-image grve-align-center\" style=\"\"><img loading=\"lazy\" decoding=\"async\" width=\"300\" height=\"159\" src=\"https:\/\/www.minerasancristobal.com\/v3\/es\/wp-content\/uploads\/2025\/07\/1-LOGOTIPO-MSC-POSITIVO-FULL-COLOR-300x159.jpg\" class=\"attachment-medium size-medium\" alt=\"\" srcset=\"https:\/\/www.minerasancristobal.com\/v3\/es\/wp-content\/uploads\/2025\/07\/1-LOGOTIPO-MSC-POSITIVO-FULL-COLOR-300x159.jpg 300w, https:\/\/www.minerasancristobal.com\/v3\/es\/wp-content\/uploads\/2025\/07\/1-LOGOTIPO-MSC-POSITIVO-FULL-COLOR-768x408.jpg 768w, https:\/\/www.minerasancristobal.com\/v3\/es\/wp-content\/uploads\/2025\/07\/1-LOGOTIPO-MSC-POSITIVO-FULL-COLOR.jpg 800w\" sizes=\"auto, (max-width: 300px) 100vw, 300px\" \/><\/div>[vc_column_text text_style=&#8221;leader-text&#8221;]<\/p>\n<p style=\"text-align: center;\"><strong>TOP EMPLOYER 2026:<\/strong><\/p>\n<p>[\/vc_column_text][\/vc_column][\/vc_row][vc_row][vc_column]<h3 class=\"grve-element grve-align-center grve-title-no-line grve-h3\" style=\"\"><span>Minera San Crist\u00f3bal S.A. nuevamente es reconocida por sus pr\u00e1cticas en Recursos Humanos<\/span><\/h3>[\/vc_column][\/vc_row][vc_row][vc_column width=&#8221;1\/2&#8243; css=&#8221;.vc_custom_1770414989200{background-color: #f7f7f7 !important;border-radius: 10px !important;}&#8221;][vc_column_text]<\/p>\n<p style=\"text-align: justify;\"><i>Top <\/i><i>Employers<\/i> <i>Institute<\/i><i> es la autoridad global en el reconocimiento de la excelencia de las Pr\u00e1cticas de Recursos Humanos, ayudando a acelerar el impacto de esas pr\u00e1cticas para enriquecer el mundo del trabajo. Esta instituci\u00f3n valida, certifica y reconoce como empleadores l\u00edderes a las organizaciones que superan los exigentes est\u00e1ndares de su Programa de Certificaci\u00f3n. <\/i><\/p>\n<p>[\/vc_column_text]<div class=\"grve-element grve-image grve-align-center\" style=\"\"><img loading=\"lazy\" decoding=\"async\" width=\"2560\" height=\"1185\" src=\"https:\/\/www.minerasancristobal.com\/v3\/es\/wp-content\/uploads\/2026\/02\/Top_Employers_Bolivia_2026-scaled.png\" class=\"attachment-full size-full\" alt=\"\" srcset=\"https:\/\/www.minerasancristobal.com\/v3\/es\/wp-content\/uploads\/2026\/02\/Top_Employers_Bolivia_2026-scaled.png 2560w, https:\/\/www.minerasancristobal.com\/v3\/es\/wp-content\/uploads\/2026\/02\/Top_Employers_Bolivia_2026-300x139.png 300w, https:\/\/www.minerasancristobal.com\/v3\/es\/wp-content\/uploads\/2026\/02\/Top_Employers_Bolivia_2026-1024x474.png 1024w, https:\/\/www.minerasancristobal.com\/v3\/es\/wp-content\/uploads\/2026\/02\/Top_Employers_Bolivia_2026-768x356.png 768w, https:\/\/www.minerasancristobal.com\/v3\/es\/wp-content\/uploads\/2026\/02\/Top_Employers_Bolivia_2026-1536x711.png 1536w, https:\/\/www.minerasancristobal.com\/v3\/es\/wp-content\/uploads\/2026\/02\/Top_Employers_Bolivia_2026-1920x889.png 1920w\" sizes=\"auto, (max-width: 2560px) 100vw, 2560px\" \/><\/div>[vc_column_text]<\/p>\n<p style=\"text-align: center;\"><a href=\"https:\/\/www.top-employers.com\/employer\/minera-san-cristobal-s-a\/\">https:\/\/www.top-employers.com\/employer\/minera-san-cristobal-s-a\/<\/a><\/p>\n<p>[\/vc_column_text][\/vc_column][vc_column width=&#8221;1\/2&#8243;][vc_column_text]<\/p>\n<p style=\"text-align: justify;\">Minera San Crist\u00f3bal S.A. (MSC) ha sido nuevamente certificada como Top Employer 2026, tras superar satisfactoriamente un riguroso proceso de auditor\u00eda y evaluaci\u00f3n independiente de sus pr\u00e1cticas en gesti\u00f3n humana.<\/p>\n<p style=\"text-align: justify;\">Esta certificaci\u00f3n reconoce la solidez, consistencia y mejora continua de nuestros procesos de Recursos Humanos, destacando una organizaci\u00f3n con sistemas estructurados, enfoque en la atracci\u00f3n y desarrollo del talento y un fuerte compromiso con sus colaboradores, consolidando un entorno laboral alineado con est\u00e1ndares internacionales de excelencia.<\/p>\n<p style=\"text-align: justify;\">Este logro refleja el trabajo sostenido de nuestros equipos y una gesti\u00f3n de personas coherente con nuestros valores y estrategia de negocio, motiv\u00e1ndonos a seguir fortaleciendo una cultura organizacional centrada en nuestro talento humano.<\/p>\n<p>[\/vc_column_text]<div class=\"grve-element grve-image grve-align-center\" style=\"\"><img loading=\"lazy\" decoding=\"async\" width=\"392\" height=\"95\" src=\"https:\/\/www.minerasancristobal.com\/v3\/es\/wp-content\/uploads\/2026\/02\/image001.png\" class=\"attachment-full size-full\" alt=\"\" srcset=\"https:\/\/www.minerasancristobal.com\/v3\/es\/wp-content\/uploads\/2026\/02\/image001.png 392w, https:\/\/www.minerasancristobal.com\/v3\/es\/wp-content\/uploads\/2026\/02\/image001-300x73.png 300w\" sizes=\"auto, (max-width: 392px) 100vw, 392px\" \/><\/div>[\/vc_column][\/vc_row][vc_row][vc_column]<div class=\"grve-element grve-video\" style=\"\"><iframe loading=\"lazy\" title=\"Top Employer 2026 - Minera San Crist\u00f3bal S.A.\" width=\"1080\" height=\"608\" src=\"https:\/\/www.youtube.com\/embed\/yKGiE1rdu_w?feature=oembed\" frameborder=\"0\" allow=\"accelerometer; autoplay; clipboard-write; encrypted-media; gyroscope; picture-in-picture; web-share\" referrerpolicy=\"strict-origin-when-cross-origin\" allowfullscreen><\/iframe><\/div>[\/vc_column][\/vc_row][vc_row][vc_column css=&#8221;.vc_custom_1770415367287{margin-top: 50px !important;}&#8221;]<div class=\"grve-element grve-image grve-align-center\" style=\"\"><img loading=\"lazy\" decoding=\"async\" width=\"1058\" height=\"1497\" src=\"https:\/\/www.minerasancristobal.com\/v3\/es\/wp-content\/uploads\/2026\/02\/TE2026-Top-Employers-Certificate-Bolivia-Minera-San-Cristobal-Spanish-pdf.jpg\" class=\"attachment-full size-full\" alt=\"\" \/><\/div>[\/vc_column][\/vc_row]<\/p>\n<\/section>","protected":false},"excerpt":{"rendered":"<p>[vc_row][vc_column][vc_column_text text_style=&#8221;leader-text&#8221;] TOP EMPLOYER 2026: [\/vc_column_text][\/vc_column][\/vc_row][vc_row][vc_column][\/vc_column][\/vc_row][vc_row][vc_column width=&#8221;1\/2&#8243; css=&#8221;.vc_custom_1770414989200{background-color: #f7f7f7 !important;border-radius: 10px !important;}&#8221;][vc_column_text] Top Employers Institute es la autoridad global en el reconocimiento de la excelencia de las Pr\u00e1cticas de Recursos Humanos, ayudando a acelerar el impacto de esas pr\u00e1cticas para enriquecer el mundo del trabajo. Esta instituci\u00f3n valida, certifica y reconoce como empleadores l\u00edderes a [&hellip;]<\/p>\n","protected":false},"author":1,"featured_media":0,"parent":7082,"menu_order":3,"comment_status":"closed","ping_status":"closed","template":"","meta":{"footnotes":""},"class_list":["post-6841","page","type-page","status-publish","hentry"],"_links":{"self":[{"href":"https:\/\/www.minerasancristobal.com\/v3\/es\/wp-json\/wp\/v2\/pages\/6841","targetHints":{"allow":["GET"]}}],"collection":[{"href":"https:\/\/www.minerasancristobal.com\/v3\/es\/wp-json\/wp\/v2\/pages"}],"about":[{"href":"https:\/\/www.minerasancristobal.com\/v3\/es\/wp-json\/wp\/v2\/types\/page"}],"author":[{"embeddable":true,"href":"https:\/\/www.minerasancristobal.com\/v3\/es\/wp-json\/wp\/v2\/users\/1"}],"replies":[{"embeddable":true,"href":"https:\/\/www.minerasancristobal.com\/v3\/es\/wp-json\/wp\/v2\/comments?post=6841"}],"version-history":[{"count":28,"href":"https:\/\/www.minerasancristobal.com\/v3\/es\/wp-json\/wp\/v2\/pages\/6841\/revisions"}],"predecessor-version":[{"id":7103,"href":"https:\/\/www.minerasancristobal.com\/v3\/es\/wp-json\/wp\/v2\/pages\/6841\/revisions\/7103"}],"up":[{"embeddable":true,"href":"https:\/\/www.minerasancristobal.com\/v3\/es\/wp-json\/wp\/v2\/pages\/7082"}],"wp:attachment":[{"href":"https:\/\/www.minerasancristobal.com\/v3\/es\/wp-json\/wp\/v2\/media?parent=6841"}],"curies":[{"name":"wp","href":"https:\/\/api.w.org\/{rel}","templated":true}]}}