{"id":7021,"date":"2025-09-26T12:36:08","date_gmt":"2025-09-26T12:36:08","guid":{"rendered":"https:\/\/www.minerasancristobal.com\/v3\/es\/?page_id=7021"},"modified":"2025-09-26T12:36:08","modified_gmt":"2025-09-26T12:36:08","slug":"icmm","status":"publish","type":"page","link":"https:\/\/www.minerasancristobal.com\/v3\/es\/inicio\/desarrollo-sostenible\/icmm\/","title":{"rendered":"ICMM"},"content":{"rendered":"<section class=\"wpb-content-wrapper\"><p>[vc_row][vc_column][vc_column_text text_style=&#8221;leader-text&#8221;]ICMM[\/vc_column_text][vc_column_text]Apoyamos las iniciativas que mejoran nuestro desempe\u00f1o en materia de sostenibilidad. Desde mayo de 2018, estamos adheridos al Consejo Internacional de Miner\u00eda y Metales <a href=\"https:\/\/www.icmm.com\/\">(ICMM)<\/a>, una instituci\u00f3n que, a trav\u00e9s de diez principios y nueve declaraciones de posici\u00f3n, respalda el cumplimiento de los Objetivos de Desarrollo Sostenible de las Naciones Unidas.<\/p>\n<p>El ICMM\u00a0 es una organizaci\u00f3n global fundada en 2001 que re\u00fane a las principales empresas mineras del mundo. Su objetivo es promover la producci\u00f3n sostenible de minerales y metales y mejorar el desarrollo sostenible en la industria minera.<\/p>\n<p>El ICMM act\u00faa como un catalizador para mejores pr\u00e1cticas en la miner\u00eda y metalurgia, trabajando para establecer una industria m\u00e1s segura y sustentable.[\/vc_column_text][\/vc_column][\/vc_row][vc_row][vc_column]<div class=\"grve-element grve-video\" style=\"\"><iframe loading=\"lazy\" title=\"Minera San Crist\u00f3bal miembro del International Council on Mining and Metals ICMM\" width=\"1080\" height=\"608\" src=\"https:\/\/www.youtube.com\/embed\/FgCruz2kJSk?feature=oembed\" frameborder=\"0\" allow=\"accelerometer; autoplay; clipboard-write; encrypted-media; gyroscope; picture-in-picture; web-share\" referrerpolicy=\"strict-origin-when-cross-origin\" allowfullscreen><\/iframe><\/div>[\/vc_column][\/vc_row][vc_row][vc_column]<h3 class=\"grve-element grve-align-left grve-title-no-line grve-h3\" style=\"\"><span>Nuestro compromiso con el ICMM<\/span><\/h3>[vc_column_text]Estas son algunas de las actividades que reflejan nuestro alineamiento con los principios y declaraciones de posici\u00f3n del ICMM:<\/p>\n<ul>\n<li>Publicaci\u00f3n de dos casos de estudio en la gu\u00eda del ICMM \u201cHerramientas para la circularidad\u201d:<\/li>\n<\/ul>\n<ol>\n<li style=\"list-style-type: none;\">\n<ol>\n<li>Generaci\u00f3n de biog\u00e1s a partir de residuos s\u00f3lidos org\u00e1nicos y lodos.<\/li>\n<li>Recolecci\u00f3n y enfardado para la reutilizaci\u00f3n de botellas PET en comunidades.<\/li>\n<\/ol>\n<\/li>\n<\/ol>\n<ul>\n<li>Auditor\u00eda de segunda parte en temas de derechos humanos, realizada en instalaciones de proveedores de Chile y Brasil.<\/li>\n<li>Mejoras al Reglamento interno de control de pr\u00e1cticas financieras.<\/li>\n<li>Estudios t\u00e9cnicos para ampliar la informaci\u00f3n hidrogeol\u00f3gica en las microcuencas donde se ubican nuestras operaciones de planta y dep\u00f3sito de relaves.<\/li>\n<li>En relaci\u00f3n con el cambio clim\u00e1tico, continuamos cerrando brechas sobre el c\u00e1lculo de emisiones de gases de efecto invernadero (alcance 1, 2 y 3). En el 2024, implementamos paneles fotovoltaicos para aprovechar energ\u00eda renovable en las oficinas de Medio Ambiente.<\/li>\n<li>Respecto a la biodiversidad, ejecutamos un plan de conservaci\u00f3n y protecci\u00f3n del quirquincho, una especie de fauna silvestre amenazada en el \u00e1rea de influencia de nuestra operaci\u00f3n.<\/li>\n<li>Reporte sobre administraci\u00f3n del agua (water stewardship), sobre fuentes de agua operacional y otros usos, m\u00e9tricas de consumo y recuperaci\u00f3n, balance de agua y otros aspectos relativos a la calidad de agua, riesgos y oportunidades, asociados al manejo de aguas en la operaci\u00f3n.<\/li>\n<li>Reporte de autoevaluaci\u00f3n de alineamiento a est\u00e1ndares del GISTM (Global Industry Standards on Tailings Management), con descripci\u00f3n de aspectos constructivos y operacionales, as\u00ed como los criterios aplicados en la evaluaci\u00f3n de riesgos operativos y socioecon\u00f3micos. El resultado de esta autoevaluaci\u00f3n muestra un nivel bajo de riesgo por consecuencia de falla, tomando en cuenta los criterios de clasificaci\u00f3n definidos por la gu\u00eda de buenas pr\u00e1cticas del ICMM.<\/li>\n<\/ul>\n<p>Aqu\u00ed se detalla nuestro nivel de cumplimiento de las expectativas de desempe\u00f1o:<\/p>\n<p><a href=\"http:\/\/www.minerasancristobal.com\/v3\/es\/wp-content\/uploads\/2025\/09\/principios.svg\"><img decoding=\"async\" class=\"size-full wp-image-7022 aligncenter\" src=\"http:\/\/www.minerasancristobal.com\/v3\/es\/wp-content\/uploads\/2025\/09\/principios.svg\" alt=\"\" \/><\/a><\/p>\n<p>Respecto a las expectativas de desempe\u00f1o con cumplimiento parcial, implementaremos las siguientes mejoras:<\/p>\n<p><strong>Principio 3:<\/strong> Elaborar propuestas que integren aspectos de g\u00e9nero y diversidad.<\/p>\n<p><strong>Principio 6:<\/strong> Actualizar el plan de cierre y consultar con otros grupos de inter\u00e9s para implementar medidas de mitigaci\u00f3n social y de remediaci\u00f3n ambiental.<\/p>\n<ul>\n<li>Planificar medidas de remediaci\u00f3n y rehabilitaci\u00f3n ambiental, con informaci\u00f3n generada a trav\u00e9s de estudios t\u00e9cnicos y ajustes en el plan operativo de vida de la mina. Esto incluye dise\u00f1os de ingenier\u00eda b\u00e1sica y estimaci\u00f3n de costos, alineados con los requisitos legales vigentes y las expectativas de los grupos de inter\u00e9s, seg\u00fan los convenios suscritos al inicio del proyecto.<\/li>\n<li>Elaborar un reporte de agua que sistematice la informaci\u00f3n relacionada con gobernanza, eficiencia y uso sostenible en las operaciones, as\u00ed como el relacionamiento con grupos de inter\u00e9s a nivel de cuenca.<\/li>\n<li>Adecuar nuestras actividades a los est\u00e1ndares globales sobre gesti\u00f3n de relaves, integrando aspectos de estructura organizacional, competencias, roles, rendici\u00f3n de cuentas, enfoque en gesti\u00f3n de riesgos y preparaci\u00f3n para emergencias.<\/li>\n<li>Desplegar iniciativas espec\u00edficas asociadas al cambio clim\u00e1tico, en alineamiento con los Objetivos de Desarrollo Sostenible de la ONU (Agenda 2030 y 2050), y la estrategia de gesti\u00f3n de nuestra empresa.<\/li>\n<\/ul>\n<p><strong>Principio 7:<\/strong> Desplegar iniciativas que integren aspectos de estructura, roles, rendici\u00f3n de cuentas, criterios operativos en los procesos, estudios de investigaci\u00f3n y proyectos de sostenibilidad.<\/p>\n<p><strong>Principio 8:<\/strong> Identificar oportunidades para mejorar el manejo y uso de materiales, as\u00ed como aprovechar residuos de procesos industriales y servicios, para minimizar impactos negativos y maximizar beneficios ambientales y econ\u00f3micos en todas las fases del ciclo de vida de la operaci\u00f3n.<\/p>\n<p><strong>Principio 9:<\/strong> Promover acciones de colaboraci\u00f3n interinstitucional.<\/p>\n<p><strong>Principio 10:<\/strong> Reevaluar el cumplimiento de las expectativas 6 y 7 de la Iniciativa para la Transparencia de las Industrias Extractivas (EITI) y publicar los resultados.<\/p>\n<p>Para m\u00e1s informaci\u00f3n, consultar: <a href=\"http:\/\/www.icmm.com\/en-gb\/our-principles\">www.icmm.com\/en-gb\/our-principles<\/a>[\/vc_column_text][\/vc_column][\/vc_row]<\/p>\n<\/section>","protected":false},"excerpt":{"rendered":"<p>[vc_row][vc_column][vc_column_text text_style=&#8221;leader-text&#8221;]ICMM[\/vc_column_text][vc_column_text]Apoyamos las iniciativas que mejoran nuestro desempe\u00f1o en materia de sostenibilidad. Desde mayo de 2018, estamos adheridos al Consejo Internacional de Miner\u00eda y Metales (ICMM), una instituci\u00f3n que, a trav\u00e9s de diez principios y nueve declaraciones de posici\u00f3n, respalda el cumplimiento de los Objetivos de Desarrollo Sostenible de las Naciones Unidas. El ICMM\u00a0 es [&hellip;]<\/p>\n","protected":false},"author":1,"featured_media":0,"parent":4609,"menu_order":3,"comment_status":"closed","ping_status":"closed","template":"","meta":{"footnotes":""},"class_list":["post-7021","page","type-page","status-publish","hentry"],"_links":{"self":[{"href":"https:\/\/www.minerasancristobal.com\/v3\/es\/wp-json\/wp\/v2\/pages\/7021","targetHints":{"allow":["GET"]}}],"collection":[{"href":"https:\/\/www.minerasancristobal.com\/v3\/es\/wp-json\/wp\/v2\/pages"}],"about":[{"href":"https:\/\/www.minerasancristobal.com\/v3\/es\/wp-json\/wp\/v2\/types\/page"}],"author":[{"embeddable":true,"href":"https:\/\/www.minerasancristobal.com\/v3\/es\/wp-json\/wp\/v2\/users\/1"}],"replies":[{"embeddable":true,"href":"https:\/\/www.minerasancristobal.com\/v3\/es\/wp-json\/wp\/v2\/comments?post=7021"}],"version-history":[{"count":2,"href":"https:\/\/www.minerasancristobal.com\/v3\/es\/wp-json\/wp\/v2\/pages\/7021\/revisions"}],"predecessor-version":[{"id":7026,"href":"https:\/\/www.minerasancristobal.com\/v3\/es\/wp-json\/wp\/v2\/pages\/7021\/revisions\/7026"}],"up":[{"embeddable":true,"href":"https:\/\/www.minerasancristobal.com\/v3\/es\/wp-json\/wp\/v2\/pages\/4609"}],"wp:attachment":[{"href":"https:\/\/www.minerasancristobal.com\/v3\/es\/wp-json\/wp\/v2\/media?parent=7021"}],"curies":[{"name":"wp","href":"https:\/\/api.w.org\/{rel}","templated":true}]}}