{"id":7025,"date":"2025-09-26T21:36:31","date_gmt":"2025-09-26T21:36:31","guid":{"rendered":"https:\/\/www.minerasancristobal.com\/v3\/es\/?page_id=7025"},"modified":"2025-10-02T14:06:10","modified_gmt":"2025-10-02T14:06:10","slug":"documentos-y-publicaciones","status":"publish","type":"page","link":"https:\/\/www.minerasancristobal.com\/v3\/es\/inicio\/desarrollo-sostenible\/icmm\/documentos-y-publicaciones\/","title":{"rendered":"ICMM &#8211; Documentos y Publicaciones"},"content":{"rendered":"<section class=\"wpb-content-wrapper\"><p>[vc_row][vc_column][vc_column_text text_style=&#8221;leader-text&#8221;]ICMM &#8211; Documentos y Publicaciones[\/vc_column_text][vc_column_text]<\/p>\n<ul>\n<li><em><strong><a href=\"http:\/\/www.minerasancristobal.com\/v3\/es\/wp-content\/uploads\/2025\/10\/DECLARACION-DE-POSICION-DE-COMPROMISO-CON-EL-GISTM-GESTION-DE-RELAVES.pdf\">Declaraci\u00f3n de Posici\u00f3n de Compromiso con el GISTM &#8211; Gesti\u00f3n de Relaves<\/a><\/strong><\/em><\/li>\n<li><a href=\"http:\/\/www.minerasancristobal.com\/v3\/es\/wp-content\/uploads\/2025\/09\/ANALISIS-DE-ROTURA-DE-LA-BERMA-DE-CONTENCION.pdf\"><strong><em>Estudio T\u00e9cnico de An\u00e1lisis de Rotura de la Berma de Contenci\u00f3n Norte, del dep\u00f3sito de relaves Wila Khara [PDF]<\/em><\/strong><\/a><\/li>\n<\/ul>\n<p>[\/vc_column_text][\/vc_column][\/vc_row]<\/p>\n<\/section>","protected":false},"excerpt":{"rendered":"<p>[vc_row][vc_column][vc_column_text text_style=&#8221;leader-text&#8221;]ICMM &#8211; Documentos y Publicaciones[\/vc_column_text][vc_column_text] Declaraci\u00f3n de Posici\u00f3n de Compromiso con el GISTM &#8211; Gesti\u00f3n de Relaves Estudio T\u00e9cnico de An\u00e1lisis de Rotura de la Berma de Contenci\u00f3n Norte, del dep\u00f3sito de relaves Wila Khara [PDF] [\/vc_column_text][\/vc_column][\/vc_row]<\/p>\n","protected":false},"author":1,"featured_media":0,"parent":7021,"menu_order":3,"comment_status":"closed","ping_status":"closed","template":"","meta":{"footnotes":""},"class_list":["post-7025","page","type-page","status-publish","hentry"],"_links":{"self":[{"href":"https:\/\/www.minerasancristobal.com\/v3\/es\/wp-json\/wp\/v2\/pages\/7025","targetHints":{"allow":["GET"]}}],"collection":[{"href":"https:\/\/www.minerasancristobal.com\/v3\/es\/wp-json\/wp\/v2\/pages"}],"about":[{"href":"https:\/\/www.minerasancristobal.com\/v3\/es\/wp-json\/wp\/v2\/types\/page"}],"author":[{"embeddable":true,"href":"https:\/\/www.minerasancristobal.com\/v3\/es\/wp-json\/wp\/v2\/users\/1"}],"replies":[{"embeddable":true,"href":"https:\/\/www.minerasancristobal.com\/v3\/es\/wp-json\/wp\/v2\/comments?post=7025"}],"version-history":[{"count":3,"href":"https:\/\/www.minerasancristobal.com\/v3\/es\/wp-json\/wp\/v2\/pages\/7025\/revisions"}],"predecessor-version":[{"id":7033,"href":"https:\/\/www.minerasancristobal.com\/v3\/es\/wp-json\/wp\/v2\/pages\/7025\/revisions\/7033"}],"up":[{"embeddable":true,"href":"https:\/\/www.minerasancristobal.com\/v3\/es\/wp-json\/wp\/v2\/pages\/7021"}],"wp:attachment":[{"href":"https:\/\/www.minerasancristobal.com\/v3\/es\/wp-json\/wp\/v2\/media?parent=7025"}],"curies":[{"name":"wp","href":"https:\/\/api.w.org\/{rel}","templated":true}]}}