{"id":7065,"date":"2026-02-06T22:19:32","date_gmt":"2026-02-06T22:19:32","guid":{"rendered":"https:\/\/www.minerasancristobal.com\/v3\/es\/?page_id=7065"},"modified":"2026-02-06T22:20:09","modified_gmt":"2026-02-06T22:20:09","slug":"top-employer-2024","status":"publish","type":"page","link":"https:\/\/www.minerasancristobal.com\/v3\/es\/inicio\/nuestra-gente-salud-seguridad\/bienestar-de-nuestro-personal\/top-employer\/top-employer-2024\/","title":{"rendered":"Top Employer 2024"},"content":{"rendered":"<section class=\"wpb-content-wrapper\"><p>[vc_row][vc_column width=&#8221;1\/2&#8243;][vc_column_text text_style=&#8221;leader-text&#8221;]<strong>Top Employer 2024:<\/strong>\u00a0Minera San Crist\u00f3bal S.A. referente en buenas pr\u00e1cticas de gesti\u00f3n humana.[\/vc_column_text][vc_column_text]<b>Top <\/b><b>Employers<\/b> <b>Institute<\/b> es una organizaci\u00f3n europea con m\u00e1s de tres d\u00e9cadas de experiencia en el reconocimiento de la excelencia de las pr\u00e1cticas de gesti\u00f3n humana de las empresas hacia sus colaboradores. Su misi\u00f3n es acelerar el impacto de las estrategias de personal para enriquecer el mundo laboral. Hasta la fecha ha certificado a m\u00e1s de 2,100 organizaciones alrededor del mundo, siendo <b>Minera San Crist\u00f3bal S.A. (MSC) la \u00fanica empresa minera en Bolivia<\/b> que ha sido certificada como <b>Top <\/b><b>Employer<\/b> para la gesti\u00f3n <b>2024<\/b>.<\/p>\n<p>[\/vc_column_text]<h5 class=\"grve-element grve-align-left grve-title-no-line grve-h5\" style=\"\"><span>\u00bfC\u00f3mo logramos la Certificaci\u00f3n Top Employer?<\/span><\/h5>[vc_column_text]Despu\u00e9s de un exigente proceso de auditor\u00eda, MSC valid\u00f3 todas sus pr\u00e1cticas en gesti\u00f3n de recursos humanos, siendo los elementos m\u00e1s sobresalientes la igualdad de oportunidades, bienestar integral, desarrollo, innovaci\u00f3n y sostenibilidad, habi\u00e9ndose destacado tambi\u00e9n en direcci\u00f3n estrat\u00e9gica, organizaci\u00f3n, atracci\u00f3n y desarrollo de talento, integraci\u00f3n y compromiso.[\/vc_column_text][\/vc_column][vc_column width=&#8221;1\/2&#8243;][vc_column_text]<img loading=\"lazy\" decoding=\"async\" class=\"size-large wp-image-6858 aligncenter\" src=\"https:\/\/www.minerasancristobal.com\/v3\/es\/wp-content\/uploads\/2024\/08\/TE2024-Top-Employers-Certificate-Bolivia-Minera-San-Cristobal-Spanish_page-0001-1-725x1024.jpg\" alt=\"\" width=\"725\" height=\"1024\" srcset=\"https:\/\/www.minerasancristobal.com\/v3\/es\/wp-content\/uploads\/2024\/08\/TE2024-Top-Employers-Certificate-Bolivia-Minera-San-Cristobal-Spanish_page-0001-1-725x1024.jpg 725w, https:\/\/www.minerasancristobal.com\/v3\/es\/wp-content\/uploads\/2024\/08\/TE2024-Top-Employers-Certificate-Bolivia-Minera-San-Cristobal-Spanish_page-0001-1-212x300.jpg 212w, https:\/\/www.minerasancristobal.com\/v3\/es\/wp-content\/uploads\/2024\/08\/TE2024-Top-Employers-Certificate-Bolivia-Minera-San-Cristobal-Spanish_page-0001-1-768x1085.jpg 768w, https:\/\/www.minerasancristobal.com\/v3\/es\/wp-content\/uploads\/2024\/08\/TE2024-Top-Employers-Certificate-Bolivia-Minera-San-Cristobal-Spanish_page-0001-1-1087x1536.jpg 1087w, https:\/\/www.minerasancristobal.com\/v3\/es\/wp-content\/uploads\/2024\/08\/TE2024-Top-Employers-Certificate-Bolivia-Minera-San-Cristobal-Spanish_page-0001-1.jpg 1241w\" sizes=\"auto, (max-width: 725px) 100vw, 725px\" \/>[\/vc_column_text][vc_column_text]<\/p>\n<p style=\"text-align: center;\"><a href=\"https:\/\/www.top-employers.com\/es\/certified-top-employers-search\/?country=BO&amp;page=1\" target=\"_blank\" rel=\"noopener\"><img loading=\"lazy\" decoding=\"async\" class=\"alignnone size-medium wp-image-6857\" src=\"https:\/\/www.minerasancristobal.com\/v3\/es\/wp-content\/uploads\/2024\/08\/Logo-Somos-Top-Employer-300x179.png\" alt=\"\" width=\"300\" height=\"179\" srcset=\"https:\/\/www.minerasancristobal.com\/v3\/es\/wp-content\/uploads\/2024\/08\/Logo-Somos-Top-Employer-300x179.png 300w, https:\/\/www.minerasancristobal.com\/v3\/es\/wp-content\/uploads\/2024\/08\/Logo-Somos-Top-Employer-1024x612.png 1024w, https:\/\/www.minerasancristobal.com\/v3\/es\/wp-content\/uploads\/2024\/08\/Logo-Somos-Top-Employer-768x459.png 768w, https:\/\/www.minerasancristobal.com\/v3\/es\/wp-content\/uploads\/2024\/08\/Logo-Somos-Top-Employer-1536x918.png 1536w, https:\/\/www.minerasancristobal.com\/v3\/es\/wp-content\/uploads\/2024\/08\/Logo-Somos-Top-Employer.png 1843w\" sizes=\"auto, (max-width: 300px) 100vw, 300px\" \/><\/a><\/p>\n<p style=\"text-align: center;\"><small><a href=\"https:\/\/www.top-employers.com\/es\/certified-top-employers-search\/?country=BO&amp;page=1\" target=\"_blank\" rel=\"noopener\">https:\/\/www.top-employers.com\/es\/certified-top-employers-search\/?country=BO&amp;page=1<\/a><\/small><\/p>\n<p>[\/vc_column_text][\/vc_column][\/vc_row][vc_row][vc_column]<div class=\"grve-element grve-video\" style=\"\"><iframe loading=\"lazy\" title=\"Minera San Crist\u00f3bal S.A. referente en buenas pr\u00e1cticas de gesti\u00f3n humana\" width=\"1080\" height=\"608\" src=\"https:\/\/www.youtube.com\/embed\/7Y2gY7n7X8k?feature=oembed\" frameborder=\"0\" allow=\"accelerometer; autoplay; clipboard-write; encrypted-media; gyroscope; picture-in-picture; web-share\" referrerpolicy=\"strict-origin-when-cross-origin\" allowfullscreen><\/iframe><\/div><div class=\"grve-element grve-video\" style=\"\"><iframe loading=\"lazy\" title=\"Esto es lo que hacemos y lo que somos... MSC TOP EMPLOYER 2024\" width=\"1080\" height=\"608\" src=\"https:\/\/www.youtube.com\/embed\/dItbfjgiulo?feature=oembed\" frameborder=\"0\" allow=\"accelerometer; autoplay; clipboard-write; encrypted-media; gyroscope; picture-in-picture; web-share\" referrerpolicy=\"strict-origin-when-cross-origin\" allowfullscreen><\/iframe><\/div>[\/vc_column][\/vc_row]<\/p>\n<\/section>","protected":false},"excerpt":{"rendered":"<p>[vc_row][vc_column width=&#8221;1\/2&#8243;][vc_column_text text_style=&#8221;leader-text&#8221;]Top Employer 2024:\u00a0Minera San Crist\u00f3bal S.A. referente en buenas pr\u00e1cticas de gesti\u00f3n humana.[\/vc_column_text][vc_column_text]Top Employers Institute es una organizaci\u00f3n europea con m\u00e1s de tres d\u00e9cadas de experiencia en el reconocimiento de la excelencia de las pr\u00e1cticas de gesti\u00f3n humana de las empresas hacia sus colaboradores. Su misi\u00f3n es acelerar el impacto de las estrategias [&hellip;]<\/p>\n","protected":false},"author":1,"featured_media":0,"parent":7082,"menu_order":2,"comment_status":"closed","ping_status":"closed","template":"","meta":{"footnotes":""},"class_list":["post-7065","page","type-page","status-publish","hentry"],"_links":{"self":[{"href":"https:\/\/www.minerasancristobal.com\/v3\/es\/wp-json\/wp\/v2\/pages\/7065","targetHints":{"allow":["GET"]}}],"collection":[{"href":"https:\/\/www.minerasancristobal.com\/v3\/es\/wp-json\/wp\/v2\/pages"}],"about":[{"href":"https:\/\/www.minerasancristobal.com\/v3\/es\/wp-json\/wp\/v2\/types\/page"}],"author":[{"embeddable":true,"href":"https:\/\/www.minerasancristobal.com\/v3\/es\/wp-json\/wp\/v2\/users\/1"}],"replies":[{"embeddable":true,"href":"https:\/\/www.minerasancristobal.com\/v3\/es\/wp-json\/wp\/v2\/comments?post=7065"}],"version-history":[{"count":1,"href":"https:\/\/www.minerasancristobal.com\/v3\/es\/wp-json\/wp\/v2\/pages\/7065\/revisions"}],"predecessor-version":[{"id":7085,"href":"https:\/\/www.minerasancristobal.com\/v3\/es\/wp-json\/wp\/v2\/pages\/7065\/revisions\/7085"}],"up":[{"embeddable":true,"href":"https:\/\/www.minerasancristobal.com\/v3\/es\/wp-json\/wp\/v2\/pages\/7082"}],"wp:attachment":[{"href":"https:\/\/www.minerasancristobal.com\/v3\/es\/wp-json\/wp\/v2\/media?parent=7065"}],"curies":[{"name":"wp","href":"https:\/\/api.w.org\/{rel}","templated":true}]}}