{"id":7138,"date":"2026-05-05T20:48:19","date_gmt":"2026-05-05T20:48:19","guid":{"rendered":"https:\/\/www.minerasancristobal.com\/v3\/es\/?page_id=7138"},"modified":"2026-05-05T22:43:21","modified_gmt":"2026-05-05T22:43:21","slug":"oportunidades-rc-16-26-supervisor-de-servicios-de-salud-externa","status":"publish","type":"page","link":"https:\/\/www.minerasancristobal.com\/v3\/es\/inicio\/oportunidadesdeempleo\/oportunidades-rc-16-26-supervisor-de-servicios-de-salud-externa\/","title":{"rendered":"Supervisor de Servicios de Salud Externa"},"content":{"rendered":"<section class=\"wpb-content-wrapper\"><p>[vc_row][vc_column][vc_raw_html]JTNDYSUyMGhyZWYlM0QlMjJodHRwcyUzQSUyRiUyRnd3dy5taW5lcmFzYW5jcmlzdG9iYWwuY29tJTJGdjMlMkZlcyUyRmluaWNpbyUyRm9wb3J0dW5pZGFkZXNkZWVtcGxlbyUyRiUyMiUzRSUzQ2klMjBjbGFzcyUzRCUyMmZhJTIwZmEtY2hldnJvbi1sZWZ0JTIyJTNFJTNDJTJGaSUzRSUyMFZhY2FudGVzJTIwZGlzcG9uaWJsZXMlM0MlMkZhJTNF[\/vc_raw_html]<h3 class=\"grve-element grve-align-center grve-title-no-line grve-h3\" style=\"\"><span>REQUERIMIENTO DE PERSONAL<\/span><\/h3>[vc_column_text]Minera San Crist\u00f3bal S.A. (MSC) es la empresa que opera la mina a cielo abierto m\u00e1s importante de Bolivia. En el esfuerzo de encontrar los mejores postulantes para cubrir diferentes puestos de trabajo, invitamos a las personas que cumplan los requisitos de los siguientes puestos vacantes a presentar su postulaci\u00f3n:<\/p>\n<p style=\"text-align: center;\"><strong>Supervisor de Servicios de Salud Externa (1) \u2013 La Paz<br \/>\n<\/strong><strong>RC\/16\/26<\/strong><\/p>\n<p><strong>Descripci\u00f3n General del Puesto: <\/strong><\/p>\n<p>Dise\u00f1ar, desarrollar y controlar los procesos de gesti\u00f3n t\u00e9cnico administrativos de la Red Externa del Sistema de Salud de MSC, con el fin de coadyuvar en el logro de metas y mejorar la eficiencia en la administraci\u00f3n de los servicios de salud y en el impacto econ\u00f3mico fundamentalmente relacionado con el Seguro Delegado de MSC.<\/p>\n<p><strong>Principales Responsabilidades del Puesto:<\/strong><\/p>\n<ul>\n<li>Implementar planes y programas de salud en el marco del Seguro Delegado de Minera San Crist\u00f3bal.<\/li>\n<li>Contribuir a garantizar el cumplimiento de los objetivos t\u00e9cnicos, administrativos y legales del Sistema de Salud de MSC, incluyendo los relacionados con el Seguro Delegado de MSC.<\/li>\n<li>Monitorear, supervisar y evaluar la ejecuci\u00f3n y el cumplimiento de los planes y programas desarrollados por el Sistema de Salud de Minera San Crist\u00f3bal, incluyendo el cumplimiento de metas y la generaci\u00f3n de recomendaciones de ajuste en la Red Externa.<\/li>\n<li>Supervisar, controlar y evaluar los servicios de salud y contratos con proveedores en la Red Externa.<\/li>\n<\/ul>\n<p><strong>Principales Actividades del Puesto:<\/strong><\/p>\n<ul>\n<li>Coordinar y realizar el seguimiento a la atenci\u00f3n de pacientes en la Red Externa.<\/li>\n<li>Desarrollar y monitorear programas de atenci\u00f3n, prevenci\u00f3n y promoci\u00f3n de la salud de MSC en la Red Externa.<\/li>\n<li>Coordinar y realizar el seguimiento y control al proceso de emisi\u00f3n de certificaciones de incapacidad temporal generados en la Red Externa.<\/li>\n<li>Realizar el seguimiento y control t\u00e9cnico administrativo de las prestaciones del Seguro Delegado de MSC y contratos con proveedores de servicios de la Red Externa.<\/li>\n<li>Coordinar el desarrollo y seguimiento de est\u00e1ndares y par\u00e1metros de calidad en los servicios de salud de la Red Externa<\/li>\n<li>Realizar el seguimiento a los procesos de fiscalizaci\u00f3n de la CNS y la Autoridad de Supervisi\u00f3n de la Seguridad Social de Corto Plazo al Seguro Delegado de MSC.<\/li>\n<li>Realizar el control y evaluaci\u00f3n de los servicios de salud de la Red Externa.<\/li>\n<\/ul>\n<p><strong>Formaci\u00f3n, Experiencia, Conocimientos y Manejo de Herramientas Ofim\u00e1ticas <\/strong><\/p>\n<ul>\n<li>Licenciatura en Medicina (Excluyente).<\/li>\n<li>Maestr\u00eda en Salud P\u00fablica y\/o Gerencia de Servicios de Salud (Excluyente).<\/li>\n<li>Diplomado en Gesti\u00f3n de Calidad en Salud, Administraci\u00f3n \/ Direcci\u00f3n de Hospitales (Deseable).<\/li>\n<li>Experiencia laboral general en \u00e1reas relacionadas al puesto de 8 a\u00f1os (Deseable).<\/li>\n<li>Experiencia en Gesti\u00f3n de calidad en salud de 5 a\u00f1os (Excluyente).<\/li>\n<li>Experiencia en Administraci\u00f3n de servicios y programas de salud de 5 a\u00f1os (Excluyente).<\/li>\n<li>Idioma ingl\u00e9s nivel intermedio (Deseable).<\/li>\n<li>Manejo de MS Excel nivel b\u00e1sico (Excluyente).<\/li>\n<li>Manejo de MS Word nivel b\u00e1sico (Excluyente).<\/li>\n<li>Manejo de MS Power Point nivel b\u00e1sico (Excluyente).<\/li>\n<\/ul>\n<p><strong>Habilidades y Conocimientos T\u00e9cnicos Espec\u00edficos:<\/strong><\/p>\n<ul>\n<li>Conocimientos b\u00e1sicos de seguridad industrial, salud ocupacional y medio ambiente (Deseable).<\/li>\n<li>Conocimiento en el manejo de informaci\u00f3n bioestad\u00edstica (Deseable).<\/li>\n<li>Conocimiento sobre gesti\u00f3n y administraci\u00f3n de servicios de salud de la seguridad social (Deseable).<\/li>\n<li>Habilidades requeridas: liderazgo, orientaci\u00f3n hacia los resultados, gesti\u00f3n del cambio, facilidad de comunicaci\u00f3n, gesti\u00f3n del cambio y trabajo en equipo.<\/li>\n<\/ul>\n<p><strong>Otros Requisitos del Perfil del Puesto o Informaci\u00f3n Relevante: <\/strong><\/p>\n<ul>\n<li>Empat\u00eda y capacidad de atender amable y educadamente a clientes internos y proveedores (Excluyente).<\/li>\n<\/ul>\n<p><strong>Tipo de Contrato para el puesto:<\/strong> Indefinido.<br \/>\n<strong>Lugar de Trabajo del puesto:<\/strong> Ciudad de La Paz.<br \/>\n<strong>Jornada de trabajo del puesto:<\/strong> 5\/2.<\/p>\n<p>Para postular, debe llenar el formulario de \u201cPostulaci\u00f3n Laboral, este documento puede obtenerlo descargando del siguiente link:<\/p>\n<p style=\"text-align: center;\"><a href=\"http:\/\/www.minerasancristobal.com\/v3\/es\/wp-content\/uploads\/2026\/05\/2.04.P01.F101-Formulario-de-Postulacion-Laboral-Rev.-0.xlsx\">FORMULARIO DE POSTULACI\u00d3N LABORAL<\/a><\/p>\n<p>Una vez llenado el formulario de \u201cPostulaci\u00f3n Laboral\u201d enviar al correo electr\u00f3nico <a href=\"mailto:reclutamiento@minerasancristobal.com\">reclutamiento@minerasancristobal.com<\/a>, preferentemente en formato pdf. En el caso que el postulante sea habilitado a la siguiente instancia del proceso, debe presentar la documentaci\u00f3n de respaldo declarada en el formulario.<\/p>\n<h4 style=\"text-align: center;\">Cierre de la convocatoria: 10 de mayo de 2026.<\/h4>\n<p>[\/vc_column_text]<div class=\"grve-element grve-box-icon grve-align-left\" style=\"\">  <div class=\"grve-icon grve-medium grve-simple grve-no-shape grve-color-orange fa fa-exclamation-triangle\"><\/div>  <div class=\"grve-box-content\">    <p class=\"\">En ning\u00fan caso Minera San Crist\u00f3bal S.A. realiza cobros por conceptos de capacitaci\u00f3n y\/o derechos de postulaci\u00f3n para acceder a puestos de trabajo<\/p>  <\/div><\/div>[\/vc_column][\/vc_row]<\/p>\n<\/section>","protected":false},"excerpt":{"rendered":"<p>[vc_row][vc_column][vc_raw_html]JTNDYSUyMGhyZWYlM0QlMjJodHRwcyUzQSUyRiUyRnd3dy5taW5lcmFzYW5jcmlzdG9iYWwuY29tJTJGdjMlMkZlcyUyRmluaWNpbyUyRm9wb3J0dW5pZGFkZXNkZWVtcGxlbyUyRiUyMiUzRSUzQ2klMjBjbGFzcyUzRCUyMmZhJTIwZmEtY2hldnJvbi1sZWZ0JTIyJTNFJTNDJTJGaSUzRSUyMFZhY2FudGVzJTIwZGlzcG9uaWJsZXMlM0MlMkZhJTNF[\/vc_raw_html][vc_column_text]Minera San Crist\u00f3bal S.A. (MSC) es la empresa que opera la mina a cielo abierto m\u00e1s importante de Bolivia. En el esfuerzo de encontrar los mejores postulantes para cubrir diferentes puestos de trabajo, invitamos a las personas que cumplan los requisitos de los siguientes puestos vacantes a presentar su postulaci\u00f3n: Supervisor de Servicios de Salud [&hellip;]<\/p>\n","protected":false},"author":1,"featured_media":0,"parent":7133,"menu_order":7,"comment_status":"closed","ping_status":"closed","template":"","meta":{"footnotes":""},"class_list":["post-7138","page","type-page","status-publish","hentry"],"_links":{"self":[{"href":"https:\/\/www.minerasancristobal.com\/v3\/es\/wp-json\/wp\/v2\/pages\/7138","targetHints":{"allow":["GET"]}}],"collection":[{"href":"https:\/\/www.minerasancristobal.com\/v3\/es\/wp-json\/wp\/v2\/pages"}],"about":[{"href":"https:\/\/www.minerasancristobal.com\/v3\/es\/wp-json\/wp\/v2\/types\/page"}],"author":[{"embeddable":true,"href":"https:\/\/www.minerasancristobal.com\/v3\/es\/wp-json\/wp\/v2\/users\/1"}],"replies":[{"embeddable":true,"href":"https:\/\/www.minerasancristobal.com\/v3\/es\/wp-json\/wp\/v2\/comments?post=7138"}],"version-history":[{"count":8,"href":"https:\/\/www.minerasancristobal.com\/v3\/es\/wp-json\/wp\/v2\/pages\/7138\/revisions"}],"predecessor-version":[{"id":7149,"href":"https:\/\/www.minerasancristobal.com\/v3\/es\/wp-json\/wp\/v2\/pages\/7138\/revisions\/7149"}],"up":[{"embeddable":true,"href":"https:\/\/www.minerasancristobal.com\/v3\/es\/wp-json\/wp\/v2\/pages\/7133"}],"wp:attachment":[{"href":"https:\/\/www.minerasancristobal.com\/v3\/es\/wp-json\/wp\/v2\/media?parent=7138"}],"curies":[{"name":"wp","href":"https:\/\/api.w.org\/{rel}","templated":true}]}}