{"id":7153,"date":"2026-05-06T22:28:16","date_gmt":"2026-05-06T22:28:16","guid":{"rendered":"https:\/\/www.minerasancristobal.com\/v3\/es\/?page_id=7153"},"modified":"2026-05-06T22:39:40","modified_gmt":"2026-05-06T22:39:40","slug":"oportunidades-rc-17-26-superintendente-operaciones-mina","status":"publish","type":"page","link":"https:\/\/www.minerasancristobal.com\/v3\/es\/inicio\/oportunidadesdeempleo\/oportunidades-rc-17-26-superintendente-operaciones-mina\/","title":{"rendered":"Superintendente de Operaciones Mina"},"content":{"rendered":"<section class=\"wpb-content-wrapper\"><p>[vc_row][vc_column][vc_raw_html]JTNDYSUyMGhyZWYlM0QlMjJodHRwcyUzQSUyRiUyRnd3dy5taW5lcmFzYW5jcmlzdG9iYWwuY29tJTJGdjMlMkZlcyUyRmluaWNpbyUyRm9wb3J0dW5pZGFkZXNkZWVtcGxlbyUyRiUyMiUzRSUzQ2klMjBjbGFzcyUzRCUyMmZhJTIwZmEtY2hldnJvbi1sZWZ0JTIyJTNFJTNDJTJGaSUzRSUyMFZhY2FudGVzJTIwZGlzcG9uaWJsZXMlM0MlMkZhJTNF[\/vc_raw_html]<h3 class=\"grve-element grve-align-center grve-title-no-line grve-h3\" style=\"\"><span>REQUERIMIENTO DE PERSONAL<\/span><\/h3>[vc_column_text]Minera San Crist\u00f3bal S.A. (MSC) es la empresa que opera la mina a cielo abierto m\u00e1s importante de Bolivia. En el esfuerzo de encontrar los mejores postulantes para cubrir diferentes puestos de trabajo, invitamos a las personas que cumplan los requisitos de los siguientes puestos vacantes a presentar su postulaci\u00f3n:<\/p>\n<p style=\"text-align: center;\"><strong>Superintendente de Operaciones Mina (1) &#8211; Sitio<br \/>\n<\/strong><strong>RC\/17\/26<\/strong><\/p>\n<p><strong>Descripci\u00f3n General del Puesto: <\/strong><\/p>\n<p>Dirigir y supervisar las operaciones de mina, asegurando el cumplimiento del plan de minado en vol\u00famenes, secuencia y dosificaci\u00f3n a planta, con enfoque en seguridad, eficiencia y control de costos.<\/p>\n<p>Garantizar el logro consistente de los objetivos de producci\u00f3n, promoviendo disciplina operacional, liderazgo en campo y cumplimiento de los est\u00e1ndares de seguridad y sostenibilidad de la compa\u00f1\u00eda.<\/p>\n<p><strong>Principales Responsabilidades del puesto:<\/strong><\/p>\n<ul>\n<li>Liderar al equipo de Operaciones Mina promoviendo una cultura de seguridad, alto desempe\u00f1o y mejora continua, orientada a maximizar productividad, optimizar costos y mejorar la calidad del mineral entregado.<\/li>\n<li>Desarrollar y administrar planes operativos y presupuestos anuales, controlando costos, recursos y desempe\u00f1o para asegurar el cumplimiento de las metas del negocio.<\/li>\n<li>Desarrollar planes y presupuestos provechosos y operativos consistentes con las metas del negocio.<\/li>\n<li>Gestionar el desempe\u00f1o del personal del departamento mediante seguimiento a KPIs, retroalimentaci\u00f3n continua.<\/li>\n<\/ul>\n<p><strong>Principales Actividades del puesto:<\/strong><\/p>\n<ul>\n<li>Proponer e implementar proyectos que permitan mejorar la producci\u00f3n.<\/li>\n<li>Asegurar que se alcancen los vol\u00famenes de producci\u00f3n y calidad planificados.<\/li>\n<li>Controlar tareas a desarrollar en campo, adem\u00e1s participar en las reuniones y procedimientos de voladura.<\/li>\n<li>Coordinar el aseguramiento de la correcta ubicaci\u00f3n y protecci\u00f3n de las repetidoras de modular.<\/li>\n<li>Dirigir los trabajos en los diferentes frentes de trabajo respecto al material a ser minado, carga mezcla, calidad de material, caminos, provisi\u00f3n de agua a perforadoras.<\/li>\n<\/ul>\n<p><strong>Formaci\u00f3n, Experiencia, Conocimientos y Manejo de Herramientas Ofim\u00e1ticas:<\/strong><strong>\u00a0<\/strong><\/p>\n<ul>\n<li>Licenciatura en Ingenier\u00eda de Minas (Excluyente).<\/li>\n<li>Formaci\u00f3n a nivel Postgrado en Sistema de Gesti\u00f3n (Deseable).<\/li>\n<li>Experiencia laboral general en \u00e1reas relacionadas al puesto de 8 a\u00f1os (Excluyente).<\/li>\n<li>Experiencia en puestos de liderazgo o gesti\u00f3n de 6 a\u00f1os (Excluyente).<\/li>\n<li>Experiencia en puestos de Superintendencia en Operaciones Mina a cielo abierto de 5 a\u00f1os (Excluyente).<\/li>\n<li>Experiencia en supervisi\u00f3n de cargu\u00edo y acarreo, construcci\u00f3n, mantenimiento, perforaci\u00f3n y voladura (explosivos HA, Sis de inicio no el\u00e9ctrico) de 8 a\u00f1os (Excluyente).<\/li>\n<li>Experiencia en interacci\u00f3n de sistemas de Dispatch, control de tiempos muertos, utilizaci\u00f3n y disponibilidad de 2 a\u00f1os (Excluyente).<\/li>\n<li>Idioma ingl\u00e9s nivel b\u00e1sico (Deseable).<\/li>\n<li>Licencia de conducir (Excluyente).<\/li>\n<li>Manejo de MS Excel a nivel intermedio (Excluyente).<\/li>\n<li>Manejo de MS Power Point a nivel intermedio (Excluyente).<\/li>\n<li>Manejo de MS Visio a nivel b\u00e1sico (Deseable).<\/li>\n<\/ul>\n<p><strong>Habilidades y Conocimientos T\u00e9cnicos Espec\u00edficos:<\/strong><\/p>\n<ul>\n<li>Conocimientos b\u00e1sicos de seguridad industrial, salud ocupacional y medio ambiente (Excluyente).<\/li>\n<li>Conocimiento de operaci\u00f3n de equipos pesados (Excluyente).<\/li>\n<li>Conocimiento de perforaci\u00f3n y voladura en tajo abierto (Excluyente).<\/li>\n<li>Conocimiento de interacci\u00f3n con departamento de Planeamiento Mina (Excluyente).<\/li>\n<li>Habilidades requeridas para el puesto: liderazgo, orientaci\u00f3n hacia los resultados, gesti\u00f3n del cambio, facilidad de comunicaci\u00f3n y trabajo en equipo.<\/li>\n<\/ul>\n<p><strong>Otros Requisitos del Perfil del Puesto o Informaci\u00f3n Relevante: <\/strong><\/p>\n<ul>\n<li>Experiencia en m\u00e1s de 3 operaciones mineras a cielo abierto (Excluyente).<\/li>\n<li>Conocimiento de manejo de veh\u00edculos de transmisi\u00f3n mec\u00e1nica (Excluyente).<\/li>\n<\/ul>\n<p><strong>Tipo de Contrato para el puesto:<\/strong> Indefinido.<br \/>\n<strong>Lugar de Trabajo del puesto:<\/strong> Campamento Toldos \u2013 Nor L\u00edpez \u2013 Potos\u00ed.<br \/>\n<strong>Jornada de trabajo del puesto:<\/strong> 14\/7.<\/p>\n<p>Para postular, debe llenar el formulario de \u201cPostulaci\u00f3n Laboral, este documento puede obtenerlo descargando del siguiente link:<\/p>\n<p style=\"text-align: center;\"><a href=\"http:\/\/www.minerasancristobal.com\/v3\/es\/wp-content\/uploads\/2026\/05\/2.04.P01.F101-Formulario-de-Postulacion-Laboral-SUPERINT-OP-MINA-v.1.xlsx\">FORMULARIO DE POSTULACI\u00d3N LABORAL<\/a><\/p>\n<p>Una vez llenado el formulario de \u201cPostulaci\u00f3n Laboral\u201d enviar al correo electr\u00f3nico <a href=\"mailto:reclutamiento@minerasancristobal.com\">reclutamiento@minerasancristobal.com<\/a>, preferentemente en formato pdf., adjuntando los respaldos acad\u00e9micos y de experiencia laboral.<\/p>\n<h4 style=\"text-align: center;\">Cierre de la convocatoria: 11 de mayo de 2026.<\/h4>\n<p>[\/vc_column_text]<div class=\"grve-element grve-box-icon grve-align-left\" style=\"\">  <div class=\"grve-icon grve-medium grve-simple grve-no-shape grve-color-orange fa fa-exclamation-triangle\"><\/div>  <div class=\"grve-box-content\">    <p class=\"\">En ning\u00fan caso Minera San Crist\u00f3bal S.A. realiza cobros por conceptos de capacitaci\u00f3n y\/o derechos de postulaci\u00f3n para acceder a puestos de trabajo<\/p>  <\/div><\/div>[\/vc_column][\/vc_row]<\/p>\n<\/section>","protected":false},"excerpt":{"rendered":"<p>[vc_row][vc_column][vc_raw_html]JTNDYSUyMGhyZWYlM0QlMjJodHRwcyUzQSUyRiUyRnd3dy5taW5lcmFzYW5jcmlzdG9iYWwuY29tJTJGdjMlMkZlcyUyRmluaWNpbyUyRm9wb3J0dW5pZGFkZXNkZWVtcGxlbyUyRiUyMiUzRSUzQ2klMjBjbGFzcyUzRCUyMmZhJTIwZmEtY2hldnJvbi1sZWZ0JTIyJTNFJTNDJTJGaSUzRSUyMFZhY2FudGVzJTIwZGlzcG9uaWJsZXMlM0MlMkZhJTNF[\/vc_raw_html][vc_column_text]Minera San Crist\u00f3bal S.A. (MSC) es la empresa que opera la mina a cielo abierto m\u00e1s importante de Bolivia. En el esfuerzo de encontrar los mejores postulantes para cubrir diferentes puestos de trabajo, invitamos a las personas que cumplan los requisitos de los siguientes puestos vacantes a presentar su postulaci\u00f3n: Superintendente de Operaciones Mina (1) [&hellip;]<\/p>\n","protected":false},"author":1,"featured_media":0,"parent":7133,"menu_order":8,"comment_status":"closed","ping_status":"closed","template":"","meta":{"footnotes":""},"class_list":["post-7153","page","type-page","status-publish","hentry"],"_links":{"self":[{"href":"https:\/\/www.minerasancristobal.com\/v3\/es\/wp-json\/wp\/v2\/pages\/7153","targetHints":{"allow":["GET"]}}],"collection":[{"href":"https:\/\/www.minerasancristobal.com\/v3\/es\/wp-json\/wp\/v2\/pages"}],"about":[{"href":"https:\/\/www.minerasancristobal.com\/v3\/es\/wp-json\/wp\/v2\/types\/page"}],"author":[{"embeddable":true,"href":"https:\/\/www.minerasancristobal.com\/v3\/es\/wp-json\/wp\/v2\/users\/1"}],"replies":[{"embeddable":true,"href":"https:\/\/www.minerasancristobal.com\/v3\/es\/wp-json\/wp\/v2\/comments?post=7153"}],"version-history":[{"count":3,"href":"https:\/\/www.minerasancristobal.com\/v3\/es\/wp-json\/wp\/v2\/pages\/7153\/revisions"}],"predecessor-version":[{"id":7167,"href":"https:\/\/www.minerasancristobal.com\/v3\/es\/wp-json\/wp\/v2\/pages\/7153\/revisions\/7167"}],"up":[{"embeddable":true,"href":"https:\/\/www.minerasancristobal.com\/v3\/es\/wp-json\/wp\/v2\/pages\/7133"}],"wp:attachment":[{"href":"https:\/\/www.minerasancristobal.com\/v3\/es\/wp-json\/wp\/v2\/media?parent=7153"}],"curies":[{"name":"wp","href":"https:\/\/api.w.org\/{rel}","templated":true}]}}