{"id":7168,"date":"2026-05-06T22:42:50","date_gmt":"2026-05-06T22:42:50","guid":{"rendered":"https:\/\/www.minerasancristobal.com\/v3\/es\/?page_id=7168"},"modified":"2026-05-06T22:42:50","modified_gmt":"2026-05-06T22:42:50","slug":"oportunidades-rc-20-26-analista-senior-recursos-humanos-2","status":"publish","type":"page","link":"https:\/\/www.minerasancristobal.com\/v3\/es\/inicio\/oportunidadesdeempleo\/oportunidades-rc-20-26-analista-senior-recursos-humanos-2\/","title":{"rendered":"Analista S\u00e9nior de Recursos Humanos"},"content":{"rendered":"<section class=\"wpb-content-wrapper\"><p>[vc_row][vc_column][vc_raw_html]JTNDYSUyMGhyZWYlM0QlMjJodHRwcyUzQSUyRiUyRnd3dy5taW5lcmFzYW5jcmlzdG9iYWwuY29tJTJGdjMlMkZlcyUyRmluaWNpbyUyRm9wb3J0dW5pZGFkZXNkZWVtcGxlbyUyRiUyMiUzRSUzQ2klMjBjbGFzcyUzRCUyMmZhJTIwZmEtY2hldnJvbi1sZWZ0JTIyJTNFJTNDJTJGaSUzRSUyMFZhY2FudGVzJTIwZGlzcG9uaWJsZXMlM0MlMkZhJTNF[\/vc_raw_html]<h3 class=\"grve-element grve-align-center grve-title-no-line grve-h3\" style=\"\"><span>REQUERIMIENTO DE PERSONAL<\/span><\/h3>[vc_column_text]Minera San Crist\u00f3bal S.A. (MSC) es la empresa que opera la mina a cielo abierto m\u00e1s importante de Bolivia. En el esfuerzo de encontrar los mejores postulantes para cubrir diferentes puestos de trabajo, invitamos a las personas que cumplan los requisitos de los siguientes puestos vacantes a presentar su postulaci\u00f3n:<\/p>\n<p style=\"text-align: center;\"><strong>Analista S\u00e9nior de Recursos Humanos &#8211; N\u00f3minas (1) \u2013 La Paz<br \/>\n<\/strong><strong>RC\/20\/26<\/strong><\/p>\n<p><strong>Descripci\u00f3n General del Puesto: <\/strong><\/p>\n<p>Realizar actividades de an\u00e1lisis, preparaci\u00f3n y ejecuci\u00f3n de la planilla salarial, beneficios sociales y otros pagos al personal, asegurando el cumplimiento de la normativa laboral vigente procesos y objetivos estrat\u00e9gicos de la Superintendencia de Recursos Humanos, con eficiencia y eficacia.<\/p>\n<p><strong>Principales Responsabilidades del puesto:<\/strong><\/p>\n<ul>\n<li>Gestionar, ejecutar y administrar el procesamiento de planillas de forma permanente.<\/li>\n<li>Analizar variaciones de n\u00f3minas, identificar desviaciones y elaborar informes t\u00e9cnicos para la toma de decisiones en la Supervisi\u00f3n de N\u00f3minas y la Superintendencia de Recursos Humanos.<\/li>\n<li>Participar en procesos de mejora continua, automatizaci\u00f3n y optimizaci\u00f3n del procesamiento de n\u00f3minas.<\/li>\n<li>Gestionar y declarar pago de aportes a la Gestora, Planilla Caja Nacional de Salud y Ministerio de Trabajo y Previsi\u00f3n Social.<\/li>\n<li>Brindar soporte t\u00e9cnico y asesor\u00eda especializada a las \u00e1reas internas en temas relacionados con descuentos, retenciones, consultas salariales, adem\u00e1s de capacitaci\u00f3n sobre vacaciones, ausencias, asistencia y otras que se requiera en el \u00e1rea.<\/li>\n<li>Proponer mejoras en controles internos, procedimientos y pol\u00edticas vinculadas a la elaboraci\u00f3n de planillas.<\/li>\n<\/ul>\n<p><strong>Principales Actividades del puesto:<\/strong><\/p>\n<ul>\n<li>Verificar el correcto c\u00e1lculo de los pagos (horas extraordinarias, bonos, incentivos, retroactivos), gestionando y verificando los turnos de rotaci\u00f3n de personal (roster) as\u00ed como movimientos que afecten en la planilla, con eficacia; generando reportes mensuales y a requerimiento.<\/li>\n<li>Verificar el correcto c\u00e1lculo de pagos de quinquenios, finiquitos y otros pagos que se generan en la Supervisi\u00f3n de N\u00f3minas, revisar y validar los c\u00e1lculos para el pago correcto.<\/li>\n<li>Verificar el cumplimiento de los pagos de aportes a la seguridad social, descuentos impositivos y otros que hacen a la operativa administrativa.<\/li>\n<li>Mantener las bases de datos de N\u00f3minas ordenadas y actualizadas.<\/li>\n<li>Custodiar la informaci\u00f3n f\u00edsica y digital sensible de remuneraciones, manteniendo altos est\u00e1ndares de confidencialidad y \u00e9tica profesional.<\/li>\n<li>Participar en auditor\u00edas internas y externas relacionadas con n\u00f3minas, proporcionando informaci\u00f3n consistente y oportuna.<\/li>\n<\/ul>\n<p><strong>Formaci\u00f3n, Experiencia, Conocimientos y Manejo de Herramientas Ofim\u00e1ticas:<\/strong><\/p>\n<ul>\n<li>Licenciatura en Ciencias econ\u00f3micas, financieras o de Sistemas de Informaci\u00f3n(Excluyente).<\/li>\n<li>Diplomado en Recursos Humanos(Deseable).<\/li>\n<li>Experiencia laboral general en \u00e1reas relacionadas al puesto de 6 a\u00f1os (Excluyente).<\/li>\n<li>Experiencia espec\u00edfica en gesti\u00f3n integral de n\u00f3minas (procesamiento de planillas, aportes patronales y del asegurado, CNS, Gestora, MTEPS, SIN) en empresas medianas y\/o grandes. de 4 a\u00f1os (Excluyente).<\/li>\n<li>Experiencia en manejo de sistemas de informaci\u00f3n integral de RR.HH. de 2 a\u00f1os (Deseable).<\/li>\n<li>En Normativa laboral vigente (Excluyente).<\/li>\n<li>Idioma ingl\u00e9s nivel b\u00e1sico (Deseable).<\/li>\n<li>Manejo de MS Excel a nivel intermedio (Excluyente).<\/li>\n<li>Manejo de MS Word a nivel intermedio (Excluyente).<\/li>\n<li>Manejo de MS Power Point a nivel b\u00e1sico (Excluyente).<\/li>\n<\/ul>\n<p><strong>Habilidades y Conocimientos T\u00e9cnicos Espec\u00edficos:<\/strong><\/p>\n<ul>\n<li>Conocimientos b\u00e1sicos de seguridad industrial, salud ocupacional y medio ambiente(Deseable).<\/li>\n<li>Conocimientos de c\u00e1lculo de planillas salariales, beneficios sociales y finiquitos(Excluyente).<\/li>\n<li>Conocimientos en procesamiento de informaci\u00f3n de n\u00f3minas, pago de aportes a la Gestora P\u00fablica, control de personal y otros relacionados al cumplimiento de normativa legal vigente. (Excluyente).<\/li>\n<li>Conocimiento de la normativa legal vigente principal en el \u00e1mbito laboral, Sistema de Pensiones (Gestora P\u00fablica), Tributaria y Seguridad Social(Excluyente).<\/li>\n<li>Habilidades requeridas para el puesto: Liderazgo, Orientaci\u00f3n hacia los resultados, Gesti\u00f3n del cambio, Facilidad de comunicaci\u00f3n y Trabajo en equipo.<\/li>\n<\/ul>\n<p><strong>Otros Requisitos del puesto:<\/strong><\/p>\n<ul>\n<li>Manejo de sistemas de informaci\u00f3n para procesamiento de n\u00f3minas, control de asistencia y otros relacionados a N\u00f3minas (Deseable).<\/li>\n<li>Atenci\u00f3n al detalle (Excluyente).<\/li>\n<\/ul>\n<p><strong>Tipo de Contrato para el puesto:<\/strong> Indefinido.<br \/>\n<strong>Lugar de Trabajo del puesto:<\/strong> La Paz.<br \/>\n<strong>Jornada de trabajo del puesto:<\/strong> 5\/2.<\/p>\n<p>Para postular, debe llenar el formulario de \u201cPostulaci\u00f3n Laboral, este documento puede obtenerlo descargando del siguiente link:<\/p>\n<p style=\"text-align: center;\"><a href=\"http:\/\/www.minerasancristobal.com\/v3\/es\/wp-content\/uploads\/2026\/05\/2.04.P01.F101-Formulario-de-Postulacion-Laboral-AN-SR-RRHH-V1.xlsx\">FORMULARIO DE POSTULACI\u00d3N LABORAL<\/a><\/p>\n<p style=\"text-align: left;\">Una vez llenado el formulario de \u201cPostulaci\u00f3n Laboral\u201d enviar al correo electr\u00f3nico <a href=\"mailto:reclutamiento@minerasancristobal.com\">reclutamiento@minerasancristobal.com<\/a>, preferentemente en formato pdf., adjuntando los respaldos acad\u00e9micos y de experiencia laboral.<\/p>\n<h4 style=\"text-align: center;\">Cierre de la convocatoria: 11 de mayo de 2026.<\/h4>\n<p>[\/vc_column_text]<div class=\"grve-element grve-box-icon grve-align-left\" style=\"\">  <div class=\"grve-icon grve-medium grve-simple grve-no-shape grve-color-orange fa fa-exclamation-triangle\"><\/div>  <div class=\"grve-box-content\">    <p class=\"\">En ning\u00fan caso Minera San Crist\u00f3bal S.A. realiza cobros por conceptos de capacitaci\u00f3n y\/o derechos de postulaci\u00f3n para acceder a puestos de trabajo<\/p>  <\/div><\/div>[\/vc_column][\/vc_row]<\/p>\n<\/section>","protected":false},"excerpt":{"rendered":"<p>[vc_row][vc_column][vc_raw_html]JTNDYSUyMGhyZWYlM0QlMjJodHRwcyUzQSUyRiUyRnd3dy5taW5lcmFzYW5jcmlzdG9iYWwuY29tJTJGdjMlMkZlcyUyRmluaWNpbyUyRm9wb3J0dW5pZGFkZXNkZWVtcGxlbyUyRiUyMiUzRSUzQ2klMjBjbGFzcyUzRCUyMmZhJTIwZmEtY2hldnJvbi1sZWZ0JTIyJTNFJTNDJTJGaSUzRSUyMFZhY2FudGVzJTIwZGlzcG9uaWJsZXMlM0MlMkZhJTNF[\/vc_raw_html][vc_column_text]Minera San Crist\u00f3bal S.A. (MSC) es la empresa que opera la mina a cielo abierto m\u00e1s importante de Bolivia. En el esfuerzo de encontrar los mejores postulantes para cubrir diferentes puestos de trabajo, invitamos a las personas que cumplan los requisitos de los siguientes puestos vacantes a presentar su postulaci\u00f3n: Analista S\u00e9nior de Recursos Humanos [&hellip;]<\/p>\n","protected":false},"author":1,"featured_media":0,"parent":7133,"menu_order":10,"comment_status":"closed","ping_status":"closed","template":"","meta":{"footnotes":""},"class_list":["post-7168","page","type-page","status-publish","hentry"],"_links":{"self":[{"href":"https:\/\/www.minerasancristobal.com\/v3\/es\/wp-json\/wp\/v2\/pages\/7168","targetHints":{"allow":["GET"]}}],"collection":[{"href":"https:\/\/www.minerasancristobal.com\/v3\/es\/wp-json\/wp\/v2\/pages"}],"about":[{"href":"https:\/\/www.minerasancristobal.com\/v3\/es\/wp-json\/wp\/v2\/types\/page"}],"author":[{"embeddable":true,"href":"https:\/\/www.minerasancristobal.com\/v3\/es\/wp-json\/wp\/v2\/users\/1"}],"replies":[{"embeddable":true,"href":"https:\/\/www.minerasancristobal.com\/v3\/es\/wp-json\/wp\/v2\/comments?post=7168"}],"version-history":[{"count":1,"href":"https:\/\/www.minerasancristobal.com\/v3\/es\/wp-json\/wp\/v2\/pages\/7168\/revisions"}],"predecessor-version":[{"id":7170,"href":"https:\/\/www.minerasancristobal.com\/v3\/es\/wp-json\/wp\/v2\/pages\/7168\/revisions\/7170"}],"up":[{"embeddable":true,"href":"https:\/\/www.minerasancristobal.com\/v3\/es\/wp-json\/wp\/v2\/pages\/7133"}],"wp:attachment":[{"href":"https:\/\/www.minerasancristobal.com\/v3\/es\/wp-json\/wp\/v2\/media?parent=7168"}],"curies":[{"name":"wp","href":"https:\/\/api.w.org\/{rel}","templated":true}]}}