{"id":7176,"date":"2026-05-07T23:14:45","date_gmt":"2026-05-07T23:14:45","guid":{"rendered":"https:\/\/www.minerasancristobal.com\/v3\/es\/?page_id=7176"},"modified":"2026-05-07T23:14:45","modified_gmt":"2026-05-07T23:14:45","slug":"oportunidades-rc-14-26-analista-de-adquisiciones-de-servicios","status":"publish","type":"page","link":"https:\/\/www.minerasancristobal.com\/v3\/es\/inicio\/oportunidadesdeempleo\/oportunidades-rc-14-26-analista-de-adquisiciones-de-servicios\/","title":{"rendered":"Analista de Adquisiciones de Servicios"},"content":{"rendered":"<section class=\"wpb-content-wrapper\"><p>[vc_row][vc_column][vc_raw_html]JTNDYSUyMGhyZWYlM0QlMjJodHRwcyUzQSUyRiUyRnd3dy5taW5lcmFzYW5jcmlzdG9iYWwuY29tJTJGdjMlMkZlcyUyRmluaWNpbyUyRm9wb3J0dW5pZGFkZXNkZWVtcGxlbyUyRiUyMiUzRSUzQ2klMjBjbGFzcyUzRCUyMmZhJTIwZmEtY2hldnJvbi1sZWZ0JTIyJTNFJTNDJTJGaSUzRSUyMFZhY2FudGVzJTIwZGlzcG9uaWJsZXMlM0MlMkZhJTNF[\/vc_raw_html]<h3 class=\"grve-element grve-align-center grve-title-no-line grve-h3\" style=\"\"><span>REQUERIMIENTO DE PERSONAL<\/span><\/h3>[vc_column_text]Minera San Crist\u00f3bal S.A. (MSC) es la empresa que opera la mina a cielo abierto m\u00e1s importante de Bolivia. En el esfuerzo de encontrar los mejores postulantes para cubrir diferentes puestos de trabajo, invitamos a las personas que cumplan los requisitos de los siguientes puestos vacantes a presentar su postulaci\u00f3n:<\/p>\n<p style=\"text-align: center;\"><strong>Analista de Adquisiciones de Servicios (1) \u2013 La Paz<br \/>\n<\/strong><strong>RC\/14\/26<\/strong><\/p>\n<p><strong>Descripci\u00f3n General del Puesto: <\/strong><\/p>\n<p>Analizar, evaluar, negociar y gestionar los procesos de contrataci\u00f3n de servicios, de acuerdo a pol\u00edticas y procedimientos internos de la empresa y de la legislaci\u00f3n boliviana vigente, asegurando y garantizando el cumplimiento y transparencia de los mismos.<\/p>\n<p><strong>Principales Responsabilidades del puesto:<\/strong><\/p>\n<ul>\n<li>Realizar an\u00e1lisis de estructura de costos y precios unitarios para la toma de decisiones.<\/li>\n<li>Dar soporte a las actividades de gesti\u00f3n, negociaci\u00f3n y adjudicaci\u00f3n de contratos y \u00f3rdenes de servicio.<\/li>\n<li>Elaborar, revisar y gestionar contratos y \u00f3rdenes de servicio.<\/li>\n<li>Alimentar la base de datos del \u00c1rea, llevar registros y dar seguimiento conforme a los procesos de Adquisiciones y Contratos.<\/li>\n<li>Hacer seguimiento a las KPl&#8217;s para an\u00e1lisis de desempe\u00f1o de la Unidad.<\/li>\n<li>Elaborar reportes y an\u00e1lisis en base a lo solicitado por la Superintendencia y\/o la Supervisi\u00f3n.<\/li>\n<\/ul>\n<p><strong>Principales Actividades del puesto:<\/strong><\/p>\n<ul>\n<li>Analizar y evaluar planillas de precios unitarios y estructuras de costos de proveedores.<\/li>\n<li>Realizar el proceso de contrataci\u00f3n de servicios, bajo las modalidades establecidas por la empresa.<\/li>\n<li>Negociar los t\u00e9rminos y condiciones legales con los contratistas nacionales y extranjeros durante el proceso de contrataci\u00f3n y elaboraci\u00f3n del contrato\/orden de servicio.<\/li>\n<li>Administrar, revisar, controlar y gestionar documentos de Adquisiciones y Contratos con base en los procesos definidos en el \u00e1rea.<\/li>\n<li>Elaborar \u00f3rdenes de servicio y contratos.<\/li>\n<li>Coadyuvar en la administraci\u00f3n del archivo f\u00edsico y digital de la Superintendencia.<\/li>\n<li>Elaborar informes peri\u00f3dicos a la Supervisi\u00f3n de Adquisiciones de Servicios y\/o a la Superintendente de Adquisiciones y Contratos sobre los procesos realizados u otros que se requieran de acuerdo a las necesidades.<\/li>\n<\/ul>\n<p><strong>Formaci\u00f3n, Experiencia, habilidades y conocimientos m\u00ednimos <\/strong><\/p>\n<ul>\n<li>Licenciatura en Ingenier\u00eda Civil, Mec\u00e1nica, Industrial o Arquitectura (Excluyente).<\/li>\n<li>Formaci\u00f3n a nivel postgrado en Contrataci\u00f3n de Servicios, An\u00e1lisis de Costos, Proyectos y Licitaciones (Deseable).<\/li>\n<li>Experiencia laboral general en \u00e1reas relacionadas al puesto de 5 a\u00f1os (Deseable).<\/li>\n<li>Experiencia en procesos de licitaciones y contrataci\u00f3n de servicios en empresas mineras, petroleras, industriales o de construcci\u00f3n de 3 a\u00f1os (Excluyente).<\/li>\n<li>Experiencia en uso de sistemas ERP de 2 a\u00f1os (Excluyente).<\/li>\n<li>Curso en Elaboraci\u00f3n y Gesti\u00f3n de Contratos (Deseable).<\/li>\n<li>Curso en Procesos de Evaluaci\u00f3n de Proveedores de Servicios (Deseable).<\/li>\n<li>Curso en An\u00e1lisis de Precios Unitarios (Excluyente).<\/li>\n<li>Idioma ingl\u00e9s nivel intermedio (Excluyente).<\/li>\n<li>Licencia de conducir vigente (Deseable).<\/li>\n<li>Manejo de MS Excel a nivel intermedio (Excluyente).<\/li>\n<li>Manejo de MS Word a nivel intermedio (Excluyente).<\/li>\n<li>Manejo de JD Edwards a nivel intermedio (Deseable).<\/li>\n<li>Manejo de MS Power Point a nivel intermedio (Excluyente).<\/li>\n<li>Manejo de MS Outlook a nivel intermedio (Excluyente).<\/li>\n<li>Conocimientos b\u00e1sicos de seguridad industrial, salud ocupacional y medio ambiente (Deseable).<\/li>\n<li>Conocimiento respecto a procesos de adquisiciones y contratos (Excluyente).<\/li>\n<li>Conocimiento de la legislaci\u00f3n relacionada con la contrataci\u00f3n de servicios (Obras civiles, transporte, servicios generales y consultor\u00eda) (Excluyente).<\/li>\n<li>Habilidades en negociaci\u00f3n y resoluci\u00f3n de conflictos (Deseable).<\/li>\n<li>Conocimiento de veh\u00edculos de transmisi\u00f3n mec\u00e1nica (Deseable).<\/li>\n<li>Habilidades requeridas: Orientaci\u00f3n hacia los resultados, facilidad de comunicaci\u00f3n y trabajo en equipo.<\/li>\n<\/ul>\n<p><strong>Tipo de Contrato para el puesto:<\/strong> Indefinido.<br \/>\n<strong>Lugar de Trabajo del puesto:<\/strong> Oficina La Paz.<br \/>\n<strong>Jornada de trabajo del puesto:<\/strong> 5\/2.<\/p>\n<p>Para postular, debe llenar el formulario de \u201cPostulaci\u00f3n Laboral, este documento puede obtenerlo descargando del siguiente link:<\/p>\n<p style=\"text-align: center;\"><a href=\"https:\/\/www.minerasancristobal.com\/v3\/es\/wp-content\/uploads\/2026\/05\/2.04.P01.F101-Formulario-de-Postulacion-Laboral-AN-ADQ-SS-v1.xlsx\">FORMULARIO DE POSTULACI\u00d3N LABORAL<\/a><\/p>\n<p style=\"text-align: left;\">Una vez llenado el formulario de \u201cPostulaci\u00f3n Laboral\u201d enviar al correo electr\u00f3nico <a href=\"mailto:reclutamiento@minerasancristobal.com\">reclutamiento@minerasancristobal.com<\/a>, preferentemente en formato pdf., adjuntando los respaldos acad\u00e9micos y de experiencia laboral.<\/p>\n<h4 style=\"text-align: center;\">Cierre de la convocatoria: 12 de mayo de 2026.<\/h4>\n<p>[\/vc_column_text]<div class=\"grve-element grve-box-icon grve-align-left\" style=\"\">  <div class=\"grve-icon grve-medium grve-simple grve-no-shape grve-color-orange fa fa-exclamation-triangle\"><\/div>  <div class=\"grve-box-content\">    <p class=\"\">En ning\u00fan caso Minera San Crist\u00f3bal S.A. realiza cobros por conceptos de capacitaci\u00f3n y\/o derechos de postulaci\u00f3n para acceder a puestos de trabajo<\/p>  <\/div><\/div>[\/vc_column][\/vc_row]<\/p>\n<\/section>","protected":false},"excerpt":{"rendered":"<p>[vc_row][vc_column][vc_raw_html]JTNDYSUyMGhyZWYlM0QlMjJodHRwcyUzQSUyRiUyRnd3dy5taW5lcmFzYW5jcmlzdG9iYWwuY29tJTJGdjMlMkZlcyUyRmluaWNpbyUyRm9wb3J0dW5pZGFkZXNkZWVtcGxlbyUyRiUyMiUzRSUzQ2klMjBjbGFzcyUzRCUyMmZhJTIwZmEtY2hldnJvbi1sZWZ0JTIyJTNFJTNDJTJGaSUzRSUyMFZhY2FudGVzJTIwZGlzcG9uaWJsZXMlM0MlMkZhJTNF[\/vc_raw_html][vc_column_text]Minera San Crist\u00f3bal S.A. (MSC) es la empresa que opera la mina a cielo abierto m\u00e1s importante de Bolivia. En el esfuerzo de encontrar los mejores postulantes para cubrir diferentes puestos de trabajo, invitamos a las personas que cumplan los requisitos de los siguientes puestos vacantes a presentar su postulaci\u00f3n: Analista de Adquisiciones de Servicios [&hellip;]<\/p>\n","protected":false},"author":1,"featured_media":0,"parent":7133,"menu_order":11,"comment_status":"closed","ping_status":"closed","template":"","meta":{"footnotes":""},"class_list":["post-7176","page","type-page","status-publish","hentry"],"_links":{"self":[{"href":"https:\/\/www.minerasancristobal.com\/v3\/es\/wp-json\/wp\/v2\/pages\/7176","targetHints":{"allow":["GET"]}}],"collection":[{"href":"https:\/\/www.minerasancristobal.com\/v3\/es\/wp-json\/wp\/v2\/pages"}],"about":[{"href":"https:\/\/www.minerasancristobal.com\/v3\/es\/wp-json\/wp\/v2\/types\/page"}],"author":[{"embeddable":true,"href":"https:\/\/www.minerasancristobal.com\/v3\/es\/wp-json\/wp\/v2\/users\/1"}],"replies":[{"embeddable":true,"href":"https:\/\/www.minerasancristobal.com\/v3\/es\/wp-json\/wp\/v2\/comments?post=7176"}],"version-history":[{"count":2,"href":"https:\/\/www.minerasancristobal.com\/v3\/es\/wp-json\/wp\/v2\/pages\/7176\/revisions"}],"predecessor-version":[{"id":7179,"href":"https:\/\/www.minerasancristobal.com\/v3\/es\/wp-json\/wp\/v2\/pages\/7176\/revisions\/7179"}],"up":[{"embeddable":true,"href":"https:\/\/www.minerasancristobal.com\/v3\/es\/wp-json\/wp\/v2\/pages\/7133"}],"wp:attachment":[{"href":"https:\/\/www.minerasancristobal.com\/v3\/es\/wp-json\/wp\/v2\/media?parent=7176"}],"curies":[{"name":"wp","href":"https:\/\/api.w.org\/{rel}","templated":true}]}}